{"id":7447,"date":"2023-06-16T15:00:03","date_gmt":"2023-06-16T19:00:03","guid":{"rendered":"https:\/\/naturaedecor.ca\/?page_id=7447"},"modified":"2023-06-16T15:03:59","modified_gmt":"2023-06-16T19:03:59","slug":"politique-de-confidentialite","status":"publish","type":"page","link":"https:\/\/naturaedecor.ca\/fr\/politique-de-confidentialite\/","title":{"rendered":"Politique de confidentialit\u00e9"},"content":{"rendered":"\t\t<div data-elementor-type=\"wp-post\" data-elementor-id=\"7447\" class=\"elementor elementor-7447 elementor-7446\">\n\t\t\t\t\t\t<section class=\"elementor-section elementor-top-section elementor-element elementor-element-8c3a1a7 elementor-section-full_width elementor-section-height-min-height elementor-section-height-default elementor-section-items-middle\" data-id=\"8c3a1a7\" data-element_type=\"section\" data-e-type=\"section\" data-settings=\"{&quot;jet_parallax_layout_list&quot;:[{&quot;jet_parallax_layout_image&quot;:{&quot;url&quot;:&quot;&quot;,&quot;id&quot;:&quot;&quot;,&quot;size&quot;:&quot;&quot;},&quot;_id&quot;:&quot;5e4991d&quot;,&quot;jet_parallax_layout_image_tablet&quot;:{&quot;url&quot;:&quot;&quot;,&quot;id&quot;:&quot;&quot;,&quot;size&quot;:&quot;&quot;},&quot;jet_parallax_layout_image_mobile&quot;:{&quot;url&quot;:&quot;&quot;,&quot;id&quot;:&quot;&quot;,&quot;size&quot;:&quot;&quot;},&quot;jet_parallax_layout_speed&quot;:{&quot;unit&quot;:&quot;%&quot;,&quot;size&quot;:50,&quot;sizes&quot;:[]},&quot;jet_parallax_layout_type&quot;:&quot;scroll&quot;,&quot;jet_parallax_layout_direction&quot;:&quot;1&quot;,&quot;jet_parallax_layout_fx_direction&quot;:null,&quot;jet_parallax_layout_z_index&quot;:&quot;&quot;,&quot;jet_parallax_layout_bg_x&quot;:50,&quot;jet_parallax_layout_bg_x_tablet&quot;:&quot;&quot;,&quot;jet_parallax_layout_bg_x_mobile&quot;:&quot;&quot;,&quot;jet_parallax_layout_bg_y&quot;:50,&quot;jet_parallax_layout_bg_y_tablet&quot;:&quot;&quot;,&quot;jet_parallax_layout_bg_y_mobile&quot;:&quot;&quot;,&quot;jet_parallax_layout_bg_size&quot;:&quot;auto&quot;,&quot;jet_parallax_layout_bg_size_tablet&quot;:&quot;&quot;,&quot;jet_parallax_layout_bg_size_mobile&quot;:&quot;&quot;,&quot;jet_parallax_layout_animation_prop&quot;:&quot;transform&quot;,&quot;jet_parallax_layout_on&quot;:[&quot;desktop&quot;,&quot;tablet&quot;]}],&quot;shape_divider_bottom&quot;:&quot;mountains&quot;,&quot;background_background&quot;:&quot;classic&quot;}\">\n\t\t\t\t\t\t\t<div class=\"elementor-background-overlay\"><\/div>\n\t\t\t\t\t\t<div class=\"elementor-shape elementor-shape-bottom\" aria-hidden=\"true\" data-negative=\"false\">\n\t\t\t<svg xmlns=\"http:\/\/www.w3.org\/2000\/svg\" viewBox=\"0 0 1000 100\" preserveAspectRatio=\"none\">\n\t<path class=\"elementor-shape-fill\" opacity=\"0.33\" d=\"M473,67.3c-203.9,88.3-263.1-34-320.3,0C66,119.1,0,59.7,0,59.7V0h1000v59.7 c0,0-62.1,26.1-94.9,29.3c-32.8,3.3-62.8-12.3-75.8-22.1C806,49.6,745.3,8.7,694.9,4.7S492.4,59,473,67.3z\"\/>\n\t<path class=\"elementor-shape-fill\" opacity=\"0.66\" d=\"M734,67.3c-45.5,0-77.2-23.2-129.1-39.1c-28.6-8.7-150.3-10.1-254,39.1 s-91.7-34.4-149.2,0C115.7,118.3,0,39.8,0,39.8V0h1000v36.5c0,0-28.2-18.5-92.1-18.5C810.2,18.1,775.7,67.3,734,67.3z\"\/>\n\t<path class=\"elementor-shape-fill\" d=\"M766.1,28.9c-200-57.5-266,65.5-395.1,19.5C242,1.8,242,5.4,184.8,20.6C128,35.8,132.3,44.9,89.9,52.5C28.6,63.7,0,0,0,0 h1000c0,0-9.9,40.9-83.6,48.1S829.6,47,766.1,28.9z\"\/>\n<\/svg>\t\t<\/div>\n\t\t\t\t\t<div class=\"elementor-container elementor-column-gap-default\">\n\t\t\t\t\t<div class=\"elementor-column elementor-col-100 elementor-top-column elementor-element elementor-element-e4ea66d\" data-id=\"e4ea66d\" data-element_type=\"column\" data-e-type=\"column\">\n\t\t\t<div class=\"elementor-widget-wrap elementor-element-populated\">\n\t\t\t\t\t\t<div class=\"elementor-element elementor-element-b139a67 elementor-align-center elementor-widget elementor-widget-raven-heading\" data-id=\"b139a67\" data-element_type=\"widget\" data-e-type=\"widget\" data-widget_type=\"raven-heading.default\">\n\t\t\t\t<div class=\"elementor-widget-container\">\n\t\t\t\t\t\t\t<div class=\"raven-widget-wrapper\"><h1 class=\"raven-heading raven-heading-h1\"><span class=\"raven-heading-title \">Politique de confidentialit\u00e9<\/span><\/h1><\/div>\n\t\t\t\t\t\t<\/div>\n\t\t\t\t<\/div>\n\t\t\t\t\t<\/div>\n\t\t<\/div>\n\t\t\t\t\t<\/div>\n\t\t<\/section>\n\t\t\t\t<section class=\"elementor-section elementor-top-section elementor-element elementor-element-aec74d4 elementor-section-boxed elementor-section-height-default elementor-section-height-default\" data-id=\"aec74d4\" data-element_type=\"section\" data-e-type=\"section\" data-settings=\"{&quot;jet_parallax_layout_list&quot;:[{&quot;jet_parallax_layout_image&quot;:{&quot;url&quot;:&quot;&quot;,&quot;id&quot;:&quot;&quot;,&quot;size&quot;:&quot;&quot;},&quot;_id&quot;:&quot;8211afd&quot;,&quot;jet_parallax_layout_image_tablet&quot;:{&quot;url&quot;:&quot;&quot;,&quot;id&quot;:&quot;&quot;,&quot;size&quot;:&quot;&quot;},&quot;jet_parallax_layout_image_mobile&quot;:{&quot;url&quot;:&quot;&quot;,&quot;id&quot;:&quot;&quot;,&quot;size&quot;:&quot;&quot;},&quot;jet_parallax_layout_speed&quot;:{&quot;unit&quot;:&quot;%&quot;,&quot;size&quot;:50,&quot;sizes&quot;:[]},&quot;jet_parallax_layout_type&quot;:&quot;scroll&quot;,&quot;jet_parallax_layout_direction&quot;:&quot;1&quot;,&quot;jet_parallax_layout_fx_direction&quot;:null,&quot;jet_parallax_layout_z_index&quot;:&quot;&quot;,&quot;jet_parallax_layout_bg_x&quot;:50,&quot;jet_parallax_layout_bg_x_tablet&quot;:&quot;&quot;,&quot;jet_parallax_layout_bg_x_mobile&quot;:&quot;&quot;,&quot;jet_parallax_layout_bg_y&quot;:50,&quot;jet_parallax_layout_bg_y_tablet&quot;:&quot;&quot;,&quot;jet_parallax_layout_bg_y_mobile&quot;:&quot;&quot;,&quot;jet_parallax_layout_bg_size&quot;:&quot;auto&quot;,&quot;jet_parallax_layout_bg_size_tablet&quot;:&quot;&quot;,&quot;jet_parallax_layout_bg_size_mobile&quot;:&quot;&quot;,&quot;jet_parallax_layout_animation_prop&quot;:&quot;transform&quot;,&quot;jet_parallax_layout_on&quot;:[&quot;desktop&quot;,&quot;tablet&quot;]}]}\">\n\t\t\t\t\t\t<div class=\"elementor-container elementor-column-gap-default\">\n\t\t\t\t\t<div class=\"elementor-column elementor-col-100 elementor-top-column elementor-element elementor-element-12b7767\" data-id=\"12b7767\" data-element_type=\"column\" data-e-type=\"column\">\n\t\t\t<div class=\"elementor-widget-wrap elementor-element-populated\">\n\t\t\t\t\t\t<div class=\"elementor-element elementor-element-df049cb elementor-widget elementor-widget-text-editor\" data-id=\"df049cb\" data-element_type=\"widget\" data-e-type=\"widget\" data-widget_type=\"text-editor.default\">\n\t\t\t\t<div class=\"elementor-widget-container\">\n\t\t\t\t\t\t\t\t\t<p><strong>1. Introduction<\/strong><\/p><p>Chez Naturae D\u00e9cor\u2122 nous respectons votre vie priv\u00e9e et nous nous engageons \u00e0 la prot\u00e9ger. Cette politique de confidentialit\u00e9 explique comment nous collectons, utilisons, divulguons et prot\u00e9geons vos informations lorsque vous visitez notre site Web et effectuez des achats sur notre boutique en ligne.<\/p><p><strong>2. Quelles informations collectons-nous ?<\/strong><\/p><p>Nous pouvons collecter les types d&rsquo;informations suivants\u00a0:<\/p><ul><li><p>Informations d&rsquo;identification personnelle (nom, adresse e-mail, num\u00e9ro de t\u00e9l\u00e9phone, adresse de livraison)<\/p><\/li><li><p>Informations de paiement (num\u00e9ro de carte de cr\u00e9dit, adresse de facturation)<\/p><\/li><li><p>Historique des commandes<\/p><\/li><li><p>Donn\u00e9es techniques (adresses IP, type et version du navigateur, r\u00e9glage et emplacement du fuseau horaire, etc.)<\/p><\/li><li><p>Informations collect\u00e9es via les Cookies<\/p><\/li><\/ul><p><strong>3. Comment nous collectons les informations<\/strong><\/p><p>Nous recueillons des informations directement aupr\u00e8s de vous lorsque vous\u00a0:<\/p><ul><li><p>Faites un achat<\/p><\/li><li><p>Abonnez \u00e0 notre newsletter<\/p><\/li><li><p>Remplissez un formulaire ou un sondage<\/p><\/li><\/ul><p><strong>4. Comment nous utilisons les informations<\/strong><\/p><p>Nous utilisons vos informations pour\u00a0:<\/p><ul><li><p>Traiter vos commandes et g\u00e9rer votre compte<\/p><\/li><li><p>Am\u00e9liorer notre site Web et nos produits<\/p><\/li><li><p>Comprendre comment nos utilisateurs utilisent nos services<\/p><\/li><li><p>Communiquer avec vous, directement ou par l&rsquo;interm\u00e9diaire de l&rsquo;un de nos partenaires, y compris pour le service client, pour fournir des mises \u00e0 jour et d&rsquo;autres informations, et \u00e0 des fins de marketing et de promotions.<\/p><\/li><\/ul><p><strong>5. Comment nous partageons les informations<\/strong><\/p><p>Nous ne vendons, n&rsquo;\u00e9changeons ni ne transf\u00e9rons autrement vos donn\u00e9es personnelles \u00e0 des tiers, sauf si nous informons les utilisateurs \u00e0 l&rsquo;avance. Cela n&rsquo;inclut pas les partenaires d&rsquo;h\u00e9bergement de sites Web et les autres parties qui nous aident \u00e0 exploiter notre site Web ou \u00e0 servir nos utilisateurs.<\/p><p><strong>6. Choix de l&rsquo;utilisateur<\/strong><\/p><p>Vous pouvez demander l&rsquo;acc\u00e8s, la correction ou la suppression de vos donn\u00e9es personnelles \u00e0 tout moment en nous contactant \u00e0 <a href=\"mailto:info@naturaedecor.com\">info@naturaedecor.com<\/a>.<\/p><p><strong>7. Politique relative aux cookies<\/strong><\/p><p>Notre site Web utilise des cookies pour am\u00e9liorer votre exp\u00e9rience et recueillir des informations sur les visiteurs et les visites de nos sites Web. Vous trouverez ci-dessous une liste des cookies que nous utilisons :<\/p><p>\u00a0_gid, _gat_UA-215870462-1, _ga_0TD8CB847S, _ga, l7_az, ts_c, LANG, apply_policy, x-pp-s, tsrce, nsid, ts, paypal-offers\u2014cust<\/p><p>Vous \u00eates libre d&rsquo;autoriser ou non les cookies. Tous ces \u00e9l\u00e9ments sont soit li\u00e9s \u00e0 PayPal pour acheter vos produits, soit pour acc\u00e9der \u00e0 des informations. Si vous souhaitez savoir quelles informations nous collectons, veuillez vous r\u00e9f\u00e9rer \u00e0 la section 2. Quelles informations nous collectons.<\/p><p><strong>8. S\u00e9curit\u00e9 des donn\u00e9es<\/strong><\/p><p>Nous avons mis en place des mesures de s\u00e9curit\u00e9 appropri\u00e9es pour \u00e9viter que vos donn\u00e9es personnelles ne soient accidentellement perdues, utilis\u00e9es ou consult\u00e9es de mani\u00e8re non autoris\u00e9e, modifi\u00e9es ou divulgu\u00e9es.<\/p><p><strong>9. Confidentialit\u00e9 des enfants<\/strong><\/p><p>Notre site Web ne collecte ni ne sollicite sciemment des informations personnelles de toute personne de moins de 13 ans. Si vous avez moins de 13 ans, veuillez ne pas nous envoyer d&rsquo;informations vous concernant.<\/p><p><strong>10. Mises \u00e0 jour des politiques<\/strong><\/p><p>Nous nous r\u00e9servons le droit de modifier cette politique de confidentialit\u00e9 \u00e0 tout moment. Les modifications et les clarifications entreront en vigueur d\u00e8s leur publication sur le site Web.<\/p><p><strong>11. Coordonn\u00e9es<\/strong><\/p><p>Veuillez nous contacter si vous avez des questions ou des pr\u00e9occupations en <a href=\"https:\/\/naturaedecor.ca\/contact\/\">cliquant ici<\/a>. Vous pouvez \u00e9galement nous contacter en utilisant les \u00e9l\u00e9ments suivants :<\/p><p><strong><u>Poste<\/u><\/strong><\/p><p>Naturae Decor<br \/>2165 Rue Power,<br \/>Drummondville, QC J2C 6Z5<br \/>Canada<\/p><p><strong>T\u00e9l\u00e9phone<\/strong><br \/>1-833-505-3009<\/p><p><u><strong>Courriel<br \/><\/strong><\/u>info@naturaedecor.com<\/p><p><strong>12. Date d&rsquo;entr\u00e9e en vigueur<\/strong><\/p><p>14 juin 2023<\/p>\t\t\t\t\t\t\t\t<\/div>\n\t\t\t\t<\/div>\n\t\t\t\t\t<\/div>\n\t\t<\/div>\n\t\t\t\t\t<\/div>\n\t\t<\/section>\n\t\t\t\t<\/div>\n\t\t","protected":false},"excerpt":{"rendered":"<p>Politique de confidentialit\u00e9 1. Introduction Chez Naturae D\u00e9cor&#x2122; nous respectons votre vie priv\u00e9e et nous nous engageons \u00e0 la prot\u00e9ger. Cette politique de confidentialit\u00e9 explique comment nous collectons, utilisons, divulguons et prot\u00e9geons vos informations lorsque vous visitez notre site Web et effectuez des achats sur notre boutique en ligne. 2. Quelles informations collectons-nous ? Nous [&hellip;]<\/p>\n","protected":false},"author":1,"featured_media":0,"parent":0,"menu_order":40,"comment_status":"closed","ping_status":"closed","template":"elementor_header_footer","meta":{"_acf_changed":false,"footnotes":""},"class_list":["post-7447","page","type-page","status-publish","hentry"],"acf":[],"yoast_head":"<!-- This site is optimized with the Yoast SEO plugin v27.4 - https:\/\/yoast.com\/product\/yoast-seo-wordpress\/ -->\n<title>Politique de confidentialit\u00e9 - Naturae Decor<\/title>\n<meta name=\"robots\" content=\"index, follow, max-snippet:-1, max-image-preview:large, max-video-preview:-1\" \/>\n<link rel=\"canonical\" href=\"https:\/\/naturaedecor.ca\/privacy-policy\/\" \/>\n<meta property=\"og:locale\" content=\"fr_FR\" \/>\n<meta property=\"og:type\" content=\"article\" \/>\n<meta property=\"og:title\" content=\"Politique de confidentialit\u00e9 - Naturae Decor\" \/>\n<meta property=\"og:description\" content=\"Politique de confidentialit\u00e9 1. Introduction Chez Naturae D\u00e9cor&#x2122; nous respectons votre vie priv\u00e9e et nous nous engageons \u00e0 la prot\u00e9ger. Cette politique de confidentialit\u00e9 explique comment nous collectons, utilisons, divulguons et prot\u00e9geons vos informations lorsque vous visitez notre site Web et effectuez des achats sur notre boutique en ligne. 2. Quelles informations collectons-nous ? Nous [&hellip;]\" \/>\n<meta property=\"og:url\" content=\"https:\/\/naturaedecor.ca\/privacy-policy\/\" \/>\n<meta property=\"og:site_name\" content=\"Naturae Decor\" \/>\n<meta property=\"article:publisher\" content=\"https:\/\/www.facebook.com\/naturaedecor\/\" \/>\n<meta property=\"article:modified_time\" content=\"2023-06-16T19:03:59+00:00\" \/>\n<meta property=\"og:image\" content=\"https:\/\/naturaedecor.ca\/wp-content\/uploads\/2021\/11\/facebook-thumbnail.jpg\" \/>\n\t<meta property=\"og:image:width\" content=\"1200\" \/>\n\t<meta property=\"og:image:height\" content=\"633\" \/>\n\t<meta property=\"og:image:type\" content=\"image\/jpeg\" \/>\n<meta name=\"twitter:card\" content=\"summary_large_image\" \/>\n<meta name=\"twitter:site\" content=\"@Naturaedecor\" \/>\n<script type=\"application\/ld+json\" class=\"yoast-schema-graph\">{\"@context\":\"https:\\\/\\\/schema.org\",\"@graph\":[{\"@type\":\"WebPage\",\"@id\":\"https:\\\/\\\/naturaedecor.ca\\\/privacy-policy\\\/\",\"url\":\"https:\\\/\\\/naturaedecor.ca\\\/privacy-policy\\\/\",\"name\":\"Politique de confidentialit\u00e9 - Naturae Decor\",\"isPartOf\":{\"@id\":\"https:\\\/\\\/naturaedecor.ca\\\/#website\"},\"datePublished\":\"2023-06-16T19:00:03+00:00\",\"dateModified\":\"2023-06-16T19:03:59+00:00\",\"breadcrumb\":{\"@id\":\"https:\\\/\\\/naturaedecor.ca\\\/privacy-policy\\\/#breadcrumb\"},\"inLanguage\":\"fr-FR\",\"potentialAction\":[{\"@type\":\"ReadAction\",\"target\":[\"https:\\\/\\\/naturaedecor.ca\\\/privacy-policy\\\/\"]}]},{\"@type\":\"BreadcrumbList\",\"@id\":\"https:\\\/\\\/naturaedecor.ca\\\/privacy-policy\\\/#breadcrumb\",\"itemListElement\":[{\"@type\":\"ListItem\",\"position\":1,\"name\":\"Home\",\"item\":\"https:\\\/\\\/naturaedecor.ca\\\/\"},{\"@type\":\"ListItem\",\"position\":2,\"name\":\"Politique de confidentialit\u00e9\"}]},{\"@type\":\"WebSite\",\"@id\":\"https:\\\/\\\/naturaedecor.ca\\\/#website\",\"url\":\"https:\\\/\\\/naturaedecor.ca\\\/\",\"name\":\"Naturae Decor\",\"description\":\"Add a feeling of tranquility to your space\",\"publisher\":{\"@id\":\"https:\\\/\\\/naturaedecor.ca\\\/#organization\"},\"potentialAction\":[{\"@type\":\"SearchAction\",\"target\":{\"@type\":\"EntryPoint\",\"urlTemplate\":\"https:\\\/\\\/naturaedecor.ca\\\/?s={search_term_string}\"},\"query-input\":{\"@type\":\"PropertyValueSpecification\",\"valueRequired\":true,\"valueName\":\"search_term_string\"}}],\"inLanguage\":\"fr-FR\"},{\"@type\":\"Organization\",\"@id\":\"https:\\\/\\\/naturaedecor.ca\\\/#organization\",\"name\":\"Naturae Decor\",\"url\":\"https:\\\/\\\/naturaedecor.ca\\\/\",\"logo\":{\"@type\":\"ImageObject\",\"inLanguage\":\"fr-FR\",\"@id\":\"https:\\\/\\\/naturaedecor.ca\\\/#\\\/schema\\\/logo\\\/image\\\/\",\"url\":\"https:\\\/\\\/naturaedecor.ca\\\/wp-content\\\/uploads\\\/2021\\\/07\\\/logo-sticky.png\",\"contentUrl\":\"https:\\\/\\\/naturaedecor.ca\\\/wp-content\\\/uploads\\\/2021\\\/07\\\/logo-sticky.png\",\"width\":248,\"height\":96,\"caption\":\"Naturae Decor\"},\"image\":{\"@id\":\"https:\\\/\\\/naturaedecor.ca\\\/#\\\/schema\\\/logo\\\/image\\\/\"},\"sameAs\":[\"https:\\\/\\\/www.facebook.com\\\/naturaedecor\\\/\",\"https:\\\/\\\/x.com\\\/Naturaedecor\",\"https:\\\/\\\/www.instagram.com\\\/naturaedecor\\\/\",\"https:\\\/\\\/www.pinterest.ca\\\/naturaedecor\\\/\"]}]}<\/script>\n<!-- \/ Yoast SEO plugin. -->","yoast_head_json":{"title":"Politique de confidentialit\u00e9 - Naturae Decor","robots":{"index":"index","follow":"follow","max-snippet":"max-snippet:-1","max-image-preview":"max-image-preview:large","max-video-preview":"max-video-preview:-1"},"canonical":"https:\/\/naturaedecor.ca\/privacy-policy\/","og_locale":"fr_FR","og_type":"article","og_title":"Politique de confidentialit\u00e9 - Naturae Decor","og_description":"Politique de confidentialit\u00e9 1. Introduction Chez Naturae D\u00e9cor&#x2122; nous respectons votre vie priv\u00e9e et nous nous engageons \u00e0 la prot\u00e9ger. Cette politique de confidentialit\u00e9 explique comment nous collectons, utilisons, divulguons et prot\u00e9geons vos informations lorsque vous visitez notre site Web et effectuez des achats sur notre boutique en ligne. 2. Quelles informations collectons-nous ? Nous [&hellip;]","og_url":"https:\/\/naturaedecor.ca\/privacy-policy\/","og_site_name":"Naturae Decor","article_publisher":"https:\/\/www.facebook.com\/naturaedecor\/","article_modified_time":"2023-06-16T19:03:59+00:00","og_image":[{"width":1200,"height":633,"url":"https:\/\/naturaedecor.ca\/wp-content\/uploads\/2021\/11\/facebook-thumbnail.jpg","type":"image\/jpeg"}],"twitter_card":"summary_large_image","twitter_site":"@Naturaedecor","schema":{"@context":"https:\/\/schema.org","@graph":[{"@type":"WebPage","@id":"https:\/\/naturaedecor.ca\/privacy-policy\/","url":"https:\/\/naturaedecor.ca\/privacy-policy\/","name":"Politique de confidentialit\u00e9 - Naturae Decor","isPartOf":{"@id":"https:\/\/naturaedecor.ca\/#website"},"datePublished":"2023-06-16T19:00:03+00:00","dateModified":"2023-06-16T19:03:59+00:00","breadcrumb":{"@id":"https:\/\/naturaedecor.ca\/privacy-policy\/#breadcrumb"},"inLanguage":"fr-FR","potentialAction":[{"@type":"ReadAction","target":["https:\/\/naturaedecor.ca\/privacy-policy\/"]}]},{"@type":"BreadcrumbList","@id":"https:\/\/naturaedecor.ca\/privacy-policy\/#breadcrumb","itemListElement":[{"@type":"ListItem","position":1,"name":"Home","item":"https:\/\/naturaedecor.ca\/"},{"@type":"ListItem","position":2,"name":"Politique de confidentialit\u00e9"}]},{"@type":"WebSite","@id":"https:\/\/naturaedecor.ca\/#website","url":"https:\/\/naturaedecor.ca\/","name":"Naturae Decor","description":"Add a feeling of tranquility to your space","publisher":{"@id":"https:\/\/naturaedecor.ca\/#organization"},"potentialAction":[{"@type":"SearchAction","target":{"@type":"EntryPoint","urlTemplate":"https:\/\/naturaedecor.ca\/?s={search_term_string}"},"query-input":{"@type":"PropertyValueSpecification","valueRequired":true,"valueName":"search_term_string"}}],"inLanguage":"fr-FR"},{"@type":"Organization","@id":"https:\/\/naturaedecor.ca\/#organization","name":"Naturae Decor","url":"https:\/\/naturaedecor.ca\/","logo":{"@type":"ImageObject","inLanguage":"fr-FR","@id":"https:\/\/naturaedecor.ca\/#\/schema\/logo\/image\/","url":"https:\/\/naturaedecor.ca\/wp-content\/uploads\/2021\/07\/logo-sticky.png","contentUrl":"https:\/\/naturaedecor.ca\/wp-content\/uploads\/2021\/07\/logo-sticky.png","width":248,"height":96,"caption":"Naturae Decor"},"image":{"@id":"https:\/\/naturaedecor.ca\/#\/schema\/logo\/image\/"},"sameAs":["https:\/\/www.facebook.com\/naturaedecor\/","https:\/\/x.com\/Naturaedecor","https:\/\/www.instagram.com\/naturaedecor\/","https:\/\/www.pinterest.ca\/naturaedecor\/"]}]}},"_links":{"self":[{"href":"https:\/\/naturaedecor.ca\/fr\/wp-json\/wp\/v2\/pages\/7447","targetHints":{"allow":["GET"]}}],"collection":[{"href":"https:\/\/naturaedecor.ca\/fr\/wp-json\/wp\/v2\/pages"}],"about":[{"href":"https:\/\/naturaedecor.ca\/fr\/wp-json\/wp\/v2\/types\/page"}],"author":[{"embeddable":true,"href":"https:\/\/naturaedecor.ca\/fr\/wp-json\/wp\/v2\/users\/1"}],"replies":[{"embeddable":true,"href":"https:\/\/naturaedecor.ca\/fr\/wp-json\/wp\/v2\/comments?post=7447"}],"version-history":[{"count":11,"href":"https:\/\/naturaedecor.ca\/fr\/wp-json\/wp\/v2\/pages\/7447\/revisions"}],"predecessor-version":[{"id":7465,"href":"https:\/\/naturaedecor.ca\/fr\/wp-json\/wp\/v2\/pages\/7447\/revisions\/7465"}],"wp:attachment":[{"href":"https:\/\/naturaedecor.ca\/fr\/wp-json\/wp\/v2\/media?parent=7447"}],"curies":[{"name":"wp","href":"https:\/\/api.w.org\/{rel}","templated":true}]}}