{"id":7470,"date":"2023-06-16T15:08:27","date_gmt":"2023-06-16T19:08:27","guid":{"rendered":"https:\/\/naturaedecor.ca\/?page_id=7470"},"modified":"2023-06-16T15:09:37","modified_gmt":"2023-06-16T19:09:37","slug":"termes-et-conditions","status":"publish","type":"page","link":"https:\/\/naturaedecor.ca\/fr\/termes-et-conditions\/","title":{"rendered":"Termes et conditions"},"content":{"rendered":"\t\t<div data-elementor-type=\"wp-post\" data-elementor-id=\"7470\" class=\"elementor elementor-7470 elementor-7469\">\n\t\t\t\t\t\t<section class=\"elementor-section elementor-top-section elementor-element elementor-element-8c3a1a7 elementor-section-full_width elementor-section-height-min-height elementor-section-height-default elementor-section-items-middle\" data-id=\"8c3a1a7\" data-element_type=\"section\" data-e-type=\"section\" data-settings=\"{&quot;jet_parallax_layout_list&quot;:[{&quot;jet_parallax_layout_image&quot;:{&quot;url&quot;:&quot;&quot;,&quot;id&quot;:&quot;&quot;,&quot;size&quot;:&quot;&quot;},&quot;_id&quot;:&quot;5e4991d&quot;,&quot;jet_parallax_layout_image_tablet&quot;:{&quot;url&quot;:&quot;&quot;,&quot;id&quot;:&quot;&quot;,&quot;size&quot;:&quot;&quot;},&quot;jet_parallax_layout_image_mobile&quot;:{&quot;url&quot;:&quot;&quot;,&quot;id&quot;:&quot;&quot;,&quot;size&quot;:&quot;&quot;},&quot;jet_parallax_layout_speed&quot;:{&quot;unit&quot;:&quot;%&quot;,&quot;size&quot;:50,&quot;sizes&quot;:[]},&quot;jet_parallax_layout_type&quot;:&quot;scroll&quot;,&quot;jet_parallax_layout_direction&quot;:&quot;1&quot;,&quot;jet_parallax_layout_fx_direction&quot;:null,&quot;jet_parallax_layout_z_index&quot;:&quot;&quot;,&quot;jet_parallax_layout_bg_x&quot;:50,&quot;jet_parallax_layout_bg_x_tablet&quot;:&quot;&quot;,&quot;jet_parallax_layout_bg_x_mobile&quot;:&quot;&quot;,&quot;jet_parallax_layout_bg_y&quot;:50,&quot;jet_parallax_layout_bg_y_tablet&quot;:&quot;&quot;,&quot;jet_parallax_layout_bg_y_mobile&quot;:&quot;&quot;,&quot;jet_parallax_layout_bg_size&quot;:&quot;auto&quot;,&quot;jet_parallax_layout_bg_size_tablet&quot;:&quot;&quot;,&quot;jet_parallax_layout_bg_size_mobile&quot;:&quot;&quot;,&quot;jet_parallax_layout_animation_prop&quot;:&quot;transform&quot;,&quot;jet_parallax_layout_on&quot;:[&quot;desktop&quot;,&quot;tablet&quot;]}],&quot;shape_divider_bottom&quot;:&quot;mountains&quot;,&quot;background_background&quot;:&quot;classic&quot;}\">\n\t\t\t\t\t\t\t<div class=\"elementor-background-overlay\"><\/div>\n\t\t\t\t\t\t<div class=\"elementor-shape elementor-shape-bottom\" aria-hidden=\"true\" data-negative=\"false\">\n\t\t\t<svg xmlns=\"http:\/\/www.w3.org\/2000\/svg\" viewBox=\"0 0 1000 100\" preserveAspectRatio=\"none\">\n\t<path class=\"elementor-shape-fill\" opacity=\"0.33\" d=\"M473,67.3c-203.9,88.3-263.1-34-320.3,0C66,119.1,0,59.7,0,59.7V0h1000v59.7 c0,0-62.1,26.1-94.9,29.3c-32.8,3.3-62.8-12.3-75.8-22.1C806,49.6,745.3,8.7,694.9,4.7S492.4,59,473,67.3z\"\/>\n\t<path class=\"elementor-shape-fill\" opacity=\"0.66\" d=\"M734,67.3c-45.5,0-77.2-23.2-129.1-39.1c-28.6-8.7-150.3-10.1-254,39.1 s-91.7-34.4-149.2,0C115.7,118.3,0,39.8,0,39.8V0h1000v36.5c0,0-28.2-18.5-92.1-18.5C810.2,18.1,775.7,67.3,734,67.3z\"\/>\n\t<path class=\"elementor-shape-fill\" d=\"M766.1,28.9c-200-57.5-266,65.5-395.1,19.5C242,1.8,242,5.4,184.8,20.6C128,35.8,132.3,44.9,89.9,52.5C28.6,63.7,0,0,0,0 h1000c0,0-9.9,40.9-83.6,48.1S829.6,47,766.1,28.9z\"\/>\n<\/svg>\t\t<\/div>\n\t\t\t\t\t<div class=\"elementor-container elementor-column-gap-default\">\n\t\t\t\t\t<div class=\"elementor-column elementor-col-100 elementor-top-column elementor-element elementor-element-e4ea66d\" data-id=\"e4ea66d\" data-element_type=\"column\" data-e-type=\"column\">\n\t\t\t<div class=\"elementor-widget-wrap elementor-element-populated\">\n\t\t\t\t\t\t<div class=\"elementor-element elementor-element-b139a67 elementor-align-center elementor-widget elementor-widget-raven-heading\" data-id=\"b139a67\" data-element_type=\"widget\" data-e-type=\"widget\" data-widget_type=\"raven-heading.default\">\n\t\t\t\t<div class=\"elementor-widget-container\">\n\t\t\t\t\t\t\t<div class=\"raven-widget-wrapper\"><h1 class=\"raven-heading raven-heading-h1\"><span class=\"raven-heading-title \">Termes et conditions<\/span><\/h1><\/div>\n\t\t\t\t\t\t<\/div>\n\t\t\t\t<\/div>\n\t\t\t\t\t<\/div>\n\t\t<\/div>\n\t\t\t\t\t<\/div>\n\t\t<\/section>\n\t\t\t\t<section class=\"elementor-section elementor-top-section elementor-element elementor-element-aec74d4 elementor-section-boxed elementor-section-height-default elementor-section-height-default\" data-id=\"aec74d4\" data-element_type=\"section\" data-e-type=\"section\" data-settings=\"{&quot;jet_parallax_layout_list&quot;:[{&quot;jet_parallax_layout_image&quot;:{&quot;url&quot;:&quot;&quot;,&quot;id&quot;:&quot;&quot;,&quot;size&quot;:&quot;&quot;},&quot;_id&quot;:&quot;8211afd&quot;,&quot;jet_parallax_layout_image_tablet&quot;:{&quot;url&quot;:&quot;&quot;,&quot;id&quot;:&quot;&quot;,&quot;size&quot;:&quot;&quot;},&quot;jet_parallax_layout_image_mobile&quot;:{&quot;url&quot;:&quot;&quot;,&quot;id&quot;:&quot;&quot;,&quot;size&quot;:&quot;&quot;},&quot;jet_parallax_layout_speed&quot;:{&quot;unit&quot;:&quot;%&quot;,&quot;size&quot;:50,&quot;sizes&quot;:[]},&quot;jet_parallax_layout_type&quot;:&quot;scroll&quot;,&quot;jet_parallax_layout_direction&quot;:&quot;1&quot;,&quot;jet_parallax_layout_fx_direction&quot;:null,&quot;jet_parallax_layout_z_index&quot;:&quot;&quot;,&quot;jet_parallax_layout_bg_x&quot;:50,&quot;jet_parallax_layout_bg_x_tablet&quot;:&quot;&quot;,&quot;jet_parallax_layout_bg_x_mobile&quot;:&quot;&quot;,&quot;jet_parallax_layout_bg_y&quot;:50,&quot;jet_parallax_layout_bg_y_tablet&quot;:&quot;&quot;,&quot;jet_parallax_layout_bg_y_mobile&quot;:&quot;&quot;,&quot;jet_parallax_layout_bg_size&quot;:&quot;auto&quot;,&quot;jet_parallax_layout_bg_size_tablet&quot;:&quot;&quot;,&quot;jet_parallax_layout_bg_size_mobile&quot;:&quot;&quot;,&quot;jet_parallax_layout_animation_prop&quot;:&quot;transform&quot;,&quot;jet_parallax_layout_on&quot;:[&quot;desktop&quot;,&quot;tablet&quot;]}]}\">\n\t\t\t\t\t\t<div class=\"elementor-container elementor-column-gap-default\">\n\t\t\t\t\t<div class=\"elementor-column elementor-col-100 elementor-top-column elementor-element elementor-element-12b7767\" data-id=\"12b7767\" data-element_type=\"column\" data-e-type=\"column\">\n\t\t\t<div class=\"elementor-widget-wrap elementor-element-populated\">\n\t\t\t\t\t\t<div class=\"elementor-element elementor-element-df049cb elementor-widget elementor-widget-text-editor\" data-id=\"df049cb\" data-element_type=\"widget\" data-e-type=\"widget\" data-widget_type=\"text-editor.default\">\n\t\t\t\t<div class=\"elementor-widget-container\">\n\t\t\t\t\t\t\t\t\t<p><strong>1. Introduction<\/strong><\/p><p>Ces Termes et Conditions r\u00e9gissent l&rsquo;utilisation de www.www.naturaedecor.com (le \u00ab\u00a0Site\u00a0\u00bb), qui est d\u00e9tenu et exploit\u00e9 par Naturae Decor. (CMP ECOM INC.) En utilisant ce Site, vous indiquez que vous avez lu et compris ces Termes et Conditions et acceptez de les respecter en tout temps.<\/p><p><strong>2. Propri\u00e9t\u00e9 intellectuelle<\/strong><\/p><p>Tout contenu publi\u00e9 et mis \u00e0 disposition sur notre Site est la propri\u00e9t\u00e9 de Naturae Decor et des cr\u00e9ateurs du Site. Cela inclut, mais sans s&rsquo;y limiter, les images, textes, logos, documents, fichiers t\u00e9l\u00e9chargeables et tout ce qui contribue \u00e0 la composition de notre Site.<\/p><p><strong>3. Limitation de responsabilit\u00e9<\/strong><\/p><p>Naturae Decor, nos administrateurs, dirigeants, agents, employ\u00e9s, filiales et soci\u00e9t\u00e9s affili\u00e9es ne seront pas responsables des actions, r\u00e9clamations, pertes, dommages, responsabilit\u00e9s et d\u00e9penses, y compris les frais juridiques, d\u00e9coulant de votre utilisation du Site.<\/p><p><strong>4. Indemnit\u00e9<\/strong><\/p><p>Sauf l\u00e0 o\u00f9 la loi l&rsquo;interdit, en utilisant ce site, vous indemnisez et d\u00e9gagez Naturae Decor et nos administrateurs, dirigeants, agents, employ\u00e9s, filiales et soci\u00e9t\u00e9s affili\u00e9es de toute action, r\u00e9clamation, perte, dommage, responsabilit\u00e9 et d\u00e9pense, y compris les frais juridiques, d\u00e9coulant de votre utilisation de notre Site ou de votre violation de ces Termes et Conditions.<\/p><p><strong>5. Loi applicable<\/strong><\/p><p>Les pr\u00e9sentes conditions g\u00e9n\u00e9rales sont r\u00e9gies par les lois de la province de Qu\u00e9bec et les lois f\u00e9d\u00e9rales du Canada qui s&rsquo;y appliquent.<\/p><p><strong>6. Divisibilit\u00e9<\/strong><\/p><p>Si une disposition de ces Termes et Conditions est jug\u00e9e invalide ou inapplicable en vertu de la loi applicable. Dans ce cas, cette disposition sera r\u00e9put\u00e9e supprim\u00e9e et les dispositions restantes resteront valables et ex\u00e9cutoires.<\/p><p><strong>7. Modifications<\/strong><\/p><p>Ces Termes et Conditions peuvent \u00eatre modifi\u00e9s \u00e0 tout moment pour maintenir la conformit\u00e9 avec la loi et pour refl\u00e9ter tout changement dans la fa\u00e7on dont nous exploitons notre Site et comment nous attendons des utilisateurs qu&rsquo;ils se comportent sur notre Site. Nous informerons les utilisateurs des modifications apport\u00e9es \u00e0 ces conditions g\u00e9n\u00e9rales en publiant un avis sur notre site.<\/p><p><strong>8. Paiement et tarification<\/strong><\/p><p>Les conditions de paiement de tout Produit achet\u00e9 via le Site seront d\u00e9termin\u00e9es \u00e0 la seule discr\u00e9tion de Naturae Decor. Le paiement s&rsquo;effectuera par l&rsquo;un des moyens de paiement disponibles sur le Site, lesquels sont susceptibles d&rsquo;\u00eatre modifi\u00e9s sans pr\u00e9avis. Actuellement, les m\u00e9thodes de paiement accept\u00e9es incluent Visa, MasterCard et PayPal. Tous les prix des produits sont sujets \u00e0 changement \u00e0 tout moment sans pr\u00e9avis, \u00e0 notre seule discr\u00e9tion. Nous nous r\u00e9servons le droit d&rsquo;interrompre tout produit \u00e0 tout moment. Toute offre pour tout produit faite sur ce site est nulle l\u00e0 o\u00f9 elle est interdite. Dans le cas o\u00f9 vous n&rsquo;\u00eates pas satisfait de votre achat, vous pouvez effectuer une demande de retour directement sur notre site internet ou en nous contactant directement. Pour plus d&rsquo;informations, visitez notre page Politique de retour. Dans le cas o\u00f9 le prix ou les informations relatives \u00e0 un Produit sont incorrects en raison d&rsquo;une erreur de prix ou d&rsquo;informations sur le produit, Naturae Decor peut, \u00e0 sa seule discr\u00e9tion, refuser ou annuler votre commande, que ce soit avant ou apr\u00e8s l&rsquo;acceptation de celle-ci par Naturae Decor. S&rsquo;il y a une telle erreur de prix, Naturae Decor annulera votre commande et renversera tous les frais qui ont \u00e9t\u00e9 appliqu\u00e9s, puis vous contactera pour vous demander de passer une nouvelle commande pour le produit au prix correct.<\/p><p><strong>9. Produits et services<\/strong><\/p><p>Les produits qui peuvent \u00eatre achet\u00e9s sur le site sont disponibles pour la vente et la distribution aux clients au Canada, au Mexique et dans la partie continentale des \u00c9tats-Unis (\u00e0 l&rsquo;exception de l&rsquo;Alaska) uniquement. Naturae Decor s&rsquo;efforce d&rsquo;\u00eatre aussi pr\u00e9cis que possible dans la description de tous les Produits disponibles \u00e0 la vente et\/ou distribu\u00e9s par Naturae Decor. Cependant, Naturae Decor ne garantit pas que les descriptions de produits ou tout autre contenu du site sont exacts, complets, fiables, \u00e0 jour ou sans erreur. Veuillez noter qu&rsquo;\u00e9tant donn\u00e9 que les couleurs des Produits que vous voyez d\u00e9pendent de votre moniteur, Naturae Decor ne peut garantir que votre moniteur affichera la couleur r\u00e9elle exacte d&rsquo;un Produit affich\u00e9.<\/p><p>La disponibilit\u00e9 de certains Produits peut \u00eatre limit\u00e9e et les Produits peuvent ne pas \u00eatre disponibles \u00e0 la vente imm\u00e9diate. Naturae Decor peut r\u00e9viser ou cesser de rendre disponible tout Produit \u00e0 tout moment sans pr\u00e9avis. Dans le cas o\u00f9 Naturae Decor ne serait pas en mesure de vous livrer un Produit command\u00e9 faute de disponibilit\u00e9, Naturae Decor vous en informera par e-mail et votre commande sera automatiquement annul\u00e9e pour ce Produit indisponible, sous r\u00e9serve que Naturae Decor puisse, \u00e0 sa seule discr\u00e9tion, vous contacter afin de vous permettre de maintenir votre commande sous r\u00e9serve d&rsquo;un d\u00e9lai de livraison r\u00e9vis\u00e9 si et quand le Produit devient disponible.<\/p><p><strong>11. Coordonn\u00e9es<\/strong><\/p><p>Veuillez nous contacter si vous avez des questions ou des pr\u00e9occupations en <a href=\"https:\/\/naturaedecor.ca\/contact\/\">cliquant ici<\/a>. Vous pouvez \u00e9galement nous contacter en utilisant les \u00e9l\u00e9ments suivants :<\/p><p><strong><u>Poste<\/u><\/strong><\/p><p>Naturae Decor<br \/>2165 Rue Power,<br \/>Drummondville, QC J2C 6Z5<br \/>Canada<\/p><p><strong>T\u00e9l\u00e9phone<\/strong><br \/>1-833-505-3009<\/p><p><strong><u>Courriel<br \/><\/u><\/strong><a href=\"mailto:info@naturaedecor.com\">info@naturaedecor.com<\/a><\/p><p><strong>12. Date d&rsquo;entr\u00e9e en vigueur<\/strong><\/p><p>14 juin 2023<\/p><p>\u00a0<\/p>\t\t\t\t\t\t\t\t<\/div>\n\t\t\t\t<\/div>\n\t\t\t\t\t<\/div>\n\t\t<\/div>\n\t\t\t\t\t<\/div>\n\t\t<\/section>\n\t\t\t\t<\/div>\n\t\t","protected":false},"excerpt":{"rendered":"<p>Termes et conditions 1. Introduction Ces Termes et Conditions r\u00e9gissent l&rsquo;utilisation de www.www.naturaedecor.com (le \u00ab\u00a0Site\u00a0\u00bb), qui est d\u00e9tenu et exploit\u00e9 par Naturae Decor. (CMP ECOM INC.) En utilisant ce Site, vous indiquez que vous avez lu et compris ces Termes et Conditions et acceptez de les respecter en tout temps. 2. Propri\u00e9t\u00e9 intellectuelle Tout contenu [&hellip;]<\/p>\n","protected":false},"author":1,"featured_media":0,"parent":0,"menu_order":49,"comment_status":"closed","ping_status":"closed","template":"elementor_header_footer","meta":{"_acf_changed":false,"footnotes":""},"class_list":["post-7470","page","type-page","status-publish","hentry"],"acf":[],"yoast_head":"<!-- This site is optimized with the Yoast SEO plugin v27.4 - https:\/\/yoast.com\/product\/yoast-seo-wordpress\/ -->\n<title>Termes et conditions - Naturae Decor<\/title>\n<meta name=\"robots\" content=\"index, follow, max-snippet:-1, max-image-preview:large, max-video-preview:-1\" \/>\n<link rel=\"canonical\" href=\"https:\/\/naturaedecor.ca\/fr\/termes-et-conditions\/\" \/>\n<meta property=\"og:locale\" content=\"fr_FR\" \/>\n<meta property=\"og:type\" content=\"article\" \/>\n<meta property=\"og:title\" content=\"Termes et conditions - Naturae Decor\" \/>\n<meta property=\"og:description\" content=\"Termes et conditions 1. Introduction Ces Termes et Conditions r\u00e9gissent l&rsquo;utilisation de www.www.naturaedecor.com (le \u00ab\u00a0Site\u00a0\u00bb), qui est d\u00e9tenu et exploit\u00e9 par Naturae Decor. (CMP ECOM INC.) En utilisant ce Site, vous indiquez que vous avez lu et compris ces Termes et Conditions et acceptez de les respecter en tout temps. 2. Propri\u00e9t\u00e9 intellectuelle Tout contenu [&hellip;]\" \/>\n<meta property=\"og:url\" content=\"https:\/\/naturaedecor.ca\/fr\/termes-et-conditions\/\" \/>\n<meta property=\"og:site_name\" content=\"Naturae Decor\" \/>\n<meta property=\"article:publisher\" content=\"https:\/\/www.facebook.com\/naturaedecor\/\" \/>\n<meta property=\"article:modified_time\" content=\"2023-06-16T19:09:37+00:00\" \/>\n<meta property=\"og:image\" content=\"https:\/\/naturaedecor.ca\/wp-content\/uploads\/2021\/11\/facebook-thumbnail.jpg\" \/>\n\t<meta property=\"og:image:width\" content=\"1200\" \/>\n\t<meta property=\"og:image:height\" content=\"633\" \/>\n\t<meta property=\"og:image:type\" content=\"image\/jpeg\" \/>\n<meta name=\"twitter:card\" content=\"summary_large_image\" \/>\n<meta name=\"twitter:site\" content=\"@Naturaedecor\" \/>\n<script type=\"application\/ld+json\" class=\"yoast-schema-graph\">{\"@context\":\"https:\\\/\\\/schema.org\",\"@graph\":[{\"@type\":\"WebPage\",\"@id\":\"https:\\\/\\\/naturaedecor.ca\\\/fr\\\/termes-et-conditions\\\/\",\"url\":\"https:\\\/\\\/naturaedecor.ca\\\/fr\\\/termes-et-conditions\\\/\",\"name\":\"Termes et conditions - Naturae Decor\",\"isPartOf\":{\"@id\":\"https:\\\/\\\/naturaedecor.ca\\\/#website\"},\"datePublished\":\"2023-06-16T19:08:27+00:00\",\"dateModified\":\"2023-06-16T19:09:37+00:00\",\"breadcrumb\":{\"@id\":\"https:\\\/\\\/naturaedecor.ca\\\/fr\\\/termes-et-conditions\\\/#breadcrumb\"},\"inLanguage\":\"fr-FR\",\"potentialAction\":[{\"@type\":\"ReadAction\",\"target\":[\"https:\\\/\\\/naturaedecor.ca\\\/fr\\\/termes-et-conditions\\\/\"]}]},{\"@type\":\"BreadcrumbList\",\"@id\":\"https:\\\/\\\/naturaedecor.ca\\\/fr\\\/termes-et-conditions\\\/#breadcrumb\",\"itemListElement\":[{\"@type\":\"ListItem\",\"position\":1,\"name\":\"Home\",\"item\":\"https:\\\/\\\/naturaedecor.ca\\\/\"},{\"@type\":\"ListItem\",\"position\":2,\"name\":\"Termes et conditions\"}]},{\"@type\":\"WebSite\",\"@id\":\"https:\\\/\\\/naturaedecor.ca\\\/#website\",\"url\":\"https:\\\/\\\/naturaedecor.ca\\\/\",\"name\":\"Naturae Decor\",\"description\":\"Add a feeling of tranquility to your space\",\"publisher\":{\"@id\":\"https:\\\/\\\/naturaedecor.ca\\\/#organization\"},\"potentialAction\":[{\"@type\":\"SearchAction\",\"target\":{\"@type\":\"EntryPoint\",\"urlTemplate\":\"https:\\\/\\\/naturaedecor.ca\\\/?s={search_term_string}\"},\"query-input\":{\"@type\":\"PropertyValueSpecification\",\"valueRequired\":true,\"valueName\":\"search_term_string\"}}],\"inLanguage\":\"fr-FR\"},{\"@type\":\"Organization\",\"@id\":\"https:\\\/\\\/naturaedecor.ca\\\/#organization\",\"name\":\"Naturae Decor\",\"url\":\"https:\\\/\\\/naturaedecor.ca\\\/\",\"logo\":{\"@type\":\"ImageObject\",\"inLanguage\":\"fr-FR\",\"@id\":\"https:\\\/\\\/naturaedecor.ca\\\/#\\\/schema\\\/logo\\\/image\\\/\",\"url\":\"https:\\\/\\\/naturaedecor.ca\\\/wp-content\\\/uploads\\\/2021\\\/07\\\/logo-sticky.png\",\"contentUrl\":\"https:\\\/\\\/naturaedecor.ca\\\/wp-content\\\/uploads\\\/2021\\\/07\\\/logo-sticky.png\",\"width\":248,\"height\":96,\"caption\":\"Naturae Decor\"},\"image\":{\"@id\":\"https:\\\/\\\/naturaedecor.ca\\\/#\\\/schema\\\/logo\\\/image\\\/\"},\"sameAs\":[\"https:\\\/\\\/www.facebook.com\\\/naturaedecor\\\/\",\"https:\\\/\\\/x.com\\\/Naturaedecor\",\"https:\\\/\\\/www.instagram.com\\\/naturaedecor\\\/\",\"https:\\\/\\\/www.pinterest.ca\\\/naturaedecor\\\/\"]}]}<\/script>\n<!-- \/ Yoast SEO plugin. -->","yoast_head_json":{"title":"Termes et conditions - Naturae Decor","robots":{"index":"index","follow":"follow","max-snippet":"max-snippet:-1","max-image-preview":"max-image-preview:large","max-video-preview":"max-video-preview:-1"},"canonical":"https:\/\/naturaedecor.ca\/fr\/termes-et-conditions\/","og_locale":"fr_FR","og_type":"article","og_title":"Termes et conditions - Naturae Decor","og_description":"Termes et conditions 1. Introduction Ces Termes et Conditions r\u00e9gissent l&rsquo;utilisation de www.www.naturaedecor.com (le \u00ab\u00a0Site\u00a0\u00bb), qui est d\u00e9tenu et exploit\u00e9 par Naturae Decor. (CMP ECOM INC.) En utilisant ce Site, vous indiquez que vous avez lu et compris ces Termes et Conditions et acceptez de les respecter en tout temps. 2. Propri\u00e9t\u00e9 intellectuelle Tout contenu [&hellip;]","og_url":"https:\/\/naturaedecor.ca\/fr\/termes-et-conditions\/","og_site_name":"Naturae Decor","article_publisher":"https:\/\/www.facebook.com\/naturaedecor\/","article_modified_time":"2023-06-16T19:09:37+00:00","og_image":[{"width":1200,"height":633,"url":"https:\/\/naturaedecor.ca\/wp-content\/uploads\/2021\/11\/facebook-thumbnail.jpg","type":"image\/jpeg"}],"twitter_card":"summary_large_image","twitter_site":"@Naturaedecor","schema":{"@context":"https:\/\/schema.org","@graph":[{"@type":"WebPage","@id":"https:\/\/naturaedecor.ca\/fr\/termes-et-conditions\/","url":"https:\/\/naturaedecor.ca\/fr\/termes-et-conditions\/","name":"Termes et conditions - Naturae Decor","isPartOf":{"@id":"https:\/\/naturaedecor.ca\/#website"},"datePublished":"2023-06-16T19:08:27+00:00","dateModified":"2023-06-16T19:09:37+00:00","breadcrumb":{"@id":"https:\/\/naturaedecor.ca\/fr\/termes-et-conditions\/#breadcrumb"},"inLanguage":"fr-FR","potentialAction":[{"@type":"ReadAction","target":["https:\/\/naturaedecor.ca\/fr\/termes-et-conditions\/"]}]},{"@type":"BreadcrumbList","@id":"https:\/\/naturaedecor.ca\/fr\/termes-et-conditions\/#breadcrumb","itemListElement":[{"@type":"ListItem","position":1,"name":"Home","item":"https:\/\/naturaedecor.ca\/"},{"@type":"ListItem","position":2,"name":"Termes et conditions"}]},{"@type":"WebSite","@id":"https:\/\/naturaedecor.ca\/#website","url":"https:\/\/naturaedecor.ca\/","name":"Naturae Decor","description":"Add a feeling of tranquility to your space","publisher":{"@id":"https:\/\/naturaedecor.ca\/#organization"},"potentialAction":[{"@type":"SearchAction","target":{"@type":"EntryPoint","urlTemplate":"https:\/\/naturaedecor.ca\/?s={search_term_string}"},"query-input":{"@type":"PropertyValueSpecification","valueRequired":true,"valueName":"search_term_string"}}],"inLanguage":"fr-FR"},{"@type":"Organization","@id":"https:\/\/naturaedecor.ca\/#organization","name":"Naturae Decor","url":"https:\/\/naturaedecor.ca\/","logo":{"@type":"ImageObject","inLanguage":"fr-FR","@id":"https:\/\/naturaedecor.ca\/#\/schema\/logo\/image\/","url":"https:\/\/naturaedecor.ca\/wp-content\/uploads\/2021\/07\/logo-sticky.png","contentUrl":"https:\/\/naturaedecor.ca\/wp-content\/uploads\/2021\/07\/logo-sticky.png","width":248,"height":96,"caption":"Naturae Decor"},"image":{"@id":"https:\/\/naturaedecor.ca\/#\/schema\/logo\/image\/"},"sameAs":["https:\/\/www.facebook.com\/naturaedecor\/","https:\/\/x.com\/Naturaedecor","https:\/\/www.instagram.com\/naturaedecor\/","https:\/\/www.pinterest.ca\/naturaedecor\/"]}]}},"_links":{"self":[{"href":"https:\/\/naturaedecor.ca\/fr\/wp-json\/wp\/v2\/pages\/7470","targetHints":{"allow":["GET"]}}],"collection":[{"href":"https:\/\/naturaedecor.ca\/fr\/wp-json\/wp\/v2\/pages"}],"about":[{"href":"https:\/\/naturaedecor.ca\/fr\/wp-json\/wp\/v2\/types\/page"}],"author":[{"embeddable":true,"href":"https:\/\/naturaedecor.ca\/fr\/wp-json\/wp\/v2\/users\/1"}],"replies":[{"embeddable":true,"href":"https:\/\/naturaedecor.ca\/fr\/wp-json\/wp\/v2\/comments?post=7470"}],"version-history":[{"count":4,"href":"https:\/\/naturaedecor.ca\/fr\/wp-json\/wp\/v2\/pages\/7470\/revisions"}],"predecessor-version":[{"id":7482,"href":"https:\/\/naturaedecor.ca\/fr\/wp-json\/wp\/v2\/pages\/7470\/revisions\/7482"}],"wp:attachment":[{"href":"https:\/\/naturaedecor.ca\/fr\/wp-json\/wp\/v2\/media?parent=7470"}],"curies":[{"name":"wp","href":"https:\/\/api.w.org\/{rel}","templated":true}]}}