{"id":10375,"date":"2025-03-31T15:42:28","date_gmt":"2025-03-31T19:42:28","guid":{"rendered":"https:\/\/naturaedecor.ca\/product\/artificial-47-schefflera-indrotdr\/"},"modified":"2025-04-01T13:10:36","modified_gmt":"2025-04-01T17:10:36","slug":"schefflera-47-artificiel-interieur-exterieur","status":"publish","type":"product","link":"https:\/\/naturaedecor.ca\/fr\/produit\/schefflera-47-artificiel-interieur-exterieur\/","title":{"rendered":"Schefflera 47&Prime; artificiel interieur &#038; exterieur"},"content":{"rendered":"<p>Plante schefflera Naturae Decor &#8211; Plante d&rsquo;int\u00e9rieur et d&rsquo;ext\u00e9rieur artificielle r\u00e9aliste &#8211; R\u00e9sistante aux UV &#8211; 47 po de haut<\/p>\n<p>Procurez-vous le schefflera Naturae Decor pour ajouter de la verdure dans votre demeure. Ces plantes d\u2019allure si r\u00e9aliste d\u00e9gageront des ondes positives partout o\u00f9 vous les placerez. Color\u00e9e et moderne, Cr\u00e9er un environnement chaleureux et invitant avec ces plantes artificielles est facile, tout comme leur peu d\u2019entretien. Install\u00e9es dans des pots modernes qui s\u2019adaptent \u00e0 n&rsquo;importe quel d\u00e9cor, nos plantes artificielles sont fabriqu\u00e9es \u00e0 partir de mat\u00e9riaux de haute qualit\u00e9. Elles resteront belles pendant des ann\u00e9es, sans m\u00eame ternir. Peu importe la pi\u00e8ce dans laquelle elles se trouvent, ces plantes artificielles injecteront une touche de couleur et de piquant.<\/p>\n<ul>\n<li><strong>APPORTEZ DE LA VIE \u00c0 VOTRE ESPACE<\/strong> \u2013 Les plantes artificielles Naturae Decor semblent si r\u00e9elles qu\u2019elles apporteront \u00e0 coup s\u00fbr couleur et chaleur \u00e0 votre pi\u00e8ce pr\u00e9f\u00e9r\u00e9e. Elles sont le moyen id\u00e9al pour cr\u00e9er un environnement serein et \u00e9l\u00e9gant pour promouvoir la sant\u00e9 et le bien-\u00eatre<\/li>\n<li><strong>FEUILLAGE ARTIFICIEL R\u00c9ALISTE<\/strong> &#8211; Vos invit\u00e9s et vous-m\u00eame serez confondus par l\u2019apparence naturelle et r\u00e9aliste de nos plantes artificielles. Elles ont d\u00e9j\u00e0 la taille parfaite et vous n\u2019avez pas besoin de les rempoter, les tailler ou les arroser..<\/li>\n<li><strong>R\u00c9SISTANT AUX UV<\/strong> \u2013 Les feuilles de notre schefflera sont fabriqu\u00e9es \u00e0 100 % de poly\u00e9thyl\u00e8ne de haute qualit\u00e9 r\u00e9sistant aux intemp\u00e9ries et aux rayons UV pour \u00e9viter la d\u00e9coloration. Une garantie de 1 an d\u2019ailleurs est incluse avec le schefflera contre la d\u00e9coloration due aux rayons UV.<\/li>\n<li><strong>PR\u00c9ASSEMBL\u00c9E<\/strong> \u2013 La plante artificielle d\u2019int\u00e9rieur et d\u2019ext\u00e9rieur schefflera ne requiert aucun assemblage. Ouvrez tout simplement la bo\u00eete et profitez-en! Le pot \u00a0dans lequel SCHEFFLERA est mis est non amovible, mais peut \u00eatre plac\u00e9 \u00e0 l\u2019int\u00e9rieur d\u2019un pot d\u00e9coratif l\u00e9g\u00e8rement plus grand.<\/li>\n<\/ul>\n","protected":false},"excerpt":{"rendered":"<p>Plante schefflera Naturae Decor &#8211; Plante d&rsquo;int\u00e9rieur et d&rsquo;ext\u00e9rieur artificielle r\u00e9aliste &#8211; R\u00e9sistante aux UV &#8211; 47 po de haut Procurez-vous le schefflera Naturae Decor pour ajouter de la verdure dans votre demeure. Ces plantes d\u2019allure si r\u00e9aliste d\u00e9gageront des ondes positives partout o\u00f9 vous les placerez. Color\u00e9e et moderne, Cr\u00e9er un environnement chaleureux et [&hellip;]<\/p>\n","protected":false},"featured_media":10349,"comment_status":"open","ping_status":"closed","template":"","meta":{"_acf_changed":false},"product_brand":[],"product_cat":[152,147],"product_tag":[],"class_list":{"0":"post-10375","1":"product","2":"type-product","3":"status-publish","4":"has-post-thumbnail","6":"product_cat-nouveaux-produits","7":"product_cat-outdoor-plants","9":"first","10":"outofstock","11":"taxable","12":"shipping-taxable","13":"purchasable","14":"product-type-simple"},"acf":[],"yoast_head":"<!-- This site is optimized with the Yoast SEO plugin v27.4 - https:\/\/yoast.com\/product\/yoast-seo-wordpress\/ -->\n<title>Schefflera 47&quot; artificiel interieur &amp; exterieur - Naturae Decor<\/title>\n<meta name=\"robots\" content=\"index, follow, max-snippet:-1, max-image-preview:large, max-video-preview:-1\" \/>\n<link rel=\"canonical\" href=\"https:\/\/naturaedecor.ca\/fr\/produit\/schefflera-47-artificiel-interieur-exterieur\/\" \/>\n<meta property=\"og:locale\" content=\"fr_FR\" \/>\n<meta property=\"og:type\" content=\"article\" \/>\n<meta property=\"og:title\" content=\"Schefflera 47&quot; artificiel interieur &amp; exterieur - Naturae Decor\" \/>\n<meta property=\"og:description\" content=\"Plante schefflera Naturae Decor &#8211; Plante d&rsquo;int\u00e9rieur et d&rsquo;ext\u00e9rieur artificielle r\u00e9aliste &#8211; R\u00e9sistante aux UV &#8211; 47 po de haut Procurez-vous le schefflera Naturae Decor pour ajouter de la verdure dans votre demeure. Ces plantes d\u2019allure si r\u00e9aliste d\u00e9gageront des ondes positives partout o\u00f9 vous les placerez. Color\u00e9e et moderne, Cr\u00e9er un environnement chaleureux et [&hellip;]\" \/>\n<meta property=\"og:url\" content=\"https:\/\/naturaedecor.ca\/fr\/produit\/schefflera-47-artificiel-interieur-exterieur\/\" \/>\n<meta property=\"og:site_name\" content=\"Naturae Decor\" \/>\n<meta property=\"article:publisher\" content=\"https:\/\/www.facebook.com\/naturaedecor\/\" \/>\n<meta property=\"article:modified_time\" content=\"2025-04-01T17:10:36+00:00\" \/>\n<meta property=\"og:image\" content=\"https:\/\/naturaedecor.ca\/wp-content\/uploads\/2025\/03\/1-out-schef-47-angle.jpg\" \/>\n\t<meta property=\"og:image:width\" content=\"1000\" \/>\n\t<meta property=\"og:image:height\" content=\"1000\" \/>\n\t<meta property=\"og:image:type\" content=\"image\/jpeg\" \/>\n<meta name=\"twitter:card\" content=\"summary_large_image\" \/>\n<meta name=\"twitter:site\" content=\"@Naturaedecor\" \/>\n<script type=\"application\/ld+json\" class=\"yoast-schema-graph\">{\"@context\":\"https:\\\/\\\/schema.org\",\"@graph\":[{\"@type\":\"WebPage\",\"@id\":\"https:\\\/\\\/naturaedecor.ca\\\/fr\\\/produit\\\/schefflera-47-artificiel-interieur-exterieur\\\/\",\"url\":\"https:\\\/\\\/naturaedecor.ca\\\/fr\\\/produit\\\/schefflera-47-artificiel-interieur-exterieur\\\/\",\"name\":\"Schefflera 47\\\" artificiel interieur & exterieur - Naturae Decor\",\"isPartOf\":{\"@id\":\"https:\\\/\\\/naturaedecor.ca\\\/#website\"},\"primaryImageOfPage\":{\"@id\":\"https:\\\/\\\/naturaedecor.ca\\\/fr\\\/produit\\\/schefflera-47-artificiel-interieur-exterieur\\\/#primaryimage\"},\"image\":{\"@id\":\"https:\\\/\\\/naturaedecor.ca\\\/fr\\\/produit\\\/schefflera-47-artificiel-interieur-exterieur\\\/#primaryimage\"},\"thumbnailUrl\":\"https:\\\/\\\/naturaedecor.ca\\\/wp-content\\\/uploads\\\/2025\\\/03\\\/1-out-schef-47-angle.jpg\",\"datePublished\":\"2025-03-31T19:42:28+00:00\",\"dateModified\":\"2025-04-01T17:10:36+00:00\",\"breadcrumb\":{\"@id\":\"https:\\\/\\\/naturaedecor.ca\\\/fr\\\/produit\\\/schefflera-47-artificiel-interieur-exterieur\\\/#breadcrumb\"},\"inLanguage\":\"fr-FR\",\"potentialAction\":[{\"@type\":\"ReadAction\",\"target\":[\"https:\\\/\\\/naturaedecor.ca\\\/fr\\\/produit\\\/schefflera-47-artificiel-interieur-exterieur\\\/\"]}]},{\"@type\":\"ImageObject\",\"inLanguage\":\"fr-FR\",\"@id\":\"https:\\\/\\\/naturaedecor.ca\\\/fr\\\/produit\\\/schefflera-47-artificiel-interieur-exterieur\\\/#primaryimage\",\"url\":\"https:\\\/\\\/naturaedecor.ca\\\/wp-content\\\/uploads\\\/2025\\\/03\\\/1-out-schef-47-angle.jpg\",\"contentUrl\":\"https:\\\/\\\/naturaedecor.ca\\\/wp-content\\\/uploads\\\/2025\\\/03\\\/1-out-schef-47-angle.jpg\",\"width\":1000,\"height\":1000},{\"@type\":\"BreadcrumbList\",\"@id\":\"https:\\\/\\\/naturaedecor.ca\\\/fr\\\/produit\\\/schefflera-47-artificiel-interieur-exterieur\\\/#breadcrumb\",\"itemListElement\":[{\"@type\":\"ListItem\",\"position\":1,\"name\":\"Home\",\"item\":\"https:\\\/\\\/naturaedecor.ca\\\/\"},{\"@type\":\"ListItem\",\"position\":2,\"name\":\"Shop\",\"item\":\"https:\\\/\\\/naturaedecor.ca\\\/shop\\\/\"},{\"@type\":\"ListItem\",\"position\":3,\"name\":\"Schefflera 47&Prime; artificiel interieur &#038; exterieur\"}]},{\"@type\":\"WebSite\",\"@id\":\"https:\\\/\\\/naturaedecor.ca\\\/#website\",\"url\":\"https:\\\/\\\/naturaedecor.ca\\\/\",\"name\":\"Naturae Decor\",\"description\":\"Add a feeling of tranquility to your space\",\"publisher\":{\"@id\":\"https:\\\/\\\/naturaedecor.ca\\\/#organization\"},\"potentialAction\":[{\"@type\":\"SearchAction\",\"target\":{\"@type\":\"EntryPoint\",\"urlTemplate\":\"https:\\\/\\\/naturaedecor.ca\\\/?s={search_term_string}\"},\"query-input\":{\"@type\":\"PropertyValueSpecification\",\"valueRequired\":true,\"valueName\":\"search_term_string\"}}],\"inLanguage\":\"fr-FR\"},{\"@type\":\"Organization\",\"@id\":\"https:\\\/\\\/naturaedecor.ca\\\/#organization\",\"name\":\"Naturae Decor\",\"url\":\"https:\\\/\\\/naturaedecor.ca\\\/\",\"logo\":{\"@type\":\"ImageObject\",\"inLanguage\":\"fr-FR\",\"@id\":\"https:\\\/\\\/naturaedecor.ca\\\/#\\\/schema\\\/logo\\\/image\\\/\",\"url\":\"https:\\\/\\\/naturaedecor.ca\\\/wp-content\\\/uploads\\\/2021\\\/07\\\/logo-sticky.png\",\"contentUrl\":\"https:\\\/\\\/naturaedecor.ca\\\/wp-content\\\/uploads\\\/2021\\\/07\\\/logo-sticky.png\",\"width\":248,\"height\":96,\"caption\":\"Naturae Decor\"},\"image\":{\"@id\":\"https:\\\/\\\/naturaedecor.ca\\\/#\\\/schema\\\/logo\\\/image\\\/\"},\"sameAs\":[\"https:\\\/\\\/www.facebook.com\\\/naturaedecor\\\/\",\"https:\\\/\\\/x.com\\\/Naturaedecor\",\"https:\\\/\\\/www.instagram.com\\\/naturaedecor\\\/\",\"https:\\\/\\\/www.pinterest.ca\\\/naturaedecor\\\/\"]}]}<\/script>\n<!-- \/ Yoast SEO plugin. -->","yoast_head_json":{"title":"Schefflera 47\" artificiel interieur & exterieur - Naturae Decor","robots":{"index":"index","follow":"follow","max-snippet":"max-snippet:-1","max-image-preview":"max-image-preview:large","max-video-preview":"max-video-preview:-1"},"canonical":"https:\/\/naturaedecor.ca\/fr\/produit\/schefflera-47-artificiel-interieur-exterieur\/","og_locale":"fr_FR","og_type":"article","og_title":"Schefflera 47\" artificiel interieur & exterieur - Naturae Decor","og_description":"Plante schefflera Naturae Decor &#8211; Plante d&rsquo;int\u00e9rieur et d&rsquo;ext\u00e9rieur artificielle r\u00e9aliste &#8211; R\u00e9sistante aux UV &#8211; 47 po de haut Procurez-vous le schefflera Naturae Decor pour ajouter de la verdure dans votre demeure. Ces plantes d\u2019allure si r\u00e9aliste d\u00e9gageront des ondes positives partout o\u00f9 vous les placerez. Color\u00e9e et moderne, Cr\u00e9er un environnement chaleureux et [&hellip;]","og_url":"https:\/\/naturaedecor.ca\/fr\/produit\/schefflera-47-artificiel-interieur-exterieur\/","og_site_name":"Naturae Decor","article_publisher":"https:\/\/www.facebook.com\/naturaedecor\/","article_modified_time":"2025-04-01T17:10:36+00:00","og_image":[{"width":1000,"height":1000,"url":"https:\/\/naturaedecor.ca\/wp-content\/uploads\/2025\/03\/1-out-schef-47-angle.jpg","type":"image\/jpeg"}],"twitter_card":"summary_large_image","twitter_site":"@Naturaedecor","schema":{"@context":"https:\/\/schema.org","@graph":[{"@type":"WebPage","@id":"https:\/\/naturaedecor.ca\/fr\/produit\/schefflera-47-artificiel-interieur-exterieur\/","url":"https:\/\/naturaedecor.ca\/fr\/produit\/schefflera-47-artificiel-interieur-exterieur\/","name":"Schefflera 47\" artificiel interieur & exterieur - Naturae Decor","isPartOf":{"@id":"https:\/\/naturaedecor.ca\/#website"},"primaryImageOfPage":{"@id":"https:\/\/naturaedecor.ca\/fr\/produit\/schefflera-47-artificiel-interieur-exterieur\/#primaryimage"},"image":{"@id":"https:\/\/naturaedecor.ca\/fr\/produit\/schefflera-47-artificiel-interieur-exterieur\/#primaryimage"},"thumbnailUrl":"https:\/\/naturaedecor.ca\/wp-content\/uploads\/2025\/03\/1-out-schef-47-angle.jpg","datePublished":"2025-03-31T19:42:28+00:00","dateModified":"2025-04-01T17:10:36+00:00","breadcrumb":{"@id":"https:\/\/naturaedecor.ca\/fr\/produit\/schefflera-47-artificiel-interieur-exterieur\/#breadcrumb"},"inLanguage":"fr-FR","potentialAction":[{"@type":"ReadAction","target":["https:\/\/naturaedecor.ca\/fr\/produit\/schefflera-47-artificiel-interieur-exterieur\/"]}]},{"@type":"ImageObject","inLanguage":"fr-FR","@id":"https:\/\/naturaedecor.ca\/fr\/produit\/schefflera-47-artificiel-interieur-exterieur\/#primaryimage","url":"https:\/\/naturaedecor.ca\/wp-content\/uploads\/2025\/03\/1-out-schef-47-angle.jpg","contentUrl":"https:\/\/naturaedecor.ca\/wp-content\/uploads\/2025\/03\/1-out-schef-47-angle.jpg","width":1000,"height":1000},{"@type":"BreadcrumbList","@id":"https:\/\/naturaedecor.ca\/fr\/produit\/schefflera-47-artificiel-interieur-exterieur\/#breadcrumb","itemListElement":[{"@type":"ListItem","position":1,"name":"Home","item":"https:\/\/naturaedecor.ca\/"},{"@type":"ListItem","position":2,"name":"Shop","item":"https:\/\/naturaedecor.ca\/shop\/"},{"@type":"ListItem","position":3,"name":"Schefflera 47&Prime; artificiel interieur &#038; exterieur"}]},{"@type":"WebSite","@id":"https:\/\/naturaedecor.ca\/#website","url":"https:\/\/naturaedecor.ca\/","name":"Naturae Decor","description":"Add a feeling of tranquility to your space","publisher":{"@id":"https:\/\/naturaedecor.ca\/#organization"},"potentialAction":[{"@type":"SearchAction","target":{"@type":"EntryPoint","urlTemplate":"https:\/\/naturaedecor.ca\/?s={search_term_string}"},"query-input":{"@type":"PropertyValueSpecification","valueRequired":true,"valueName":"search_term_string"}}],"inLanguage":"fr-FR"},{"@type":"Organization","@id":"https:\/\/naturaedecor.ca\/#organization","name":"Naturae Decor","url":"https:\/\/naturaedecor.ca\/","logo":{"@type":"ImageObject","inLanguage":"fr-FR","@id":"https:\/\/naturaedecor.ca\/#\/schema\/logo\/image\/","url":"https:\/\/naturaedecor.ca\/wp-content\/uploads\/2021\/07\/logo-sticky.png","contentUrl":"https:\/\/naturaedecor.ca\/wp-content\/uploads\/2021\/07\/logo-sticky.png","width":248,"height":96,"caption":"Naturae Decor"},"image":{"@id":"https:\/\/naturaedecor.ca\/#\/schema\/logo\/image\/"},"sameAs":["https:\/\/www.facebook.com\/naturaedecor\/","https:\/\/x.com\/Naturaedecor","https:\/\/www.instagram.com\/naturaedecor\/","https:\/\/www.pinterest.ca\/naturaedecor\/"]}]}},"_links":{"self":[{"href":"https:\/\/naturaedecor.ca\/fr\/wp-json\/wp\/v2\/product\/10375","targetHints":{"allow":["GET"]}}],"collection":[{"href":"https:\/\/naturaedecor.ca\/fr\/wp-json\/wp\/v2\/product"}],"about":[{"href":"https:\/\/naturaedecor.ca\/fr\/wp-json\/wp\/v2\/types\/product"}],"replies":[{"embeddable":true,"href":"https:\/\/naturaedecor.ca\/fr\/wp-json\/wp\/v2\/comments?post=10375"}],"wp:featuredmedia":[{"embeddable":true,"href":"https:\/\/naturaedecor.ca\/fr\/wp-json\/wp\/v2\/media\/10349"}],"wp:attachment":[{"href":"https:\/\/naturaedecor.ca\/fr\/wp-json\/wp\/v2\/media?parent=10375"}],"wp:term":[{"taxonomy":"product_brand","embeddable":true,"href":"https:\/\/naturaedecor.ca\/fr\/wp-json\/wp\/v2\/product_brand?post=10375"},{"taxonomy":"product_cat","embeddable":true,"href":"https:\/\/naturaedecor.ca\/fr\/wp-json\/wp\/v2\/product_cat?post=10375"},{"taxonomy":"product_tag","embeddable":true,"href":"https:\/\/naturaedecor.ca\/fr\/wp-json\/wp\/v2\/product_tag?post=10375"}],"curies":[{"name":"wp","href":"https:\/\/api.w.org\/{rel}","templated":true}]}}