{"id":11069,"date":"2025-05-30T13:42:36","date_gmt":"2025-05-30T17:42:36","guid":{"rendered":"https:\/\/naturaedecor.ca\/product\/privacy-screen-pvc-40x96-1-4-7mm-bamboo\/"},"modified":"2026-04-29T10:48:37","modified_gmt":"2026-04-29T14:48:37","slug":"privacy-screen-pvc-40x96-1-4-7mm-bamboo","status":"publish","type":"product","link":"https:\/\/naturaedecor.ca\/fr\/produit\/privacy-screen-pvc-40x96-1-4-7mm-bamboo\/","title":{"rendered":"PRIVACY SCREEN PVC 40X96&Prime; 1\/4&Prime; (7mm) BAMBOO"},"content":{"rendered":"<p>Les paravents Naturae Decor sont la solution id\u00e9ale pour votre prochain projet de bricolage. Faciles \u00e0 d\u00e9couper pour s&rsquo;adapter \u00e0 tous les espaces, ils s&rsquo;installent en un clin d&rsquo;\u0153il. Parfaits pour pr\u00e9server votre intimit\u00e9 sur votre terrasse, patio ou balcon. Fabriqu\u00e9s en PVC de haute qualit\u00e9 r\u00e9sistant aux UV, ils sont con\u00e7us pour durer. Une solution \u00e9conomique pour embellir votre espace pr\u00e9f\u00e9r\u00e9. B\u00e9n\u00e9ficiant d&rsquo;une garantie d&rsquo;un an, notre paravent de 101,6 x 243,8 cm (40 x 96 po) est durable et con\u00e7u pour r\u00e9sister aux intemp\u00e9ries.<\/p>\n<ul>\n<li>INTIMIT\u00c9 PR\u00c9SERV\u00c9E &#8211; Les paravents Naturae Decor sont la solution id\u00e9ale pour cr\u00e9er un environnement serein et vous prot\u00e9ger des regards indiscrets sur votre terrasse, patio ou balcon.<\/li>\n<li>PROTECTION UV &#8211; Nos paravents sont fabriqu\u00e9s en PVC de haute qualit\u00e9. R\u00e9sistants aux UV, ils ne se d\u00e9colorent pas et sont faciles \u00e0 nettoyer. Style et intimit\u00e9 avec un minimum d&rsquo;entretien.<\/li>\n<li>R\u00e9sistant aux intemp\u00e9ries : con\u00e7u pour r\u00e9sister aux saisons et vous offrir une protection optimale.<\/li>\n<li>Facile \u00e0 installer : nos \u00e9crans d&rsquo;intimit\u00e9 sont tr\u00e8s faciles \u00e0 installer.<\/li>\n<\/ul>\n","protected":false},"excerpt":{"rendered":"<p>Les paravents Naturae Decor sont la solution id\u00e9ale pour votre prochain projet de bricolage. Faciles \u00e0 d\u00e9couper pour s&rsquo;adapter \u00e0 tous les espaces, ils s&rsquo;installent en un clin d&rsquo;\u0153il. Parfaits pour pr\u00e9server votre intimit\u00e9 sur votre terrasse, patio ou balcon. Fabriqu\u00e9s en PVC de haute qualit\u00e9 r\u00e9sistant aux UV, ils sont con\u00e7us pour durer. Une [&hellip;]<\/p>\n","protected":false},"featured_media":10839,"comment_status":"open","ping_status":"closed","template":"","meta":{"_acf_changed":false},"product_brand":[],"product_cat":[151,152],"product_tag":[],"class_list":{"0":"post-11069","1":"product","2":"type-product","3":"status-publish","4":"has-post-thumbnail","6":"product_cat-ecrans-de-terrasse-et-de-cloture","7":"product_cat-nouveaux-produits","9":"first","10":"instock","11":"taxable","12":"shipping-taxable","13":"purchasable","14":"product-type-simple"},"acf":[],"yoast_head":"<!-- This site is optimized with the Yoast SEO plugin v27.5 - https:\/\/yoast.com\/product\/yoast-seo-wordpress\/ -->\n<title>PRIVACY SCREEN PVC 40X96&quot; 1\/4&quot; (7mm) BAMBOO - Naturae Decor<\/title>\n<meta name=\"robots\" content=\"index, follow, max-snippet:-1, max-image-preview:large, max-video-preview:-1\" \/>\n<link rel=\"canonical\" href=\"https:\/\/naturaedecor.ca\/fr\/produit\/privacy-screen-pvc-40x96-1-4-7mm-bamboo\/\" \/>\n<meta property=\"og:locale\" content=\"fr_FR\" \/>\n<meta property=\"og:type\" content=\"article\" \/>\n<meta property=\"og:title\" content=\"PRIVACY SCREEN PVC 40X96&quot; 1\/4&quot; (7mm) BAMBOO - Naturae Decor\" \/>\n<meta property=\"og:description\" content=\"Les paravents Naturae Decor sont la solution id\u00e9ale pour votre prochain projet de bricolage. Faciles \u00e0 d\u00e9couper pour s&rsquo;adapter \u00e0 tous les espaces, ils s&rsquo;installent en un clin d&rsquo;\u0153il. Parfaits pour pr\u00e9server votre intimit\u00e9 sur votre terrasse, patio ou balcon. Fabriqu\u00e9s en PVC de haute qualit\u00e9 r\u00e9sistant aux UV, ils sont con\u00e7us pour durer. Une [&hellip;]\" \/>\n<meta property=\"og:url\" content=\"https:\/\/naturaedecor.ca\/fr\/produit\/privacy-screen-pvc-40x96-1-4-7mm-bamboo\/\" \/>\n<meta property=\"og:site_name\" content=\"Naturae Decor\" \/>\n<meta property=\"article:publisher\" content=\"https:\/\/www.facebook.com\/naturaedecor\/\" \/>\n<meta property=\"article:modified_time\" content=\"2026-04-29T14:48:37+00:00\" \/>\n<meta property=\"og:image\" content=\"https:\/\/naturaedecor.ca\/wp-content\/uploads\/2025\/05\/1-SCR7-4096BO-main-1024x1024.jpg\" \/>\n\t<meta property=\"og:image:width\" content=\"1024\" \/>\n\t<meta property=\"og:image:height\" content=\"1024\" \/>\n\t<meta property=\"og:image:type\" content=\"image\/jpeg\" \/>\n<meta name=\"twitter:card\" content=\"summary_large_image\" \/>\n<meta name=\"twitter:site\" content=\"@Naturaedecor\" \/>\n<script type=\"application\/ld+json\" class=\"yoast-schema-graph\">{\"@context\":\"https:\\\/\\\/schema.org\",\"@graph\":[{\"@type\":\"WebPage\",\"@id\":\"https:\\\/\\\/naturaedecor.ca\\\/fr\\\/produit\\\/privacy-screen-pvc-40x96-1-4-7mm-bamboo\\\/\",\"url\":\"https:\\\/\\\/naturaedecor.ca\\\/fr\\\/produit\\\/privacy-screen-pvc-40x96-1-4-7mm-bamboo\\\/\",\"name\":\"PRIVACY SCREEN PVC 40X96\\\" 1\\\/4\\\" (7mm) BAMBOO - Naturae Decor\",\"isPartOf\":{\"@id\":\"https:\\\/\\\/naturaedecor.ca\\\/#website\"},\"primaryImageOfPage\":{\"@id\":\"https:\\\/\\\/naturaedecor.ca\\\/fr\\\/produit\\\/privacy-screen-pvc-40x96-1-4-7mm-bamboo\\\/#primaryimage\"},\"image\":{\"@id\":\"https:\\\/\\\/naturaedecor.ca\\\/fr\\\/produit\\\/privacy-screen-pvc-40x96-1-4-7mm-bamboo\\\/#primaryimage\"},\"thumbnailUrl\":\"https:\\\/\\\/naturaedecor.ca\\\/wp-content\\\/uploads\\\/2025\\\/05\\\/1-SCR7-4096BO-main.jpg\",\"datePublished\":\"2025-05-30T17:42:36+00:00\",\"dateModified\":\"2026-04-29T14:48:37+00:00\",\"breadcrumb\":{\"@id\":\"https:\\\/\\\/naturaedecor.ca\\\/fr\\\/produit\\\/privacy-screen-pvc-40x96-1-4-7mm-bamboo\\\/#breadcrumb\"},\"inLanguage\":\"fr-FR\",\"potentialAction\":[{\"@type\":\"ReadAction\",\"target\":[\"https:\\\/\\\/naturaedecor.ca\\\/fr\\\/produit\\\/privacy-screen-pvc-40x96-1-4-7mm-bamboo\\\/\"]}]},{\"@type\":\"ImageObject\",\"inLanguage\":\"fr-FR\",\"@id\":\"https:\\\/\\\/naturaedecor.ca\\\/fr\\\/produit\\\/privacy-screen-pvc-40x96-1-4-7mm-bamboo\\\/#primaryimage\",\"url\":\"https:\\\/\\\/naturaedecor.ca\\\/wp-content\\\/uploads\\\/2025\\\/05\\\/1-SCR7-4096BO-main.jpg\",\"contentUrl\":\"https:\\\/\\\/naturaedecor.ca\\\/wp-content\\\/uploads\\\/2025\\\/05\\\/1-SCR7-4096BO-main.jpg\",\"width\":2048,\"height\":2048},{\"@type\":\"BreadcrumbList\",\"@id\":\"https:\\\/\\\/naturaedecor.ca\\\/fr\\\/produit\\\/privacy-screen-pvc-40x96-1-4-7mm-bamboo\\\/#breadcrumb\",\"itemListElement\":[{\"@type\":\"ListItem\",\"position\":1,\"name\":\"Home\",\"item\":\"https:\\\/\\\/naturaedecor.ca\\\/\"},{\"@type\":\"ListItem\",\"position\":2,\"name\":\"Shop\",\"item\":\"https:\\\/\\\/naturaedecor.ca\\\/shop\\\/\"},{\"@type\":\"ListItem\",\"position\":3,\"name\":\"PRIVACY SCREEN PVC 40X96&#8243; 1\\\/4&#8243; (7mm) BAMBOO\"}]},{\"@type\":\"WebSite\",\"@id\":\"https:\\\/\\\/naturaedecor.ca\\\/#website\",\"url\":\"https:\\\/\\\/naturaedecor.ca\\\/\",\"name\":\"Naturae Decor\",\"description\":\"Add a feeling of tranquility to your space\",\"publisher\":{\"@id\":\"https:\\\/\\\/naturaedecor.ca\\\/#organization\"},\"potentialAction\":[{\"@type\":\"SearchAction\",\"target\":{\"@type\":\"EntryPoint\",\"urlTemplate\":\"https:\\\/\\\/naturaedecor.ca\\\/?s={search_term_string}\"},\"query-input\":{\"@type\":\"PropertyValueSpecification\",\"valueRequired\":true,\"valueName\":\"search_term_string\"}}],\"inLanguage\":\"fr-FR\"},{\"@type\":\"Organization\",\"@id\":\"https:\\\/\\\/naturaedecor.ca\\\/#organization\",\"name\":\"Naturae Decor\",\"url\":\"https:\\\/\\\/naturaedecor.ca\\\/\",\"logo\":{\"@type\":\"ImageObject\",\"inLanguage\":\"fr-FR\",\"@id\":\"https:\\\/\\\/naturaedecor.ca\\\/#\\\/schema\\\/logo\\\/image\\\/\",\"url\":\"https:\\\/\\\/naturaedecor.ca\\\/wp-content\\\/uploads\\\/2021\\\/07\\\/logo-sticky.png\",\"contentUrl\":\"https:\\\/\\\/naturaedecor.ca\\\/wp-content\\\/uploads\\\/2021\\\/07\\\/logo-sticky.png\",\"width\":248,\"height\":96,\"caption\":\"Naturae Decor\"},\"image\":{\"@id\":\"https:\\\/\\\/naturaedecor.ca\\\/#\\\/schema\\\/logo\\\/image\\\/\"},\"sameAs\":[\"https:\\\/\\\/www.facebook.com\\\/naturaedecor\\\/\",\"https:\\\/\\\/x.com\\\/Naturaedecor\",\"https:\\\/\\\/www.instagram.com\\\/naturaedecor\\\/\",\"https:\\\/\\\/www.pinterest.ca\\\/naturaedecor\\\/\"]}]}<\/script>\n<!-- \/ Yoast SEO plugin. -->","yoast_head_json":{"title":"PRIVACY SCREEN PVC 40X96\" 1\/4\" (7mm) BAMBOO - Naturae Decor","robots":{"index":"index","follow":"follow","max-snippet":"max-snippet:-1","max-image-preview":"max-image-preview:large","max-video-preview":"max-video-preview:-1"},"canonical":"https:\/\/naturaedecor.ca\/fr\/produit\/privacy-screen-pvc-40x96-1-4-7mm-bamboo\/","og_locale":"fr_FR","og_type":"article","og_title":"PRIVACY SCREEN PVC 40X96\" 1\/4\" (7mm) BAMBOO - Naturae Decor","og_description":"Les paravents Naturae Decor sont la solution id\u00e9ale pour votre prochain projet de bricolage. Faciles \u00e0 d\u00e9couper pour s&rsquo;adapter \u00e0 tous les espaces, ils s&rsquo;installent en un clin d&rsquo;\u0153il. Parfaits pour pr\u00e9server votre intimit\u00e9 sur votre terrasse, patio ou balcon. Fabriqu\u00e9s en PVC de haute qualit\u00e9 r\u00e9sistant aux UV, ils sont con\u00e7us pour durer. Une [&hellip;]","og_url":"https:\/\/naturaedecor.ca\/fr\/produit\/privacy-screen-pvc-40x96-1-4-7mm-bamboo\/","og_site_name":"Naturae Decor","article_publisher":"https:\/\/www.facebook.com\/naturaedecor\/","article_modified_time":"2026-04-29T14:48:37+00:00","og_image":[{"width":1024,"height":1024,"url":"https:\/\/naturaedecor.ca\/wp-content\/uploads\/2025\/05\/1-SCR7-4096BO-main-1024x1024.jpg","type":"image\/jpeg"}],"twitter_card":"summary_large_image","twitter_site":"@Naturaedecor","schema":{"@context":"https:\/\/schema.org","@graph":[{"@type":"WebPage","@id":"https:\/\/naturaedecor.ca\/fr\/produit\/privacy-screen-pvc-40x96-1-4-7mm-bamboo\/","url":"https:\/\/naturaedecor.ca\/fr\/produit\/privacy-screen-pvc-40x96-1-4-7mm-bamboo\/","name":"PRIVACY SCREEN PVC 40X96\" 1\/4\" (7mm) BAMBOO - Naturae Decor","isPartOf":{"@id":"https:\/\/naturaedecor.ca\/#website"},"primaryImageOfPage":{"@id":"https:\/\/naturaedecor.ca\/fr\/produit\/privacy-screen-pvc-40x96-1-4-7mm-bamboo\/#primaryimage"},"image":{"@id":"https:\/\/naturaedecor.ca\/fr\/produit\/privacy-screen-pvc-40x96-1-4-7mm-bamboo\/#primaryimage"},"thumbnailUrl":"https:\/\/naturaedecor.ca\/wp-content\/uploads\/2025\/05\/1-SCR7-4096BO-main.jpg","datePublished":"2025-05-30T17:42:36+00:00","dateModified":"2026-04-29T14:48:37+00:00","breadcrumb":{"@id":"https:\/\/naturaedecor.ca\/fr\/produit\/privacy-screen-pvc-40x96-1-4-7mm-bamboo\/#breadcrumb"},"inLanguage":"fr-FR","potentialAction":[{"@type":"ReadAction","target":["https:\/\/naturaedecor.ca\/fr\/produit\/privacy-screen-pvc-40x96-1-4-7mm-bamboo\/"]}]},{"@type":"ImageObject","inLanguage":"fr-FR","@id":"https:\/\/naturaedecor.ca\/fr\/produit\/privacy-screen-pvc-40x96-1-4-7mm-bamboo\/#primaryimage","url":"https:\/\/naturaedecor.ca\/wp-content\/uploads\/2025\/05\/1-SCR7-4096BO-main.jpg","contentUrl":"https:\/\/naturaedecor.ca\/wp-content\/uploads\/2025\/05\/1-SCR7-4096BO-main.jpg","width":2048,"height":2048},{"@type":"BreadcrumbList","@id":"https:\/\/naturaedecor.ca\/fr\/produit\/privacy-screen-pvc-40x96-1-4-7mm-bamboo\/#breadcrumb","itemListElement":[{"@type":"ListItem","position":1,"name":"Home","item":"https:\/\/naturaedecor.ca\/"},{"@type":"ListItem","position":2,"name":"Shop","item":"https:\/\/naturaedecor.ca\/shop\/"},{"@type":"ListItem","position":3,"name":"PRIVACY SCREEN PVC 40X96&#8243; 1\/4&#8243; (7mm) BAMBOO"}]},{"@type":"WebSite","@id":"https:\/\/naturaedecor.ca\/#website","url":"https:\/\/naturaedecor.ca\/","name":"Naturae Decor","description":"Add a feeling of tranquility to your space","publisher":{"@id":"https:\/\/naturaedecor.ca\/#organization"},"potentialAction":[{"@type":"SearchAction","target":{"@type":"EntryPoint","urlTemplate":"https:\/\/naturaedecor.ca\/?s={search_term_string}"},"query-input":{"@type":"PropertyValueSpecification","valueRequired":true,"valueName":"search_term_string"}}],"inLanguage":"fr-FR"},{"@type":"Organization","@id":"https:\/\/naturaedecor.ca\/#organization","name":"Naturae Decor","url":"https:\/\/naturaedecor.ca\/","logo":{"@type":"ImageObject","inLanguage":"fr-FR","@id":"https:\/\/naturaedecor.ca\/#\/schema\/logo\/image\/","url":"https:\/\/naturaedecor.ca\/wp-content\/uploads\/2021\/07\/logo-sticky.png","contentUrl":"https:\/\/naturaedecor.ca\/wp-content\/uploads\/2021\/07\/logo-sticky.png","width":248,"height":96,"caption":"Naturae Decor"},"image":{"@id":"https:\/\/naturaedecor.ca\/#\/schema\/logo\/image\/"},"sameAs":["https:\/\/www.facebook.com\/naturaedecor\/","https:\/\/x.com\/Naturaedecor","https:\/\/www.instagram.com\/naturaedecor\/","https:\/\/www.pinterest.ca\/naturaedecor\/"]}]}},"_links":{"self":[{"href":"https:\/\/naturaedecor.ca\/fr\/wp-json\/wp\/v2\/product\/11069","targetHints":{"allow":["GET"]}}],"collection":[{"href":"https:\/\/naturaedecor.ca\/fr\/wp-json\/wp\/v2\/product"}],"about":[{"href":"https:\/\/naturaedecor.ca\/fr\/wp-json\/wp\/v2\/types\/product"}],"replies":[{"embeddable":true,"href":"https:\/\/naturaedecor.ca\/fr\/wp-json\/wp\/v2\/comments?post=11069"}],"wp:featuredmedia":[{"embeddable":true,"href":"https:\/\/naturaedecor.ca\/fr\/wp-json\/wp\/v2\/media\/10839"}],"wp:attachment":[{"href":"https:\/\/naturaedecor.ca\/fr\/wp-json\/wp\/v2\/media?parent=11069"}],"wp:term":[{"taxonomy":"product_brand","embeddable":true,"href":"https:\/\/naturaedecor.ca\/fr\/wp-json\/wp\/v2\/product_brand?post=11069"},{"taxonomy":"product_cat","embeddable":true,"href":"https:\/\/naturaedecor.ca\/fr\/wp-json\/wp\/v2\/product_cat?post=11069"},{"taxonomy":"product_tag","embeddable":true,"href":"https:\/\/naturaedecor.ca\/fr\/wp-json\/wp\/v2\/product_tag?post=11069"}],"curies":[{"name":"wp","href":"https:\/\/api.w.org\/{rel}","templated":true}]}}