{"id":11084,"date":"2025-05-29T15:22:10","date_gmt":"2025-05-29T19:22:10","guid":{"rendered":"https:\/\/naturaedecor.ca\/product\/round-planter-tall-dark-red-12-x-21\/"},"modified":"2026-03-20T09:53:51","modified_gmt":"2026-03-20T13:53:51","slug":"pot-rond-haut-vert-fonce-12x-21","status":"publish","type":"product","link":"https:\/\/naturaedecor.ca\/fr\/produit\/pot-rond-haut-vert-fonce-12x-21\/","title":{"rendered":"Pot rond haut vert fonce 12&Prime;x 21&Prime;"},"content":{"rendered":"<p>Les pots de fleurs con\u00e7us en injection par Naturae Decor sont Pratiques et Abordables. Ils sont un choix judicieux pour les jardiniers qui appr\u00e9cient la fonctionnalit\u00e9 et le style.<br \/>\nParfaits pour un Usage Quotidien: Dot\u00e9s d&rsquo;un attrait polyvalent. Prix Abordable: Sans compromettre la qualit\u00e9. Fabrication \u00c9coresponsable: Con\u00e7us dans un souci de durabilit\u00e9.<\/p>\n<ul>\n<li>Fabriqu\u00e9 \u00e0 partir de PP recycl\u00e9, ce produit offre une combinaison parfaite de durabilit\u00e9 et d&rsquo;\u00e9co-responsabilit\u00e9.<\/li>\n<li>Fabriqu\u00e9 sans produits chimiques, garantissant un environnement naturel et sain pour vos plantes.<\/li>\n<li>L\u2019injection plastique permet de produire des pots \u00e0 des prix plus comp\u00e9titifs tout en maintenant un haut niveau de qualit\u00e9.<\/li>\n<li>Id\u00e9al pour une utilisation autant \u00e0 l&rsquo;int\u00e9rieur qu&rsquo;\u00e0 ext\u00e9rieur.<\/li>\n<li>Garantie de 1 an incluse.<\/li>\n<li>Peut \u00eatre utilis\u00e9 comme pot standard ou pot d\u00e9coratif, gr\u00e2ce aux trous de drainage pour un entretien optimal des plantes.<\/li>\n<\/ul>\n","protected":false},"excerpt":{"rendered":"<p>Les pots de fleurs con\u00e7us en injection par Naturae Decor sont Pratiques et Abordables. Ils sont un choix judicieux pour les jardiniers qui appr\u00e9cient la fonctionnalit\u00e9 et le style. Parfaits pour un Usage Quotidien: Dot\u00e9s d&rsquo;un attrait polyvalent. Prix Abordable: Sans compromettre la qualit\u00e9. Fabrication \u00c9coresponsable: Con\u00e7us dans un souci de durabilit\u00e9. Fabriqu\u00e9 \u00e0 partir [&hellip;]<\/p>\n","protected":false},"featured_media":10983,"comment_status":"open","ping_status":"closed","template":"","meta":{"_acf_changed":false},"product_brand":[],"product_cat":[152,161],"product_tag":[],"class_list":{"0":"post-11084","1":"product","2":"type-product","3":"status-publish","4":"has-post-thumbnail","6":"product_cat-nouveaux-produits","7":"product_cat-pots","9":"first","10":"instock","11":"taxable","12":"shipping-taxable","13":"purchasable","14":"product-type-variable"},"acf":[],"yoast_head":"<!-- This site is optimized with the Yoast SEO plugin v27.1.1 - https:\/\/yoast.com\/product\/yoast-seo-wordpress\/ -->\n<title>Pot rond haut vert fonce 12&quot;x 21&quot; - Naturae Decor<\/title>\n<meta name=\"robots\" content=\"index, follow, max-snippet:-1, max-image-preview:large, max-video-preview:-1\" \/>\n<link rel=\"canonical\" href=\"https:\/\/naturaedecor.ca\/fr\/produit\/pot-rond-haut-vert-fonce-12x-21\/\" \/>\n<meta property=\"og:locale\" content=\"fr_FR\" \/>\n<meta property=\"og:type\" content=\"article\" \/>\n<meta property=\"og:title\" content=\"Pot rond haut vert fonce 12&quot;x 21&quot; - Naturae Decor\" \/>\n<meta property=\"og:description\" content=\"Les pots de fleurs con\u00e7us en injection par Naturae Decor sont Pratiques et Abordables. Ils sont un choix judicieux pour les jardiniers qui appr\u00e9cient la fonctionnalit\u00e9 et le style. Parfaits pour un Usage Quotidien: Dot\u00e9s d&rsquo;un attrait polyvalent. Prix Abordable: Sans compromettre la qualit\u00e9. Fabrication \u00c9coresponsable: Con\u00e7us dans un souci de durabilit\u00e9. Fabriqu\u00e9 \u00e0 partir [&hellip;]\" \/>\n<meta property=\"og:url\" content=\"https:\/\/naturaedecor.ca\/fr\/produit\/pot-rond-haut-vert-fonce-12x-21\/\" \/>\n<meta property=\"og:site_name\" content=\"Naturae Decor\" \/>\n<meta property=\"article:publisher\" content=\"https:\/\/www.facebook.com\/naturaedecor\/\" \/>\n<meta property=\"article:modified_time\" content=\"2026-03-20T13:53:51+00:00\" \/>\n<meta property=\"og:image\" content=\"https:\/\/naturaedecor.ca\/wp-content\/uploads\/2025\/05\/1-PTI-RD2112-1800-2W-main-1.jpg\" \/>\n\t<meta property=\"og:image:width\" content=\"1000\" \/>\n\t<meta property=\"og:image:height\" content=\"1000\" \/>\n\t<meta property=\"og:image:type\" content=\"image\/jpeg\" \/>\n<meta name=\"twitter:card\" content=\"summary_large_image\" \/>\n<meta name=\"twitter:site\" content=\"@Naturaedecor\" \/>\n<script type=\"application\/ld+json\" class=\"yoast-schema-graph\">{\"@context\":\"https:\/\/schema.org\",\"@graph\":[{\"@type\":\"WebPage\",\"@id\":\"https:\/\/naturaedecor.ca\/fr\/produit\/pot-rond-haut-vert-fonce-12x-21\/\",\"url\":\"https:\/\/naturaedecor.ca\/fr\/produit\/pot-rond-haut-vert-fonce-12x-21\/\",\"name\":\"Pot rond haut vert fonce 12\\\"x 21\\\" - Naturae Decor\",\"isPartOf\":{\"@id\":\"https:\/\/naturaedecor.ca\/#website\"},\"primaryImageOfPage\":{\"@id\":\"https:\/\/naturaedecor.ca\/fr\/produit\/pot-rond-haut-vert-fonce-12x-21\/#primaryimage\"},\"image\":{\"@id\":\"https:\/\/naturaedecor.ca\/fr\/produit\/pot-rond-haut-vert-fonce-12x-21\/#primaryimage\"},\"thumbnailUrl\":\"https:\/\/naturaedecor.ca\/wp-content\/uploads\/2025\/05\/1-PTI-RD2112-1800-2W-main-1.jpg\",\"datePublished\":\"2025-05-29T19:22:10+00:00\",\"dateModified\":\"2026-03-20T13:53:51+00:00\",\"breadcrumb\":{\"@id\":\"https:\/\/naturaedecor.ca\/fr\/produit\/pot-rond-haut-vert-fonce-12x-21\/#breadcrumb\"},\"inLanguage\":\"fr-FR\",\"potentialAction\":[{\"@type\":\"ReadAction\",\"target\":[\"https:\/\/naturaedecor.ca\/fr\/produit\/pot-rond-haut-vert-fonce-12x-21\/\"]}]},{\"@type\":\"ImageObject\",\"inLanguage\":\"fr-FR\",\"@id\":\"https:\/\/naturaedecor.ca\/fr\/produit\/pot-rond-haut-vert-fonce-12x-21\/#primaryimage\",\"url\":\"https:\/\/naturaedecor.ca\/wp-content\/uploads\/2025\/05\/1-PTI-RD2112-1800-2W-main-1.jpg\",\"contentUrl\":\"https:\/\/naturaedecor.ca\/wp-content\/uploads\/2025\/05\/1-PTI-RD2112-1800-2W-main-1.jpg\",\"width\":1000,\"height\":1000},{\"@type\":\"BreadcrumbList\",\"@id\":\"https:\/\/naturaedecor.ca\/fr\/produit\/pot-rond-haut-vert-fonce-12x-21\/#breadcrumb\",\"itemListElement\":[{\"@type\":\"ListItem\",\"position\":1,\"name\":\"Home\",\"item\":\"https:\/\/naturaedecor.ca\/\"},{\"@type\":\"ListItem\",\"position\":2,\"name\":\"Shop\",\"item\":\"https:\/\/naturaedecor.ca\/shop\/\"},{\"@type\":\"ListItem\",\"position\":3,\"name\":\"Pot rond haut vert fonce 12&Prime;x 21&Prime;\"}]},{\"@type\":\"WebSite\",\"@id\":\"https:\/\/naturaedecor.ca\/#website\",\"url\":\"https:\/\/naturaedecor.ca\/\",\"name\":\"Naturae Decor\",\"description\":\"Add a feeling of tranquility to your space\",\"publisher\":{\"@id\":\"https:\/\/naturaedecor.ca\/#organization\"},\"potentialAction\":[{\"@type\":\"SearchAction\",\"target\":{\"@type\":\"EntryPoint\",\"urlTemplate\":\"https:\/\/naturaedecor.ca\/?s={search_term_string}\"},\"query-input\":{\"@type\":\"PropertyValueSpecification\",\"valueRequired\":true,\"valueName\":\"search_term_string\"}}],\"inLanguage\":\"fr-FR\"},{\"@type\":\"Organization\",\"@id\":\"https:\/\/naturaedecor.ca\/#organization\",\"name\":\"Naturae Decor\",\"url\":\"https:\/\/naturaedecor.ca\/\",\"logo\":{\"@type\":\"ImageObject\",\"inLanguage\":\"fr-FR\",\"@id\":\"https:\/\/naturaedecor.ca\/#\/schema\/logo\/image\/\",\"url\":\"https:\/\/naturaedecor.ca\/wp-content\/uploads\/2021\/07\/logo-sticky.png\",\"contentUrl\":\"https:\/\/naturaedecor.ca\/wp-content\/uploads\/2021\/07\/logo-sticky.png\",\"width\":248,\"height\":96,\"caption\":\"Naturae Decor\"},\"image\":{\"@id\":\"https:\/\/naturaedecor.ca\/#\/schema\/logo\/image\/\"},\"sameAs\":[\"https:\/\/www.facebook.com\/naturaedecor\/\",\"https:\/\/x.com\/Naturaedecor\",\"https:\/\/www.instagram.com\/naturaedecor\/\",\"https:\/\/www.pinterest.ca\/naturaedecor\/\"]}]}<\/script>\n<!-- \/ Yoast SEO plugin. -->","yoast_head_json":{"title":"Pot rond haut vert fonce 12\"x 21\" - Naturae Decor","robots":{"index":"index","follow":"follow","max-snippet":"max-snippet:-1","max-image-preview":"max-image-preview:large","max-video-preview":"max-video-preview:-1"},"canonical":"https:\/\/naturaedecor.ca\/fr\/produit\/pot-rond-haut-vert-fonce-12x-21\/","og_locale":"fr_FR","og_type":"article","og_title":"Pot rond haut vert fonce 12\"x 21\" - Naturae Decor","og_description":"Les pots de fleurs con\u00e7us en injection par Naturae Decor sont Pratiques et Abordables. Ils sont un choix judicieux pour les jardiniers qui appr\u00e9cient la fonctionnalit\u00e9 et le style. Parfaits pour un Usage Quotidien: Dot\u00e9s d&rsquo;un attrait polyvalent. Prix Abordable: Sans compromettre la qualit\u00e9. Fabrication \u00c9coresponsable: Con\u00e7us dans un souci de durabilit\u00e9. Fabriqu\u00e9 \u00e0 partir [&hellip;]","og_url":"https:\/\/naturaedecor.ca\/fr\/produit\/pot-rond-haut-vert-fonce-12x-21\/","og_site_name":"Naturae Decor","article_publisher":"https:\/\/www.facebook.com\/naturaedecor\/","article_modified_time":"2026-03-20T13:53:51+00:00","og_image":[{"width":1000,"height":1000,"url":"https:\/\/naturaedecor.ca\/wp-content\/uploads\/2025\/05\/1-PTI-RD2112-1800-2W-main-1.jpg","type":"image\/jpeg"}],"twitter_card":"summary_large_image","twitter_site":"@Naturaedecor","schema":{"@context":"https:\/\/schema.org","@graph":[{"@type":"WebPage","@id":"https:\/\/naturaedecor.ca\/fr\/produit\/pot-rond-haut-vert-fonce-12x-21\/","url":"https:\/\/naturaedecor.ca\/fr\/produit\/pot-rond-haut-vert-fonce-12x-21\/","name":"Pot rond haut vert fonce 12\"x 21\" - Naturae Decor","isPartOf":{"@id":"https:\/\/naturaedecor.ca\/#website"},"primaryImageOfPage":{"@id":"https:\/\/naturaedecor.ca\/fr\/produit\/pot-rond-haut-vert-fonce-12x-21\/#primaryimage"},"image":{"@id":"https:\/\/naturaedecor.ca\/fr\/produit\/pot-rond-haut-vert-fonce-12x-21\/#primaryimage"},"thumbnailUrl":"https:\/\/naturaedecor.ca\/wp-content\/uploads\/2025\/05\/1-PTI-RD2112-1800-2W-main-1.jpg","datePublished":"2025-05-29T19:22:10+00:00","dateModified":"2026-03-20T13:53:51+00:00","breadcrumb":{"@id":"https:\/\/naturaedecor.ca\/fr\/produit\/pot-rond-haut-vert-fonce-12x-21\/#breadcrumb"},"inLanguage":"fr-FR","potentialAction":[{"@type":"ReadAction","target":["https:\/\/naturaedecor.ca\/fr\/produit\/pot-rond-haut-vert-fonce-12x-21\/"]}]},{"@type":"ImageObject","inLanguage":"fr-FR","@id":"https:\/\/naturaedecor.ca\/fr\/produit\/pot-rond-haut-vert-fonce-12x-21\/#primaryimage","url":"https:\/\/naturaedecor.ca\/wp-content\/uploads\/2025\/05\/1-PTI-RD2112-1800-2W-main-1.jpg","contentUrl":"https:\/\/naturaedecor.ca\/wp-content\/uploads\/2025\/05\/1-PTI-RD2112-1800-2W-main-1.jpg","width":1000,"height":1000},{"@type":"BreadcrumbList","@id":"https:\/\/naturaedecor.ca\/fr\/produit\/pot-rond-haut-vert-fonce-12x-21\/#breadcrumb","itemListElement":[{"@type":"ListItem","position":1,"name":"Home","item":"https:\/\/naturaedecor.ca\/"},{"@type":"ListItem","position":2,"name":"Shop","item":"https:\/\/naturaedecor.ca\/shop\/"},{"@type":"ListItem","position":3,"name":"Pot rond haut vert fonce 12&Prime;x 21&Prime;"}]},{"@type":"WebSite","@id":"https:\/\/naturaedecor.ca\/#website","url":"https:\/\/naturaedecor.ca\/","name":"Naturae Decor","description":"Add a feeling of tranquility to your space","publisher":{"@id":"https:\/\/naturaedecor.ca\/#organization"},"potentialAction":[{"@type":"SearchAction","target":{"@type":"EntryPoint","urlTemplate":"https:\/\/naturaedecor.ca\/?s={search_term_string}"},"query-input":{"@type":"PropertyValueSpecification","valueRequired":true,"valueName":"search_term_string"}}],"inLanguage":"fr-FR"},{"@type":"Organization","@id":"https:\/\/naturaedecor.ca\/#organization","name":"Naturae Decor","url":"https:\/\/naturaedecor.ca\/","logo":{"@type":"ImageObject","inLanguage":"fr-FR","@id":"https:\/\/naturaedecor.ca\/#\/schema\/logo\/image\/","url":"https:\/\/naturaedecor.ca\/wp-content\/uploads\/2021\/07\/logo-sticky.png","contentUrl":"https:\/\/naturaedecor.ca\/wp-content\/uploads\/2021\/07\/logo-sticky.png","width":248,"height":96,"caption":"Naturae Decor"},"image":{"@id":"https:\/\/naturaedecor.ca\/#\/schema\/logo\/image\/"},"sameAs":["https:\/\/www.facebook.com\/naturaedecor\/","https:\/\/x.com\/Naturaedecor","https:\/\/www.instagram.com\/naturaedecor\/","https:\/\/www.pinterest.ca\/naturaedecor\/"]}]}},"_links":{"self":[{"href":"https:\/\/naturaedecor.ca\/fr\/wp-json\/wp\/v2\/product\/11084","targetHints":{"allow":["GET"]}}],"collection":[{"href":"https:\/\/naturaedecor.ca\/fr\/wp-json\/wp\/v2\/product"}],"about":[{"href":"https:\/\/naturaedecor.ca\/fr\/wp-json\/wp\/v2\/types\/product"}],"replies":[{"embeddable":true,"href":"https:\/\/naturaedecor.ca\/fr\/wp-json\/wp\/v2\/comments?post=11084"}],"wp:featuredmedia":[{"embeddable":true,"href":"https:\/\/naturaedecor.ca\/fr\/wp-json\/wp\/v2\/media\/10983"}],"wp:attachment":[{"href":"https:\/\/naturaedecor.ca\/fr\/wp-json\/wp\/v2\/media?parent=11084"}],"wp:term":[{"taxonomy":"product_brand","embeddable":true,"href":"https:\/\/naturaedecor.ca\/fr\/wp-json\/wp\/v2\/product_brand?post=11084"},{"taxonomy":"product_cat","embeddable":true,"href":"https:\/\/naturaedecor.ca\/fr\/wp-json\/wp\/v2\/product_cat?post=11084"},{"taxonomy":"product_tag","embeddable":true,"href":"https:\/\/naturaedecor.ca\/fr\/wp-json\/wp\/v2\/product_tag?post=11084"}],"curies":[{"name":"wp","href":"https:\/\/api.w.org\/{rel}","templated":true}]}}