{"id":11236,"date":"2025-06-11T14:19:02","date_gmt":"2025-06-11T18:19:02","guid":{"rendered":"https:\/\/naturaedecor.ca\/?post_type=product&#038;p=11236"},"modified":"2025-06-11T14:19:02","modified_gmt":"2025-06-11T18:19:02","slug":"olivier-naturae-decor-plante-dinterieur-dexterieur-artificielle-realiste-33-po-de-haut","status":"publish","type":"product","link":"https:\/\/naturaedecor.ca\/fr\/produit\/olivier-naturae-decor-plante-dinterieur-dexterieur-artificielle-realiste-33-po-de-haut\/","title":{"rendered":"Olivier Naturae Decor &#8211; Plante d&rsquo;int\u00e9rieur\/d&rsquo;ext\u00e9rieur artificielle r\u00e9aliste &#8211; 33 po de haut"},"content":{"rendered":"<table style=\"height: 326px;\" width=\"470\">\n<tbody>\n<tr>\n<td width=\"219\">Procurez-vous l&rsquo;eucalyptus Naturae Decor pour ajouter de la verdure dans votre demeure. Ces plantes d\u2019allure si r\u00e9aliste d\u00e9gageront des ondes positives partout o\u00f9 vous les placerez.Cr\u00e9er un environnement chaleureux et invitant avec ces plantes artificielles est facile, tout comme leur peu d\u2019entretien. Install\u00e9es dans des pots modernes qui s\u2019adaptent \u00e0 n&rsquo;importe quel d\u00e9cor, nos plantes artificielles sont fabriqu\u00e9es \u00e0 partir de mat\u00e9riaux de haute qualit\u00e9. Elles resteront belles pendant des ann\u00e9es, sans m\u00eame ternir. Peu importe le d\u00e9cor dans laquelle elles se trouvent, ces plantes artificielles injecteront une touche de couleur et de piquant.<\/td>\n<\/tr>\n<\/tbody>\n<\/table>\n<table style=\"height: 136px;\" width=\"467\">\n<tbody>\n<tr>\n<td width=\"219\">\u00a0 \u00a0 \u00a0 \u00a0 \u00a0 \u00a0APPORTEZ DE LA VIE \u00c0 VOTRE ESPACE \u2013 Les plantes artificielles Naturae Decor semblent si r\u00e9elles qu\u2019elles apporteront \u00e0 coup s\u00fbr couleur et chaleur \u00e0 votre pi\u00e8ce pr\u00e9f\u00e9r\u00e9e. Elles sont le moyen id\u00e9al pour cr\u00e9er un environnement serein et \u00e9l\u00e9gant pour promouvoir la sant\u00e9 et le bien-\u00eatre<\/td>\n<\/tr>\n<\/tbody>\n<\/table>\n<table style=\"height: 136px;\" width=\"467\">\n<tbody>\n<tr>\n<td width=\"219\">\u00a0 \u00a0 \u00a0 \u00a0 \u00a0 FEUILLAGE ARTIFICIEL R\u00c9ALISTE &#8211; Vos invit\u00e9s et vous-m\u00eame serez confondus par l\u2019apparence naturelle et r\u00e9aliste de nos plantes artificielles. Elles ont d\u00e9j\u00e0 la taille parfaite et vous n\u2019avez pas besoin de les rempoter, les tailler ou les arroser..<\/td>\n<\/tr>\n<\/tbody>\n<\/table>\n<table style=\"height: 92px;\" width=\"467\">\n<tbody>\n<tr>\n<td width=\"219\">\u00a0 \u00a0 \u00a0 \u00a0 \u00a0GARANTIE \u2013 Les feuilles de notre plante sont d\u00e9coup\u00e9es dans du mat\u00e9riel de haute qualit\u00e9 100 % polyester. Garantie de 2 ans incluse.<\/td>\n<\/tr>\n<\/tbody>\n<\/table>\n<table style=\"height: 93px;\" width=\"465\">\n<tbody>\n<tr>\n<td width=\"219\">\u00a0 \u00a0 \u00a0 \u00a0 PR\u00c9ASSEMBL\u00c9E \u2013 La plante artificielle d\u2019int\u00e9rieure\/d&rsquo;ext\u00e9rieure ne requiert aucun assemblage. Ouvrez tout simplement la bo\u00eete et profitez-en! Le pot \u00a0dans lequella plante est mise est non amovible, mais peut \u00eatre plac\u00e9 \u00e0 l\u2019int\u00e9rieur d\u2019un pot d\u00e9coratif l\u00e9g\u00e8rement plus grand.<\/td>\n<\/tr>\n<\/tbody>\n<\/table>\n<p>&nbsp;<\/p>\n","protected":false},"excerpt":{"rendered":"<p>Procurez-vous l&rsquo;eucalyptus Naturae Decor pour ajouter de la verdure dans votre demeure. Ces plantes d\u2019allure si r\u00e9aliste d\u00e9gageront des ondes positives partout o\u00f9 vous les placerez.Cr\u00e9er un environnement chaleureux et invitant avec ces plantes artificielles est facile, tout comme leur peu d\u2019entretien. Install\u00e9es dans des pots modernes qui s\u2019adaptent \u00e0 n&rsquo;importe quel d\u00e9cor, nos plantes [&hellip;]<\/p>\n","protected":false},"featured_media":10706,"comment_status":"open","ping_status":"closed","template":"","meta":{"_acf_changed":false},"product_brand":[],"product_cat":[152,114,149],"product_tag":[],"class_list":{"0":"post-11236","1":"product","2":"type-product","3":"status-publish","4":"has-post-thumbnail","6":"product_cat-nouveaux-produits","7":"product_cat-plantes-artificielles-en-pot","8":"product_cat-plantes-exterieures","10":"first","11":"instock","12":"taxable","13":"shipping-taxable","14":"purchasable","15":"product-type-simple"},"acf":[],"yoast_head":"<!-- This site is optimized with the Yoast SEO plugin v27.3 - https:\/\/yoast.com\/product\/yoast-seo-wordpress\/ -->\n<title>Olivier Naturae Decor - Plante d&#039;int\u00e9rieur\/d&#039;ext\u00e9rieur artificielle r\u00e9aliste - 33 po de haut - Naturae Decor<\/title>\n<meta name=\"robots\" content=\"index, follow, max-snippet:-1, max-image-preview:large, max-video-preview:-1\" \/>\n<link rel=\"canonical\" href=\"https:\/\/naturaedecor.ca\/fr\/produit\/olivier-naturae-decor-plante-dinterieur-dexterieur-artificielle-realiste-33-po-de-haut\/\" \/>\n<meta property=\"og:locale\" content=\"fr_FR\" \/>\n<meta property=\"og:type\" content=\"article\" \/>\n<meta property=\"og:title\" content=\"Olivier Naturae Decor - Plante d&#039;int\u00e9rieur\/d&#039;ext\u00e9rieur artificielle r\u00e9aliste - 33 po de haut - Naturae Decor\" \/>\n<meta property=\"og:description\" content=\"Procurez-vous l&rsquo;eucalyptus Naturae Decor pour ajouter de la verdure dans votre demeure. Ces plantes d\u2019allure si r\u00e9aliste d\u00e9gageront des ondes positives partout o\u00f9 vous les placerez.Cr\u00e9er un environnement chaleureux et invitant avec ces plantes artificielles est facile, tout comme leur peu d\u2019entretien. Install\u00e9es dans des pots modernes qui s\u2019adaptent \u00e0 n&rsquo;importe quel d\u00e9cor, nos plantes [&hellip;]\" \/>\n<meta property=\"og:url\" content=\"https:\/\/naturaedecor.ca\/fr\/produit\/olivier-naturae-decor-plante-dinterieur-dexterieur-artificielle-realiste-33-po-de-haut\/\" \/>\n<meta property=\"og:site_name\" content=\"Naturae Decor\" \/>\n<meta property=\"article:publisher\" content=\"https:\/\/www.facebook.com\/naturaedecor\/\" \/>\n<meta property=\"og:image\" content=\"https:\/\/naturaedecor.ca\/wp-content\/uploads\/2025\/05\/1-OUT-EUC-33_Main.jpg\" \/>\n\t<meta property=\"og:image:width\" content=\"1000\" \/>\n\t<meta property=\"og:image:height\" content=\"1000\" \/>\n\t<meta property=\"og:image:type\" content=\"image\/jpeg\" \/>\n<meta name=\"twitter:card\" content=\"summary_large_image\" \/>\n<meta name=\"twitter:site\" content=\"@Naturaedecor\" \/>\n<script type=\"application\/ld+json\" class=\"yoast-schema-graph\">{\"@context\":\"https:\\\/\\\/schema.org\",\"@graph\":[{\"@type\":\"WebPage\",\"@id\":\"https:\\\/\\\/naturaedecor.ca\\\/fr\\\/produit\\\/olivier-naturae-decor-plante-dinterieur-dexterieur-artificielle-realiste-33-po-de-haut\\\/\",\"url\":\"https:\\\/\\\/naturaedecor.ca\\\/fr\\\/produit\\\/olivier-naturae-decor-plante-dinterieur-dexterieur-artificielle-realiste-33-po-de-haut\\\/\",\"name\":\"Olivier Naturae Decor - Plante d'int\u00e9rieur\\\/d'ext\u00e9rieur artificielle r\u00e9aliste - 33 po de haut - Naturae Decor\",\"isPartOf\":{\"@id\":\"https:\\\/\\\/naturaedecor.ca\\\/#website\"},\"primaryImageOfPage\":{\"@id\":\"https:\\\/\\\/naturaedecor.ca\\\/fr\\\/produit\\\/olivier-naturae-decor-plante-dinterieur-dexterieur-artificielle-realiste-33-po-de-haut\\\/#primaryimage\"},\"image\":{\"@id\":\"https:\\\/\\\/naturaedecor.ca\\\/fr\\\/produit\\\/olivier-naturae-decor-plante-dinterieur-dexterieur-artificielle-realiste-33-po-de-haut\\\/#primaryimage\"},\"thumbnailUrl\":\"https:\\\/\\\/naturaedecor.ca\\\/wp-content\\\/uploads\\\/2025\\\/05\\\/1-OUT-EUC-33_Main.jpg\",\"datePublished\":\"2025-06-11T18:19:02+00:00\",\"breadcrumb\":{\"@id\":\"https:\\\/\\\/naturaedecor.ca\\\/fr\\\/produit\\\/olivier-naturae-decor-plante-dinterieur-dexterieur-artificielle-realiste-33-po-de-haut\\\/#breadcrumb\"},\"inLanguage\":\"fr-FR\",\"potentialAction\":[{\"@type\":\"ReadAction\",\"target\":[\"https:\\\/\\\/naturaedecor.ca\\\/fr\\\/produit\\\/olivier-naturae-decor-plante-dinterieur-dexterieur-artificielle-realiste-33-po-de-haut\\\/\"]}]},{\"@type\":\"ImageObject\",\"inLanguage\":\"fr-FR\",\"@id\":\"https:\\\/\\\/naturaedecor.ca\\\/fr\\\/produit\\\/olivier-naturae-decor-plante-dinterieur-dexterieur-artificielle-realiste-33-po-de-haut\\\/#primaryimage\",\"url\":\"https:\\\/\\\/naturaedecor.ca\\\/wp-content\\\/uploads\\\/2025\\\/05\\\/1-OUT-EUC-33_Main.jpg\",\"contentUrl\":\"https:\\\/\\\/naturaedecor.ca\\\/wp-content\\\/uploads\\\/2025\\\/05\\\/1-OUT-EUC-33_Main.jpg\",\"width\":1000,\"height\":1000},{\"@type\":\"BreadcrumbList\",\"@id\":\"https:\\\/\\\/naturaedecor.ca\\\/fr\\\/produit\\\/olivier-naturae-decor-plante-dinterieur-dexterieur-artificielle-realiste-33-po-de-haut\\\/#breadcrumb\",\"itemListElement\":[{\"@type\":\"ListItem\",\"position\":1,\"name\":\"Home\",\"item\":\"https:\\\/\\\/naturaedecor.ca\\\/\"},{\"@type\":\"ListItem\",\"position\":2,\"name\":\"Shop\",\"item\":\"https:\\\/\\\/naturaedecor.ca\\\/shop\\\/\"},{\"@type\":\"ListItem\",\"position\":3,\"name\":\"Olivier Naturae Decor &#8211; Plante d&rsquo;int\u00e9rieur\\\/d&rsquo;ext\u00e9rieur artificielle r\u00e9aliste &#8211; 33 po de haut\"}]},{\"@type\":\"WebSite\",\"@id\":\"https:\\\/\\\/naturaedecor.ca\\\/#website\",\"url\":\"https:\\\/\\\/naturaedecor.ca\\\/\",\"name\":\"Naturae Decor\",\"description\":\"Add a feeling of tranquility to your space\",\"publisher\":{\"@id\":\"https:\\\/\\\/naturaedecor.ca\\\/#organization\"},\"potentialAction\":[{\"@type\":\"SearchAction\",\"target\":{\"@type\":\"EntryPoint\",\"urlTemplate\":\"https:\\\/\\\/naturaedecor.ca\\\/?s={search_term_string}\"},\"query-input\":{\"@type\":\"PropertyValueSpecification\",\"valueRequired\":true,\"valueName\":\"search_term_string\"}}],\"inLanguage\":\"fr-FR\"},{\"@type\":\"Organization\",\"@id\":\"https:\\\/\\\/naturaedecor.ca\\\/#organization\",\"name\":\"Naturae Decor\",\"url\":\"https:\\\/\\\/naturaedecor.ca\\\/\",\"logo\":{\"@type\":\"ImageObject\",\"inLanguage\":\"fr-FR\",\"@id\":\"https:\\\/\\\/naturaedecor.ca\\\/#\\\/schema\\\/logo\\\/image\\\/\",\"url\":\"https:\\\/\\\/naturaedecor.ca\\\/wp-content\\\/uploads\\\/2021\\\/07\\\/logo-sticky.png\",\"contentUrl\":\"https:\\\/\\\/naturaedecor.ca\\\/wp-content\\\/uploads\\\/2021\\\/07\\\/logo-sticky.png\",\"width\":248,\"height\":96,\"caption\":\"Naturae Decor\"},\"image\":{\"@id\":\"https:\\\/\\\/naturaedecor.ca\\\/#\\\/schema\\\/logo\\\/image\\\/\"},\"sameAs\":[\"https:\\\/\\\/www.facebook.com\\\/naturaedecor\\\/\",\"https:\\\/\\\/x.com\\\/Naturaedecor\",\"https:\\\/\\\/www.instagram.com\\\/naturaedecor\\\/\",\"https:\\\/\\\/www.pinterest.ca\\\/naturaedecor\\\/\"]}]}<\/script>\n<!-- \/ Yoast SEO plugin. -->","yoast_head_json":{"title":"Olivier Naturae Decor - Plante d'int\u00e9rieur\/d'ext\u00e9rieur artificielle r\u00e9aliste - 33 po de haut - Naturae Decor","robots":{"index":"index","follow":"follow","max-snippet":"max-snippet:-1","max-image-preview":"max-image-preview:large","max-video-preview":"max-video-preview:-1"},"canonical":"https:\/\/naturaedecor.ca\/fr\/produit\/olivier-naturae-decor-plante-dinterieur-dexterieur-artificielle-realiste-33-po-de-haut\/","og_locale":"fr_FR","og_type":"article","og_title":"Olivier Naturae Decor - Plante d'int\u00e9rieur\/d'ext\u00e9rieur artificielle r\u00e9aliste - 33 po de haut - Naturae Decor","og_description":"Procurez-vous l&rsquo;eucalyptus Naturae Decor pour ajouter de la verdure dans votre demeure. Ces plantes d\u2019allure si r\u00e9aliste d\u00e9gageront des ondes positives partout o\u00f9 vous les placerez.Cr\u00e9er un environnement chaleureux et invitant avec ces plantes artificielles est facile, tout comme leur peu d\u2019entretien. Install\u00e9es dans des pots modernes qui s\u2019adaptent \u00e0 n&rsquo;importe quel d\u00e9cor, nos plantes [&hellip;]","og_url":"https:\/\/naturaedecor.ca\/fr\/produit\/olivier-naturae-decor-plante-dinterieur-dexterieur-artificielle-realiste-33-po-de-haut\/","og_site_name":"Naturae Decor","article_publisher":"https:\/\/www.facebook.com\/naturaedecor\/","og_image":[{"width":1000,"height":1000,"url":"https:\/\/naturaedecor.ca\/wp-content\/uploads\/2025\/05\/1-OUT-EUC-33_Main.jpg","type":"image\/jpeg"}],"twitter_card":"summary_large_image","twitter_site":"@Naturaedecor","schema":{"@context":"https:\/\/schema.org","@graph":[{"@type":"WebPage","@id":"https:\/\/naturaedecor.ca\/fr\/produit\/olivier-naturae-decor-plante-dinterieur-dexterieur-artificielle-realiste-33-po-de-haut\/","url":"https:\/\/naturaedecor.ca\/fr\/produit\/olivier-naturae-decor-plante-dinterieur-dexterieur-artificielle-realiste-33-po-de-haut\/","name":"Olivier Naturae Decor - Plante d'int\u00e9rieur\/d'ext\u00e9rieur artificielle r\u00e9aliste - 33 po de haut - Naturae Decor","isPartOf":{"@id":"https:\/\/naturaedecor.ca\/#website"},"primaryImageOfPage":{"@id":"https:\/\/naturaedecor.ca\/fr\/produit\/olivier-naturae-decor-plante-dinterieur-dexterieur-artificielle-realiste-33-po-de-haut\/#primaryimage"},"image":{"@id":"https:\/\/naturaedecor.ca\/fr\/produit\/olivier-naturae-decor-plante-dinterieur-dexterieur-artificielle-realiste-33-po-de-haut\/#primaryimage"},"thumbnailUrl":"https:\/\/naturaedecor.ca\/wp-content\/uploads\/2025\/05\/1-OUT-EUC-33_Main.jpg","datePublished":"2025-06-11T18:19:02+00:00","breadcrumb":{"@id":"https:\/\/naturaedecor.ca\/fr\/produit\/olivier-naturae-decor-plante-dinterieur-dexterieur-artificielle-realiste-33-po-de-haut\/#breadcrumb"},"inLanguage":"fr-FR","potentialAction":[{"@type":"ReadAction","target":["https:\/\/naturaedecor.ca\/fr\/produit\/olivier-naturae-decor-plante-dinterieur-dexterieur-artificielle-realiste-33-po-de-haut\/"]}]},{"@type":"ImageObject","inLanguage":"fr-FR","@id":"https:\/\/naturaedecor.ca\/fr\/produit\/olivier-naturae-decor-plante-dinterieur-dexterieur-artificielle-realiste-33-po-de-haut\/#primaryimage","url":"https:\/\/naturaedecor.ca\/wp-content\/uploads\/2025\/05\/1-OUT-EUC-33_Main.jpg","contentUrl":"https:\/\/naturaedecor.ca\/wp-content\/uploads\/2025\/05\/1-OUT-EUC-33_Main.jpg","width":1000,"height":1000},{"@type":"BreadcrumbList","@id":"https:\/\/naturaedecor.ca\/fr\/produit\/olivier-naturae-decor-plante-dinterieur-dexterieur-artificielle-realiste-33-po-de-haut\/#breadcrumb","itemListElement":[{"@type":"ListItem","position":1,"name":"Home","item":"https:\/\/naturaedecor.ca\/"},{"@type":"ListItem","position":2,"name":"Shop","item":"https:\/\/naturaedecor.ca\/shop\/"},{"@type":"ListItem","position":3,"name":"Olivier Naturae Decor &#8211; Plante d&rsquo;int\u00e9rieur\/d&rsquo;ext\u00e9rieur artificielle r\u00e9aliste &#8211; 33 po de haut"}]},{"@type":"WebSite","@id":"https:\/\/naturaedecor.ca\/#website","url":"https:\/\/naturaedecor.ca\/","name":"Naturae Decor","description":"Add a feeling of tranquility to your space","publisher":{"@id":"https:\/\/naturaedecor.ca\/#organization"},"potentialAction":[{"@type":"SearchAction","target":{"@type":"EntryPoint","urlTemplate":"https:\/\/naturaedecor.ca\/?s={search_term_string}"},"query-input":{"@type":"PropertyValueSpecification","valueRequired":true,"valueName":"search_term_string"}}],"inLanguage":"fr-FR"},{"@type":"Organization","@id":"https:\/\/naturaedecor.ca\/#organization","name":"Naturae Decor","url":"https:\/\/naturaedecor.ca\/","logo":{"@type":"ImageObject","inLanguage":"fr-FR","@id":"https:\/\/naturaedecor.ca\/#\/schema\/logo\/image\/","url":"https:\/\/naturaedecor.ca\/wp-content\/uploads\/2021\/07\/logo-sticky.png","contentUrl":"https:\/\/naturaedecor.ca\/wp-content\/uploads\/2021\/07\/logo-sticky.png","width":248,"height":96,"caption":"Naturae Decor"},"image":{"@id":"https:\/\/naturaedecor.ca\/#\/schema\/logo\/image\/"},"sameAs":["https:\/\/www.facebook.com\/naturaedecor\/","https:\/\/x.com\/Naturaedecor","https:\/\/www.instagram.com\/naturaedecor\/","https:\/\/www.pinterest.ca\/naturaedecor\/"]}]}},"_links":{"self":[{"href":"https:\/\/naturaedecor.ca\/fr\/wp-json\/wp\/v2\/product\/11236","targetHints":{"allow":["GET"]}}],"collection":[{"href":"https:\/\/naturaedecor.ca\/fr\/wp-json\/wp\/v2\/product"}],"about":[{"href":"https:\/\/naturaedecor.ca\/fr\/wp-json\/wp\/v2\/types\/product"}],"replies":[{"embeddable":true,"href":"https:\/\/naturaedecor.ca\/fr\/wp-json\/wp\/v2\/comments?post=11236"}],"wp:featuredmedia":[{"embeddable":true,"href":"https:\/\/naturaedecor.ca\/fr\/wp-json\/wp\/v2\/media\/10706"}],"wp:attachment":[{"href":"https:\/\/naturaedecor.ca\/fr\/wp-json\/wp\/v2\/media?parent=11236"}],"wp:term":[{"taxonomy":"product_brand","embeddable":true,"href":"https:\/\/naturaedecor.ca\/fr\/wp-json\/wp\/v2\/product_brand?post=11236"},{"taxonomy":"product_cat","embeddable":true,"href":"https:\/\/naturaedecor.ca\/fr\/wp-json\/wp\/v2\/product_cat?post=11236"},{"taxonomy":"product_tag","embeddable":true,"href":"https:\/\/naturaedecor.ca\/fr\/wp-json\/wp\/v2\/product_tag?post=11236"}],"curies":[{"name":"wp","href":"https:\/\/api.w.org\/{rel}","templated":true}]}}