{"id":11438,"date":"2025-08-04T15:03:42","date_gmt":"2025-08-04T19:03:42","guid":{"rendered":"https:\/\/naturaedecor.ca\/product\/naturae-decor-artificial-topiary-teckel-dog-brown-with-scarf-artificial-grass-garden-plush-topiary-13-in\/"},"modified":"2025-08-05T14:33:32","modified_gmt":"2025-08-05T18:33:32","slug":"naturae-decor-artificial-topiary-teckel-dog-brown-with-scarf-artificial-grass-garden-plush-topiary-13-in","status":"publish","type":"product","link":"https:\/\/naturaedecor.ca\/fr\/produit\/naturae-decor-artificial-topiary-teckel-dog-brown-with-scarf-artificial-grass-garden-plush-topiary-13-in\/","title":{"rendered":"Topiaire de Jardin Naturae Decor chien saucisse avec fourlard &#8211; topiaire en pelouse artificielle pour jardin- 13 po"},"content":{"rendered":"<table style=\"border-collapse: collapse; width: 347pt;\" width=\"463\">\n<tbody>\n<tr style=\"height: 111.75pt;\">\n<td class=\"xl4321\" style=\"width: 347pt; height: 111.75pt;\" width=\"463\" height=\"149\">Transformez votre espace ext\u00e9rieur en un paradis verdoyant avec notre topiaire de jardin en faux gazon, une fusion parfaite de l&rsquo;esth\u00e9tique classique et de la praticit\u00e9 moderne. Con\u00e7u pour apporter une touche fantaisiste, ce topiaire offre une solution sans tracas pour ajouter une touche d&rsquo;\u00e9l\u00e9gance \u00e0 votre jardin, terrasse ou espace ext\u00e9rieur. \u00c9levez votre exp\u00e9rience de jardinage avec notre topiaire en faux gazon. Cr\u00e9ez une ambiance luxueuse et intemporelle sans compromis sur la commodit\u00e9. Commandez le v\u00f4tre d\u00e8s aujourd&rsquo;hui et donnez vie \u00e0 votre vision d&rsquo;un jardin \u00e9l\u00e9gant et soigneusement entretenu.<\/td>\n<\/tr>\n<\/tbody>\n<\/table>\n<p>&nbsp;<\/p>\n<table style=\"border-collapse: collapse; width: 462px; height: 87px;\" width=\"348\">\n<tbody>\n<tr style=\"height: 111.75pt;\">\n<td class=\"xl4321\" style=\"width: 261pt; height: 111.75pt;\" width=\"348\" height=\"149\">QUALIT\u00c9 SUP\u00c9RIEURE &#8211; Fabriqu\u00e9 avec soin \u00e0 partir de mat\u00e9riaux de haute qualit\u00e9, notre topiaire pr\u00e9sente un aspect r\u00e9aliste et une durabilit\u00e9 exceptionnelle. Il r\u00e9siste aux intemp\u00e9ries, assurant une beaut\u00e9 constante tout au long de l&rsquo;ann\u00e9e.<\/td>\n<\/tr>\n<\/tbody>\n<\/table>\n<table style=\"border-collapse: collapse; width: 460px; height: 91px;\" width=\"269\">\n<tbody>\n<tr style=\"height: 111.75pt;\">\n<td class=\"xl4361\" style=\"width: 202pt; height: 111.75pt;\" width=\"269\" height=\"149\">DESIGN \u00c9LABOR\u00c9 &#8211; La forme artistique de notre topiaire capture l&rsquo;essence du style topiaire traditionnel. Les lignes soigneusement taill\u00e9es et la finition impeccable ajoutent une touche fantaisiste \u00e0 votre espace ext\u00e9rieur.<\/td>\n<\/tr>\n<\/tbody>\n<\/table>\n<table style=\"border-collapse: collapse; width: 462px; height: 61px;\" width=\"297\">\n<tbody>\n<tr style=\"height: 111.75pt;\">\n<td class=\"xl4321\" style=\"width: 223pt; height: 111.75pt;\" width=\"297\" height=\"149\">R\u00c9SISTANT AUX UV &#8211; Prot\u00e9geant contre les effets n\u00e9fastes du soleil, notre topiaire est r\u00e9sistant aux UV. Cette fonctionnalit\u00e9 garantit que la verdure vibrante reste inchang\u00e9e face aux rayons du soleil, assurant une beaut\u00e9 et des couleurs durables. Garantie de 3 ans.<\/td>\n<\/tr>\n<\/tbody>\n<\/table>\n<table style=\"border-collapse: collapse; width: 464px; height: 5px;\" width=\"269\">\n<tbody>\n<tr style=\"height: 111.75pt;\">\n<td class=\"xl4321\" style=\"width: 202pt; height: 111.75pt;\" width=\"269\" height=\"149\">ENTRETIEN FACILE &#8211; Oubliez les tracas li\u00e9s \u00e0 l&rsquo;entretien des plantes. Notre topiaire en faux gazon ne n\u00e9cessite ni arrosage ni taille r\u00e9guli\u00e8re. Profitez simplement de sa beaut\u00e9 sans souci.<\/td>\n<\/tr>\n<\/tbody>\n<\/table>\n<table style=\"border-collapse: collapse; width: 465px; height: 162px;\" width=\"269\">\n<tbody>\n<tr style=\"height: 111.75pt;\">\n<td class=\"xl4321\" style=\"width: 202pt; height: 111.75pt;\" width=\"269\" height=\"149\">POLYVALENCE &#8211; Parfait pour les jardins, les terrasses, les balcons ou m\u00eame les entr\u00e9es, ce topiaire s&rsquo;adapte \u00e0 divers environnements. Il peut \u00e9galement \u00eatre utilis\u00e9 pour d\u00e9limiter des zones ou cr\u00e9er des points focaux attrayants.<\/td>\n<\/tr>\n<\/tbody>\n<\/table>\n<table style=\"border-collapse: collapse; width: 465px; height: 90px;\" width=\"274\">\n<tbody>\n<tr style=\"height: 111.75pt;\">\n<td class=\"xl4361\" style=\"width: 206pt; height: 111.75pt;\" width=\"274\" height=\"149\">AVERTISSEMENT &#8211; Pas destin\u00e9 \u00e0 \u00eatre utilis\u00e9 comme un jouet et ne devrait pas \u00eatre utilis\u00e9 par des personnes de moins de 14 ans. Destin\u00e9 uniquement \u00e0 une utilisation en d\u00e9coration ext\u00e9rieure et ne doit pas \u00eatre utilis\u00e9 comme un meuble.<\/td>\n<\/tr>\n<\/tbody>\n<\/table>\n","protected":false},"excerpt":{"rendered":"<p>Transformez votre espace ext\u00e9rieur en un paradis verdoyant avec notre topiaire de jardin en faux gazon, une fusion parfaite de l&rsquo;esth\u00e9tique classique et de la praticit\u00e9 moderne. Con\u00e7u pour apporter une touche fantaisiste, ce topiaire offre une solution sans tracas pour ajouter une touche d&rsquo;\u00e9l\u00e9gance \u00e0 votre jardin, terrasse ou espace ext\u00e9rieur. \u00c9levez votre exp\u00e9rience [&hellip;]<\/p>\n","protected":false},"featured_media":11403,"comment_status":"open","ping_status":"closed","template":"","meta":{"_acf_changed":false},"product_brand":[],"product_cat":[120,152],"product_tag":[],"class_list":{"0":"post-11438","1":"product","2":"type-product","3":"status-publish","4":"has-post-thumbnail","6":"product_cat-decor-de-jardin","7":"product_cat-nouveaux-produits","9":"first","10":"instock","11":"taxable","12":"shipping-taxable","13":"purchasable","14":"product-type-simple"},"acf":[],"yoast_head":"<!-- This site is optimized with the Yoast SEO plugin v27.3 - https:\/\/yoast.com\/product\/yoast-seo-wordpress\/ -->\n<title>Topiaire de Jardin Naturae Decor chien saucisse avec fourlard - topiaire en pelouse artificielle pour jardin- 13 po - Naturae Decor<\/title>\n<meta name=\"robots\" content=\"index, follow, max-snippet:-1, max-image-preview:large, max-video-preview:-1\" \/>\n<link rel=\"canonical\" href=\"https:\/\/naturaedecor.ca\/fr\/produit\/naturae-decor-artificial-topiary-teckel-dog-brown-with-scarf-artificial-grass-garden-plush-topiary-13-in\/\" \/>\n<meta property=\"og:locale\" content=\"fr_FR\" \/>\n<meta property=\"og:type\" content=\"article\" \/>\n<meta property=\"og:title\" content=\"Topiaire de Jardin Naturae Decor chien saucisse avec fourlard - topiaire en pelouse artificielle pour jardin- 13 po - Naturae Decor\" \/>\n<meta property=\"og:description\" content=\"Transformez votre espace ext\u00e9rieur en un paradis verdoyant avec notre topiaire de jardin en faux gazon, une fusion parfaite de l&rsquo;esth\u00e9tique classique et de la praticit\u00e9 moderne. Con\u00e7u pour apporter une touche fantaisiste, ce topiaire offre une solution sans tracas pour ajouter une touche d&rsquo;\u00e9l\u00e9gance \u00e0 votre jardin, terrasse ou espace ext\u00e9rieur. \u00c9levez votre exp\u00e9rience [&hellip;]\" \/>\n<meta property=\"og:url\" content=\"https:\/\/naturaedecor.ca\/fr\/produit\/naturae-decor-artificial-topiary-teckel-dog-brown-with-scarf-artificial-grass-garden-plush-topiary-13-in\/\" \/>\n<meta property=\"og:site_name\" content=\"Naturae Decor\" \/>\n<meta property=\"article:publisher\" content=\"https:\/\/www.facebook.com\/naturaedecor\/\" \/>\n<meta property=\"article:modified_time\" content=\"2025-08-05T18:33:32+00:00\" \/>\n<meta property=\"og:image\" content=\"https:\/\/naturaedecor.ca\/wp-content\/uploads\/2025\/08\/1-PLS-TCKL-BG13-BOW-main.jpg\" \/>\n\t<meta property=\"og:image:width\" content=\"1620\" \/>\n\t<meta property=\"og:image:height\" content=\"1620\" \/>\n\t<meta property=\"og:image:type\" content=\"image\/jpeg\" \/>\n<meta name=\"twitter:card\" content=\"summary_large_image\" \/>\n<meta name=\"twitter:site\" content=\"@Naturaedecor\" \/>\n<script type=\"application\/ld+json\" class=\"yoast-schema-graph\">{\"@context\":\"https:\\\/\\\/schema.org\",\"@graph\":[{\"@type\":\"WebPage\",\"@id\":\"https:\\\/\\\/naturaedecor.ca\\\/fr\\\/produit\\\/naturae-decor-artificial-topiary-teckel-dog-brown-with-scarf-artificial-grass-garden-plush-topiary-13-in\\\/\",\"url\":\"https:\\\/\\\/naturaedecor.ca\\\/fr\\\/produit\\\/naturae-decor-artificial-topiary-teckel-dog-brown-with-scarf-artificial-grass-garden-plush-topiary-13-in\\\/\",\"name\":\"Topiaire de Jardin Naturae Decor chien saucisse avec fourlard - topiaire en pelouse artificielle pour jardin- 13 po - Naturae Decor\",\"isPartOf\":{\"@id\":\"https:\\\/\\\/naturaedecor.ca\\\/#website\"},\"primaryImageOfPage\":{\"@id\":\"https:\\\/\\\/naturaedecor.ca\\\/fr\\\/produit\\\/naturae-decor-artificial-topiary-teckel-dog-brown-with-scarf-artificial-grass-garden-plush-topiary-13-in\\\/#primaryimage\"},\"image\":{\"@id\":\"https:\\\/\\\/naturaedecor.ca\\\/fr\\\/produit\\\/naturae-decor-artificial-topiary-teckel-dog-brown-with-scarf-artificial-grass-garden-plush-topiary-13-in\\\/#primaryimage\"},\"thumbnailUrl\":\"https:\\\/\\\/naturaedecor.ca\\\/wp-content\\\/uploads\\\/2025\\\/08\\\/1-PLS-TCKL-BG13-BOW-main.jpg\",\"datePublished\":\"2025-08-04T19:03:42+00:00\",\"dateModified\":\"2025-08-05T18:33:32+00:00\",\"breadcrumb\":{\"@id\":\"https:\\\/\\\/naturaedecor.ca\\\/fr\\\/produit\\\/naturae-decor-artificial-topiary-teckel-dog-brown-with-scarf-artificial-grass-garden-plush-topiary-13-in\\\/#breadcrumb\"},\"inLanguage\":\"fr-FR\",\"potentialAction\":[{\"@type\":\"ReadAction\",\"target\":[\"https:\\\/\\\/naturaedecor.ca\\\/fr\\\/produit\\\/naturae-decor-artificial-topiary-teckel-dog-brown-with-scarf-artificial-grass-garden-plush-topiary-13-in\\\/\"]}]},{\"@type\":\"ImageObject\",\"inLanguage\":\"fr-FR\",\"@id\":\"https:\\\/\\\/naturaedecor.ca\\\/fr\\\/produit\\\/naturae-decor-artificial-topiary-teckel-dog-brown-with-scarf-artificial-grass-garden-plush-topiary-13-in\\\/#primaryimage\",\"url\":\"https:\\\/\\\/naturaedecor.ca\\\/wp-content\\\/uploads\\\/2025\\\/08\\\/1-PLS-TCKL-BG13-BOW-main.jpg\",\"contentUrl\":\"https:\\\/\\\/naturaedecor.ca\\\/wp-content\\\/uploads\\\/2025\\\/08\\\/1-PLS-TCKL-BG13-BOW-main.jpg\",\"width\":1620,\"height\":1620},{\"@type\":\"BreadcrumbList\",\"@id\":\"https:\\\/\\\/naturaedecor.ca\\\/fr\\\/produit\\\/naturae-decor-artificial-topiary-teckel-dog-brown-with-scarf-artificial-grass-garden-plush-topiary-13-in\\\/#breadcrumb\",\"itemListElement\":[{\"@type\":\"ListItem\",\"position\":1,\"name\":\"Home\",\"item\":\"https:\\\/\\\/naturaedecor.ca\\\/\"},{\"@type\":\"ListItem\",\"position\":2,\"name\":\"Shop\",\"item\":\"https:\\\/\\\/naturaedecor.ca\\\/shop\\\/\"},{\"@type\":\"ListItem\",\"position\":3,\"name\":\"Topiaire de Jardin Naturae Decor chien saucisse avec fourlard &#8211; topiaire en pelouse artificielle pour jardin- 13 po\"}]},{\"@type\":\"WebSite\",\"@id\":\"https:\\\/\\\/naturaedecor.ca\\\/#website\",\"url\":\"https:\\\/\\\/naturaedecor.ca\\\/\",\"name\":\"Naturae Decor\",\"description\":\"Add a feeling of tranquility to your space\",\"publisher\":{\"@id\":\"https:\\\/\\\/naturaedecor.ca\\\/#organization\"},\"potentialAction\":[{\"@type\":\"SearchAction\",\"target\":{\"@type\":\"EntryPoint\",\"urlTemplate\":\"https:\\\/\\\/naturaedecor.ca\\\/?s={search_term_string}\"},\"query-input\":{\"@type\":\"PropertyValueSpecification\",\"valueRequired\":true,\"valueName\":\"search_term_string\"}}],\"inLanguage\":\"fr-FR\"},{\"@type\":\"Organization\",\"@id\":\"https:\\\/\\\/naturaedecor.ca\\\/#organization\",\"name\":\"Naturae Decor\",\"url\":\"https:\\\/\\\/naturaedecor.ca\\\/\",\"logo\":{\"@type\":\"ImageObject\",\"inLanguage\":\"fr-FR\",\"@id\":\"https:\\\/\\\/naturaedecor.ca\\\/#\\\/schema\\\/logo\\\/image\\\/\",\"url\":\"https:\\\/\\\/naturaedecor.ca\\\/wp-content\\\/uploads\\\/2021\\\/07\\\/logo-sticky.png\",\"contentUrl\":\"https:\\\/\\\/naturaedecor.ca\\\/wp-content\\\/uploads\\\/2021\\\/07\\\/logo-sticky.png\",\"width\":248,\"height\":96,\"caption\":\"Naturae Decor\"},\"image\":{\"@id\":\"https:\\\/\\\/naturaedecor.ca\\\/#\\\/schema\\\/logo\\\/image\\\/\"},\"sameAs\":[\"https:\\\/\\\/www.facebook.com\\\/naturaedecor\\\/\",\"https:\\\/\\\/x.com\\\/Naturaedecor\",\"https:\\\/\\\/www.instagram.com\\\/naturaedecor\\\/\",\"https:\\\/\\\/www.pinterest.ca\\\/naturaedecor\\\/\"]}]}<\/script>\n<!-- \/ Yoast SEO plugin. -->","yoast_head_json":{"title":"Topiaire de Jardin Naturae Decor chien saucisse avec fourlard - topiaire en pelouse artificielle pour jardin- 13 po - Naturae Decor","robots":{"index":"index","follow":"follow","max-snippet":"max-snippet:-1","max-image-preview":"max-image-preview:large","max-video-preview":"max-video-preview:-1"},"canonical":"https:\/\/naturaedecor.ca\/fr\/produit\/naturae-decor-artificial-topiary-teckel-dog-brown-with-scarf-artificial-grass-garden-plush-topiary-13-in\/","og_locale":"fr_FR","og_type":"article","og_title":"Topiaire de Jardin Naturae Decor chien saucisse avec fourlard - topiaire en pelouse artificielle pour jardin- 13 po - Naturae Decor","og_description":"Transformez votre espace ext\u00e9rieur en un paradis verdoyant avec notre topiaire de jardin en faux gazon, une fusion parfaite de l&rsquo;esth\u00e9tique classique et de la praticit\u00e9 moderne. Con\u00e7u pour apporter une touche fantaisiste, ce topiaire offre une solution sans tracas pour ajouter une touche d&rsquo;\u00e9l\u00e9gance \u00e0 votre jardin, terrasse ou espace ext\u00e9rieur. \u00c9levez votre exp\u00e9rience [&hellip;]","og_url":"https:\/\/naturaedecor.ca\/fr\/produit\/naturae-decor-artificial-topiary-teckel-dog-brown-with-scarf-artificial-grass-garden-plush-topiary-13-in\/","og_site_name":"Naturae Decor","article_publisher":"https:\/\/www.facebook.com\/naturaedecor\/","article_modified_time":"2025-08-05T18:33:32+00:00","og_image":[{"width":1620,"height":1620,"url":"https:\/\/naturaedecor.ca\/wp-content\/uploads\/2025\/08\/1-PLS-TCKL-BG13-BOW-main.jpg","type":"image\/jpeg"}],"twitter_card":"summary_large_image","twitter_site":"@Naturaedecor","schema":{"@context":"https:\/\/schema.org","@graph":[{"@type":"WebPage","@id":"https:\/\/naturaedecor.ca\/fr\/produit\/naturae-decor-artificial-topiary-teckel-dog-brown-with-scarf-artificial-grass-garden-plush-topiary-13-in\/","url":"https:\/\/naturaedecor.ca\/fr\/produit\/naturae-decor-artificial-topiary-teckel-dog-brown-with-scarf-artificial-grass-garden-plush-topiary-13-in\/","name":"Topiaire de Jardin Naturae Decor chien saucisse avec fourlard - topiaire en pelouse artificielle pour jardin- 13 po - Naturae Decor","isPartOf":{"@id":"https:\/\/naturaedecor.ca\/#website"},"primaryImageOfPage":{"@id":"https:\/\/naturaedecor.ca\/fr\/produit\/naturae-decor-artificial-topiary-teckel-dog-brown-with-scarf-artificial-grass-garden-plush-topiary-13-in\/#primaryimage"},"image":{"@id":"https:\/\/naturaedecor.ca\/fr\/produit\/naturae-decor-artificial-topiary-teckel-dog-brown-with-scarf-artificial-grass-garden-plush-topiary-13-in\/#primaryimage"},"thumbnailUrl":"https:\/\/naturaedecor.ca\/wp-content\/uploads\/2025\/08\/1-PLS-TCKL-BG13-BOW-main.jpg","datePublished":"2025-08-04T19:03:42+00:00","dateModified":"2025-08-05T18:33:32+00:00","breadcrumb":{"@id":"https:\/\/naturaedecor.ca\/fr\/produit\/naturae-decor-artificial-topiary-teckel-dog-brown-with-scarf-artificial-grass-garden-plush-topiary-13-in\/#breadcrumb"},"inLanguage":"fr-FR","potentialAction":[{"@type":"ReadAction","target":["https:\/\/naturaedecor.ca\/fr\/produit\/naturae-decor-artificial-topiary-teckel-dog-brown-with-scarf-artificial-grass-garden-plush-topiary-13-in\/"]}]},{"@type":"ImageObject","inLanguage":"fr-FR","@id":"https:\/\/naturaedecor.ca\/fr\/produit\/naturae-decor-artificial-topiary-teckel-dog-brown-with-scarf-artificial-grass-garden-plush-topiary-13-in\/#primaryimage","url":"https:\/\/naturaedecor.ca\/wp-content\/uploads\/2025\/08\/1-PLS-TCKL-BG13-BOW-main.jpg","contentUrl":"https:\/\/naturaedecor.ca\/wp-content\/uploads\/2025\/08\/1-PLS-TCKL-BG13-BOW-main.jpg","width":1620,"height":1620},{"@type":"BreadcrumbList","@id":"https:\/\/naturaedecor.ca\/fr\/produit\/naturae-decor-artificial-topiary-teckel-dog-brown-with-scarf-artificial-grass-garden-plush-topiary-13-in\/#breadcrumb","itemListElement":[{"@type":"ListItem","position":1,"name":"Home","item":"https:\/\/naturaedecor.ca\/"},{"@type":"ListItem","position":2,"name":"Shop","item":"https:\/\/naturaedecor.ca\/shop\/"},{"@type":"ListItem","position":3,"name":"Topiaire de Jardin Naturae Decor chien saucisse avec fourlard &#8211; topiaire en pelouse artificielle pour jardin- 13 po"}]},{"@type":"WebSite","@id":"https:\/\/naturaedecor.ca\/#website","url":"https:\/\/naturaedecor.ca\/","name":"Naturae Decor","description":"Add a feeling of tranquility to your space","publisher":{"@id":"https:\/\/naturaedecor.ca\/#organization"},"potentialAction":[{"@type":"SearchAction","target":{"@type":"EntryPoint","urlTemplate":"https:\/\/naturaedecor.ca\/?s={search_term_string}"},"query-input":{"@type":"PropertyValueSpecification","valueRequired":true,"valueName":"search_term_string"}}],"inLanguage":"fr-FR"},{"@type":"Organization","@id":"https:\/\/naturaedecor.ca\/#organization","name":"Naturae Decor","url":"https:\/\/naturaedecor.ca\/","logo":{"@type":"ImageObject","inLanguage":"fr-FR","@id":"https:\/\/naturaedecor.ca\/#\/schema\/logo\/image\/","url":"https:\/\/naturaedecor.ca\/wp-content\/uploads\/2021\/07\/logo-sticky.png","contentUrl":"https:\/\/naturaedecor.ca\/wp-content\/uploads\/2021\/07\/logo-sticky.png","width":248,"height":96,"caption":"Naturae Decor"},"image":{"@id":"https:\/\/naturaedecor.ca\/#\/schema\/logo\/image\/"},"sameAs":["https:\/\/www.facebook.com\/naturaedecor\/","https:\/\/x.com\/Naturaedecor","https:\/\/www.instagram.com\/naturaedecor\/","https:\/\/www.pinterest.ca\/naturaedecor\/"]}]}},"_links":{"self":[{"href":"https:\/\/naturaedecor.ca\/fr\/wp-json\/wp\/v2\/product\/11438","targetHints":{"allow":["GET"]}}],"collection":[{"href":"https:\/\/naturaedecor.ca\/fr\/wp-json\/wp\/v2\/product"}],"about":[{"href":"https:\/\/naturaedecor.ca\/fr\/wp-json\/wp\/v2\/types\/product"}],"replies":[{"embeddable":true,"href":"https:\/\/naturaedecor.ca\/fr\/wp-json\/wp\/v2\/comments?post=11438"}],"wp:featuredmedia":[{"embeddable":true,"href":"https:\/\/naturaedecor.ca\/fr\/wp-json\/wp\/v2\/media\/11403"}],"wp:attachment":[{"href":"https:\/\/naturaedecor.ca\/fr\/wp-json\/wp\/v2\/media?parent=11438"}],"wp:term":[{"taxonomy":"product_brand","embeddable":true,"href":"https:\/\/naturaedecor.ca\/fr\/wp-json\/wp\/v2\/product_brand?post=11438"},{"taxonomy":"product_cat","embeddable":true,"href":"https:\/\/naturaedecor.ca\/fr\/wp-json\/wp\/v2\/product_cat?post=11438"},{"taxonomy":"product_tag","embeddable":true,"href":"https:\/\/naturaedecor.ca\/fr\/wp-json\/wp\/v2\/product_tag?post=11438"}],"curies":[{"name":"wp","href":"https:\/\/api.w.org\/{rel}","templated":true}]}}