{"id":11772,"date":"2026-02-23T20:27:10","date_gmt":"2026-02-24T01:27:10","guid":{"rendered":"https:\/\/naturaedecor.ca\/?post_type=product&#038;p=11772"},"modified":"2026-02-23T20:32:13","modified_gmt":"2026-02-24T01:32:13","slug":"treillis-de-saule-extensible-36x72-po-avec-roses-blanches","status":"publish","type":"product","link":"https:\/\/naturaedecor.ca\/fr\/produit\/treillis-de-saule-extensible-36x72-po-avec-roses-blanches\/","title":{"rendered":"Treillis de saule extensible 36&#215;72 po  avec roses blanches"},"content":{"rendered":"<p>Transformez instantan\u00e9ment votre espace ext\u00e9rieur avec le Treillis de saule extensible Naturae Decor avec feuilles de ficus r\u00e9alistes. Con\u00e7u pour offrir intimit\u00e9 et style, cet \u00e9cran d\u00e9coratif cr\u00e9e une barri\u00e8re naturelle \u00e9l\u00e9gante sur les balcons, terrasses, cl\u00f4tures ou patios. Sa structure extensible robuste et flexible s\u2019adapte facilement \u00e0 diff\u00e9rents espaces, tout en conservant un aspect dense et verdoyant. Durable et con\u00e7u pour l\u2019ext\u00e9rieur, il procure une solution d\u2019intimit\u00e9 sans entretien, parfaite pour rehausser votre am\u00e9nagement paysager avec une touche moderne et naturelle.<\/p>\n<ul>\n<li>DE L\u2019INTIMIT\u00c9 POUR VOTRE ESPACE &#8211; Les \u00e9crans d&rsquo;intimit\u00e9 Naturae Decor sont le moyen id\u00e9al pour cr\u00e9er un environnement serein et vous abriter des regards indiscrets sur votre terrasse, patio ou balcon.<\/li>\n<li>TREILLIS EXTENSIBLE &#8211; \u00c9tirez tout simplement le treillis selon la taille et la densit\u00e9 recherch\u00e9es. La dimension optimale est de 36 po x 72 po, mais le treillis peut couvrir un maximum de 18 po x 90 po. Facile \u00e0 installer, il apportera intimit\u00e9 et beaut\u00e9 \u00e0 tous vos projets, quelle que soit leur envergure. .<\/li>\n<li>R\u00c9SISTANT AUX UV &#8211; Les feuilles de nos \u00e9crans d\u2019intimit\u00e9 sont faites de poly\u00e9thyl\u00e8ne de haute qualit\u00e9. Elles r\u00e9sistent aux rayons UV et donc \u00e0 la d\u00e9coloration, en plus d\u2019\u00eatre faciles \u00e0 nettoyer. Du style et de l\u2019intimit\u00e9 pour un minimum d\u2019entretien.<\/li>\n<li>FEUILLAGE ARTIFICIEL R\u00c9ALISTE &#8211; Con\u00e7u pour r\u00e9sister aux saisons et apporter style et intimit\u00e9 \u00e0 votre espace ext\u00e9rieur tout au long de l\u2019ann\u00e9e. Garantie de 2 ans incluse.<\/li>\n<li>MAT\u00c9RIAUX L\u00c9GERS &#8211; Nos treillis extensibles sont faits de saule, les rendant ainsi l\u00e9gers sans toutefois compromettre leur r\u00f4le premier : ces \u00e9crans d\u2019intimit\u00e9 pour votre patio demeureront droits et en place. Inclus un treillis extensible et les attaches pour l\u2019installer.<\/li>\n<\/ul>\n","protected":false},"excerpt":{"rendered":"<p>Naturae Decor Treillis de saule extensible Naturae Decor &#8211; \u00c9cran d&rsquo;intimit\u00e9 ext\u00e9rieur &#8211; Robuste et flexible &#8211; Aspect r\u00e9aliste &#8211; 36 po x 72 po &#8211; Feuilles de Roses blanches<\/p>\n","protected":false},"featured_media":11706,"comment_status":"open","ping_status":"closed","template":"","meta":{"_acf_changed":false},"product_brand":[],"product_cat":[152,118],"product_tag":[],"class_list":{"0":"post-11772","1":"product","2":"type-product","3":"status-publish","4":"has-post-thumbnail","6":"product_cat-nouveaux-produits","7":"product_cat-treillis-extensible","9":"first","10":"instock","11":"taxable","12":"shipping-taxable","13":"purchasable","14":"product-type-simple"},"acf":[],"yoast_head":"<!-- This site is optimized with the Yoast SEO plugin v27.1.1 - https:\/\/yoast.com\/product\/yoast-seo-wordpress\/ -->\n<title>Treillis de saule extensible 36x72 po avec roses blanches - Naturae Decor<\/title>\n<meta name=\"robots\" content=\"index, follow, max-snippet:-1, max-image-preview:large, max-video-preview:-1\" \/>\n<link rel=\"canonical\" href=\"https:\/\/naturaedecor.ca\/fr\/produit\/treillis-de-saule-extensible-36x72-po-avec-roses-blanches\/\" \/>\n<meta property=\"og:locale\" content=\"fr_FR\" \/>\n<meta property=\"og:type\" content=\"article\" \/>\n<meta property=\"og:title\" content=\"Treillis de saule extensible 36x72 po avec roses blanches - Naturae Decor\" \/>\n<meta property=\"og:description\" content=\"Naturae Decor Treillis de saule extensible Naturae Decor - \u00c9cran d&#039;intimit\u00e9 ext\u00e9rieur - Robuste et flexible - Aspect r\u00e9aliste - 36 po x 72 po - Feuilles de Roses blanches\" \/>\n<meta property=\"og:url\" content=\"https:\/\/naturaedecor.ca\/fr\/produit\/treillis-de-saule-extensible-36x72-po-avec-roses-blanches\/\" \/>\n<meta property=\"og:site_name\" content=\"Naturae Decor\" \/>\n<meta property=\"article:publisher\" content=\"https:\/\/www.facebook.com\/naturaedecor\/\" \/>\n<meta property=\"article:modified_time\" content=\"2026-02-24T01:32:13+00:00\" \/>\n<meta property=\"og:image\" content=\"https:\/\/naturaedecor.ca\/wp-content\/uploads\/2026\/02\/1_TRD3672-3100W.jpg\" \/>\n\t<meta property=\"og:image:width\" content=\"1000\" \/>\n\t<meta property=\"og:image:height\" content=\"1000\" \/>\n\t<meta property=\"og:image:type\" content=\"image\/jpeg\" \/>\n<meta name=\"twitter:card\" content=\"summary_large_image\" \/>\n<meta name=\"twitter:site\" content=\"@Naturaedecor\" \/>\n<script type=\"application\/ld+json\" class=\"yoast-schema-graph\">{\"@context\":\"https:\/\/schema.org\",\"@graph\":[{\"@type\":\"WebPage\",\"@id\":\"https:\/\/naturaedecor.ca\/fr\/produit\/treillis-de-saule-extensible-36x72-po-avec-roses-blanches\/\",\"url\":\"https:\/\/naturaedecor.ca\/fr\/produit\/treillis-de-saule-extensible-36x72-po-avec-roses-blanches\/\",\"name\":\"Treillis de saule extensible 36x72 po avec roses blanches - Naturae Decor\",\"isPartOf\":{\"@id\":\"https:\/\/naturaedecor.ca\/#website\"},\"primaryImageOfPage\":{\"@id\":\"https:\/\/naturaedecor.ca\/fr\/produit\/treillis-de-saule-extensible-36x72-po-avec-roses-blanches\/#primaryimage\"},\"image\":{\"@id\":\"https:\/\/naturaedecor.ca\/fr\/produit\/treillis-de-saule-extensible-36x72-po-avec-roses-blanches\/#primaryimage\"},\"thumbnailUrl\":\"https:\/\/naturaedecor.ca\/wp-content\/uploads\/2026\/02\/1_TRD3672-3100W.jpg\",\"datePublished\":\"2026-02-24T01:27:10+00:00\",\"dateModified\":\"2026-02-24T01:32:13+00:00\",\"breadcrumb\":{\"@id\":\"https:\/\/naturaedecor.ca\/fr\/produit\/treillis-de-saule-extensible-36x72-po-avec-roses-blanches\/#breadcrumb\"},\"inLanguage\":\"fr-FR\",\"potentialAction\":[{\"@type\":\"ReadAction\",\"target\":[\"https:\/\/naturaedecor.ca\/fr\/produit\/treillis-de-saule-extensible-36x72-po-avec-roses-blanches\/\"]}]},{\"@type\":\"ImageObject\",\"inLanguage\":\"fr-FR\",\"@id\":\"https:\/\/naturaedecor.ca\/fr\/produit\/treillis-de-saule-extensible-36x72-po-avec-roses-blanches\/#primaryimage\",\"url\":\"https:\/\/naturaedecor.ca\/wp-content\/uploads\/2026\/02\/1_TRD3672-3100W.jpg\",\"contentUrl\":\"https:\/\/naturaedecor.ca\/wp-content\/uploads\/2026\/02\/1_TRD3672-3100W.jpg\",\"width\":1000,\"height\":1000},{\"@type\":\"BreadcrumbList\",\"@id\":\"https:\/\/naturaedecor.ca\/fr\/produit\/treillis-de-saule-extensible-36x72-po-avec-roses-blanches\/#breadcrumb\",\"itemListElement\":[{\"@type\":\"ListItem\",\"position\":1,\"name\":\"Home\",\"item\":\"https:\/\/naturaedecor.ca\/\"},{\"@type\":\"ListItem\",\"position\":2,\"name\":\"Shop\",\"item\":\"https:\/\/naturaedecor.ca\/shop\/\"},{\"@type\":\"ListItem\",\"position\":3,\"name\":\"Treillis de saule extensible 36&#215;72 po avec roses blanches\"}]},{\"@type\":\"WebSite\",\"@id\":\"https:\/\/naturaedecor.ca\/#website\",\"url\":\"https:\/\/naturaedecor.ca\/\",\"name\":\"Naturae Decor\",\"description\":\"Add a feeling of tranquility to your space\",\"publisher\":{\"@id\":\"https:\/\/naturaedecor.ca\/#organization\"},\"potentialAction\":[{\"@type\":\"SearchAction\",\"target\":{\"@type\":\"EntryPoint\",\"urlTemplate\":\"https:\/\/naturaedecor.ca\/?s={search_term_string}\"},\"query-input\":{\"@type\":\"PropertyValueSpecification\",\"valueRequired\":true,\"valueName\":\"search_term_string\"}}],\"inLanguage\":\"fr-FR\"},{\"@type\":\"Organization\",\"@id\":\"https:\/\/naturaedecor.ca\/#organization\",\"name\":\"Naturae Decor\",\"url\":\"https:\/\/naturaedecor.ca\/\",\"logo\":{\"@type\":\"ImageObject\",\"inLanguage\":\"fr-FR\",\"@id\":\"https:\/\/naturaedecor.ca\/#\/schema\/logo\/image\/\",\"url\":\"https:\/\/naturaedecor.ca\/wp-content\/uploads\/2021\/07\/logo-sticky.png\",\"contentUrl\":\"https:\/\/naturaedecor.ca\/wp-content\/uploads\/2021\/07\/logo-sticky.png\",\"width\":248,\"height\":96,\"caption\":\"Naturae Decor\"},\"image\":{\"@id\":\"https:\/\/naturaedecor.ca\/#\/schema\/logo\/image\/\"},\"sameAs\":[\"https:\/\/www.facebook.com\/naturaedecor\/\",\"https:\/\/x.com\/Naturaedecor\",\"https:\/\/www.instagram.com\/naturaedecor\/\",\"https:\/\/www.pinterest.ca\/naturaedecor\/\"]}]}<\/script>\n<!-- \/ Yoast SEO plugin. -->","yoast_head_json":{"title":"Treillis de saule extensible 36x72 po avec roses blanches - Naturae Decor","robots":{"index":"index","follow":"follow","max-snippet":"max-snippet:-1","max-image-preview":"max-image-preview:large","max-video-preview":"max-video-preview:-1"},"canonical":"https:\/\/naturaedecor.ca\/fr\/produit\/treillis-de-saule-extensible-36x72-po-avec-roses-blanches\/","og_locale":"fr_FR","og_type":"article","og_title":"Treillis de saule extensible 36x72 po avec roses blanches - Naturae Decor","og_description":"Naturae Decor Treillis de saule extensible Naturae Decor - \u00c9cran d'intimit\u00e9 ext\u00e9rieur - Robuste et flexible - Aspect r\u00e9aliste - 36 po x 72 po - Feuilles de Roses blanches","og_url":"https:\/\/naturaedecor.ca\/fr\/produit\/treillis-de-saule-extensible-36x72-po-avec-roses-blanches\/","og_site_name":"Naturae Decor","article_publisher":"https:\/\/www.facebook.com\/naturaedecor\/","article_modified_time":"2026-02-24T01:32:13+00:00","og_image":[{"width":1000,"height":1000,"url":"https:\/\/naturaedecor.ca\/wp-content\/uploads\/2026\/02\/1_TRD3672-3100W.jpg","type":"image\/jpeg"}],"twitter_card":"summary_large_image","twitter_site":"@Naturaedecor","schema":{"@context":"https:\/\/schema.org","@graph":[{"@type":"WebPage","@id":"https:\/\/naturaedecor.ca\/fr\/produit\/treillis-de-saule-extensible-36x72-po-avec-roses-blanches\/","url":"https:\/\/naturaedecor.ca\/fr\/produit\/treillis-de-saule-extensible-36x72-po-avec-roses-blanches\/","name":"Treillis de saule extensible 36x72 po avec roses blanches - Naturae Decor","isPartOf":{"@id":"https:\/\/naturaedecor.ca\/#website"},"primaryImageOfPage":{"@id":"https:\/\/naturaedecor.ca\/fr\/produit\/treillis-de-saule-extensible-36x72-po-avec-roses-blanches\/#primaryimage"},"image":{"@id":"https:\/\/naturaedecor.ca\/fr\/produit\/treillis-de-saule-extensible-36x72-po-avec-roses-blanches\/#primaryimage"},"thumbnailUrl":"https:\/\/naturaedecor.ca\/wp-content\/uploads\/2026\/02\/1_TRD3672-3100W.jpg","datePublished":"2026-02-24T01:27:10+00:00","dateModified":"2026-02-24T01:32:13+00:00","breadcrumb":{"@id":"https:\/\/naturaedecor.ca\/fr\/produit\/treillis-de-saule-extensible-36x72-po-avec-roses-blanches\/#breadcrumb"},"inLanguage":"fr-FR","potentialAction":[{"@type":"ReadAction","target":["https:\/\/naturaedecor.ca\/fr\/produit\/treillis-de-saule-extensible-36x72-po-avec-roses-blanches\/"]}]},{"@type":"ImageObject","inLanguage":"fr-FR","@id":"https:\/\/naturaedecor.ca\/fr\/produit\/treillis-de-saule-extensible-36x72-po-avec-roses-blanches\/#primaryimage","url":"https:\/\/naturaedecor.ca\/wp-content\/uploads\/2026\/02\/1_TRD3672-3100W.jpg","contentUrl":"https:\/\/naturaedecor.ca\/wp-content\/uploads\/2026\/02\/1_TRD3672-3100W.jpg","width":1000,"height":1000},{"@type":"BreadcrumbList","@id":"https:\/\/naturaedecor.ca\/fr\/produit\/treillis-de-saule-extensible-36x72-po-avec-roses-blanches\/#breadcrumb","itemListElement":[{"@type":"ListItem","position":1,"name":"Home","item":"https:\/\/naturaedecor.ca\/"},{"@type":"ListItem","position":2,"name":"Shop","item":"https:\/\/naturaedecor.ca\/shop\/"},{"@type":"ListItem","position":3,"name":"Treillis de saule extensible 36&#215;72 po avec roses blanches"}]},{"@type":"WebSite","@id":"https:\/\/naturaedecor.ca\/#website","url":"https:\/\/naturaedecor.ca\/","name":"Naturae Decor","description":"Add a feeling of tranquility to your space","publisher":{"@id":"https:\/\/naturaedecor.ca\/#organization"},"potentialAction":[{"@type":"SearchAction","target":{"@type":"EntryPoint","urlTemplate":"https:\/\/naturaedecor.ca\/?s={search_term_string}"},"query-input":{"@type":"PropertyValueSpecification","valueRequired":true,"valueName":"search_term_string"}}],"inLanguage":"fr-FR"},{"@type":"Organization","@id":"https:\/\/naturaedecor.ca\/#organization","name":"Naturae Decor","url":"https:\/\/naturaedecor.ca\/","logo":{"@type":"ImageObject","inLanguage":"fr-FR","@id":"https:\/\/naturaedecor.ca\/#\/schema\/logo\/image\/","url":"https:\/\/naturaedecor.ca\/wp-content\/uploads\/2021\/07\/logo-sticky.png","contentUrl":"https:\/\/naturaedecor.ca\/wp-content\/uploads\/2021\/07\/logo-sticky.png","width":248,"height":96,"caption":"Naturae Decor"},"image":{"@id":"https:\/\/naturaedecor.ca\/#\/schema\/logo\/image\/"},"sameAs":["https:\/\/www.facebook.com\/naturaedecor\/","https:\/\/x.com\/Naturaedecor","https:\/\/www.instagram.com\/naturaedecor\/","https:\/\/www.pinterest.ca\/naturaedecor\/"]}]}},"_links":{"self":[{"href":"https:\/\/naturaedecor.ca\/fr\/wp-json\/wp\/v2\/product\/11772","targetHints":{"allow":["GET"]}}],"collection":[{"href":"https:\/\/naturaedecor.ca\/fr\/wp-json\/wp\/v2\/product"}],"about":[{"href":"https:\/\/naturaedecor.ca\/fr\/wp-json\/wp\/v2\/types\/product"}],"replies":[{"embeddable":true,"href":"https:\/\/naturaedecor.ca\/fr\/wp-json\/wp\/v2\/comments?post=11772"}],"wp:featuredmedia":[{"embeddable":true,"href":"https:\/\/naturaedecor.ca\/fr\/wp-json\/wp\/v2\/media\/11706"}],"wp:attachment":[{"href":"https:\/\/naturaedecor.ca\/fr\/wp-json\/wp\/v2\/media?parent=11772"}],"wp:term":[{"taxonomy":"product_brand","embeddable":true,"href":"https:\/\/naturaedecor.ca\/fr\/wp-json\/wp\/v2\/product_brand?post=11772"},{"taxonomy":"product_cat","embeddable":true,"href":"https:\/\/naturaedecor.ca\/fr\/wp-json\/wp\/v2\/product_cat?post=11772"},{"taxonomy":"product_tag","embeddable":true,"href":"https:\/\/naturaedecor.ca\/fr\/wp-json\/wp\/v2\/product_tag?post=11772"}],"curies":[{"name":"wp","href":"https:\/\/api.w.org\/{rel}","templated":true}]}}