{"id":11779,"date":"2026-02-23T21:21:50","date_gmt":"2026-02-24T02:21:50","guid":{"rendered":"https:\/\/naturaedecor.ca\/?post_type=product&#038;p=11779"},"modified":"2026-02-23T21:21:50","modified_gmt":"2026-02-24T02:21:50","slug":"graminee-artificielle-interieur-exterieur-36-po","status":"publish","type":"product","link":"https:\/\/naturaedecor.ca\/fr\/produit\/graminee-artificielle-interieur-exterieur-36-po\/","title":{"rendered":"Gramin\u00e9e artificielle Int\u00e9rieur\/Ext\u00e9rieur 36 po"},"content":{"rendered":"<p>Apportez une touche de verdure durable \u00e0 votre int\u00e9rieur ou espace ext\u00e9rieur avec la plante gramin\u00e9e artificielle Naturae Decor de 36 po de haut. Son feuillage r\u00e9aliste et ses mat\u00e9riaux r\u00e9sistants aux intemp\u00e9ries et aux UV conservent une apparence vibrante toute l\u2019ann\u00e9e, sans arrosage ni entretien. Pr\u00e9assembl\u00e9e et pr\u00eate \u00e0 l\u2019emploi, cette plante \u00e9l\u00e9gante apporte une ambiance fra\u00eeche et accueillante \u00e0 vos patios, balcons, salons ou entr\u00e9es.<\/p>\n<ul>\n<li>Parfaite pour ajouter de la verdure et du style \u00e0 vos espaces int\u00e9rieurs et ext\u00e9rieurs, cette plante gramin\u00e9e artificielle rehausse patios, balcons, salons et entr\u00e9es avec un aspect botanique r\u00e9aliste.<\/li>\n<li>Pr\u00eate \u00e0 installer d\u00e8s la r\u00e9ception. Il suffit de la placer dans l\u2019espace d\u00e9sir\u00e9 ou dans un pot d\u00e9coratif de votre choix afin d\u2019harmoniser parfaitement votre d\u00e9cor. Aucun assemblage complexe requis.<\/li>\n<li>Feuillage d\u2019aspect r\u00e9aliste avec technologie Fadeguard offrant une r\u00e9sistance accrue aux UV et une conservation prolong\u00e9e des couleurs.<\/li>\n<li>Comprend une plante gramin\u00e9e artificielle Naturae Decor de 36 po de haut, avec pot non amovible (peut \u00eatre plac\u00e9 dans un pot d\u00e9coratif plus grand).<\/li>\n<li>Garantie limit\u00e9e de 7 ans Fadeguard.<\/li>\n<\/ul>\n","protected":false},"excerpt":{"rendered":"<p>Plante gramin\u00e9es avec feuilles Naturae Decor &#8211; Plante d&rsquo;int\u00e9rieur et d&rsquo;ext\u00e9rieur artificielle r\u00e9aliste &#8211; R\u00e9sistante aux UV &#8211; 36 po de haut<\/p>\n","protected":false},"featured_media":11647,"comment_status":"open","ping_status":"closed","template":"","meta":{"_acf_changed":false},"product_brand":[],"product_cat":[152,114,149],"product_tag":[],"class_list":{"0":"post-11779","1":"product","2":"type-product","3":"status-publish","4":"has-post-thumbnail","6":"product_cat-nouveaux-produits","7":"product_cat-plantes-artificielles-en-pot","8":"product_cat-plantes-exterieures","10":"first","11":"instock","12":"taxable","13":"shipping-taxable","14":"purchasable","15":"product-type-simple"},"acf":[],"yoast_head":"<!-- This site is optimized with the Yoast SEO plugin v27.1.1 - https:\/\/yoast.com\/product\/yoast-seo-wordpress\/ -->\n<title>Gramin\u00e9e artificielle Int\u00e9rieur\/Ext\u00e9rieur 36 po - Naturae Decor<\/title>\n<meta name=\"robots\" content=\"index, follow, max-snippet:-1, max-image-preview:large, max-video-preview:-1\" \/>\n<link rel=\"canonical\" href=\"https:\/\/naturaedecor.ca\/fr\/produit\/graminee-artificielle-interieur-exterieur-36-po\/\" \/>\n<meta property=\"og:locale\" content=\"fr_FR\" \/>\n<meta property=\"og:type\" content=\"article\" \/>\n<meta property=\"og:title\" content=\"Gramin\u00e9e artificielle Int\u00e9rieur\/Ext\u00e9rieur 36 po - Naturae Decor\" \/>\n<meta property=\"og:description\" content=\"Plante gramin\u00e9es avec feuilles Naturae Decor - Plante d&#039;int\u00e9rieur et d&#039;ext\u00e9rieur artificielle r\u00e9aliste - R\u00e9sistante aux UV - 36 po de haut\" \/>\n<meta property=\"og:url\" content=\"https:\/\/naturaedecor.ca\/fr\/produit\/graminee-artificielle-interieur-exterieur-36-po\/\" \/>\n<meta property=\"og:site_name\" content=\"Naturae Decor\" \/>\n<meta property=\"article:publisher\" content=\"https:\/\/www.facebook.com\/naturaedecor\/\" \/>\n<meta property=\"og:image\" content=\"https:\/\/naturaedecor.ca\/wp-content\/uploads\/2026\/02\/1-OUT-GRAFE5-36-main.jpg\" \/>\n\t<meta property=\"og:image:width\" content=\"1000\" \/>\n\t<meta property=\"og:image:height\" content=\"1000\" \/>\n\t<meta property=\"og:image:type\" content=\"image\/jpeg\" \/>\n<meta name=\"twitter:card\" content=\"summary_large_image\" \/>\n<meta name=\"twitter:site\" content=\"@Naturaedecor\" \/>\n<script type=\"application\/ld+json\" class=\"yoast-schema-graph\">{\"@context\":\"https:\/\/schema.org\",\"@graph\":[{\"@type\":\"WebPage\",\"@id\":\"https:\/\/naturaedecor.ca\/fr\/produit\/graminee-artificielle-interieur-exterieur-36-po\/\",\"url\":\"https:\/\/naturaedecor.ca\/fr\/produit\/graminee-artificielle-interieur-exterieur-36-po\/\",\"name\":\"Gramin\u00e9e artificielle Int\u00e9rieur\/Ext\u00e9rieur 36 po - Naturae Decor\",\"isPartOf\":{\"@id\":\"https:\/\/naturaedecor.ca\/#website\"},\"primaryImageOfPage\":{\"@id\":\"https:\/\/naturaedecor.ca\/fr\/produit\/graminee-artificielle-interieur-exterieur-36-po\/#primaryimage\"},\"image\":{\"@id\":\"https:\/\/naturaedecor.ca\/fr\/produit\/graminee-artificielle-interieur-exterieur-36-po\/#primaryimage\"},\"thumbnailUrl\":\"https:\/\/naturaedecor.ca\/wp-content\/uploads\/2026\/02\/1-OUT-GRAFE5-36-main.jpg\",\"datePublished\":\"2026-02-24T02:21:50+00:00\",\"breadcrumb\":{\"@id\":\"https:\/\/naturaedecor.ca\/fr\/produit\/graminee-artificielle-interieur-exterieur-36-po\/#breadcrumb\"},\"inLanguage\":\"fr-FR\",\"potentialAction\":[{\"@type\":\"ReadAction\",\"target\":[\"https:\/\/naturaedecor.ca\/fr\/produit\/graminee-artificielle-interieur-exterieur-36-po\/\"]}]},{\"@type\":\"ImageObject\",\"inLanguage\":\"fr-FR\",\"@id\":\"https:\/\/naturaedecor.ca\/fr\/produit\/graminee-artificielle-interieur-exterieur-36-po\/#primaryimage\",\"url\":\"https:\/\/naturaedecor.ca\/wp-content\/uploads\/2026\/02\/1-OUT-GRAFE5-36-main.jpg\",\"contentUrl\":\"https:\/\/naturaedecor.ca\/wp-content\/uploads\/2026\/02\/1-OUT-GRAFE5-36-main.jpg\",\"width\":1000,\"height\":1000},{\"@type\":\"BreadcrumbList\",\"@id\":\"https:\/\/naturaedecor.ca\/fr\/produit\/graminee-artificielle-interieur-exterieur-36-po\/#breadcrumb\",\"itemListElement\":[{\"@type\":\"ListItem\",\"position\":1,\"name\":\"Home\",\"item\":\"https:\/\/naturaedecor.ca\/\"},{\"@type\":\"ListItem\",\"position\":2,\"name\":\"Shop\",\"item\":\"https:\/\/naturaedecor.ca\/shop\/\"},{\"@type\":\"ListItem\",\"position\":3,\"name\":\"Gramin\u00e9e artificielle Int\u00e9rieur\/Ext\u00e9rieur 36 po\"}]},{\"@type\":\"WebSite\",\"@id\":\"https:\/\/naturaedecor.ca\/#website\",\"url\":\"https:\/\/naturaedecor.ca\/\",\"name\":\"Naturae Decor\",\"description\":\"Add a feeling of tranquility to your space\",\"publisher\":{\"@id\":\"https:\/\/naturaedecor.ca\/#organization\"},\"potentialAction\":[{\"@type\":\"SearchAction\",\"target\":{\"@type\":\"EntryPoint\",\"urlTemplate\":\"https:\/\/naturaedecor.ca\/?s={search_term_string}\"},\"query-input\":{\"@type\":\"PropertyValueSpecification\",\"valueRequired\":true,\"valueName\":\"search_term_string\"}}],\"inLanguage\":\"fr-FR\"},{\"@type\":\"Organization\",\"@id\":\"https:\/\/naturaedecor.ca\/#organization\",\"name\":\"Naturae Decor\",\"url\":\"https:\/\/naturaedecor.ca\/\",\"logo\":{\"@type\":\"ImageObject\",\"inLanguage\":\"fr-FR\",\"@id\":\"https:\/\/naturaedecor.ca\/#\/schema\/logo\/image\/\",\"url\":\"https:\/\/naturaedecor.ca\/wp-content\/uploads\/2021\/07\/logo-sticky.png\",\"contentUrl\":\"https:\/\/naturaedecor.ca\/wp-content\/uploads\/2021\/07\/logo-sticky.png\",\"width\":248,\"height\":96,\"caption\":\"Naturae Decor\"},\"image\":{\"@id\":\"https:\/\/naturaedecor.ca\/#\/schema\/logo\/image\/\"},\"sameAs\":[\"https:\/\/www.facebook.com\/naturaedecor\/\",\"https:\/\/x.com\/Naturaedecor\",\"https:\/\/www.instagram.com\/naturaedecor\/\",\"https:\/\/www.pinterest.ca\/naturaedecor\/\"]}]}<\/script>\n<!-- \/ Yoast SEO plugin. -->","yoast_head_json":{"title":"Gramin\u00e9e artificielle Int\u00e9rieur\/Ext\u00e9rieur 36 po - Naturae Decor","robots":{"index":"index","follow":"follow","max-snippet":"max-snippet:-1","max-image-preview":"max-image-preview:large","max-video-preview":"max-video-preview:-1"},"canonical":"https:\/\/naturaedecor.ca\/fr\/produit\/graminee-artificielle-interieur-exterieur-36-po\/","og_locale":"fr_FR","og_type":"article","og_title":"Gramin\u00e9e artificielle Int\u00e9rieur\/Ext\u00e9rieur 36 po - Naturae Decor","og_description":"Plante gramin\u00e9es avec feuilles Naturae Decor - Plante d'int\u00e9rieur et d'ext\u00e9rieur artificielle r\u00e9aliste - R\u00e9sistante aux UV - 36 po de haut","og_url":"https:\/\/naturaedecor.ca\/fr\/produit\/graminee-artificielle-interieur-exterieur-36-po\/","og_site_name":"Naturae Decor","article_publisher":"https:\/\/www.facebook.com\/naturaedecor\/","og_image":[{"width":1000,"height":1000,"url":"https:\/\/naturaedecor.ca\/wp-content\/uploads\/2026\/02\/1-OUT-GRAFE5-36-main.jpg","type":"image\/jpeg"}],"twitter_card":"summary_large_image","twitter_site":"@Naturaedecor","schema":{"@context":"https:\/\/schema.org","@graph":[{"@type":"WebPage","@id":"https:\/\/naturaedecor.ca\/fr\/produit\/graminee-artificielle-interieur-exterieur-36-po\/","url":"https:\/\/naturaedecor.ca\/fr\/produit\/graminee-artificielle-interieur-exterieur-36-po\/","name":"Gramin\u00e9e artificielle Int\u00e9rieur\/Ext\u00e9rieur 36 po - Naturae Decor","isPartOf":{"@id":"https:\/\/naturaedecor.ca\/#website"},"primaryImageOfPage":{"@id":"https:\/\/naturaedecor.ca\/fr\/produit\/graminee-artificielle-interieur-exterieur-36-po\/#primaryimage"},"image":{"@id":"https:\/\/naturaedecor.ca\/fr\/produit\/graminee-artificielle-interieur-exterieur-36-po\/#primaryimage"},"thumbnailUrl":"https:\/\/naturaedecor.ca\/wp-content\/uploads\/2026\/02\/1-OUT-GRAFE5-36-main.jpg","datePublished":"2026-02-24T02:21:50+00:00","breadcrumb":{"@id":"https:\/\/naturaedecor.ca\/fr\/produit\/graminee-artificielle-interieur-exterieur-36-po\/#breadcrumb"},"inLanguage":"fr-FR","potentialAction":[{"@type":"ReadAction","target":["https:\/\/naturaedecor.ca\/fr\/produit\/graminee-artificielle-interieur-exterieur-36-po\/"]}]},{"@type":"ImageObject","inLanguage":"fr-FR","@id":"https:\/\/naturaedecor.ca\/fr\/produit\/graminee-artificielle-interieur-exterieur-36-po\/#primaryimage","url":"https:\/\/naturaedecor.ca\/wp-content\/uploads\/2026\/02\/1-OUT-GRAFE5-36-main.jpg","contentUrl":"https:\/\/naturaedecor.ca\/wp-content\/uploads\/2026\/02\/1-OUT-GRAFE5-36-main.jpg","width":1000,"height":1000},{"@type":"BreadcrumbList","@id":"https:\/\/naturaedecor.ca\/fr\/produit\/graminee-artificielle-interieur-exterieur-36-po\/#breadcrumb","itemListElement":[{"@type":"ListItem","position":1,"name":"Home","item":"https:\/\/naturaedecor.ca\/"},{"@type":"ListItem","position":2,"name":"Shop","item":"https:\/\/naturaedecor.ca\/shop\/"},{"@type":"ListItem","position":3,"name":"Gramin\u00e9e artificielle Int\u00e9rieur\/Ext\u00e9rieur 36 po"}]},{"@type":"WebSite","@id":"https:\/\/naturaedecor.ca\/#website","url":"https:\/\/naturaedecor.ca\/","name":"Naturae Decor","description":"Add a feeling of tranquility to your space","publisher":{"@id":"https:\/\/naturaedecor.ca\/#organization"},"potentialAction":[{"@type":"SearchAction","target":{"@type":"EntryPoint","urlTemplate":"https:\/\/naturaedecor.ca\/?s={search_term_string}"},"query-input":{"@type":"PropertyValueSpecification","valueRequired":true,"valueName":"search_term_string"}}],"inLanguage":"fr-FR"},{"@type":"Organization","@id":"https:\/\/naturaedecor.ca\/#organization","name":"Naturae Decor","url":"https:\/\/naturaedecor.ca\/","logo":{"@type":"ImageObject","inLanguage":"fr-FR","@id":"https:\/\/naturaedecor.ca\/#\/schema\/logo\/image\/","url":"https:\/\/naturaedecor.ca\/wp-content\/uploads\/2021\/07\/logo-sticky.png","contentUrl":"https:\/\/naturaedecor.ca\/wp-content\/uploads\/2021\/07\/logo-sticky.png","width":248,"height":96,"caption":"Naturae Decor"},"image":{"@id":"https:\/\/naturaedecor.ca\/#\/schema\/logo\/image\/"},"sameAs":["https:\/\/www.facebook.com\/naturaedecor\/","https:\/\/x.com\/Naturaedecor","https:\/\/www.instagram.com\/naturaedecor\/","https:\/\/www.pinterest.ca\/naturaedecor\/"]}]}},"_links":{"self":[{"href":"https:\/\/naturaedecor.ca\/fr\/wp-json\/wp\/v2\/product\/11779","targetHints":{"allow":["GET"]}}],"collection":[{"href":"https:\/\/naturaedecor.ca\/fr\/wp-json\/wp\/v2\/product"}],"about":[{"href":"https:\/\/naturaedecor.ca\/fr\/wp-json\/wp\/v2\/types\/product"}],"replies":[{"embeddable":true,"href":"https:\/\/naturaedecor.ca\/fr\/wp-json\/wp\/v2\/comments?post=11779"}],"wp:featuredmedia":[{"embeddable":true,"href":"https:\/\/naturaedecor.ca\/fr\/wp-json\/wp\/v2\/media\/11647"}],"wp:attachment":[{"href":"https:\/\/naturaedecor.ca\/fr\/wp-json\/wp\/v2\/media?parent=11779"}],"wp:term":[{"taxonomy":"product_brand","embeddable":true,"href":"https:\/\/naturaedecor.ca\/fr\/wp-json\/wp\/v2\/product_brand?post=11779"},{"taxonomy":"product_cat","embeddable":true,"href":"https:\/\/naturaedecor.ca\/fr\/wp-json\/wp\/v2\/product_cat?post=11779"},{"taxonomy":"product_tag","embeddable":true,"href":"https:\/\/naturaedecor.ca\/fr\/wp-json\/wp\/v2\/product_tag?post=11779"}],"curies":[{"name":"wp","href":"https:\/\/api.w.org\/{rel}","templated":true}]}}