{"id":11784,"date":"2026-02-24T10:26:20","date_gmt":"2026-02-24T15:26:20","guid":{"rendered":"https:\/\/naturaedecor.ca\/?post_type=product&#038;p=11784"},"modified":"2026-02-24T10:26:20","modified_gmt":"2026-02-24T15:26:20","slug":"bougainvillier-retombant-blanc-artificiel-13-po-h-pour-linterieur-et-lexterieur-en-jardiniere-pour-rampe","status":"publish","type":"product","link":"https:\/\/naturaedecor.ca\/fr\/produit\/bougainvillier-retombant-blanc-artificiel-13-po-h-pour-linterieur-et-lexterieur-en-jardiniere-pour-rampe\/","title":{"rendered":"Bougainvillier retombant blanc artificiel  13 po h. pour l&rsquo;int\u00e9rieur et l&rsquo;ext\u00e9rieur en jardini\u00e8re pour rampe"},"content":{"rendered":"<p>Apportez une touche de couleur \u00e9clatante \u00e0 vos espaces ext\u00e9rieurs avec ce panier suspendu de fleurs artificielles. Son feuillage luxuriant et ses fleurs vibrantes offrent un rendu r\u00e9aliste et d\u00e9coratif, sans arrosage ni entretien. Facile \u00e0 installer, il est parfait pour les balcons, patios et entr\u00e9es, et conserve son charme tout au long de la saison.<\/p>\n<ul>\n<li>Id\u00e9al pour rehausser le d\u00e9cor ext\u00e9rieur, ce panier suspendu de fleurs artificielles apporte une touche de couleur et de verdure aux patios, balcons, galeries et pergolas, sans entretien.<\/li>\n<li>Installation facile gr\u00e2ce au crochets int\u00e9gr\u00e9s : il suffit de le suspendre \u00e0 un crochet, une poutre ou un support pour une d\u00e9coration instantan\u00e9e.<\/li>\n<li>Con\u00e7u pour un usage ext\u00e9rieur, ce panier suspendu pr\u00e9sente un feuillage r\u00e9aliste et des fleurs \u00e9clatantes, offrant un rendu durable sans arrosage ni taille.<\/li>\n<li>Inclut une jardini\u00e8re fleurie, suspendue avec des crochets.<\/li>\n<li>Inclut une garantie limit\u00e9e du fabricant, notamment contre la d\u00e9coloration due aux UV.<\/li>\n<\/ul>\n","protected":false},"excerpt":{"rendered":"<p>Bougainvillie Naturae Decor &#8211; Jardini\u00e8re pour rampe d&rsquo;ext\u00e9rieur artificielle r\u00e9aliste &#8211; R\u00e9sistante aux UV<\/p>\n","protected":false},"featured_media":11591,"comment_status":"open","ping_status":"closed","template":"","meta":{"_acf_changed":false},"product_brand":[],"product_cat":[152,114,149],"product_tag":[],"class_list":{"0":"post-11784","1":"product","2":"type-product","3":"status-publish","4":"has-post-thumbnail","6":"product_cat-nouveaux-produits","7":"product_cat-plantes-artificielles-en-pot","8":"product_cat-plantes-exterieures","10":"first","11":"instock","12":"taxable","13":"shipping-taxable","14":"purchasable","15":"product-type-simple"},"acf":[],"yoast_head":"<!-- This site is optimized with the Yoast SEO plugin v27.1.1 - https:\/\/yoast.com\/product\/yoast-seo-wordpress\/ -->\n<title>Bougainvillier retombant blanc artificiel 13 po h. pour l&#039;int\u00e9rieur et l&#039;ext\u00e9rieur en jardini\u00e8re pour rampe - Naturae Decor<\/title>\n<meta name=\"robots\" content=\"index, follow, max-snippet:-1, max-image-preview:large, max-video-preview:-1\" \/>\n<link rel=\"canonical\" href=\"https:\/\/naturaedecor.ca\/fr\/produit\/bougainvillier-retombant-blanc-artificiel-13-po-h-pour-linterieur-et-lexterieur-en-jardiniere-pour-rampe\/\" \/>\n<meta property=\"og:locale\" content=\"fr_FR\" \/>\n<meta property=\"og:type\" content=\"article\" \/>\n<meta property=\"og:title\" content=\"Bougainvillier retombant blanc artificiel 13 po h. pour l&#039;int\u00e9rieur et l&#039;ext\u00e9rieur en jardini\u00e8re pour rampe - Naturae Decor\" \/>\n<meta property=\"og:description\" content=\"Bougainvillie Naturae Decor - Jardini\u00e8re pour rampe d&#039;ext\u00e9rieur artificielle r\u00e9aliste - R\u00e9sistante aux UV\" \/>\n<meta property=\"og:url\" content=\"https:\/\/naturaedecor.ca\/fr\/produit\/bougainvillier-retombant-blanc-artificiel-13-po-h-pour-linterieur-et-lexterieur-en-jardiniere-pour-rampe\/\" \/>\n<meta property=\"og:site_name\" content=\"Naturae Decor\" \/>\n<meta property=\"article:publisher\" content=\"https:\/\/www.facebook.com\/naturaedecor\/\" \/>\n<meta property=\"og:image\" content=\"https:\/\/naturaedecor.ca\/wp-content\/uploads\/2026\/02\/1-OUT-VILFU-WBRE-1PK_Main.jpg\" \/>\n\t<meta property=\"og:image:width\" content=\"1000\" \/>\n\t<meta property=\"og:image:height\" content=\"1000\" \/>\n\t<meta property=\"og:image:type\" content=\"image\/jpeg\" \/>\n<meta name=\"twitter:card\" content=\"summary_large_image\" \/>\n<meta name=\"twitter:site\" content=\"@Naturaedecor\" \/>\n<script type=\"application\/ld+json\" class=\"yoast-schema-graph\">{\"@context\":\"https:\/\/schema.org\",\"@graph\":[{\"@type\":\"WebPage\",\"@id\":\"https:\/\/naturaedecor.ca\/fr\/produit\/bougainvillier-retombant-blanc-artificiel-13-po-h-pour-linterieur-et-lexterieur-en-jardiniere-pour-rampe\/\",\"url\":\"https:\/\/naturaedecor.ca\/fr\/produit\/bougainvillier-retombant-blanc-artificiel-13-po-h-pour-linterieur-et-lexterieur-en-jardiniere-pour-rampe\/\",\"name\":\"Bougainvillier retombant blanc artificiel 13 po h. pour l'int\u00e9rieur et l'ext\u00e9rieur en jardini\u00e8re pour rampe - Naturae Decor\",\"isPartOf\":{\"@id\":\"https:\/\/naturaedecor.ca\/#website\"},\"primaryImageOfPage\":{\"@id\":\"https:\/\/naturaedecor.ca\/fr\/produit\/bougainvillier-retombant-blanc-artificiel-13-po-h-pour-linterieur-et-lexterieur-en-jardiniere-pour-rampe\/#primaryimage\"},\"image\":{\"@id\":\"https:\/\/naturaedecor.ca\/fr\/produit\/bougainvillier-retombant-blanc-artificiel-13-po-h-pour-linterieur-et-lexterieur-en-jardiniere-pour-rampe\/#primaryimage\"},\"thumbnailUrl\":\"https:\/\/naturaedecor.ca\/wp-content\/uploads\/2026\/02\/1-OUT-VILFU-WBRE-1PK_Main.jpg\",\"datePublished\":\"2026-02-24T15:26:20+00:00\",\"breadcrumb\":{\"@id\":\"https:\/\/naturaedecor.ca\/fr\/produit\/bougainvillier-retombant-blanc-artificiel-13-po-h-pour-linterieur-et-lexterieur-en-jardiniere-pour-rampe\/#breadcrumb\"},\"inLanguage\":\"fr-FR\",\"potentialAction\":[{\"@type\":\"ReadAction\",\"target\":[\"https:\/\/naturaedecor.ca\/fr\/produit\/bougainvillier-retombant-blanc-artificiel-13-po-h-pour-linterieur-et-lexterieur-en-jardiniere-pour-rampe\/\"]}]},{\"@type\":\"ImageObject\",\"inLanguage\":\"fr-FR\",\"@id\":\"https:\/\/naturaedecor.ca\/fr\/produit\/bougainvillier-retombant-blanc-artificiel-13-po-h-pour-linterieur-et-lexterieur-en-jardiniere-pour-rampe\/#primaryimage\",\"url\":\"https:\/\/naturaedecor.ca\/wp-content\/uploads\/2026\/02\/1-OUT-VILFU-WBRE-1PK_Main.jpg\",\"contentUrl\":\"https:\/\/naturaedecor.ca\/wp-content\/uploads\/2026\/02\/1-OUT-VILFU-WBRE-1PK_Main.jpg\",\"width\":1000,\"height\":1000},{\"@type\":\"BreadcrumbList\",\"@id\":\"https:\/\/naturaedecor.ca\/fr\/produit\/bougainvillier-retombant-blanc-artificiel-13-po-h-pour-linterieur-et-lexterieur-en-jardiniere-pour-rampe\/#breadcrumb\",\"itemListElement\":[{\"@type\":\"ListItem\",\"position\":1,\"name\":\"Home\",\"item\":\"https:\/\/naturaedecor.ca\/\"},{\"@type\":\"ListItem\",\"position\":2,\"name\":\"Shop\",\"item\":\"https:\/\/naturaedecor.ca\/shop\/\"},{\"@type\":\"ListItem\",\"position\":3,\"name\":\"Bougainvillier retombant blanc artificiel 13 po h. pour l&rsquo;int\u00e9rieur et l&rsquo;ext\u00e9rieur en jardini\u00e8re pour rampe\"}]},{\"@type\":\"WebSite\",\"@id\":\"https:\/\/naturaedecor.ca\/#website\",\"url\":\"https:\/\/naturaedecor.ca\/\",\"name\":\"Naturae Decor\",\"description\":\"Add a feeling of tranquility to your space\",\"publisher\":{\"@id\":\"https:\/\/naturaedecor.ca\/#organization\"},\"potentialAction\":[{\"@type\":\"SearchAction\",\"target\":{\"@type\":\"EntryPoint\",\"urlTemplate\":\"https:\/\/naturaedecor.ca\/?s={search_term_string}\"},\"query-input\":{\"@type\":\"PropertyValueSpecification\",\"valueRequired\":true,\"valueName\":\"search_term_string\"}}],\"inLanguage\":\"fr-FR\"},{\"@type\":\"Organization\",\"@id\":\"https:\/\/naturaedecor.ca\/#organization\",\"name\":\"Naturae Decor\",\"url\":\"https:\/\/naturaedecor.ca\/\",\"logo\":{\"@type\":\"ImageObject\",\"inLanguage\":\"fr-FR\",\"@id\":\"https:\/\/naturaedecor.ca\/#\/schema\/logo\/image\/\",\"url\":\"https:\/\/naturaedecor.ca\/wp-content\/uploads\/2021\/07\/logo-sticky.png\",\"contentUrl\":\"https:\/\/naturaedecor.ca\/wp-content\/uploads\/2021\/07\/logo-sticky.png\",\"width\":248,\"height\":96,\"caption\":\"Naturae Decor\"},\"image\":{\"@id\":\"https:\/\/naturaedecor.ca\/#\/schema\/logo\/image\/\"},\"sameAs\":[\"https:\/\/www.facebook.com\/naturaedecor\/\",\"https:\/\/x.com\/Naturaedecor\",\"https:\/\/www.instagram.com\/naturaedecor\/\",\"https:\/\/www.pinterest.ca\/naturaedecor\/\"]}]}<\/script>\n<!-- \/ Yoast SEO plugin. -->","yoast_head_json":{"title":"Bougainvillier retombant blanc artificiel 13 po h. pour l'int\u00e9rieur et l'ext\u00e9rieur en jardini\u00e8re pour rampe - Naturae Decor","robots":{"index":"index","follow":"follow","max-snippet":"max-snippet:-1","max-image-preview":"max-image-preview:large","max-video-preview":"max-video-preview:-1"},"canonical":"https:\/\/naturaedecor.ca\/fr\/produit\/bougainvillier-retombant-blanc-artificiel-13-po-h-pour-linterieur-et-lexterieur-en-jardiniere-pour-rampe\/","og_locale":"fr_FR","og_type":"article","og_title":"Bougainvillier retombant blanc artificiel 13 po h. pour l'int\u00e9rieur et l'ext\u00e9rieur en jardini\u00e8re pour rampe - Naturae Decor","og_description":"Bougainvillie Naturae Decor - Jardini\u00e8re pour rampe d'ext\u00e9rieur artificielle r\u00e9aliste - R\u00e9sistante aux UV","og_url":"https:\/\/naturaedecor.ca\/fr\/produit\/bougainvillier-retombant-blanc-artificiel-13-po-h-pour-linterieur-et-lexterieur-en-jardiniere-pour-rampe\/","og_site_name":"Naturae Decor","article_publisher":"https:\/\/www.facebook.com\/naturaedecor\/","og_image":[{"width":1000,"height":1000,"url":"https:\/\/naturaedecor.ca\/wp-content\/uploads\/2026\/02\/1-OUT-VILFU-WBRE-1PK_Main.jpg","type":"image\/jpeg"}],"twitter_card":"summary_large_image","twitter_site":"@Naturaedecor","schema":{"@context":"https:\/\/schema.org","@graph":[{"@type":"WebPage","@id":"https:\/\/naturaedecor.ca\/fr\/produit\/bougainvillier-retombant-blanc-artificiel-13-po-h-pour-linterieur-et-lexterieur-en-jardiniere-pour-rampe\/","url":"https:\/\/naturaedecor.ca\/fr\/produit\/bougainvillier-retombant-blanc-artificiel-13-po-h-pour-linterieur-et-lexterieur-en-jardiniere-pour-rampe\/","name":"Bougainvillier retombant blanc artificiel 13 po h. pour l'int\u00e9rieur et l'ext\u00e9rieur en jardini\u00e8re pour rampe - Naturae Decor","isPartOf":{"@id":"https:\/\/naturaedecor.ca\/#website"},"primaryImageOfPage":{"@id":"https:\/\/naturaedecor.ca\/fr\/produit\/bougainvillier-retombant-blanc-artificiel-13-po-h-pour-linterieur-et-lexterieur-en-jardiniere-pour-rampe\/#primaryimage"},"image":{"@id":"https:\/\/naturaedecor.ca\/fr\/produit\/bougainvillier-retombant-blanc-artificiel-13-po-h-pour-linterieur-et-lexterieur-en-jardiniere-pour-rampe\/#primaryimage"},"thumbnailUrl":"https:\/\/naturaedecor.ca\/wp-content\/uploads\/2026\/02\/1-OUT-VILFU-WBRE-1PK_Main.jpg","datePublished":"2026-02-24T15:26:20+00:00","breadcrumb":{"@id":"https:\/\/naturaedecor.ca\/fr\/produit\/bougainvillier-retombant-blanc-artificiel-13-po-h-pour-linterieur-et-lexterieur-en-jardiniere-pour-rampe\/#breadcrumb"},"inLanguage":"fr-FR","potentialAction":[{"@type":"ReadAction","target":["https:\/\/naturaedecor.ca\/fr\/produit\/bougainvillier-retombant-blanc-artificiel-13-po-h-pour-linterieur-et-lexterieur-en-jardiniere-pour-rampe\/"]}]},{"@type":"ImageObject","inLanguage":"fr-FR","@id":"https:\/\/naturaedecor.ca\/fr\/produit\/bougainvillier-retombant-blanc-artificiel-13-po-h-pour-linterieur-et-lexterieur-en-jardiniere-pour-rampe\/#primaryimage","url":"https:\/\/naturaedecor.ca\/wp-content\/uploads\/2026\/02\/1-OUT-VILFU-WBRE-1PK_Main.jpg","contentUrl":"https:\/\/naturaedecor.ca\/wp-content\/uploads\/2026\/02\/1-OUT-VILFU-WBRE-1PK_Main.jpg","width":1000,"height":1000},{"@type":"BreadcrumbList","@id":"https:\/\/naturaedecor.ca\/fr\/produit\/bougainvillier-retombant-blanc-artificiel-13-po-h-pour-linterieur-et-lexterieur-en-jardiniere-pour-rampe\/#breadcrumb","itemListElement":[{"@type":"ListItem","position":1,"name":"Home","item":"https:\/\/naturaedecor.ca\/"},{"@type":"ListItem","position":2,"name":"Shop","item":"https:\/\/naturaedecor.ca\/shop\/"},{"@type":"ListItem","position":3,"name":"Bougainvillier retombant blanc artificiel 13 po h. pour l&rsquo;int\u00e9rieur et l&rsquo;ext\u00e9rieur en jardini\u00e8re pour rampe"}]},{"@type":"WebSite","@id":"https:\/\/naturaedecor.ca\/#website","url":"https:\/\/naturaedecor.ca\/","name":"Naturae Decor","description":"Add a feeling of tranquility to your space","publisher":{"@id":"https:\/\/naturaedecor.ca\/#organization"},"potentialAction":[{"@type":"SearchAction","target":{"@type":"EntryPoint","urlTemplate":"https:\/\/naturaedecor.ca\/?s={search_term_string}"},"query-input":{"@type":"PropertyValueSpecification","valueRequired":true,"valueName":"search_term_string"}}],"inLanguage":"fr-FR"},{"@type":"Organization","@id":"https:\/\/naturaedecor.ca\/#organization","name":"Naturae Decor","url":"https:\/\/naturaedecor.ca\/","logo":{"@type":"ImageObject","inLanguage":"fr-FR","@id":"https:\/\/naturaedecor.ca\/#\/schema\/logo\/image\/","url":"https:\/\/naturaedecor.ca\/wp-content\/uploads\/2021\/07\/logo-sticky.png","contentUrl":"https:\/\/naturaedecor.ca\/wp-content\/uploads\/2021\/07\/logo-sticky.png","width":248,"height":96,"caption":"Naturae Decor"},"image":{"@id":"https:\/\/naturaedecor.ca\/#\/schema\/logo\/image\/"},"sameAs":["https:\/\/www.facebook.com\/naturaedecor\/","https:\/\/x.com\/Naturaedecor","https:\/\/www.instagram.com\/naturaedecor\/","https:\/\/www.pinterest.ca\/naturaedecor\/"]}]}},"_links":{"self":[{"href":"https:\/\/naturaedecor.ca\/fr\/wp-json\/wp\/v2\/product\/11784","targetHints":{"allow":["GET"]}}],"collection":[{"href":"https:\/\/naturaedecor.ca\/fr\/wp-json\/wp\/v2\/product"}],"about":[{"href":"https:\/\/naturaedecor.ca\/fr\/wp-json\/wp\/v2\/types\/product"}],"replies":[{"embeddable":true,"href":"https:\/\/naturaedecor.ca\/fr\/wp-json\/wp\/v2\/comments?post=11784"}],"wp:featuredmedia":[{"embeddable":true,"href":"https:\/\/naturaedecor.ca\/fr\/wp-json\/wp\/v2\/media\/11591"}],"wp:attachment":[{"href":"https:\/\/naturaedecor.ca\/fr\/wp-json\/wp\/v2\/media?parent=11784"}],"wp:term":[{"taxonomy":"product_brand","embeddable":true,"href":"https:\/\/naturaedecor.ca\/fr\/wp-json\/wp\/v2\/product_brand?post=11784"},{"taxonomy":"product_cat","embeddable":true,"href":"https:\/\/naturaedecor.ca\/fr\/wp-json\/wp\/v2\/product_cat?post=11784"},{"taxonomy":"product_tag","embeddable":true,"href":"https:\/\/naturaedecor.ca\/fr\/wp-json\/wp\/v2\/product_tag?post=11784"}],"curies":[{"name":"wp","href":"https:\/\/api.w.org\/{rel}","templated":true}]}}