{"id":11792,"date":"2026-02-24T10:37:11","date_gmt":"2026-02-24T15:37:11","guid":{"rendered":"https:\/\/naturaedecor.ca\/?post_type=product&#038;p=11792"},"modified":"2026-02-24T10:37:11","modified_gmt":"2026-02-24T15:37:11","slug":"chien-topiaire-buis-24-po","status":"publish","type":"product","link":"https:\/\/naturaedecor.ca\/fr\/produit\/chien-topiaire-buis-24-po\/","title":{"rendered":"Chien topiaire buis 24 po"},"content":{"rendered":"<p>Apportez une touche d\u2019\u00e9l\u00e9gance et d\u2019originalit\u00e9 \u00e0 votre am\u00e9nagement ext\u00e9rieur avec le chien topiaire artificiel Naturae Decor. Con\u00e7u pour imiter parfaitement le buis naturel, ce chien d\u00e9coratif haute densit\u00e9 offre un rendu r\u00e9aliste et raffin\u00e9, sans les contraintes d\u2019entretien. Id\u00e9al pour encadrer une entr\u00e9e, embellir un jardin, une terrasse ou m\u00eame un espace commercial, il conserve sa forme impeccable saison apr\u00e8s saison. Durable, r\u00e9sistant et con\u00e7u pour l\u2019ext\u00e9rieur, il combine charme intemporel et tranquillit\u00e9 d\u2019esprit gr\u00e2ce \u00e0 sa garantie limit\u00e9e de 2 ans.<\/p>\n<ul>\n<li>Ajoute une touche d\u00e9corative distinctive aux jardins, entr\u00e9es, terrasses et espaces commerciaux, sans entretien requis.<\/li>\n<li>Comprend 1 chien de buis 24 po pr\u00eat \u00e0 installer \u2014 se positionne facilement au sol ou dans un am\u00e9nagement paysager pour un effet imm\u00e9diat.<\/li>\n<li>Conception haute densit\u00e9 avec feuillage r\u00e9aliste en buis artificiel, r\u00e9sistant aux UV et con\u00e7u pour un usage ext\u00e9rieur durable.<\/li>\n<li>Ces chiens de buis sont fabriqu\u00e9es de mat\u00e9riaux durables faits \u00e0 100 % de poly\u00e9thyl\u00e8ne r\u00e9sistant aux rayons UV pour prolonger leur dur\u00e9e de vie. Nos chiens de buis artificielles sont couvertes par une garantie de 2 ans.<\/li>\n<\/ul>\n","protected":false},"excerpt":{"rendered":"<p>Chien topiaire artificielle Naturae Decor &#8211; Chien d\u00e9coratif en buis &#8211; Dense et d\u2019aspect naturel &#8211; 24 po<\/p>\n","protected":false},"featured_media":11695,"comment_status":"open","ping_status":"closed","template":"","meta":{"_acf_changed":false},"product_brand":[],"product_cat":[120,152],"product_tag":[],"class_list":{"0":"post-11792","1":"product","2":"type-product","3":"status-publish","4":"has-post-thumbnail","6":"product_cat-decor-de-jardin","7":"product_cat-nouveaux-produits","9":"first","10":"instock","11":"taxable","12":"shipping-taxable","13":"purchasable","14":"product-type-simple"},"acf":[],"yoast_head":"<!-- This site is optimized with the Yoast SEO plugin v27.1.1 - https:\/\/yoast.com\/product\/yoast-seo-wordpress\/ -->\n<title>Chien topiaire buis 24 po - Naturae Decor<\/title>\n<meta name=\"robots\" content=\"index, follow, max-snippet:-1, max-image-preview:large, max-video-preview:-1\" \/>\n<link rel=\"canonical\" href=\"https:\/\/naturaedecor.ca\/fr\/produit\/chien-topiaire-buis-24-po\/\" \/>\n<meta property=\"og:locale\" content=\"fr_FR\" \/>\n<meta property=\"og:type\" content=\"article\" \/>\n<meta property=\"og:title\" content=\"Chien topiaire buis 24 po - Naturae Decor\" \/>\n<meta property=\"og:description\" content=\"Chien topiaire artificielle Naturae Decor - Chien d\u00e9coratif en buis - Dense et d\u2019aspect naturel - 24 po\" \/>\n<meta property=\"og:url\" content=\"https:\/\/naturaedecor.ca\/fr\/produit\/chien-topiaire-buis-24-po\/\" \/>\n<meta property=\"og:site_name\" content=\"Naturae Decor\" \/>\n<meta property=\"article:publisher\" content=\"https:\/\/www.facebook.com\/naturaedecor\/\" \/>\n<meta property=\"og:image\" content=\"https:\/\/naturaedecor.ca\/wp-content\/uploads\/2026\/02\/1_TPR-2020-DG_1-New.jpg\" \/>\n\t<meta property=\"og:image:width\" content=\"1000\" \/>\n\t<meta property=\"og:image:height\" content=\"1117\" \/>\n\t<meta property=\"og:image:type\" content=\"image\/jpeg\" \/>\n<meta name=\"twitter:card\" content=\"summary_large_image\" \/>\n<meta name=\"twitter:site\" content=\"@Naturaedecor\" \/>\n<script type=\"application\/ld+json\" class=\"yoast-schema-graph\">{\"@context\":\"https:\/\/schema.org\",\"@graph\":[{\"@type\":\"WebPage\",\"@id\":\"https:\/\/naturaedecor.ca\/fr\/produit\/chien-topiaire-buis-24-po\/\",\"url\":\"https:\/\/naturaedecor.ca\/fr\/produit\/chien-topiaire-buis-24-po\/\",\"name\":\"Chien topiaire buis 24 po - Naturae Decor\",\"isPartOf\":{\"@id\":\"https:\/\/naturaedecor.ca\/#website\"},\"primaryImageOfPage\":{\"@id\":\"https:\/\/naturaedecor.ca\/fr\/produit\/chien-topiaire-buis-24-po\/#primaryimage\"},\"image\":{\"@id\":\"https:\/\/naturaedecor.ca\/fr\/produit\/chien-topiaire-buis-24-po\/#primaryimage\"},\"thumbnailUrl\":\"https:\/\/naturaedecor.ca\/wp-content\/uploads\/2026\/02\/1_TPR-2020-DG_1-New.jpg\",\"datePublished\":\"2026-02-24T15:37:11+00:00\",\"breadcrumb\":{\"@id\":\"https:\/\/naturaedecor.ca\/fr\/produit\/chien-topiaire-buis-24-po\/#breadcrumb\"},\"inLanguage\":\"fr-FR\",\"potentialAction\":[{\"@type\":\"ReadAction\",\"target\":[\"https:\/\/naturaedecor.ca\/fr\/produit\/chien-topiaire-buis-24-po\/\"]}]},{\"@type\":\"ImageObject\",\"inLanguage\":\"fr-FR\",\"@id\":\"https:\/\/naturaedecor.ca\/fr\/produit\/chien-topiaire-buis-24-po\/#primaryimage\",\"url\":\"https:\/\/naturaedecor.ca\/wp-content\/uploads\/2026\/02\/1_TPR-2020-DG_1-New.jpg\",\"contentUrl\":\"https:\/\/naturaedecor.ca\/wp-content\/uploads\/2026\/02\/1_TPR-2020-DG_1-New.jpg\",\"width\":1000,\"height\":1117},{\"@type\":\"BreadcrumbList\",\"@id\":\"https:\/\/naturaedecor.ca\/fr\/produit\/chien-topiaire-buis-24-po\/#breadcrumb\",\"itemListElement\":[{\"@type\":\"ListItem\",\"position\":1,\"name\":\"Home\",\"item\":\"https:\/\/naturaedecor.ca\/\"},{\"@type\":\"ListItem\",\"position\":2,\"name\":\"Shop\",\"item\":\"https:\/\/naturaedecor.ca\/shop\/\"},{\"@type\":\"ListItem\",\"position\":3,\"name\":\"Chien topiaire buis 24 po\"}]},{\"@type\":\"WebSite\",\"@id\":\"https:\/\/naturaedecor.ca\/#website\",\"url\":\"https:\/\/naturaedecor.ca\/\",\"name\":\"Naturae Decor\",\"description\":\"Add a feeling of tranquility to your space\",\"publisher\":{\"@id\":\"https:\/\/naturaedecor.ca\/#organization\"},\"potentialAction\":[{\"@type\":\"SearchAction\",\"target\":{\"@type\":\"EntryPoint\",\"urlTemplate\":\"https:\/\/naturaedecor.ca\/?s={search_term_string}\"},\"query-input\":{\"@type\":\"PropertyValueSpecification\",\"valueRequired\":true,\"valueName\":\"search_term_string\"}}],\"inLanguage\":\"fr-FR\"},{\"@type\":\"Organization\",\"@id\":\"https:\/\/naturaedecor.ca\/#organization\",\"name\":\"Naturae Decor\",\"url\":\"https:\/\/naturaedecor.ca\/\",\"logo\":{\"@type\":\"ImageObject\",\"inLanguage\":\"fr-FR\",\"@id\":\"https:\/\/naturaedecor.ca\/#\/schema\/logo\/image\/\",\"url\":\"https:\/\/naturaedecor.ca\/wp-content\/uploads\/2021\/07\/logo-sticky.png\",\"contentUrl\":\"https:\/\/naturaedecor.ca\/wp-content\/uploads\/2021\/07\/logo-sticky.png\",\"width\":248,\"height\":96,\"caption\":\"Naturae Decor\"},\"image\":{\"@id\":\"https:\/\/naturaedecor.ca\/#\/schema\/logo\/image\/\"},\"sameAs\":[\"https:\/\/www.facebook.com\/naturaedecor\/\",\"https:\/\/x.com\/Naturaedecor\",\"https:\/\/www.instagram.com\/naturaedecor\/\",\"https:\/\/www.pinterest.ca\/naturaedecor\/\"]}]}<\/script>\n<!-- \/ Yoast SEO plugin. -->","yoast_head_json":{"title":"Chien topiaire buis 24 po - Naturae Decor","robots":{"index":"index","follow":"follow","max-snippet":"max-snippet:-1","max-image-preview":"max-image-preview:large","max-video-preview":"max-video-preview:-1"},"canonical":"https:\/\/naturaedecor.ca\/fr\/produit\/chien-topiaire-buis-24-po\/","og_locale":"fr_FR","og_type":"article","og_title":"Chien topiaire buis 24 po - Naturae Decor","og_description":"Chien topiaire artificielle Naturae Decor - Chien d\u00e9coratif en buis - Dense et d\u2019aspect naturel - 24 po","og_url":"https:\/\/naturaedecor.ca\/fr\/produit\/chien-topiaire-buis-24-po\/","og_site_name":"Naturae Decor","article_publisher":"https:\/\/www.facebook.com\/naturaedecor\/","og_image":[{"width":1000,"height":1117,"url":"https:\/\/naturaedecor.ca\/wp-content\/uploads\/2026\/02\/1_TPR-2020-DG_1-New.jpg","type":"image\/jpeg"}],"twitter_card":"summary_large_image","twitter_site":"@Naturaedecor","schema":{"@context":"https:\/\/schema.org","@graph":[{"@type":"WebPage","@id":"https:\/\/naturaedecor.ca\/fr\/produit\/chien-topiaire-buis-24-po\/","url":"https:\/\/naturaedecor.ca\/fr\/produit\/chien-topiaire-buis-24-po\/","name":"Chien topiaire buis 24 po - Naturae Decor","isPartOf":{"@id":"https:\/\/naturaedecor.ca\/#website"},"primaryImageOfPage":{"@id":"https:\/\/naturaedecor.ca\/fr\/produit\/chien-topiaire-buis-24-po\/#primaryimage"},"image":{"@id":"https:\/\/naturaedecor.ca\/fr\/produit\/chien-topiaire-buis-24-po\/#primaryimage"},"thumbnailUrl":"https:\/\/naturaedecor.ca\/wp-content\/uploads\/2026\/02\/1_TPR-2020-DG_1-New.jpg","datePublished":"2026-02-24T15:37:11+00:00","breadcrumb":{"@id":"https:\/\/naturaedecor.ca\/fr\/produit\/chien-topiaire-buis-24-po\/#breadcrumb"},"inLanguage":"fr-FR","potentialAction":[{"@type":"ReadAction","target":["https:\/\/naturaedecor.ca\/fr\/produit\/chien-topiaire-buis-24-po\/"]}]},{"@type":"ImageObject","inLanguage":"fr-FR","@id":"https:\/\/naturaedecor.ca\/fr\/produit\/chien-topiaire-buis-24-po\/#primaryimage","url":"https:\/\/naturaedecor.ca\/wp-content\/uploads\/2026\/02\/1_TPR-2020-DG_1-New.jpg","contentUrl":"https:\/\/naturaedecor.ca\/wp-content\/uploads\/2026\/02\/1_TPR-2020-DG_1-New.jpg","width":1000,"height":1117},{"@type":"BreadcrumbList","@id":"https:\/\/naturaedecor.ca\/fr\/produit\/chien-topiaire-buis-24-po\/#breadcrumb","itemListElement":[{"@type":"ListItem","position":1,"name":"Home","item":"https:\/\/naturaedecor.ca\/"},{"@type":"ListItem","position":2,"name":"Shop","item":"https:\/\/naturaedecor.ca\/shop\/"},{"@type":"ListItem","position":3,"name":"Chien topiaire buis 24 po"}]},{"@type":"WebSite","@id":"https:\/\/naturaedecor.ca\/#website","url":"https:\/\/naturaedecor.ca\/","name":"Naturae Decor","description":"Add a feeling of tranquility to your space","publisher":{"@id":"https:\/\/naturaedecor.ca\/#organization"},"potentialAction":[{"@type":"SearchAction","target":{"@type":"EntryPoint","urlTemplate":"https:\/\/naturaedecor.ca\/?s={search_term_string}"},"query-input":{"@type":"PropertyValueSpecification","valueRequired":true,"valueName":"search_term_string"}}],"inLanguage":"fr-FR"},{"@type":"Organization","@id":"https:\/\/naturaedecor.ca\/#organization","name":"Naturae Decor","url":"https:\/\/naturaedecor.ca\/","logo":{"@type":"ImageObject","inLanguage":"fr-FR","@id":"https:\/\/naturaedecor.ca\/#\/schema\/logo\/image\/","url":"https:\/\/naturaedecor.ca\/wp-content\/uploads\/2021\/07\/logo-sticky.png","contentUrl":"https:\/\/naturaedecor.ca\/wp-content\/uploads\/2021\/07\/logo-sticky.png","width":248,"height":96,"caption":"Naturae Decor"},"image":{"@id":"https:\/\/naturaedecor.ca\/#\/schema\/logo\/image\/"},"sameAs":["https:\/\/www.facebook.com\/naturaedecor\/","https:\/\/x.com\/Naturaedecor","https:\/\/www.instagram.com\/naturaedecor\/","https:\/\/www.pinterest.ca\/naturaedecor\/"]}]}},"_links":{"self":[{"href":"https:\/\/naturaedecor.ca\/fr\/wp-json\/wp\/v2\/product\/11792","targetHints":{"allow":["GET"]}}],"collection":[{"href":"https:\/\/naturaedecor.ca\/fr\/wp-json\/wp\/v2\/product"}],"about":[{"href":"https:\/\/naturaedecor.ca\/fr\/wp-json\/wp\/v2\/types\/product"}],"replies":[{"embeddable":true,"href":"https:\/\/naturaedecor.ca\/fr\/wp-json\/wp\/v2\/comments?post=11792"}],"wp:featuredmedia":[{"embeddable":true,"href":"https:\/\/naturaedecor.ca\/fr\/wp-json\/wp\/v2\/media\/11695"}],"wp:attachment":[{"href":"https:\/\/naturaedecor.ca\/fr\/wp-json\/wp\/v2\/media?parent=11792"}],"wp:term":[{"taxonomy":"product_brand","embeddable":true,"href":"https:\/\/naturaedecor.ca\/fr\/wp-json\/wp\/v2\/product_brand?post=11792"},{"taxonomy":"product_cat","embeddable":true,"href":"https:\/\/naturaedecor.ca\/fr\/wp-json\/wp\/v2\/product_cat?post=11792"},{"taxonomy":"product_tag","embeddable":true,"href":"https:\/\/naturaedecor.ca\/fr\/wp-json\/wp\/v2\/product_tag?post=11792"}],"curies":[{"name":"wp","href":"https:\/\/api.w.org\/{rel}","templated":true}]}}