{"id":11853,"date":"2026-04-10T17:36:35","date_gmt":"2026-04-10T21:36:35","guid":{"rendered":"https:\/\/naturaedecor.ca\/?post_type=product&#038;p=11853"},"modified":"2026-04-10T17:36:35","modified_gmt":"2026-04-10T21:36:35","slug":"treillis-extensible-rond-en-pp-24-x-60-a-motif-de-feuilles-de-fittonia","status":"publish","type":"product","link":"https:\/\/naturaedecor.ca\/fr\/produit\/treillis-extensible-rond-en-pp-24-x-60-a-motif-de-feuilles-de-fittonia\/","title":{"rendered":"Treillis extensible rond en PP 24&Prime; x 60&Prime; \u00e0 motif de feuilles de Fittonia"},"content":{"rendered":"<p>Le treillis extensible Naturae Decor est l&rsquo;accessoire id\u00e9al pour ajouter style et une v\u00e9g\u00e9tation plus vraie que nature \u00e0 votre espace ext\u00e9rieur. Fabriqu\u00e9 \u00e0 partir de mat\u00e9riaux de haute qualit\u00e9 et offrant une intimit\u00e9 optimale gr\u00e2ce \u00e0 ses feuilles trait\u00e9es anti-UV, vous pourrez en profiter pendant des ann\u00e9es sans avoir \u00e0 le remplacer. Une solution polyvalente pour r\u00e9am\u00e9nager et embellir n&rsquo;importe quel espace, qu&rsquo;il s&rsquo;agisse d&rsquo;une terrasse, d&rsquo;un patio ou d&rsquo;un balcon. Son feuillage artificiel luxueux et r\u00e9aliste ne n\u00e9cessite aucun entretien. Facile \u00e0 installer, il est fabriqu\u00e9 \u00e0 partir de mat\u00e9riaux robustes et l\u00e9gers, sp\u00e9cialement con\u00e7us pour l&rsquo;ext\u00e9rieur. Il suffit de le fixer \u00e0 un support et de d\u00e9ployer le treillis \u00e0 la largeur et \u00e0 la hauteur souhait\u00e9es. Taille standard \u2013 extension optimale\u00a0: 61\u00a0cm x 152\u00a0cm. Le treillis extensible est une solution \u00e9conomique pour apporter intimit\u00e9 et beaut\u00e9 \u00e0 votre projet, quelle que soit sa taille.<\/p>\n<ul>\n<li>INTIMIT\u00c9 POUR VOTRE ESPACE &#8211; Les \u00e9crans d&rsquo;intimit\u00e9 Naturae Decor sont la solution id\u00e9ale pour cr\u00e9er un environnement serein et vous prot\u00e9ger des regards indiscrets sur votre terrasse, patio ou balcon.<\/li>\n<li>TREILLIS EXTENSIBLE &#8211; D\u00e9ployez-le simplement \u00e0 la taille et \u00e0 la densit\u00e9 souhait\u00e9es. Dimensions optimales : 101,6 cm x 203,2 cm (maximum : 50,8 cm x 254,4 cm). Facile \u00e0 installer, il apportera de l&rsquo;intimit\u00e9 \u00e0 tous vos projets.<\/li>\n<li>R\u00e9sistant aux UV &#8211; les feuilles de nos \u00e9crans de confidentialit\u00e9 sont fabriqu\u00e9es en poly\u00e9thyl\u00e8ne de haute qualit\u00e9. R\u00e9sistantes aux UV, elles ne se d\u00e9colorent pas et sont faciles \u00e0 nettoyer. Style et intimit\u00e9 avec un minimum d&rsquo;entretien.<\/li>\n<li>Feuillage artificiel r\u00e9aliste &#8211; con\u00e7u pour r\u00e9sister aux saisons, il offre style et intimit\u00e9 \u00e0 votre espace ext\u00e9rieur toute l&rsquo;ann\u00e9e. Garantie de 2 ans.<\/li>\n<li>Mat\u00e9riaux l\u00e9gers &#8211; nos treillis extensibles sont fabriqu\u00e9s en osier, ce qui les rend l\u00e9gers. Livr\u00e9 avec un treillis extensible et les fixations n\u00e9cessaires \u00e0 son installation.<\/li>\n<\/ul>\n","protected":false},"excerpt":{"rendered":"<p>Le treillis extensible Naturae Decor est l&rsquo;accessoire id\u00e9al pour ajouter style et une v\u00e9g\u00e9tation plus vraie que nature \u00e0 votre espace ext\u00e9rieur. Fabriqu\u00e9 \u00e0 partir de mat\u00e9riaux de haute qualit\u00e9 et offrant une intimit\u00e9 optimale gr\u00e2ce \u00e0 ses feuilles trait\u00e9es anti-UV, vous pourrez en profiter pendant des ann\u00e9es sans avoir \u00e0 le remplacer. Une solution [&hellip;]<\/p>\n","protected":false},"featured_media":11189,"comment_status":"open","ping_status":"closed","template":"","meta":{"_acf_changed":false},"product_brand":[],"product_cat":[152,118],"product_tag":[],"class_list":{"0":"post-11853","1":"product","2":"type-product","3":"status-publish","4":"has-post-thumbnail","6":"product_cat-nouveaux-produits","7":"product_cat-treillis-extensible","9":"first","10":"instock","11":"taxable","12":"shipping-taxable","13":"purchasable","14":"product-type-simple"},"acf":[],"yoast_head":"<!-- This site is optimized with the Yoast SEO plugin v27.3 - https:\/\/yoast.com\/product\/yoast-seo-wordpress\/ -->\n<title>Treillis extensible rond en PP 24&quot; x 60&quot; \u00e0 motif de feuilles de Fittonia - Naturae Decor<\/title>\n<meta name=\"robots\" content=\"index, follow, max-snippet:-1, max-image-preview:large, max-video-preview:-1\" \/>\n<link rel=\"canonical\" href=\"https:\/\/naturaedecor.ca\/fr\/produit\/treillis-extensible-rond-en-pp-24-x-60-a-motif-de-feuilles-de-fittonia\/\" \/>\n<meta property=\"og:locale\" content=\"fr_FR\" \/>\n<meta property=\"og:type\" content=\"article\" \/>\n<meta property=\"og:title\" content=\"Treillis extensible rond en PP 24&quot; x 60&quot; \u00e0 motif de feuilles de Fittonia - Naturae Decor\" \/>\n<meta property=\"og:description\" content=\"Le treillis extensible Naturae Decor est l&rsquo;accessoire id\u00e9al pour ajouter style et une v\u00e9g\u00e9tation plus vraie que nature \u00e0 votre espace ext\u00e9rieur. Fabriqu\u00e9 \u00e0 partir de mat\u00e9riaux de haute qualit\u00e9 et offrant une intimit\u00e9 optimale gr\u00e2ce \u00e0 ses feuilles trait\u00e9es anti-UV, vous pourrez en profiter pendant des ann\u00e9es sans avoir \u00e0 le remplacer. Une solution [&hellip;]\" \/>\n<meta property=\"og:url\" content=\"https:\/\/naturaedecor.ca\/fr\/produit\/treillis-extensible-rond-en-pp-24-x-60-a-motif-de-feuilles-de-fittonia\/\" \/>\n<meta property=\"og:site_name\" content=\"Naturae Decor\" \/>\n<meta property=\"article:publisher\" content=\"https:\/\/www.facebook.com\/naturaedecor\/\" \/>\n<meta property=\"og:image\" content=\"https:\/\/naturaedecor.ca\/wp-content\/uploads\/2025\/06\/1-TRR2460BR-1280-1PK_Main.jpg\" \/>\n\t<meta property=\"og:image:width\" content=\"1000\" \/>\n\t<meta property=\"og:image:height\" content=\"1000\" \/>\n\t<meta property=\"og:image:type\" content=\"image\/jpeg\" \/>\n<meta name=\"twitter:card\" content=\"summary_large_image\" \/>\n<meta name=\"twitter:site\" content=\"@Naturaedecor\" \/>\n<script type=\"application\/ld+json\" class=\"yoast-schema-graph\">{\"@context\":\"https:\\\/\\\/schema.org\",\"@graph\":[{\"@type\":\"WebPage\",\"@id\":\"https:\\\/\\\/naturaedecor.ca\\\/fr\\\/produit\\\/treillis-extensible-rond-en-pp-24-x-60-a-motif-de-feuilles-de-fittonia\\\/\",\"url\":\"https:\\\/\\\/naturaedecor.ca\\\/fr\\\/produit\\\/treillis-extensible-rond-en-pp-24-x-60-a-motif-de-feuilles-de-fittonia\\\/\",\"name\":\"Treillis extensible rond en PP 24\\\" x 60\\\" \u00e0 motif de feuilles de Fittonia - Naturae Decor\",\"isPartOf\":{\"@id\":\"https:\\\/\\\/naturaedecor.ca\\\/#website\"},\"primaryImageOfPage\":{\"@id\":\"https:\\\/\\\/naturaedecor.ca\\\/fr\\\/produit\\\/treillis-extensible-rond-en-pp-24-x-60-a-motif-de-feuilles-de-fittonia\\\/#primaryimage\"},\"image\":{\"@id\":\"https:\\\/\\\/naturaedecor.ca\\\/fr\\\/produit\\\/treillis-extensible-rond-en-pp-24-x-60-a-motif-de-feuilles-de-fittonia\\\/#primaryimage\"},\"thumbnailUrl\":\"https:\\\/\\\/naturaedecor.ca\\\/wp-content\\\/uploads\\\/2025\\\/06\\\/1-TRR2460BR-1280-1PK_Main.jpg\",\"datePublished\":\"2026-04-10T21:36:35+00:00\",\"breadcrumb\":{\"@id\":\"https:\\\/\\\/naturaedecor.ca\\\/fr\\\/produit\\\/treillis-extensible-rond-en-pp-24-x-60-a-motif-de-feuilles-de-fittonia\\\/#breadcrumb\"},\"inLanguage\":\"fr-FR\",\"potentialAction\":[{\"@type\":\"ReadAction\",\"target\":[\"https:\\\/\\\/naturaedecor.ca\\\/fr\\\/produit\\\/treillis-extensible-rond-en-pp-24-x-60-a-motif-de-feuilles-de-fittonia\\\/\"]}]},{\"@type\":\"ImageObject\",\"inLanguage\":\"fr-FR\",\"@id\":\"https:\\\/\\\/naturaedecor.ca\\\/fr\\\/produit\\\/treillis-extensible-rond-en-pp-24-x-60-a-motif-de-feuilles-de-fittonia\\\/#primaryimage\",\"url\":\"https:\\\/\\\/naturaedecor.ca\\\/wp-content\\\/uploads\\\/2025\\\/06\\\/1-TRR2460BR-1280-1PK_Main.jpg\",\"contentUrl\":\"https:\\\/\\\/naturaedecor.ca\\\/wp-content\\\/uploads\\\/2025\\\/06\\\/1-TRR2460BR-1280-1PK_Main.jpg\",\"width\":1000,\"height\":1000},{\"@type\":\"BreadcrumbList\",\"@id\":\"https:\\\/\\\/naturaedecor.ca\\\/fr\\\/produit\\\/treillis-extensible-rond-en-pp-24-x-60-a-motif-de-feuilles-de-fittonia\\\/#breadcrumb\",\"itemListElement\":[{\"@type\":\"ListItem\",\"position\":1,\"name\":\"Home\",\"item\":\"https:\\\/\\\/naturaedecor.ca\\\/\"},{\"@type\":\"ListItem\",\"position\":2,\"name\":\"Shop\",\"item\":\"https:\\\/\\\/naturaedecor.ca\\\/shop\\\/\"},{\"@type\":\"ListItem\",\"position\":3,\"name\":\"Treillis extensible rond en PP 24&Prime; x 60&Prime; \u00e0 motif de feuilles de Fittonia\"}]},{\"@type\":\"WebSite\",\"@id\":\"https:\\\/\\\/naturaedecor.ca\\\/#website\",\"url\":\"https:\\\/\\\/naturaedecor.ca\\\/\",\"name\":\"Naturae Decor\",\"description\":\"Add a feeling of tranquility to your space\",\"publisher\":{\"@id\":\"https:\\\/\\\/naturaedecor.ca\\\/#organization\"},\"potentialAction\":[{\"@type\":\"SearchAction\",\"target\":{\"@type\":\"EntryPoint\",\"urlTemplate\":\"https:\\\/\\\/naturaedecor.ca\\\/?s={search_term_string}\"},\"query-input\":{\"@type\":\"PropertyValueSpecification\",\"valueRequired\":true,\"valueName\":\"search_term_string\"}}],\"inLanguage\":\"fr-FR\"},{\"@type\":\"Organization\",\"@id\":\"https:\\\/\\\/naturaedecor.ca\\\/#organization\",\"name\":\"Naturae Decor\",\"url\":\"https:\\\/\\\/naturaedecor.ca\\\/\",\"logo\":{\"@type\":\"ImageObject\",\"inLanguage\":\"fr-FR\",\"@id\":\"https:\\\/\\\/naturaedecor.ca\\\/#\\\/schema\\\/logo\\\/image\\\/\",\"url\":\"https:\\\/\\\/naturaedecor.ca\\\/wp-content\\\/uploads\\\/2021\\\/07\\\/logo-sticky.png\",\"contentUrl\":\"https:\\\/\\\/naturaedecor.ca\\\/wp-content\\\/uploads\\\/2021\\\/07\\\/logo-sticky.png\",\"width\":248,\"height\":96,\"caption\":\"Naturae Decor\"},\"image\":{\"@id\":\"https:\\\/\\\/naturaedecor.ca\\\/#\\\/schema\\\/logo\\\/image\\\/\"},\"sameAs\":[\"https:\\\/\\\/www.facebook.com\\\/naturaedecor\\\/\",\"https:\\\/\\\/x.com\\\/Naturaedecor\",\"https:\\\/\\\/www.instagram.com\\\/naturaedecor\\\/\",\"https:\\\/\\\/www.pinterest.ca\\\/naturaedecor\\\/\"]}]}<\/script>\n<!-- \/ Yoast SEO plugin. -->","yoast_head_json":{"title":"Treillis extensible rond en PP 24\" x 60\" \u00e0 motif de feuilles de Fittonia - Naturae Decor","robots":{"index":"index","follow":"follow","max-snippet":"max-snippet:-1","max-image-preview":"max-image-preview:large","max-video-preview":"max-video-preview:-1"},"canonical":"https:\/\/naturaedecor.ca\/fr\/produit\/treillis-extensible-rond-en-pp-24-x-60-a-motif-de-feuilles-de-fittonia\/","og_locale":"fr_FR","og_type":"article","og_title":"Treillis extensible rond en PP 24\" x 60\" \u00e0 motif de feuilles de Fittonia - Naturae Decor","og_description":"Le treillis extensible Naturae Decor est l&rsquo;accessoire id\u00e9al pour ajouter style et une v\u00e9g\u00e9tation plus vraie que nature \u00e0 votre espace ext\u00e9rieur. Fabriqu\u00e9 \u00e0 partir de mat\u00e9riaux de haute qualit\u00e9 et offrant une intimit\u00e9 optimale gr\u00e2ce \u00e0 ses feuilles trait\u00e9es anti-UV, vous pourrez en profiter pendant des ann\u00e9es sans avoir \u00e0 le remplacer. Une solution [&hellip;]","og_url":"https:\/\/naturaedecor.ca\/fr\/produit\/treillis-extensible-rond-en-pp-24-x-60-a-motif-de-feuilles-de-fittonia\/","og_site_name":"Naturae Decor","article_publisher":"https:\/\/www.facebook.com\/naturaedecor\/","og_image":[{"width":1000,"height":1000,"url":"https:\/\/naturaedecor.ca\/wp-content\/uploads\/2025\/06\/1-TRR2460BR-1280-1PK_Main.jpg","type":"image\/jpeg"}],"twitter_card":"summary_large_image","twitter_site":"@Naturaedecor","schema":{"@context":"https:\/\/schema.org","@graph":[{"@type":"WebPage","@id":"https:\/\/naturaedecor.ca\/fr\/produit\/treillis-extensible-rond-en-pp-24-x-60-a-motif-de-feuilles-de-fittonia\/","url":"https:\/\/naturaedecor.ca\/fr\/produit\/treillis-extensible-rond-en-pp-24-x-60-a-motif-de-feuilles-de-fittonia\/","name":"Treillis extensible rond en PP 24\" x 60\" \u00e0 motif de feuilles de Fittonia - Naturae Decor","isPartOf":{"@id":"https:\/\/naturaedecor.ca\/#website"},"primaryImageOfPage":{"@id":"https:\/\/naturaedecor.ca\/fr\/produit\/treillis-extensible-rond-en-pp-24-x-60-a-motif-de-feuilles-de-fittonia\/#primaryimage"},"image":{"@id":"https:\/\/naturaedecor.ca\/fr\/produit\/treillis-extensible-rond-en-pp-24-x-60-a-motif-de-feuilles-de-fittonia\/#primaryimage"},"thumbnailUrl":"https:\/\/naturaedecor.ca\/wp-content\/uploads\/2025\/06\/1-TRR2460BR-1280-1PK_Main.jpg","datePublished":"2026-04-10T21:36:35+00:00","breadcrumb":{"@id":"https:\/\/naturaedecor.ca\/fr\/produit\/treillis-extensible-rond-en-pp-24-x-60-a-motif-de-feuilles-de-fittonia\/#breadcrumb"},"inLanguage":"fr-FR","potentialAction":[{"@type":"ReadAction","target":["https:\/\/naturaedecor.ca\/fr\/produit\/treillis-extensible-rond-en-pp-24-x-60-a-motif-de-feuilles-de-fittonia\/"]}]},{"@type":"ImageObject","inLanguage":"fr-FR","@id":"https:\/\/naturaedecor.ca\/fr\/produit\/treillis-extensible-rond-en-pp-24-x-60-a-motif-de-feuilles-de-fittonia\/#primaryimage","url":"https:\/\/naturaedecor.ca\/wp-content\/uploads\/2025\/06\/1-TRR2460BR-1280-1PK_Main.jpg","contentUrl":"https:\/\/naturaedecor.ca\/wp-content\/uploads\/2025\/06\/1-TRR2460BR-1280-1PK_Main.jpg","width":1000,"height":1000},{"@type":"BreadcrumbList","@id":"https:\/\/naturaedecor.ca\/fr\/produit\/treillis-extensible-rond-en-pp-24-x-60-a-motif-de-feuilles-de-fittonia\/#breadcrumb","itemListElement":[{"@type":"ListItem","position":1,"name":"Home","item":"https:\/\/naturaedecor.ca\/"},{"@type":"ListItem","position":2,"name":"Shop","item":"https:\/\/naturaedecor.ca\/shop\/"},{"@type":"ListItem","position":3,"name":"Treillis extensible rond en PP 24&Prime; x 60&Prime; \u00e0 motif de feuilles de Fittonia"}]},{"@type":"WebSite","@id":"https:\/\/naturaedecor.ca\/#website","url":"https:\/\/naturaedecor.ca\/","name":"Naturae Decor","description":"Add a feeling of tranquility to your space","publisher":{"@id":"https:\/\/naturaedecor.ca\/#organization"},"potentialAction":[{"@type":"SearchAction","target":{"@type":"EntryPoint","urlTemplate":"https:\/\/naturaedecor.ca\/?s={search_term_string}"},"query-input":{"@type":"PropertyValueSpecification","valueRequired":true,"valueName":"search_term_string"}}],"inLanguage":"fr-FR"},{"@type":"Organization","@id":"https:\/\/naturaedecor.ca\/#organization","name":"Naturae Decor","url":"https:\/\/naturaedecor.ca\/","logo":{"@type":"ImageObject","inLanguage":"fr-FR","@id":"https:\/\/naturaedecor.ca\/#\/schema\/logo\/image\/","url":"https:\/\/naturaedecor.ca\/wp-content\/uploads\/2021\/07\/logo-sticky.png","contentUrl":"https:\/\/naturaedecor.ca\/wp-content\/uploads\/2021\/07\/logo-sticky.png","width":248,"height":96,"caption":"Naturae Decor"},"image":{"@id":"https:\/\/naturaedecor.ca\/#\/schema\/logo\/image\/"},"sameAs":["https:\/\/www.facebook.com\/naturaedecor\/","https:\/\/x.com\/Naturaedecor","https:\/\/www.instagram.com\/naturaedecor\/","https:\/\/www.pinterest.ca\/naturaedecor\/"]}]}},"_links":{"self":[{"href":"https:\/\/naturaedecor.ca\/fr\/wp-json\/wp\/v2\/product\/11853","targetHints":{"allow":["GET"]}}],"collection":[{"href":"https:\/\/naturaedecor.ca\/fr\/wp-json\/wp\/v2\/product"}],"about":[{"href":"https:\/\/naturaedecor.ca\/fr\/wp-json\/wp\/v2\/types\/product"}],"replies":[{"embeddable":true,"href":"https:\/\/naturaedecor.ca\/fr\/wp-json\/wp\/v2\/comments?post=11853"}],"wp:featuredmedia":[{"embeddable":true,"href":"https:\/\/naturaedecor.ca\/fr\/wp-json\/wp\/v2\/media\/11189"}],"wp:attachment":[{"href":"https:\/\/naturaedecor.ca\/fr\/wp-json\/wp\/v2\/media?parent=11853"}],"wp:term":[{"taxonomy":"product_brand","embeddable":true,"href":"https:\/\/naturaedecor.ca\/fr\/wp-json\/wp\/v2\/product_brand?post=11853"},{"taxonomy":"product_cat","embeddable":true,"href":"https:\/\/naturaedecor.ca\/fr\/wp-json\/wp\/v2\/product_cat?post=11853"},{"taxonomy":"product_tag","embeddable":true,"href":"https:\/\/naturaedecor.ca\/fr\/wp-json\/wp\/v2\/product_tag?post=11853"}],"curies":[{"name":"wp","href":"https:\/\/api.w.org\/{rel}","templated":true}]}}