{"id":11876,"date":"2026-04-13T12:31:41","date_gmt":"2026-04-13T16:31:41","guid":{"rendered":"https:\/\/naturaedecor.ca\/?post_type=product&#038;p=11876"},"modified":"2026-04-16T15:46:54","modified_gmt":"2026-04-16T19:46:54","slug":"dust-away-anti-poussiere-et-anti-statique-300ml","status":"publish","type":"product","link":"https:\/\/naturaedecor.ca\/fr\/produit\/dust-away-anti-poussiere-et-anti-statique-300ml\/","title":{"rendered":"DUST AWAY ANTI-POUSSIERE ET ANTI-STATIQUE 300ML"},"content":{"rendered":"<p>Gardez vos plantes artificielles \u00e9clatantes! Avec le temps, les plantes et fleurs artificielles accumulent de la poussi\u00e8re, ce qui ternit leur apparence. Notre vaporisateur anti-poussi\u00e8re est con\u00e7u pour \u00e9liminer d\u00e9licatement les r\u00e9sidus et raviver leur \u00e9clat sans ab\u00eemer les mat\u00e9riaux. Facile \u00e0 utiliser, s\u00e9curitaire et efficace votre d\u00e9cor reste impeccable et magnifique toute l\u2019ann\u00e9e!<\/p>\n<ul>\n<li>FABRIQU\u00c9 AU CANADA- Redonne \u00e9clat et propret\u00e9 \u00e0 vos plantes artificielles en un seul geste. Dust away \u00e9limine la poussi\u00e8re tout en d\u00e9posant une barri\u00e8re anti-statique qui repousse les particules, gardant vos plantes imp\u00e9ccables plus longtemps. Sa formule sans r\u00e9sidu et sans rin\u00e7age ravive instatnan\u00e9ment l&rsquo;apparence de cotre plantes artificielle.<\/li>\n<li>Appliquer sur une plante artificielle propre pour des r\u00e9sultats durables \u2013 Pour une efficacit\u00e9 optimale, essuyez ou nettoyez d\u2019abord les feuilles poussi\u00e9reuses, puis vaporisez afin d\u2019aider \u00e0 repousser l\u2019accumulation future de poussi\u00e8re.<\/li>\n<li>Repousse la poussi\u00e8re et r\u00e9duit l\u2019entretien \u2013 Laisse une barri\u00e8re antistatique qui aide \u00e0 emp\u00eacher la poussi\u00e8re de se d\u00e9poser, gardant les plantes artificielles propres plus longtemps.<\/li>\n<li>Fra\u00eecheur instantan\u00e9e, sans nettoyage fr\u00e9quent \u2013 Une fois appliqu\u00e9, les plantes artificielles conservent un aspect frais et \u00e9clatant, r\u00e9duisant le besoin de nettoyage r\u00e9gulier.<\/li>\n<li>Application rapide et facile en vaporisation \u2013 Il suffit de vaporiser sur des feuilles propres pour un entretien simple, sans effort et sans d\u00e9g\u00e2ts.<\/li>\n<li>AVERTISSEMENT &#8211; Peut irriter les yeux, peut irriter la peu. D\u00e9gage des \u00e9manations dansgeureuses lorsque m\u00e9lang\u00e9 avec d&rsquo;autres produits. Tenir hos de la port\u00e9e des enfants<\/li>\n<\/ul>\n","protected":false},"excerpt":{"rendered":"<p><a href=\"https:\/\/naturaedecor.ca\/wp-content\/uploads\/2026\/04\/can_antistatique-pour-plantes-artificielles-fr.pdf\" target=\"_blank\" rel=\"noopener\">FICHE SIGNAL\u00c9TIQUE<\/a><\/p>\n","protected":false},"featured_media":11866,"comment_status":"open","ping_status":"closed","template":"","meta":{"_acf_changed":false},"product_brand":[],"product_cat":[172,152],"product_tag":[],"class_list":{"0":"post-11876","1":"product","2":"type-product","3":"status-publish","4":"has-post-thumbnail","6":"product_cat-dust-away-fr","7":"product_cat-nouveaux-produits","9":"first","10":"instock","11":"taxable","12":"shipping-taxable","13":"purchasable","14":"product-type-simple"},"acf":[],"yoast_head":"<!-- This site is optimized with the Yoast SEO plugin v27.4 - https:\/\/yoast.com\/product\/yoast-seo-wordpress\/ -->\n<title>DUST AWAY ANTI-POUSSIERE ET ANTI-STATIQUE 300ML - Naturae Decor<\/title>\n<meta name=\"robots\" content=\"index, follow, max-snippet:-1, max-image-preview:large, max-video-preview:-1\" \/>\n<link rel=\"canonical\" href=\"https:\/\/naturaedecor.ca\/fr\/produit\/dust-away-anti-poussiere-et-anti-statique-300ml\/\" \/>\n<meta property=\"og:locale\" content=\"fr_FR\" \/>\n<meta property=\"og:type\" content=\"article\" \/>\n<meta property=\"og:title\" content=\"DUST AWAY ANTI-POUSSIERE ET ANTI-STATIQUE 300ML - Naturae Decor\" \/>\n<meta property=\"og:description\" content=\"FICHE SIGNAL\u00c9TIQUE\" \/>\n<meta property=\"og:url\" content=\"https:\/\/naturaedecor.ca\/fr\/produit\/dust-away-anti-poussiere-et-anti-statique-300ml\/\" \/>\n<meta property=\"og:site_name\" content=\"Naturae Decor\" \/>\n<meta property=\"article:publisher\" content=\"https:\/\/www.facebook.com\/naturaedecor\/\" \/>\n<meta property=\"article:modified_time\" content=\"2026-04-16T19:46:54+00:00\" \/>\n<meta property=\"og:image\" content=\"https:\/\/naturaedecor.ca\/wp-content\/uploads\/2026\/04\/1-DUSTA-300_Main.jpg\" \/>\n\t<meta property=\"og:image:width\" content=\"1000\" \/>\n\t<meta property=\"og:image:height\" content=\"1000\" \/>\n\t<meta property=\"og:image:type\" content=\"image\/jpeg\" \/>\n<meta name=\"twitter:card\" content=\"summary_large_image\" \/>\n<meta name=\"twitter:site\" content=\"@Naturaedecor\" \/>\n<script type=\"application\/ld+json\" class=\"yoast-schema-graph\">{\"@context\":\"https:\\\/\\\/schema.org\",\"@graph\":[{\"@type\":\"WebPage\",\"@id\":\"https:\\\/\\\/naturaedecor.ca\\\/fr\\\/produit\\\/dust-away-anti-poussiere-et-anti-statique-300ml\\\/\",\"url\":\"https:\\\/\\\/naturaedecor.ca\\\/fr\\\/produit\\\/dust-away-anti-poussiere-et-anti-statique-300ml\\\/\",\"name\":\"DUST AWAY ANTI-POUSSIERE ET ANTI-STATIQUE 300ML - Naturae Decor\",\"isPartOf\":{\"@id\":\"https:\\\/\\\/naturaedecor.ca\\\/#website\"},\"primaryImageOfPage\":{\"@id\":\"https:\\\/\\\/naturaedecor.ca\\\/fr\\\/produit\\\/dust-away-anti-poussiere-et-anti-statique-300ml\\\/#primaryimage\"},\"image\":{\"@id\":\"https:\\\/\\\/naturaedecor.ca\\\/fr\\\/produit\\\/dust-away-anti-poussiere-et-anti-statique-300ml\\\/#primaryimage\"},\"thumbnailUrl\":\"https:\\\/\\\/naturaedecor.ca\\\/wp-content\\\/uploads\\\/2026\\\/04\\\/1-DUSTA-300_Main.jpg\",\"datePublished\":\"2026-04-13T16:31:41+00:00\",\"dateModified\":\"2026-04-16T19:46:54+00:00\",\"breadcrumb\":{\"@id\":\"https:\\\/\\\/naturaedecor.ca\\\/fr\\\/produit\\\/dust-away-anti-poussiere-et-anti-statique-300ml\\\/#breadcrumb\"},\"inLanguage\":\"fr-FR\",\"potentialAction\":[{\"@type\":\"ReadAction\",\"target\":[\"https:\\\/\\\/naturaedecor.ca\\\/fr\\\/produit\\\/dust-away-anti-poussiere-et-anti-statique-300ml\\\/\"]}]},{\"@type\":\"ImageObject\",\"inLanguage\":\"fr-FR\",\"@id\":\"https:\\\/\\\/naturaedecor.ca\\\/fr\\\/produit\\\/dust-away-anti-poussiere-et-anti-statique-300ml\\\/#primaryimage\",\"url\":\"https:\\\/\\\/naturaedecor.ca\\\/wp-content\\\/uploads\\\/2026\\\/04\\\/1-DUSTA-300_Main.jpg\",\"contentUrl\":\"https:\\\/\\\/naturaedecor.ca\\\/wp-content\\\/uploads\\\/2026\\\/04\\\/1-DUSTA-300_Main.jpg\",\"width\":1000,\"height\":1000},{\"@type\":\"BreadcrumbList\",\"@id\":\"https:\\\/\\\/naturaedecor.ca\\\/fr\\\/produit\\\/dust-away-anti-poussiere-et-anti-statique-300ml\\\/#breadcrumb\",\"itemListElement\":[{\"@type\":\"ListItem\",\"position\":1,\"name\":\"Home\",\"item\":\"https:\\\/\\\/naturaedecor.ca\\\/\"},{\"@type\":\"ListItem\",\"position\":2,\"name\":\"Shop\",\"item\":\"https:\\\/\\\/naturaedecor.ca\\\/shop\\\/\"},{\"@type\":\"ListItem\",\"position\":3,\"name\":\"DUST AWAY ANTI-POUSSIERE ET ANTI-STATIQUE 300ML\"}]},{\"@type\":\"WebSite\",\"@id\":\"https:\\\/\\\/naturaedecor.ca\\\/#website\",\"url\":\"https:\\\/\\\/naturaedecor.ca\\\/\",\"name\":\"Naturae Decor\",\"description\":\"Add a feeling of tranquility to your space\",\"publisher\":{\"@id\":\"https:\\\/\\\/naturaedecor.ca\\\/#organization\"},\"potentialAction\":[{\"@type\":\"SearchAction\",\"target\":{\"@type\":\"EntryPoint\",\"urlTemplate\":\"https:\\\/\\\/naturaedecor.ca\\\/?s={search_term_string}\"},\"query-input\":{\"@type\":\"PropertyValueSpecification\",\"valueRequired\":true,\"valueName\":\"search_term_string\"}}],\"inLanguage\":\"fr-FR\"},{\"@type\":\"Organization\",\"@id\":\"https:\\\/\\\/naturaedecor.ca\\\/#organization\",\"name\":\"Naturae Decor\",\"url\":\"https:\\\/\\\/naturaedecor.ca\\\/\",\"logo\":{\"@type\":\"ImageObject\",\"inLanguage\":\"fr-FR\",\"@id\":\"https:\\\/\\\/naturaedecor.ca\\\/#\\\/schema\\\/logo\\\/image\\\/\",\"url\":\"https:\\\/\\\/naturaedecor.ca\\\/wp-content\\\/uploads\\\/2021\\\/07\\\/logo-sticky.png\",\"contentUrl\":\"https:\\\/\\\/naturaedecor.ca\\\/wp-content\\\/uploads\\\/2021\\\/07\\\/logo-sticky.png\",\"width\":248,\"height\":96,\"caption\":\"Naturae Decor\"},\"image\":{\"@id\":\"https:\\\/\\\/naturaedecor.ca\\\/#\\\/schema\\\/logo\\\/image\\\/\"},\"sameAs\":[\"https:\\\/\\\/www.facebook.com\\\/naturaedecor\\\/\",\"https:\\\/\\\/x.com\\\/Naturaedecor\",\"https:\\\/\\\/www.instagram.com\\\/naturaedecor\\\/\",\"https:\\\/\\\/www.pinterest.ca\\\/naturaedecor\\\/\"]}]}<\/script>\n<!-- \/ Yoast SEO plugin. -->","yoast_head_json":{"title":"DUST AWAY ANTI-POUSSIERE ET ANTI-STATIQUE 300ML - Naturae Decor","robots":{"index":"index","follow":"follow","max-snippet":"max-snippet:-1","max-image-preview":"max-image-preview:large","max-video-preview":"max-video-preview:-1"},"canonical":"https:\/\/naturaedecor.ca\/fr\/produit\/dust-away-anti-poussiere-et-anti-statique-300ml\/","og_locale":"fr_FR","og_type":"article","og_title":"DUST AWAY ANTI-POUSSIERE ET ANTI-STATIQUE 300ML - Naturae Decor","og_description":"FICHE SIGNAL\u00c9TIQUE","og_url":"https:\/\/naturaedecor.ca\/fr\/produit\/dust-away-anti-poussiere-et-anti-statique-300ml\/","og_site_name":"Naturae Decor","article_publisher":"https:\/\/www.facebook.com\/naturaedecor\/","article_modified_time":"2026-04-16T19:46:54+00:00","og_image":[{"width":1000,"height":1000,"url":"https:\/\/naturaedecor.ca\/wp-content\/uploads\/2026\/04\/1-DUSTA-300_Main.jpg","type":"image\/jpeg"}],"twitter_card":"summary_large_image","twitter_site":"@Naturaedecor","schema":{"@context":"https:\/\/schema.org","@graph":[{"@type":"WebPage","@id":"https:\/\/naturaedecor.ca\/fr\/produit\/dust-away-anti-poussiere-et-anti-statique-300ml\/","url":"https:\/\/naturaedecor.ca\/fr\/produit\/dust-away-anti-poussiere-et-anti-statique-300ml\/","name":"DUST AWAY ANTI-POUSSIERE ET ANTI-STATIQUE 300ML - Naturae Decor","isPartOf":{"@id":"https:\/\/naturaedecor.ca\/#website"},"primaryImageOfPage":{"@id":"https:\/\/naturaedecor.ca\/fr\/produit\/dust-away-anti-poussiere-et-anti-statique-300ml\/#primaryimage"},"image":{"@id":"https:\/\/naturaedecor.ca\/fr\/produit\/dust-away-anti-poussiere-et-anti-statique-300ml\/#primaryimage"},"thumbnailUrl":"https:\/\/naturaedecor.ca\/wp-content\/uploads\/2026\/04\/1-DUSTA-300_Main.jpg","datePublished":"2026-04-13T16:31:41+00:00","dateModified":"2026-04-16T19:46:54+00:00","breadcrumb":{"@id":"https:\/\/naturaedecor.ca\/fr\/produit\/dust-away-anti-poussiere-et-anti-statique-300ml\/#breadcrumb"},"inLanguage":"fr-FR","potentialAction":[{"@type":"ReadAction","target":["https:\/\/naturaedecor.ca\/fr\/produit\/dust-away-anti-poussiere-et-anti-statique-300ml\/"]}]},{"@type":"ImageObject","inLanguage":"fr-FR","@id":"https:\/\/naturaedecor.ca\/fr\/produit\/dust-away-anti-poussiere-et-anti-statique-300ml\/#primaryimage","url":"https:\/\/naturaedecor.ca\/wp-content\/uploads\/2026\/04\/1-DUSTA-300_Main.jpg","contentUrl":"https:\/\/naturaedecor.ca\/wp-content\/uploads\/2026\/04\/1-DUSTA-300_Main.jpg","width":1000,"height":1000},{"@type":"BreadcrumbList","@id":"https:\/\/naturaedecor.ca\/fr\/produit\/dust-away-anti-poussiere-et-anti-statique-300ml\/#breadcrumb","itemListElement":[{"@type":"ListItem","position":1,"name":"Home","item":"https:\/\/naturaedecor.ca\/"},{"@type":"ListItem","position":2,"name":"Shop","item":"https:\/\/naturaedecor.ca\/shop\/"},{"@type":"ListItem","position":3,"name":"DUST AWAY ANTI-POUSSIERE ET ANTI-STATIQUE 300ML"}]},{"@type":"WebSite","@id":"https:\/\/naturaedecor.ca\/#website","url":"https:\/\/naturaedecor.ca\/","name":"Naturae Decor","description":"Add a feeling of tranquility to your space","publisher":{"@id":"https:\/\/naturaedecor.ca\/#organization"},"potentialAction":[{"@type":"SearchAction","target":{"@type":"EntryPoint","urlTemplate":"https:\/\/naturaedecor.ca\/?s={search_term_string}"},"query-input":{"@type":"PropertyValueSpecification","valueRequired":true,"valueName":"search_term_string"}}],"inLanguage":"fr-FR"},{"@type":"Organization","@id":"https:\/\/naturaedecor.ca\/#organization","name":"Naturae Decor","url":"https:\/\/naturaedecor.ca\/","logo":{"@type":"ImageObject","inLanguage":"fr-FR","@id":"https:\/\/naturaedecor.ca\/#\/schema\/logo\/image\/","url":"https:\/\/naturaedecor.ca\/wp-content\/uploads\/2021\/07\/logo-sticky.png","contentUrl":"https:\/\/naturaedecor.ca\/wp-content\/uploads\/2021\/07\/logo-sticky.png","width":248,"height":96,"caption":"Naturae Decor"},"image":{"@id":"https:\/\/naturaedecor.ca\/#\/schema\/logo\/image\/"},"sameAs":["https:\/\/www.facebook.com\/naturaedecor\/","https:\/\/x.com\/Naturaedecor","https:\/\/www.instagram.com\/naturaedecor\/","https:\/\/www.pinterest.ca\/naturaedecor\/"]}]}},"_links":{"self":[{"href":"https:\/\/naturaedecor.ca\/fr\/wp-json\/wp\/v2\/product\/11876","targetHints":{"allow":["GET"]}}],"collection":[{"href":"https:\/\/naturaedecor.ca\/fr\/wp-json\/wp\/v2\/product"}],"about":[{"href":"https:\/\/naturaedecor.ca\/fr\/wp-json\/wp\/v2\/types\/product"}],"replies":[{"embeddable":true,"href":"https:\/\/naturaedecor.ca\/fr\/wp-json\/wp\/v2\/comments?post=11876"}],"wp:featuredmedia":[{"embeddable":true,"href":"https:\/\/naturaedecor.ca\/fr\/wp-json\/wp\/v2\/media\/11866"}],"wp:attachment":[{"href":"https:\/\/naturaedecor.ca\/fr\/wp-json\/wp\/v2\/media?parent=11876"}],"wp:term":[{"taxonomy":"product_brand","embeddable":true,"href":"https:\/\/naturaedecor.ca\/fr\/wp-json\/wp\/v2\/product_brand?post=11876"},{"taxonomy":"product_cat","embeddable":true,"href":"https:\/\/naturaedecor.ca\/fr\/wp-json\/wp\/v2\/product_cat?post=11876"},{"taxonomy":"product_tag","embeddable":true,"href":"https:\/\/naturaedecor.ca\/fr\/wp-json\/wp\/v2\/product_tag?post=11876"}],"curies":[{"name":"wp","href":"https:\/\/api.w.org\/{rel}","templated":true}]}}