{"id":4993,"date":"2021-08-05T15:31:12","date_gmt":"2021-08-05T19:31:12","guid":{"rendered":"https:\/\/naturaedecor.com\/wp2021\/product\/out-para-31bc\/"},"modified":"2023-08-27T22:31:04","modified_gmt":"2023-08-28T02:31:04","slug":"out-para-31bc","status":"publish","type":"product","link":"https:\/\/naturaedecor.ca\/fr\/produit\/out-para-31bc\/","title":{"rendered":"OISEAU DU PARADIS 31 po ARTIFICIEL INT\u00c9RIEUR et EXT\u00c9RIEUR EN POT NOIR"},"content":{"rendered":"<p>Procurez-vous l&rsquo;oiseau du paradis Naturae Decor pour ajouter de la verdure dans votre demeure. Ces plantes d\u2019allure si r\u00e9aliste d\u00e9gageront des ondes positives partout o\u00f9 vous les placerez. Color\u00e9e et moderne, cette plante est offerte en trois tailles pour s&rsquo;adapter au mieux \u00e0 votre espace. Faites votre choix entre 31 pouces, 45 pouces ou 70 pouces de haut. Cr\u00e9er un environnement chaleureux et invitant avec ces plantes artificielles est facile, tout comme leur peu d\u2019entretien. Install\u00e9es dans des pots modernes qui s\u2019adaptent \u00e0 n&rsquo;importe quel d\u00e9cor, nos plantes artificielles sont fabriqu\u00e9es \u00e0 partir de mat\u00e9riaux de haute qualit\u00e9. Elles resteront belles pendant des ann\u00e9es, sans m\u00eame ternir. Peu importe la pi\u00e8ce dans laquelle elles se trouvent, ces plantes artificielles injecteront une touche de couleur et de piquant.<\/p>\n<p>APPORTEZ DE LA VIE \u00c0 VOTRE ESPACE \u2013 Les plantes artificielles Naturae Decor semblent si r\u00e9elles qu\u2019elles apporteront \u00e0 coup s\u00fbr couleur et chaleur \u00e0 votre pi\u00e8ce pr\u00e9f\u00e9r\u00e9e. Elles sont le moyen id\u00e9al pour cr\u00e9er un environnement serein et \u00e9l\u00e9gant pour promouvoir la sant\u00e9 et le bien-\u00eatre.<\/p>\n<p>FEUILLAGE ARTIFICIEL R\u00c9ALISTE &#8211; Vos invit\u00e9s et vous-m\u00eame serez confondus par l\u2019apparence naturelle et r\u00e9aliste de nos plantes artificielles. Elles ont d\u00e9j\u00e0 la taille parfaite et vous n\u2019avez pas besoin de les rempoter, les tailler ou les arroser.<\/p>\n<p>R\u00c9SISTANT AUX UV \u2013 Les feuilles de notre oiseau du paradis sont fabriqu\u00e9es \u00e0 100 % de poly\u00e9thyl\u00e8ne de haute qualit\u00e9 r\u00e9sistant aux intemp\u00e9ries et aux rayons UV pour \u00e9viter la d\u00e9coloration. Une garantie de 1 an d\u2019ailleurs est incluse avec l&rsquo;oiseau du paradis contre la d\u00e9coloration due aux rayons UV.<\/p>\n<p>FACILE D&rsquo;ENTRETIEN \u2013 Ces fausses plantes vertes n\u00e9cessitent un minimum d\u2019entretien facile. L\u2019ajout d\u00e9coratif id\u00e9al pour votre espace, en particulier si vous n\u2019avez pas le pouce vert quand vient le temps de prendre soin d\u2019une vraie plante, ou encore si vous avez des allergies.<\/p>\n<p>ASSEMBLAGE REQUIS \u2013 La plante artificielle d\u2019int\u00e9rieur et d\u2019ext\u00e9rieur oiseau du paradis ne requiert que quelques \u00e9tapes simples d\u2019assemblage. Le pot dans lequel l\u2019oiseau du paradis est mis est non amovible, mais peut \u00eatre plac\u00e9 \u00e0 l\u2019int\u00e9rieur d\u2019un pot d\u00e9coratif l\u00e9g\u00e8rement plus grand.<\/p>\n","protected":false},"excerpt":{"rendered":"<p>Procurez-vous l&rsquo;oiseau du paradis Naturae Decor pour ajouter de la verdure dans votre demeure. Ces plantes d\u2019allure si r\u00e9aliste d\u00e9gageront des ondes positives partout o\u00f9 vous les placerez. Color\u00e9e et moderne, cette plante est offerte en trois tailles pour s&rsquo;adapter au mieux \u00e0 votre espace. Faites votre choix entre 31 pouces, 45 pouces ou 70 [&hellip;]<\/p>\n","protected":false},"featured_media":6761,"comment_status":"open","ping_status":"closed","template":"","meta":{"_acf_changed":false},"product_brand":[],"product_cat":[159,114,149],"product_tag":[],"class_list":{"0":"post-4993","1":"product","2":"type-product","3":"status-publish","4":"has-post-thumbnail","6":"product_cat-derniere-chance","7":"product_cat-plantes-artificielles-en-pot","8":"product_cat-plantes-exterieures","10":"first","11":"instock","12":"sale","13":"taxable","14":"shipping-taxable","15":"purchasable","16":"product-type-simple"},"acf":[],"yoast_head":"<!-- This site is optimized with the Yoast SEO plugin v27.1.1 - https:\/\/yoast.com\/product\/yoast-seo-wordpress\/ -->\n<title>Oiseau du paradis 31&quot; artificiel int\u00e9rieur &amp; ext\u00e9rieur en pot noir<\/title>\n<meta name=\"robots\" content=\"index, follow, max-snippet:-1, max-image-preview:large, max-video-preview:-1\" \/>\n<link rel=\"canonical\" href=\"https:\/\/naturaedecor.ca\/fr\/produit\/out-para-31bc\/\" \/>\n<meta property=\"og:locale\" content=\"fr_FR\" \/>\n<meta property=\"og:type\" content=\"article\" \/>\n<meta property=\"og:title\" content=\"Oiseau du paradis 31&quot; artificiel int\u00e9rieur &amp; ext\u00e9rieur en pot noir\" \/>\n<meta property=\"og:description\" content=\"Procurez-vous l&rsquo;oiseau du paradis Naturae Decor pour ajouter de la verdure dans votre demeure. Ces plantes d\u2019allure si r\u00e9aliste d\u00e9gageront des ondes positives partout o\u00f9 vous les placerez. Color\u00e9e et moderne, cette plante est offerte en trois tailles pour s&rsquo;adapter au mieux \u00e0 votre espace. Faites votre choix entre 31 pouces, 45 pouces ou 70 [&hellip;]\" \/>\n<meta property=\"og:url\" content=\"https:\/\/naturaedecor.ca\/fr\/produit\/out-para-31bc\/\" \/>\n<meta property=\"og:site_name\" content=\"Naturae Decor\" \/>\n<meta property=\"article:publisher\" content=\"https:\/\/www.facebook.com\/naturaedecor\/\" \/>\n<meta property=\"article:modified_time\" content=\"2023-08-28T02:31:04+00:00\" \/>\n<meta property=\"og:image\" content=\"https:\/\/naturaedecor.ca\/wp-content\/uploads\/2021\/08\/1_OUT-PARA-31.jpg\" \/>\n\t<meta property=\"og:image:width\" content=\"2000\" \/>\n\t<meta property=\"og:image:height\" content=\"2000\" \/>\n\t<meta property=\"og:image:type\" content=\"image\/jpeg\" \/>\n<meta name=\"twitter:card\" content=\"summary_large_image\" \/>\n<meta name=\"twitter:site\" content=\"@Naturaedecor\" \/>\n<script type=\"application\/ld+json\" class=\"yoast-schema-graph\">{\"@context\":\"https:\/\/schema.org\",\"@graph\":[{\"@type\":\"WebPage\",\"@id\":\"https:\/\/naturaedecor.ca\/fr\/produit\/out-para-31bc\/\",\"url\":\"https:\/\/naturaedecor.ca\/fr\/produit\/out-para-31bc\/\",\"name\":\"Oiseau du paradis 31\\\" artificiel int\u00e9rieur & ext\u00e9rieur en pot noir\",\"isPartOf\":{\"@id\":\"https:\/\/naturaedecor.ca\/#website\"},\"primaryImageOfPage\":{\"@id\":\"https:\/\/naturaedecor.ca\/fr\/produit\/out-para-31bc\/#primaryimage\"},\"image\":{\"@id\":\"https:\/\/naturaedecor.ca\/fr\/produit\/out-para-31bc\/#primaryimage\"},\"thumbnailUrl\":\"https:\/\/naturaedecor.ca\/wp-content\/uploads\/2021\/08\/1_OUT-PARA-31.jpg\",\"datePublished\":\"2021-08-05T19:31:12+00:00\",\"dateModified\":\"2023-08-28T02:31:04+00:00\",\"breadcrumb\":{\"@id\":\"https:\/\/naturaedecor.ca\/fr\/produit\/out-para-31bc\/#breadcrumb\"},\"inLanguage\":\"fr-FR\",\"potentialAction\":[{\"@type\":\"ReadAction\",\"target\":[\"https:\/\/naturaedecor.ca\/fr\/produit\/out-para-31bc\/\"]}]},{\"@type\":\"ImageObject\",\"inLanguage\":\"fr-FR\",\"@id\":\"https:\/\/naturaedecor.ca\/fr\/produit\/out-para-31bc\/#primaryimage\",\"url\":\"https:\/\/naturaedecor.ca\/wp-content\/uploads\/2021\/08\/1_OUT-PARA-31.jpg\",\"contentUrl\":\"https:\/\/naturaedecor.ca\/wp-content\/uploads\/2021\/08\/1_OUT-PARA-31.jpg\",\"width\":2000,\"height\":2000},{\"@type\":\"BreadcrumbList\",\"@id\":\"https:\/\/naturaedecor.ca\/fr\/produit\/out-para-31bc\/#breadcrumb\",\"itemListElement\":[{\"@type\":\"ListItem\",\"position\":1,\"name\":\"Home\",\"item\":\"https:\/\/naturaedecor.ca\/\"},{\"@type\":\"ListItem\",\"position\":2,\"name\":\"Shop\",\"item\":\"https:\/\/naturaedecor.ca\/shop\/\"},{\"@type\":\"ListItem\",\"position\":3,\"name\":\"OISEAU DU PARADIS 31 po ARTIFICIEL INT\u00c9RIEUR et EXT\u00c9RIEUR EN POT NOIR\"}]},{\"@type\":\"WebSite\",\"@id\":\"https:\/\/naturaedecor.ca\/#website\",\"url\":\"https:\/\/naturaedecor.ca\/\",\"name\":\"Naturae Decor\",\"description\":\"Add a feeling of tranquility to your space\",\"publisher\":{\"@id\":\"https:\/\/naturaedecor.ca\/#organization\"},\"potentialAction\":[{\"@type\":\"SearchAction\",\"target\":{\"@type\":\"EntryPoint\",\"urlTemplate\":\"https:\/\/naturaedecor.ca\/?s={search_term_string}\"},\"query-input\":{\"@type\":\"PropertyValueSpecification\",\"valueRequired\":true,\"valueName\":\"search_term_string\"}}],\"inLanguage\":\"fr-FR\"},{\"@type\":\"Organization\",\"@id\":\"https:\/\/naturaedecor.ca\/#organization\",\"name\":\"Naturae Decor\",\"url\":\"https:\/\/naturaedecor.ca\/\",\"logo\":{\"@type\":\"ImageObject\",\"inLanguage\":\"fr-FR\",\"@id\":\"https:\/\/naturaedecor.ca\/#\/schema\/logo\/image\/\",\"url\":\"https:\/\/naturaedecor.ca\/wp-content\/uploads\/2021\/07\/logo-sticky.png\",\"contentUrl\":\"https:\/\/naturaedecor.ca\/wp-content\/uploads\/2021\/07\/logo-sticky.png\",\"width\":248,\"height\":96,\"caption\":\"Naturae Decor\"},\"image\":{\"@id\":\"https:\/\/naturaedecor.ca\/#\/schema\/logo\/image\/\"},\"sameAs\":[\"https:\/\/www.facebook.com\/naturaedecor\/\",\"https:\/\/x.com\/Naturaedecor\",\"https:\/\/www.instagram.com\/naturaedecor\/\",\"https:\/\/www.pinterest.ca\/naturaedecor\/\"]}]}<\/script>\n<!-- \/ Yoast SEO plugin. -->","yoast_head_json":{"title":"Oiseau du paradis 31\" artificiel int\u00e9rieur & ext\u00e9rieur en pot noir","robots":{"index":"index","follow":"follow","max-snippet":"max-snippet:-1","max-image-preview":"max-image-preview:large","max-video-preview":"max-video-preview:-1"},"canonical":"https:\/\/naturaedecor.ca\/fr\/produit\/out-para-31bc\/","og_locale":"fr_FR","og_type":"article","og_title":"Oiseau du paradis 31\" artificiel int\u00e9rieur & ext\u00e9rieur en pot noir","og_description":"Procurez-vous l&rsquo;oiseau du paradis Naturae Decor pour ajouter de la verdure dans votre demeure. Ces plantes d\u2019allure si r\u00e9aliste d\u00e9gageront des ondes positives partout o\u00f9 vous les placerez. Color\u00e9e et moderne, cette plante est offerte en trois tailles pour s&rsquo;adapter au mieux \u00e0 votre espace. Faites votre choix entre 31 pouces, 45 pouces ou 70 [&hellip;]","og_url":"https:\/\/naturaedecor.ca\/fr\/produit\/out-para-31bc\/","og_site_name":"Naturae Decor","article_publisher":"https:\/\/www.facebook.com\/naturaedecor\/","article_modified_time":"2023-08-28T02:31:04+00:00","og_image":[{"width":2000,"height":2000,"url":"https:\/\/naturaedecor.ca\/wp-content\/uploads\/2021\/08\/1_OUT-PARA-31.jpg","type":"image\/jpeg"}],"twitter_card":"summary_large_image","twitter_site":"@Naturaedecor","schema":{"@context":"https:\/\/schema.org","@graph":[{"@type":"WebPage","@id":"https:\/\/naturaedecor.ca\/fr\/produit\/out-para-31bc\/","url":"https:\/\/naturaedecor.ca\/fr\/produit\/out-para-31bc\/","name":"Oiseau du paradis 31\" artificiel int\u00e9rieur & ext\u00e9rieur en pot noir","isPartOf":{"@id":"https:\/\/naturaedecor.ca\/#website"},"primaryImageOfPage":{"@id":"https:\/\/naturaedecor.ca\/fr\/produit\/out-para-31bc\/#primaryimage"},"image":{"@id":"https:\/\/naturaedecor.ca\/fr\/produit\/out-para-31bc\/#primaryimage"},"thumbnailUrl":"https:\/\/naturaedecor.ca\/wp-content\/uploads\/2021\/08\/1_OUT-PARA-31.jpg","datePublished":"2021-08-05T19:31:12+00:00","dateModified":"2023-08-28T02:31:04+00:00","breadcrumb":{"@id":"https:\/\/naturaedecor.ca\/fr\/produit\/out-para-31bc\/#breadcrumb"},"inLanguage":"fr-FR","potentialAction":[{"@type":"ReadAction","target":["https:\/\/naturaedecor.ca\/fr\/produit\/out-para-31bc\/"]}]},{"@type":"ImageObject","inLanguage":"fr-FR","@id":"https:\/\/naturaedecor.ca\/fr\/produit\/out-para-31bc\/#primaryimage","url":"https:\/\/naturaedecor.ca\/wp-content\/uploads\/2021\/08\/1_OUT-PARA-31.jpg","contentUrl":"https:\/\/naturaedecor.ca\/wp-content\/uploads\/2021\/08\/1_OUT-PARA-31.jpg","width":2000,"height":2000},{"@type":"BreadcrumbList","@id":"https:\/\/naturaedecor.ca\/fr\/produit\/out-para-31bc\/#breadcrumb","itemListElement":[{"@type":"ListItem","position":1,"name":"Home","item":"https:\/\/naturaedecor.ca\/"},{"@type":"ListItem","position":2,"name":"Shop","item":"https:\/\/naturaedecor.ca\/shop\/"},{"@type":"ListItem","position":3,"name":"OISEAU DU PARADIS 31 po ARTIFICIEL INT\u00c9RIEUR et EXT\u00c9RIEUR EN POT NOIR"}]},{"@type":"WebSite","@id":"https:\/\/naturaedecor.ca\/#website","url":"https:\/\/naturaedecor.ca\/","name":"Naturae Decor","description":"Add a feeling of tranquility to your space","publisher":{"@id":"https:\/\/naturaedecor.ca\/#organization"},"potentialAction":[{"@type":"SearchAction","target":{"@type":"EntryPoint","urlTemplate":"https:\/\/naturaedecor.ca\/?s={search_term_string}"},"query-input":{"@type":"PropertyValueSpecification","valueRequired":true,"valueName":"search_term_string"}}],"inLanguage":"fr-FR"},{"@type":"Organization","@id":"https:\/\/naturaedecor.ca\/#organization","name":"Naturae Decor","url":"https:\/\/naturaedecor.ca\/","logo":{"@type":"ImageObject","inLanguage":"fr-FR","@id":"https:\/\/naturaedecor.ca\/#\/schema\/logo\/image\/","url":"https:\/\/naturaedecor.ca\/wp-content\/uploads\/2021\/07\/logo-sticky.png","contentUrl":"https:\/\/naturaedecor.ca\/wp-content\/uploads\/2021\/07\/logo-sticky.png","width":248,"height":96,"caption":"Naturae Decor"},"image":{"@id":"https:\/\/naturaedecor.ca\/#\/schema\/logo\/image\/"},"sameAs":["https:\/\/www.facebook.com\/naturaedecor\/","https:\/\/x.com\/Naturaedecor","https:\/\/www.instagram.com\/naturaedecor\/","https:\/\/www.pinterest.ca\/naturaedecor\/"]}]}},"_links":{"self":[{"href":"https:\/\/naturaedecor.ca\/fr\/wp-json\/wp\/v2\/product\/4993","targetHints":{"allow":["GET"]}}],"collection":[{"href":"https:\/\/naturaedecor.ca\/fr\/wp-json\/wp\/v2\/product"}],"about":[{"href":"https:\/\/naturaedecor.ca\/fr\/wp-json\/wp\/v2\/types\/product"}],"replies":[{"embeddable":true,"href":"https:\/\/naturaedecor.ca\/fr\/wp-json\/wp\/v2\/comments?post=4993"}],"wp:featuredmedia":[{"embeddable":true,"href":"https:\/\/naturaedecor.ca\/fr\/wp-json\/wp\/v2\/media\/6761"}],"wp:attachment":[{"href":"https:\/\/naturaedecor.ca\/fr\/wp-json\/wp\/v2\/media?parent=4993"}],"wp:term":[{"taxonomy":"product_brand","embeddable":true,"href":"https:\/\/naturaedecor.ca\/fr\/wp-json\/wp\/v2\/product_brand?post=4993"},{"taxonomy":"product_cat","embeddable":true,"href":"https:\/\/naturaedecor.ca\/fr\/wp-json\/wp\/v2\/product_cat?post=4993"},{"taxonomy":"product_tag","embeddable":true,"href":"https:\/\/naturaedecor.ca\/fr\/wp-json\/wp\/v2\/product_tag?post=4993"}],"curies":[{"name":"wp","href":"https:\/\/api.w.org\/{rel}","templated":true}]}}