{"id":5010,"date":"2021-08-05T15:31:08","date_gmt":"2021-08-05T19:31:08","guid":{"rendered":"https:\/\/naturaedecor.com\/wp2021\/product\/trp3672br-4000-6pk\/"},"modified":"2023-01-23T21:53:16","modified_gmt":"2023-01-24T02:53:16","slug":"trp3672br-4000-6pk","status":"publish","type":"product","link":"https:\/\/naturaedecor.ca\/fr\/produit\/trp3672br-4000-6pk\/","title":{"rendered":"TREILLIS DE PVC EXTENSIBLE 36 po x 72 po FEUILLE DE GARD\u00c9NIA 6 PCS"},"content":{"rendered":"<p>Le treillis extensible Naturae Decor sera le compl\u00e9ment parfait pour ajouter du style et une v\u00e9g\u00e9tation r\u00e9aliste \u00e0 votre espace ext\u00e9rieur. Fabriqu\u00e9 avec des feuilles r\u00e9sistantes aux rayons UV et des mat\u00e9riaux de haute qualit\u00e9, votre espace demeurera \u00e0 l\u2019abri des regards indiscrets et vous pourrez profiter de ce produit pendant des ann\u00e9es sans avoir \u00e0 le remplacer. Une solution polyvalente pour \u00e9gayer et accentuer le design de n\u2019importe quel espace, que ce soit un patio, une terrasse ou un balcon. Le luxueux feuillage artificiel qui semble si r\u00e9el ne n\u00e9cessite aucun entretien. Facile \u00e0 installer. Ses mat\u00e9riaux robustes et l\u00e9gers en permettent une utilisation ext\u00e9rieure. \u00c9tendez le treillis \u00e0 la largeur et \u00e0 la hauteur souhait\u00e9es et fixez-le tout simplement \u00e0 un support. Format standard \u2013 extension optimale \u00e0 36 po x 72 po et extension maximum \u00e0 18 po x 90 po (16 po x 48 po lorsque pli\u00e9). Le treillis extensible est une solution \u00e9conomique pour ajouter de la v\u00e9g\u00e9tation instantan\u00e9e \u00e0 votre projet, peu importe son envergure, lui injectant ainsi du style et de l\u2019intimit\u00e9.<\/p>\n<p>DE L\u2019INTIMIT\u00c9 POUR VOTRE ESPACE &#8211; Les \u00e9crans d&rsquo;intimit\u00e9 Naturae Decor sont le moyen id\u00e9al pour cr\u00e9er un environnement serein et vous abriter des regards indiscrets sur votre terrasse, patio ou balcon.<\/p>\n<p>TREILLIS EXTENSIBLE &#8211; \u00c9tirez tout simplement le treillis selon la taille et la densit\u00e9 recherch\u00e9es. La dimension optimale est de 36 po x 72 po, mais le treillis peut couvrir un maximum de 18 po x 90 po. Facile \u00e0 installer, il apportera intimit\u00e9 et beaut\u00e9 \u00e0 tous vos projets, quelle que soit leur envergure.<\/p>\n<p>R\u00c9SISTANT AUX UV &#8211; Les feuilles de nos \u00e9crans d\u2019intimit\u00e9 sont faites de poly\u00e9thyl\u00e8ne de haute qualit\u00e9. Elles r\u00e9sistent aux rayons UV et donc \u00e0 la d\u00e9coloration, en plus d\u2019\u00eatre faciles \u00e0 nettoyer. Du style et de l\u2019intimit\u00e9 pour un minimum d\u2019entretien.<\/p>\n<p>FEUILLAGE ARTIFICIEL R\u00c9ALISTE &#8211; Con\u00e7u pour r\u00e9sister aux saisons et apporter style et intimit\u00e9 \u00e0 votre espace ext\u00e9rieur tout au long de l\u2019ann\u00e9e. Garantie de 2 ans incluse.<\/p>\n<p>MAT\u00c9RIAUX L\u00c9GERS &#8211; Nos treillis extensibles sont faits de PVC, les rendant ainsi l\u00e9gers sans toutefois compromettre leur r\u00f4le premier : ces \u00e9crans d\u2019intimit\u00e9 pour votre patio demeureront droits et en place. Inclus un treillis extensible et les attaches pour l\u2019installer.<\/p>\n","protected":false},"excerpt":{"rendered":"<p>Le treillis extensible Naturae Decor sera le compl\u00e9ment parfait pour ajouter du style et une v\u00e9g\u00e9tation r\u00e9aliste \u00e0 votre espace ext\u00e9rieur. Fabriqu\u00e9 avec des feuilles r\u00e9sistantes aux rayons UV et des mat\u00e9riaux de haute qualit\u00e9, votre espace demeurera \u00e0 l\u2019abri des regards indiscrets et vous pourrez profiter de ce produit pendant des ann\u00e9es sans avoir [&hellip;]<\/p>\n","protected":false},"featured_media":7044,"comment_status":"open","ping_status":"closed","template":"","meta":{"_acf_changed":false},"product_brand":[],"product_cat":[],"product_tag":[],"class_list":{"0":"post-5010","1":"product","2":"type-product","3":"status-publish","4":"has-post-thumbnail","7":"first","8":"outofstock","9":"taxable","10":"shipping-taxable","11":"purchasable","12":"product-type-simple"},"acf":[],"yoast_head":"<!-- This site is optimized with the Yoast SEO plugin v27.1.1 - https:\/\/yoast.com\/product\/yoast-seo-wordpress\/ -->\n<title>Treillis de pvc extensible 36&quot;x72&quot; feuille de gard\u00e9nia 6 pi\u00e8ces<\/title>\n<meta name=\"robots\" content=\"index, follow, max-snippet:-1, max-image-preview:large, max-video-preview:-1\" \/>\n<link rel=\"canonical\" href=\"https:\/\/naturaedecor.ca\/fr\/produit\/trp3672br-4000-6pk\/\" \/>\n<meta property=\"og:locale\" content=\"fr_FR\" \/>\n<meta property=\"og:type\" content=\"article\" \/>\n<meta property=\"og:title\" content=\"Treillis de pvc extensible 36&quot;x72&quot; feuille de gard\u00e9nia 6 pi\u00e8ces\" \/>\n<meta property=\"og:description\" content=\"Le treillis extensible Naturae Decor sera le compl\u00e9ment parfait pour ajouter du style et une v\u00e9g\u00e9tation r\u00e9aliste \u00e0 votre espace ext\u00e9rieur. Fabriqu\u00e9 avec des feuilles r\u00e9sistantes aux rayons UV et des mat\u00e9riaux de haute qualit\u00e9, votre espace demeurera \u00e0 l\u2019abri des regards indiscrets et vous pourrez profiter de ce produit pendant des ann\u00e9es sans avoir [&hellip;]\" \/>\n<meta property=\"og:url\" content=\"https:\/\/naturaedecor.ca\/fr\/produit\/trp3672br-4000-6pk\/\" \/>\n<meta property=\"og:site_name\" content=\"Naturae Decor\" \/>\n<meta property=\"article:publisher\" content=\"https:\/\/www.facebook.com\/naturaedecor\/\" \/>\n<meta property=\"article:modified_time\" content=\"2023-01-24T02:53:16+00:00\" \/>\n<meta property=\"og:image\" content=\"https:\/\/naturaedecor.ca\/wp-content\/uploads\/2021\/08\/1_PVCTrellis-PT01-1-1024x1024.jpg\" \/>\n\t<meta property=\"og:image:width\" content=\"1024\" \/>\n\t<meta property=\"og:image:height\" content=\"1024\" \/>\n\t<meta property=\"og:image:type\" content=\"image\/jpeg\" \/>\n<meta name=\"twitter:card\" content=\"summary_large_image\" \/>\n<meta name=\"twitter:site\" content=\"@Naturaedecor\" \/>\n<script type=\"application\/ld+json\" class=\"yoast-schema-graph\">{\"@context\":\"https:\/\/schema.org\",\"@graph\":[{\"@type\":\"WebPage\",\"@id\":\"https:\/\/naturaedecor.ca\/fr\/produit\/trp3672br-4000-6pk\/\",\"url\":\"https:\/\/naturaedecor.ca\/fr\/produit\/trp3672br-4000-6pk\/\",\"name\":\"Treillis de pvc extensible 36\\\"x72\\\" feuille de gard\u00e9nia 6 pi\u00e8ces\",\"isPartOf\":{\"@id\":\"https:\/\/naturaedecor.ca\/#website\"},\"primaryImageOfPage\":{\"@id\":\"https:\/\/naturaedecor.ca\/fr\/produit\/trp3672br-4000-6pk\/#primaryimage\"},\"image\":{\"@id\":\"https:\/\/naturaedecor.ca\/fr\/produit\/trp3672br-4000-6pk\/#primaryimage\"},\"thumbnailUrl\":\"https:\/\/naturaedecor.ca\/wp-content\/uploads\/2021\/08\/1_PVCTrellis-PT01-1.jpg\",\"datePublished\":\"2021-08-05T19:31:08+00:00\",\"dateModified\":\"2023-01-24T02:53:16+00:00\",\"breadcrumb\":{\"@id\":\"https:\/\/naturaedecor.ca\/fr\/produit\/trp3672br-4000-6pk\/#breadcrumb\"},\"inLanguage\":\"fr-FR\",\"potentialAction\":[{\"@type\":\"ReadAction\",\"target\":[\"https:\/\/naturaedecor.ca\/fr\/produit\/trp3672br-4000-6pk\/\"]}]},{\"@type\":\"ImageObject\",\"inLanguage\":\"fr-FR\",\"@id\":\"https:\/\/naturaedecor.ca\/fr\/produit\/trp3672br-4000-6pk\/#primaryimage\",\"url\":\"https:\/\/naturaedecor.ca\/wp-content\/uploads\/2021\/08\/1_PVCTrellis-PT01-1.jpg\",\"contentUrl\":\"https:\/\/naturaedecor.ca\/wp-content\/uploads\/2021\/08\/1_PVCTrellis-PT01-1.jpg\",\"width\":2000,\"height\":2000},{\"@type\":\"BreadcrumbList\",\"@id\":\"https:\/\/naturaedecor.ca\/fr\/produit\/trp3672br-4000-6pk\/#breadcrumb\",\"itemListElement\":[{\"@type\":\"ListItem\",\"position\":1,\"name\":\"Home\",\"item\":\"https:\/\/naturaedecor.ca\/\"},{\"@type\":\"ListItem\",\"position\":2,\"name\":\"Shop\",\"item\":\"https:\/\/naturaedecor.ca\/shop\/\"},{\"@type\":\"ListItem\",\"position\":3,\"name\":\"TREILLIS DE PVC EXTENSIBLE 36 po x 72 po FEUILLE DE GARD\u00c9NIA 6 PCS\"}]},{\"@type\":\"WebSite\",\"@id\":\"https:\/\/naturaedecor.ca\/#website\",\"url\":\"https:\/\/naturaedecor.ca\/\",\"name\":\"Naturae Decor\",\"description\":\"Add a feeling of tranquility to your space\",\"publisher\":{\"@id\":\"https:\/\/naturaedecor.ca\/#organization\"},\"potentialAction\":[{\"@type\":\"SearchAction\",\"target\":{\"@type\":\"EntryPoint\",\"urlTemplate\":\"https:\/\/naturaedecor.ca\/?s={search_term_string}\"},\"query-input\":{\"@type\":\"PropertyValueSpecification\",\"valueRequired\":true,\"valueName\":\"search_term_string\"}}],\"inLanguage\":\"fr-FR\"},{\"@type\":\"Organization\",\"@id\":\"https:\/\/naturaedecor.ca\/#organization\",\"name\":\"Naturae Decor\",\"url\":\"https:\/\/naturaedecor.ca\/\",\"logo\":{\"@type\":\"ImageObject\",\"inLanguage\":\"fr-FR\",\"@id\":\"https:\/\/naturaedecor.ca\/#\/schema\/logo\/image\/\",\"url\":\"https:\/\/naturaedecor.ca\/wp-content\/uploads\/2021\/07\/logo-sticky.png\",\"contentUrl\":\"https:\/\/naturaedecor.ca\/wp-content\/uploads\/2021\/07\/logo-sticky.png\",\"width\":248,\"height\":96,\"caption\":\"Naturae Decor\"},\"image\":{\"@id\":\"https:\/\/naturaedecor.ca\/#\/schema\/logo\/image\/\"},\"sameAs\":[\"https:\/\/www.facebook.com\/naturaedecor\/\",\"https:\/\/x.com\/Naturaedecor\",\"https:\/\/www.instagram.com\/naturaedecor\/\",\"https:\/\/www.pinterest.ca\/naturaedecor\/\"]}]}<\/script>\n<!-- \/ Yoast SEO plugin. -->","yoast_head_json":{"title":"Treillis de pvc extensible 36\"x72\" feuille de gard\u00e9nia 6 pi\u00e8ces","robots":{"index":"index","follow":"follow","max-snippet":"max-snippet:-1","max-image-preview":"max-image-preview:large","max-video-preview":"max-video-preview:-1"},"canonical":"https:\/\/naturaedecor.ca\/fr\/produit\/trp3672br-4000-6pk\/","og_locale":"fr_FR","og_type":"article","og_title":"Treillis de pvc extensible 36\"x72\" feuille de gard\u00e9nia 6 pi\u00e8ces","og_description":"Le treillis extensible Naturae Decor sera le compl\u00e9ment parfait pour ajouter du style et une v\u00e9g\u00e9tation r\u00e9aliste \u00e0 votre espace ext\u00e9rieur. Fabriqu\u00e9 avec des feuilles r\u00e9sistantes aux rayons UV et des mat\u00e9riaux de haute qualit\u00e9, votre espace demeurera \u00e0 l\u2019abri des regards indiscrets et vous pourrez profiter de ce produit pendant des ann\u00e9es sans avoir [&hellip;]","og_url":"https:\/\/naturaedecor.ca\/fr\/produit\/trp3672br-4000-6pk\/","og_site_name":"Naturae Decor","article_publisher":"https:\/\/www.facebook.com\/naturaedecor\/","article_modified_time":"2023-01-24T02:53:16+00:00","og_image":[{"width":1024,"height":1024,"url":"https:\/\/naturaedecor.ca\/wp-content\/uploads\/2021\/08\/1_PVCTrellis-PT01-1-1024x1024.jpg","type":"image\/jpeg"}],"twitter_card":"summary_large_image","twitter_site":"@Naturaedecor","schema":{"@context":"https:\/\/schema.org","@graph":[{"@type":"WebPage","@id":"https:\/\/naturaedecor.ca\/fr\/produit\/trp3672br-4000-6pk\/","url":"https:\/\/naturaedecor.ca\/fr\/produit\/trp3672br-4000-6pk\/","name":"Treillis de pvc extensible 36\"x72\" feuille de gard\u00e9nia 6 pi\u00e8ces","isPartOf":{"@id":"https:\/\/naturaedecor.ca\/#website"},"primaryImageOfPage":{"@id":"https:\/\/naturaedecor.ca\/fr\/produit\/trp3672br-4000-6pk\/#primaryimage"},"image":{"@id":"https:\/\/naturaedecor.ca\/fr\/produit\/trp3672br-4000-6pk\/#primaryimage"},"thumbnailUrl":"https:\/\/naturaedecor.ca\/wp-content\/uploads\/2021\/08\/1_PVCTrellis-PT01-1.jpg","datePublished":"2021-08-05T19:31:08+00:00","dateModified":"2023-01-24T02:53:16+00:00","breadcrumb":{"@id":"https:\/\/naturaedecor.ca\/fr\/produit\/trp3672br-4000-6pk\/#breadcrumb"},"inLanguage":"fr-FR","potentialAction":[{"@type":"ReadAction","target":["https:\/\/naturaedecor.ca\/fr\/produit\/trp3672br-4000-6pk\/"]}]},{"@type":"ImageObject","inLanguage":"fr-FR","@id":"https:\/\/naturaedecor.ca\/fr\/produit\/trp3672br-4000-6pk\/#primaryimage","url":"https:\/\/naturaedecor.ca\/wp-content\/uploads\/2021\/08\/1_PVCTrellis-PT01-1.jpg","contentUrl":"https:\/\/naturaedecor.ca\/wp-content\/uploads\/2021\/08\/1_PVCTrellis-PT01-1.jpg","width":2000,"height":2000},{"@type":"BreadcrumbList","@id":"https:\/\/naturaedecor.ca\/fr\/produit\/trp3672br-4000-6pk\/#breadcrumb","itemListElement":[{"@type":"ListItem","position":1,"name":"Home","item":"https:\/\/naturaedecor.ca\/"},{"@type":"ListItem","position":2,"name":"Shop","item":"https:\/\/naturaedecor.ca\/shop\/"},{"@type":"ListItem","position":3,"name":"TREILLIS DE PVC EXTENSIBLE 36 po x 72 po FEUILLE DE GARD\u00c9NIA 6 PCS"}]},{"@type":"WebSite","@id":"https:\/\/naturaedecor.ca\/#website","url":"https:\/\/naturaedecor.ca\/","name":"Naturae Decor","description":"Add a feeling of tranquility to your space","publisher":{"@id":"https:\/\/naturaedecor.ca\/#organization"},"potentialAction":[{"@type":"SearchAction","target":{"@type":"EntryPoint","urlTemplate":"https:\/\/naturaedecor.ca\/?s={search_term_string}"},"query-input":{"@type":"PropertyValueSpecification","valueRequired":true,"valueName":"search_term_string"}}],"inLanguage":"fr-FR"},{"@type":"Organization","@id":"https:\/\/naturaedecor.ca\/#organization","name":"Naturae Decor","url":"https:\/\/naturaedecor.ca\/","logo":{"@type":"ImageObject","inLanguage":"fr-FR","@id":"https:\/\/naturaedecor.ca\/#\/schema\/logo\/image\/","url":"https:\/\/naturaedecor.ca\/wp-content\/uploads\/2021\/07\/logo-sticky.png","contentUrl":"https:\/\/naturaedecor.ca\/wp-content\/uploads\/2021\/07\/logo-sticky.png","width":248,"height":96,"caption":"Naturae Decor"},"image":{"@id":"https:\/\/naturaedecor.ca\/#\/schema\/logo\/image\/"},"sameAs":["https:\/\/www.facebook.com\/naturaedecor\/","https:\/\/x.com\/Naturaedecor","https:\/\/www.instagram.com\/naturaedecor\/","https:\/\/www.pinterest.ca\/naturaedecor\/"]}]}},"_links":{"self":[{"href":"https:\/\/naturaedecor.ca\/fr\/wp-json\/wp\/v2\/product\/5010","targetHints":{"allow":["GET"]}}],"collection":[{"href":"https:\/\/naturaedecor.ca\/fr\/wp-json\/wp\/v2\/product"}],"about":[{"href":"https:\/\/naturaedecor.ca\/fr\/wp-json\/wp\/v2\/types\/product"}],"replies":[{"embeddable":true,"href":"https:\/\/naturaedecor.ca\/fr\/wp-json\/wp\/v2\/comments?post=5010"}],"wp:featuredmedia":[{"embeddable":true,"href":"https:\/\/naturaedecor.ca\/fr\/wp-json\/wp\/v2\/media\/7044"}],"wp:attachment":[{"href":"https:\/\/naturaedecor.ca\/fr\/wp-json\/wp\/v2\/media?parent=5010"}],"wp:term":[{"taxonomy":"product_brand","embeddable":true,"href":"https:\/\/naturaedecor.ca\/fr\/wp-json\/wp\/v2\/product_brand?post=5010"},{"taxonomy":"product_cat","embeddable":true,"href":"https:\/\/naturaedecor.ca\/fr\/wp-json\/wp\/v2\/product_cat?post=5010"},{"taxonomy":"product_tag","embeddable":true,"href":"https:\/\/naturaedecor.ca\/fr\/wp-json\/wp\/v2\/product_tag?post=5010"}],"curies":[{"name":"wp","href":"https:\/\/api.w.org\/{rel}","templated":true}]}}