{"id":5020,"date":"2021-08-05T15:31:06","date_gmt":"2021-08-05T19:31:06","guid":{"rendered":"https:\/\/naturaedecor.com\/wp2021\/product\/rld4096-1000-1pk\/"},"modified":"2023-01-23T21:05:03","modified_gmt":"2023-01-24T02:05:03","slug":"rld4096-1000-1pk","status":"publish","type":"product","link":"https:\/\/naturaedecor.ca\/fr\/produit\/rld4096-1000-1pk\/","title":{"rendered":"\u00c9CRAN D&rsquo;INTIMIT\u00c9 40 po x 96 po LIERRE"},"content":{"rendered":"<p>Les \u00e9crans d\u2019intimit\u00e9 en faux lierre Naturae Decor apporteront une belle touche de verdure apaisante \u00e0 votre espace pr\u00e9f\u00e9r\u00e9 tout en aidant \u00e0 vous abriter des regards indiscrets. Ces rouleaux de haie artificielle flexibles sont fabriqu\u00e9s \u00e0 partir de mat\u00e9riaux de haute qualit\u00e9 et mont\u00e9s sur un filet en poly\u00e9thyl\u00e8ne robuste. Mesurant 40 po x 96 po, ces \u00e9crans sont faciles \u00e0 installer et peuvent \u00eatre d\u00e9pli\u00e9s ou attach\u00e9s ensemble sur pratiquement n&rsquo;importe quelle surface, cr\u00e9ant ainsi un bel effet homog\u00e8ne. Leur feuillage en faux lierre r\u00e9aliste et dense offre de l\u2019ombre et une intimit\u00e9 optimale sans espaces, tout en permettant \u00e0 l&rsquo;air de circuler. Les feuilles sont d\u00e9coup\u00e9es dans du mat\u00e9riel 100 % polyester r\u00e9sistant aux intemp\u00e9ries et aux rayons UV pour une utilisation \u00e0 l\u2019ann\u00e9e. Une solution polyvalente pour \u00e9gayer et accentuer le design de n\u2019importe quel espace. Transformez instantan\u00e9ment votre patio, terrasse, balcon, cl\u00f4ture ou cour avec un minimum d&rsquo;effort. Et avec le peu d&rsquo;entretien requis, vous aurez plus de temps pour vous d\u00e9tendre.<\/p>\n<p>DE L&rsquo;INTIMIT\u00c9 POUR VOTRE ESPACE &#8211; Les \u00e9crans d\u2019intimit\u00e9 Naturae Decor sont parfaits pour cr\u00e9er un environnement serein et vous abriter des regards indiscrets sur votre terrasse, patio ou balcon. Ils sont parfaits pour bloquer la lumi\u00e8re du soleil tout en laissant l\u2019air passer pour que vous puissiez profiter de l\u2019intimit\u00e9 de votre espace.<\/p>\n<p>AM\u00c9LIOREZ VOTRE ESPACE EXT\u00c9RIEUR &#8211; D\u00e9roulez et fixez la cl\u00f4ture artificielle en lierre sur pratiquement toutes les surfaces pour un effet homog\u00e8ne. Facile \u00e0 installer, elle apportera intimit\u00e9 et beaut\u00e9 \u00e0 tous vos projets, quelle que soit leur envergure.<\/p>\n<p>R\u00c9SISTANT AUX UV \u2013 Faciles \u00e0 nettoyer, les feuilles de nos \u00e9crans d\u2019intimit\u00e9 en faux lierre sont d\u00e9coup\u00e9es dans du mat\u00e9riel de haute qualit\u00e9 100 % polyester r\u00e9sistant aux intemp\u00e9ries et aux rayons UV pour \u00e9viter la d\u00e9coloration. Du style et de l\u2019intimit\u00e9 pour un minimum d\u2019entretien.<\/p>\n<p>FEUILLAGE ARTIFICIEL R\u00c9ALISTE \u2013 Con\u00e7u pour r\u00e9sister aux saisons et apporter style et intimit\u00e9 \u00e0 votre espace ext\u00e9rieur tout au long de l\u2019ann\u00e9e. Garantie de 1 an incluse.<\/p>\n<p>MAT\u00c9RIAUX DURABLES \u2013 Notre \u00e9cran d\u2019intimit\u00e9 de faux lierre a un feuillage \u00e9pais mont\u00e9 sur un filet en poly\u00e9thyl\u00e8ne robuste. Bien que le produit mesure 40 po x 96 po, un rouleau peut \u00eatre coup\u00e9 et pli\u00e9 pour s\u2019adapter \u00e0 de multiples applications. Les attaches pour l\u2019installation sont incluses dans l\u2019emballage.<\/p>\n","protected":false},"excerpt":{"rendered":"<p>Les \u00e9crans d\u2019intimit\u00e9 en faux lierre Naturae Decor apporteront une belle touche de verdure apaisante \u00e0 votre espace pr\u00e9f\u00e9r\u00e9 tout en aidant \u00e0 vous abriter des regards indiscrets. Ces rouleaux de haie artificielle flexibles sont fabriqu\u00e9s \u00e0 partir de mat\u00e9riaux de haute qualit\u00e9 et mont\u00e9s sur un filet en poly\u00e9thyl\u00e8ne robuste. Mesurant 40 po x [&hellip;]<\/p>\n","protected":false},"featured_media":6901,"comment_status":"open","ping_status":"closed","template":"","meta":{"_acf_changed":false},"product_brand":[],"product_cat":[123],"product_tag":[],"class_list":{"0":"post-5020","1":"product","2":"type-product","3":"status-publish","4":"has-post-thumbnail","6":"product_cat-rouleaux-de-haie","8":"first","9":"outofstock","10":"taxable","11":"shipping-taxable","12":"purchasable","13":"product-type-simple"},"acf":[],"yoast_head":"<!-- This site is optimized with the Yoast SEO plugin v27.3 - https:\/\/yoast.com\/product\/yoast-seo-wordpress\/ -->\n<title>\u00c9cran d&#039;intimit\u00e9 40&quot;x96&quot; lierre<\/title>\n<meta name=\"robots\" content=\"index, follow, max-snippet:-1, max-image-preview:large, max-video-preview:-1\" \/>\n<link rel=\"canonical\" href=\"https:\/\/naturaedecor.ca\/fr\/produit\/rld4096-1000-1pk\/\" \/>\n<meta property=\"og:locale\" content=\"fr_FR\" \/>\n<meta property=\"og:type\" content=\"article\" \/>\n<meta property=\"og:title\" content=\"\u00c9cran d&#039;intimit\u00e9 40&quot;x96&quot; lierre\" \/>\n<meta property=\"og:description\" content=\"Les \u00e9crans d\u2019intimit\u00e9 en faux lierre Naturae Decor apporteront une belle touche de verdure apaisante \u00e0 votre espace pr\u00e9f\u00e9r\u00e9 tout en aidant \u00e0 vous abriter des regards indiscrets. Ces rouleaux de haie artificielle flexibles sont fabriqu\u00e9s \u00e0 partir de mat\u00e9riaux de haute qualit\u00e9 et mont\u00e9s sur un filet en poly\u00e9thyl\u00e8ne robuste. Mesurant 40 po x [&hellip;]\" \/>\n<meta property=\"og:url\" content=\"https:\/\/naturaedecor.ca\/fr\/produit\/rld4096-1000-1pk\/\" \/>\n<meta property=\"og:site_name\" content=\"Naturae Decor\" \/>\n<meta property=\"article:publisher\" content=\"https:\/\/www.facebook.com\/naturaedecor\/\" \/>\n<meta property=\"article:modified_time\" content=\"2023-01-24T02:05:03+00:00\" \/>\n<meta property=\"og:image\" content=\"https:\/\/naturaedecor.ca\/wp-content\/uploads\/2021\/08\/1_RLD4096_Privacy-fence-front.jpg\" \/>\n\t<meta property=\"og:image:width\" content=\"2000\" \/>\n\t<meta property=\"og:image:height\" content=\"2000\" \/>\n\t<meta property=\"og:image:type\" content=\"image\/jpeg\" \/>\n<meta name=\"twitter:card\" content=\"summary_large_image\" \/>\n<meta name=\"twitter:site\" content=\"@Naturaedecor\" \/>\n<script type=\"application\/ld+json\" class=\"yoast-schema-graph\">{\"@context\":\"https:\\\/\\\/schema.org\",\"@graph\":[{\"@type\":\"WebPage\",\"@id\":\"https:\\\/\\\/naturaedecor.ca\\\/fr\\\/produit\\\/rld4096-1000-1pk\\\/\",\"url\":\"https:\\\/\\\/naturaedecor.ca\\\/fr\\\/produit\\\/rld4096-1000-1pk\\\/\",\"name\":\"\u00c9cran d'intimit\u00e9 40\\\"x96\\\" lierre\",\"isPartOf\":{\"@id\":\"https:\\\/\\\/naturaedecor.ca\\\/#website\"},\"primaryImageOfPage\":{\"@id\":\"https:\\\/\\\/naturaedecor.ca\\\/fr\\\/produit\\\/rld4096-1000-1pk\\\/#primaryimage\"},\"image\":{\"@id\":\"https:\\\/\\\/naturaedecor.ca\\\/fr\\\/produit\\\/rld4096-1000-1pk\\\/#primaryimage\"},\"thumbnailUrl\":\"https:\\\/\\\/naturaedecor.ca\\\/wp-content\\\/uploads\\\/2021\\\/08\\\/1_RLD4096_Privacy-fence-front.jpg\",\"datePublished\":\"2021-08-05T19:31:06+00:00\",\"dateModified\":\"2023-01-24T02:05:03+00:00\",\"breadcrumb\":{\"@id\":\"https:\\\/\\\/naturaedecor.ca\\\/fr\\\/produit\\\/rld4096-1000-1pk\\\/#breadcrumb\"},\"inLanguage\":\"fr-FR\",\"potentialAction\":[{\"@type\":\"ReadAction\",\"target\":[\"https:\\\/\\\/naturaedecor.ca\\\/fr\\\/produit\\\/rld4096-1000-1pk\\\/\"]}]},{\"@type\":\"ImageObject\",\"inLanguage\":\"fr-FR\",\"@id\":\"https:\\\/\\\/naturaedecor.ca\\\/fr\\\/produit\\\/rld4096-1000-1pk\\\/#primaryimage\",\"url\":\"https:\\\/\\\/naturaedecor.ca\\\/wp-content\\\/uploads\\\/2021\\\/08\\\/1_RLD4096_Privacy-fence-front.jpg\",\"contentUrl\":\"https:\\\/\\\/naturaedecor.ca\\\/wp-content\\\/uploads\\\/2021\\\/08\\\/1_RLD4096_Privacy-fence-front.jpg\",\"width\":2000,\"height\":2000},{\"@type\":\"BreadcrumbList\",\"@id\":\"https:\\\/\\\/naturaedecor.ca\\\/fr\\\/produit\\\/rld4096-1000-1pk\\\/#breadcrumb\",\"itemListElement\":[{\"@type\":\"ListItem\",\"position\":1,\"name\":\"Home\",\"item\":\"https:\\\/\\\/naturaedecor.ca\\\/\"},{\"@type\":\"ListItem\",\"position\":2,\"name\":\"Shop\",\"item\":\"https:\\\/\\\/naturaedecor.ca\\\/shop\\\/\"},{\"@type\":\"ListItem\",\"position\":3,\"name\":\"\u00c9CRAN D&#8217;INTIMIT\u00c9 40 po x 96 po LIERRE\"}]},{\"@type\":\"WebSite\",\"@id\":\"https:\\\/\\\/naturaedecor.ca\\\/#website\",\"url\":\"https:\\\/\\\/naturaedecor.ca\\\/\",\"name\":\"Naturae Decor\",\"description\":\"Add a feeling of tranquility to your space\",\"publisher\":{\"@id\":\"https:\\\/\\\/naturaedecor.ca\\\/#organization\"},\"potentialAction\":[{\"@type\":\"SearchAction\",\"target\":{\"@type\":\"EntryPoint\",\"urlTemplate\":\"https:\\\/\\\/naturaedecor.ca\\\/?s={search_term_string}\"},\"query-input\":{\"@type\":\"PropertyValueSpecification\",\"valueRequired\":true,\"valueName\":\"search_term_string\"}}],\"inLanguage\":\"fr-FR\"},{\"@type\":\"Organization\",\"@id\":\"https:\\\/\\\/naturaedecor.ca\\\/#organization\",\"name\":\"Naturae Decor\",\"url\":\"https:\\\/\\\/naturaedecor.ca\\\/\",\"logo\":{\"@type\":\"ImageObject\",\"inLanguage\":\"fr-FR\",\"@id\":\"https:\\\/\\\/naturaedecor.ca\\\/#\\\/schema\\\/logo\\\/image\\\/\",\"url\":\"https:\\\/\\\/naturaedecor.ca\\\/wp-content\\\/uploads\\\/2021\\\/07\\\/logo-sticky.png\",\"contentUrl\":\"https:\\\/\\\/naturaedecor.ca\\\/wp-content\\\/uploads\\\/2021\\\/07\\\/logo-sticky.png\",\"width\":248,\"height\":96,\"caption\":\"Naturae Decor\"},\"image\":{\"@id\":\"https:\\\/\\\/naturaedecor.ca\\\/#\\\/schema\\\/logo\\\/image\\\/\"},\"sameAs\":[\"https:\\\/\\\/www.facebook.com\\\/naturaedecor\\\/\",\"https:\\\/\\\/x.com\\\/Naturaedecor\",\"https:\\\/\\\/www.instagram.com\\\/naturaedecor\\\/\",\"https:\\\/\\\/www.pinterest.ca\\\/naturaedecor\\\/\"]}]}<\/script>\n<!-- \/ Yoast SEO plugin. -->","yoast_head_json":{"title":"\u00c9cran d'intimit\u00e9 40\"x96\" lierre","robots":{"index":"index","follow":"follow","max-snippet":"max-snippet:-1","max-image-preview":"max-image-preview:large","max-video-preview":"max-video-preview:-1"},"canonical":"https:\/\/naturaedecor.ca\/fr\/produit\/rld4096-1000-1pk\/","og_locale":"fr_FR","og_type":"article","og_title":"\u00c9cran d'intimit\u00e9 40\"x96\" lierre","og_description":"Les \u00e9crans d\u2019intimit\u00e9 en faux lierre Naturae Decor apporteront une belle touche de verdure apaisante \u00e0 votre espace pr\u00e9f\u00e9r\u00e9 tout en aidant \u00e0 vous abriter des regards indiscrets. Ces rouleaux de haie artificielle flexibles sont fabriqu\u00e9s \u00e0 partir de mat\u00e9riaux de haute qualit\u00e9 et mont\u00e9s sur un filet en poly\u00e9thyl\u00e8ne robuste. Mesurant 40 po x [&hellip;]","og_url":"https:\/\/naturaedecor.ca\/fr\/produit\/rld4096-1000-1pk\/","og_site_name":"Naturae Decor","article_publisher":"https:\/\/www.facebook.com\/naturaedecor\/","article_modified_time":"2023-01-24T02:05:03+00:00","og_image":[{"width":2000,"height":2000,"url":"https:\/\/naturaedecor.ca\/wp-content\/uploads\/2021\/08\/1_RLD4096_Privacy-fence-front.jpg","type":"image\/jpeg"}],"twitter_card":"summary_large_image","twitter_site":"@Naturaedecor","schema":{"@context":"https:\/\/schema.org","@graph":[{"@type":"WebPage","@id":"https:\/\/naturaedecor.ca\/fr\/produit\/rld4096-1000-1pk\/","url":"https:\/\/naturaedecor.ca\/fr\/produit\/rld4096-1000-1pk\/","name":"\u00c9cran d'intimit\u00e9 40\"x96\" lierre","isPartOf":{"@id":"https:\/\/naturaedecor.ca\/#website"},"primaryImageOfPage":{"@id":"https:\/\/naturaedecor.ca\/fr\/produit\/rld4096-1000-1pk\/#primaryimage"},"image":{"@id":"https:\/\/naturaedecor.ca\/fr\/produit\/rld4096-1000-1pk\/#primaryimage"},"thumbnailUrl":"https:\/\/naturaedecor.ca\/wp-content\/uploads\/2021\/08\/1_RLD4096_Privacy-fence-front.jpg","datePublished":"2021-08-05T19:31:06+00:00","dateModified":"2023-01-24T02:05:03+00:00","breadcrumb":{"@id":"https:\/\/naturaedecor.ca\/fr\/produit\/rld4096-1000-1pk\/#breadcrumb"},"inLanguage":"fr-FR","potentialAction":[{"@type":"ReadAction","target":["https:\/\/naturaedecor.ca\/fr\/produit\/rld4096-1000-1pk\/"]}]},{"@type":"ImageObject","inLanguage":"fr-FR","@id":"https:\/\/naturaedecor.ca\/fr\/produit\/rld4096-1000-1pk\/#primaryimage","url":"https:\/\/naturaedecor.ca\/wp-content\/uploads\/2021\/08\/1_RLD4096_Privacy-fence-front.jpg","contentUrl":"https:\/\/naturaedecor.ca\/wp-content\/uploads\/2021\/08\/1_RLD4096_Privacy-fence-front.jpg","width":2000,"height":2000},{"@type":"BreadcrumbList","@id":"https:\/\/naturaedecor.ca\/fr\/produit\/rld4096-1000-1pk\/#breadcrumb","itemListElement":[{"@type":"ListItem","position":1,"name":"Home","item":"https:\/\/naturaedecor.ca\/"},{"@type":"ListItem","position":2,"name":"Shop","item":"https:\/\/naturaedecor.ca\/shop\/"},{"@type":"ListItem","position":3,"name":"\u00c9CRAN D&#8217;INTIMIT\u00c9 40 po x 96 po LIERRE"}]},{"@type":"WebSite","@id":"https:\/\/naturaedecor.ca\/#website","url":"https:\/\/naturaedecor.ca\/","name":"Naturae Decor","description":"Add a feeling of tranquility to your space","publisher":{"@id":"https:\/\/naturaedecor.ca\/#organization"},"potentialAction":[{"@type":"SearchAction","target":{"@type":"EntryPoint","urlTemplate":"https:\/\/naturaedecor.ca\/?s={search_term_string}"},"query-input":{"@type":"PropertyValueSpecification","valueRequired":true,"valueName":"search_term_string"}}],"inLanguage":"fr-FR"},{"@type":"Organization","@id":"https:\/\/naturaedecor.ca\/#organization","name":"Naturae Decor","url":"https:\/\/naturaedecor.ca\/","logo":{"@type":"ImageObject","inLanguage":"fr-FR","@id":"https:\/\/naturaedecor.ca\/#\/schema\/logo\/image\/","url":"https:\/\/naturaedecor.ca\/wp-content\/uploads\/2021\/07\/logo-sticky.png","contentUrl":"https:\/\/naturaedecor.ca\/wp-content\/uploads\/2021\/07\/logo-sticky.png","width":248,"height":96,"caption":"Naturae Decor"},"image":{"@id":"https:\/\/naturaedecor.ca\/#\/schema\/logo\/image\/"},"sameAs":["https:\/\/www.facebook.com\/naturaedecor\/","https:\/\/x.com\/Naturaedecor","https:\/\/www.instagram.com\/naturaedecor\/","https:\/\/www.pinterest.ca\/naturaedecor\/"]}]}},"_links":{"self":[{"href":"https:\/\/naturaedecor.ca\/fr\/wp-json\/wp\/v2\/product\/5020","targetHints":{"allow":["GET"]}}],"collection":[{"href":"https:\/\/naturaedecor.ca\/fr\/wp-json\/wp\/v2\/product"}],"about":[{"href":"https:\/\/naturaedecor.ca\/fr\/wp-json\/wp\/v2\/types\/product"}],"replies":[{"embeddable":true,"href":"https:\/\/naturaedecor.ca\/fr\/wp-json\/wp\/v2\/comments?post=5020"}],"wp:featuredmedia":[{"embeddable":true,"href":"https:\/\/naturaedecor.ca\/fr\/wp-json\/wp\/v2\/media\/6901"}],"wp:attachment":[{"href":"https:\/\/naturaedecor.ca\/fr\/wp-json\/wp\/v2\/media?parent=5020"}],"wp:term":[{"taxonomy":"product_brand","embeddable":true,"href":"https:\/\/naturaedecor.ca\/fr\/wp-json\/wp\/v2\/product_brand?post=5020"},{"taxonomy":"product_cat","embeddable":true,"href":"https:\/\/naturaedecor.ca\/fr\/wp-json\/wp\/v2\/product_cat?post=5020"},{"taxonomy":"product_tag","embeddable":true,"href":"https:\/\/naturaedecor.ca\/fr\/wp-json\/wp\/v2\/product_tag?post=5020"}],"curies":[{"name":"wp","href":"https:\/\/api.w.org\/{rel}","templated":true}]}}