{"id":5027,"date":"2021-08-05T15:31:05","date_gmt":"2021-08-05T19:31:05","guid":{"rendered":"https:\/\/naturaedecor.com\/wp2021\/product\/bl13-2020-2pk\/"},"modified":"2023-01-17T20:14:24","modified_gmt":"2023-01-18T01:14:24","slug":"bl13-2020-2pk","status":"publish","type":"product","link":"https:\/\/naturaedecor.ca\/fr\/produit\/bl13-2020-2pk\/","title":{"rendered":"BOULE DE FEUILLAGE 13 po BUIS 2 PCS"},"content":{"rendered":"<p>Les plantes artificielles en buis Naturae Decor sont la solution ultime pour votre prochain projet de d\u00e9coration int\u00e9rieure. Tr\u00e8s dense et tr\u00e8s r\u00e9aliste, vos amis seront verts de jalousie devant votre nouvelle fausse plante. Cette plante est fabriqu\u00e9e en poly\u00e9thyl\u00e8ne de qualit\u00e9 sup\u00e9rieure r\u00e9sistant aux UV pour prolonger la dur\u00e9e de vie de ces boules de buis. Am\u00e9liorez instantan\u00e9ment l&rsquo;attrait de votre maison avec nos styles d&rsquo;apparence naturelle sans le travail acharn\u00e9 et le temps n\u00e9cessaires pour faire pousser ou entretenir les plantes. Un moyen \u00e9conomique d&#8217;embellir votre espace pr\u00e9f\u00e9r\u00e9, qu&rsquo;il soit int\u00e9rieur ou ext\u00e9rieur. B\u00e9n\u00e9ficiant de notre garantie de 2 ans, nos boules topiaires ont un aspect tr\u00e8s naturel et sont livr\u00e9es avec des grilles de support int\u00e9gr\u00e9es qui sont durables et con\u00e7ues pour durer en toutes saisons.<\/p>\n<p>FEUILLES R\u00c9ALISTES DE QUALIT\u00c9 SUP\u00c9RIEURE \u2013 Nos plantes artificielles en boule ont un aspect tr\u00e8s naturel et leurs grilles de support int\u00e9gr\u00e9es sont con\u00e7ues pour durer au fil des saisons.<\/p>\n<p>BOULES DE BUIS DENSES \u2013 Nos boules topiaires artificielles sont faites d\u2019un feuillage de buis dense. R\u00e9sultat\u00a0: un style instantan\u00e9 et un look parfait, sans les tracas de taille ou d\u2019arrosage.<\/p>\n<p>UTILISATION \u00c0 L&rsquo;INT\u00c9RIEUR ET \u00c0 L&rsquo;EXT\u00c9RIEUR \u2013 Nos boules de buis attireront les regards sur votre demeure. Elles ajouteront une jolie touche de design dans votre jardin et accentueront votre d\u00e9cor lors de f\u00eates, mariages ou autres \u00e9v\u00e8nements sp\u00e9ciaux. Vous pouvez m\u00eame les utiliser \u00e0 l\u2019int\u00e9rieur comme d\u00e9corations dans votre maison.<\/p>\n<p>FACILE \u00c0 ASSEMBLER &#8211; Nos plantes \u00e0 boules vertes en buis sont faciles \u00e0 assembler avec les 2 piquets et\/ou la cha\u00eene inclus. Utilisez le piquet pour attacher au sol ou la cha\u00eene pour accrocher \u00e0 l&rsquo;int\u00e9rieur ou sur un porche !<\/p>\n<p>R\u00c9SISTANT AUX UV \u2013 Ces boules de buis sont fabriqu\u00e9es de mat\u00e9riaux durables faits \u00e0 100 % de poly\u00e9thyl\u00e8ne r\u00e9sistant aux rayons UV pour prolonger leur dur\u00e9e de vie. Nos boules de buis artificielles sont couvertes par une garantie de 2 ans.<\/p>\n","protected":false},"excerpt":{"rendered":"<p>Les plantes artificielles en buis Naturae Decor sont la solution ultime pour votre prochain projet de d\u00e9coration int\u00e9rieure. Tr\u00e8s dense et tr\u00e8s r\u00e9aliste, vos amis seront verts de jalousie devant votre nouvelle fausse plante. Cette plante est fabriqu\u00e9e en poly\u00e9thyl\u00e8ne de qualit\u00e9 sup\u00e9rieure r\u00e9sistant aux UV pour prolonger la dur\u00e9e de vie de ces boules [&hellip;]<\/p>\n","protected":false},"featured_media":6404,"comment_status":"open","ping_status":"closed","template":"","meta":{"_acf_changed":false},"product_brand":[],"product_cat":[120],"product_tag":[],"class_list":{"0":"post-5027","1":"product","2":"type-product","3":"status-publish","4":"has-post-thumbnail","6":"product_cat-decor-de-jardin","8":"first","9":"instock","10":"taxable","11":"shipping-taxable","12":"purchasable","13":"product-type-simple"},"acf":[],"yoast_head":"<!-- This site is optimized with the Yoast SEO plugin v27.3 - https:\/\/yoast.com\/product\/yoast-seo-wordpress\/ -->\n<title>Boule de feuillage 13&quot; buis 2 pi\u00e8ces<\/title>\n<meta name=\"robots\" content=\"index, follow, max-snippet:-1, max-image-preview:large, max-video-preview:-1\" \/>\n<link rel=\"canonical\" href=\"https:\/\/naturaedecor.ca\/fr\/produit\/bl13-2020-2pk\/\" \/>\n<meta property=\"og:locale\" content=\"fr_FR\" \/>\n<meta property=\"og:type\" content=\"article\" \/>\n<meta property=\"og:title\" content=\"Boule de feuillage 13&quot; buis 2 pi\u00e8ces\" \/>\n<meta property=\"og:description\" content=\"Les plantes artificielles en buis Naturae Decor sont la solution ultime pour votre prochain projet de d\u00e9coration int\u00e9rieure. Tr\u00e8s dense et tr\u00e8s r\u00e9aliste, vos amis seront verts de jalousie devant votre nouvelle fausse plante. Cette plante est fabriqu\u00e9e en poly\u00e9thyl\u00e8ne de qualit\u00e9 sup\u00e9rieure r\u00e9sistant aux UV pour prolonger la dur\u00e9e de vie de ces boules [&hellip;]\" \/>\n<meta property=\"og:url\" content=\"https:\/\/naturaedecor.ca\/fr\/produit\/bl13-2020-2pk\/\" \/>\n<meta property=\"og:site_name\" content=\"Naturae Decor\" \/>\n<meta property=\"article:publisher\" content=\"https:\/\/www.facebook.com\/naturaedecor\/\" \/>\n<meta property=\"article:modified_time\" content=\"2023-01-18T01:14:24+00:00\" \/>\n<meta property=\"og:image\" content=\"https:\/\/naturaedecor.ca\/wp-content\/uploads\/2021\/08\/1_ND_BoxWood_photo_V2-1-1-scaled.jpg\" \/>\n\t<meta property=\"og:image:width\" content=\"2560\" \/>\n\t<meta property=\"og:image:height\" content=\"2560\" \/>\n\t<meta property=\"og:image:type\" content=\"image\/jpeg\" \/>\n<meta name=\"twitter:card\" content=\"summary_large_image\" \/>\n<meta name=\"twitter:site\" content=\"@Naturaedecor\" \/>\n<script type=\"application\/ld+json\" class=\"yoast-schema-graph\">{\"@context\":\"https:\\\/\\\/schema.org\",\"@graph\":[{\"@type\":\"WebPage\",\"@id\":\"https:\\\/\\\/naturaedecor.ca\\\/fr\\\/produit\\\/bl13-2020-2pk\\\/\",\"url\":\"https:\\\/\\\/naturaedecor.ca\\\/fr\\\/produit\\\/bl13-2020-2pk\\\/\",\"name\":\"Boule de feuillage 13\\\" buis 2 pi\u00e8ces\",\"isPartOf\":{\"@id\":\"https:\\\/\\\/naturaedecor.ca\\\/#website\"},\"primaryImageOfPage\":{\"@id\":\"https:\\\/\\\/naturaedecor.ca\\\/fr\\\/produit\\\/bl13-2020-2pk\\\/#primaryimage\"},\"image\":{\"@id\":\"https:\\\/\\\/naturaedecor.ca\\\/fr\\\/produit\\\/bl13-2020-2pk\\\/#primaryimage\"},\"thumbnailUrl\":\"https:\\\/\\\/naturaedecor.ca\\\/wp-content\\\/uploads\\\/2021\\\/08\\\/1_ND_BoxWood_photo_V2-1-1-scaled.jpg\",\"datePublished\":\"2021-08-05T19:31:05+00:00\",\"dateModified\":\"2023-01-18T01:14:24+00:00\",\"breadcrumb\":{\"@id\":\"https:\\\/\\\/naturaedecor.ca\\\/fr\\\/produit\\\/bl13-2020-2pk\\\/#breadcrumb\"},\"inLanguage\":\"fr-FR\",\"potentialAction\":[{\"@type\":\"ReadAction\",\"target\":[\"https:\\\/\\\/naturaedecor.ca\\\/fr\\\/produit\\\/bl13-2020-2pk\\\/\"]}]},{\"@type\":\"ImageObject\",\"inLanguage\":\"fr-FR\",\"@id\":\"https:\\\/\\\/naturaedecor.ca\\\/fr\\\/produit\\\/bl13-2020-2pk\\\/#primaryimage\",\"url\":\"https:\\\/\\\/naturaedecor.ca\\\/wp-content\\\/uploads\\\/2021\\\/08\\\/1_ND_BoxWood_photo_V2-1-1-scaled.jpg\",\"contentUrl\":\"https:\\\/\\\/naturaedecor.ca\\\/wp-content\\\/uploads\\\/2021\\\/08\\\/1_ND_BoxWood_photo_V2-1-1-scaled.jpg\",\"width\":2560,\"height\":2560},{\"@type\":\"BreadcrumbList\",\"@id\":\"https:\\\/\\\/naturaedecor.ca\\\/fr\\\/produit\\\/bl13-2020-2pk\\\/#breadcrumb\",\"itemListElement\":[{\"@type\":\"ListItem\",\"position\":1,\"name\":\"Home\",\"item\":\"https:\\\/\\\/naturaedecor.ca\\\/\"},{\"@type\":\"ListItem\",\"position\":2,\"name\":\"Shop\",\"item\":\"https:\\\/\\\/naturaedecor.ca\\\/shop\\\/\"},{\"@type\":\"ListItem\",\"position\":3,\"name\":\"BOULE DE FEUILLAGE 13 po BUIS 2 PCS\"}]},{\"@type\":\"WebSite\",\"@id\":\"https:\\\/\\\/naturaedecor.ca\\\/#website\",\"url\":\"https:\\\/\\\/naturaedecor.ca\\\/\",\"name\":\"Naturae Decor\",\"description\":\"Add a feeling of tranquility to your space\",\"publisher\":{\"@id\":\"https:\\\/\\\/naturaedecor.ca\\\/#organization\"},\"potentialAction\":[{\"@type\":\"SearchAction\",\"target\":{\"@type\":\"EntryPoint\",\"urlTemplate\":\"https:\\\/\\\/naturaedecor.ca\\\/?s={search_term_string}\"},\"query-input\":{\"@type\":\"PropertyValueSpecification\",\"valueRequired\":true,\"valueName\":\"search_term_string\"}}],\"inLanguage\":\"fr-FR\"},{\"@type\":\"Organization\",\"@id\":\"https:\\\/\\\/naturaedecor.ca\\\/#organization\",\"name\":\"Naturae Decor\",\"url\":\"https:\\\/\\\/naturaedecor.ca\\\/\",\"logo\":{\"@type\":\"ImageObject\",\"inLanguage\":\"fr-FR\",\"@id\":\"https:\\\/\\\/naturaedecor.ca\\\/#\\\/schema\\\/logo\\\/image\\\/\",\"url\":\"https:\\\/\\\/naturaedecor.ca\\\/wp-content\\\/uploads\\\/2021\\\/07\\\/logo-sticky.png\",\"contentUrl\":\"https:\\\/\\\/naturaedecor.ca\\\/wp-content\\\/uploads\\\/2021\\\/07\\\/logo-sticky.png\",\"width\":248,\"height\":96,\"caption\":\"Naturae Decor\"},\"image\":{\"@id\":\"https:\\\/\\\/naturaedecor.ca\\\/#\\\/schema\\\/logo\\\/image\\\/\"},\"sameAs\":[\"https:\\\/\\\/www.facebook.com\\\/naturaedecor\\\/\",\"https:\\\/\\\/x.com\\\/Naturaedecor\",\"https:\\\/\\\/www.instagram.com\\\/naturaedecor\\\/\",\"https:\\\/\\\/www.pinterest.ca\\\/naturaedecor\\\/\"]}]}<\/script>\n<!-- \/ Yoast SEO plugin. -->","yoast_head_json":{"title":"Boule de feuillage 13\" buis 2 pi\u00e8ces","robots":{"index":"index","follow":"follow","max-snippet":"max-snippet:-1","max-image-preview":"max-image-preview:large","max-video-preview":"max-video-preview:-1"},"canonical":"https:\/\/naturaedecor.ca\/fr\/produit\/bl13-2020-2pk\/","og_locale":"fr_FR","og_type":"article","og_title":"Boule de feuillage 13\" buis 2 pi\u00e8ces","og_description":"Les plantes artificielles en buis Naturae Decor sont la solution ultime pour votre prochain projet de d\u00e9coration int\u00e9rieure. Tr\u00e8s dense et tr\u00e8s r\u00e9aliste, vos amis seront verts de jalousie devant votre nouvelle fausse plante. Cette plante est fabriqu\u00e9e en poly\u00e9thyl\u00e8ne de qualit\u00e9 sup\u00e9rieure r\u00e9sistant aux UV pour prolonger la dur\u00e9e de vie de ces boules [&hellip;]","og_url":"https:\/\/naturaedecor.ca\/fr\/produit\/bl13-2020-2pk\/","og_site_name":"Naturae Decor","article_publisher":"https:\/\/www.facebook.com\/naturaedecor\/","article_modified_time":"2023-01-18T01:14:24+00:00","og_image":[{"width":2560,"height":2560,"url":"https:\/\/naturaedecor.ca\/wp-content\/uploads\/2021\/08\/1_ND_BoxWood_photo_V2-1-1-scaled.jpg","type":"image\/jpeg"}],"twitter_card":"summary_large_image","twitter_site":"@Naturaedecor","schema":{"@context":"https:\/\/schema.org","@graph":[{"@type":"WebPage","@id":"https:\/\/naturaedecor.ca\/fr\/produit\/bl13-2020-2pk\/","url":"https:\/\/naturaedecor.ca\/fr\/produit\/bl13-2020-2pk\/","name":"Boule de feuillage 13\" buis 2 pi\u00e8ces","isPartOf":{"@id":"https:\/\/naturaedecor.ca\/#website"},"primaryImageOfPage":{"@id":"https:\/\/naturaedecor.ca\/fr\/produit\/bl13-2020-2pk\/#primaryimage"},"image":{"@id":"https:\/\/naturaedecor.ca\/fr\/produit\/bl13-2020-2pk\/#primaryimage"},"thumbnailUrl":"https:\/\/naturaedecor.ca\/wp-content\/uploads\/2021\/08\/1_ND_BoxWood_photo_V2-1-1-scaled.jpg","datePublished":"2021-08-05T19:31:05+00:00","dateModified":"2023-01-18T01:14:24+00:00","breadcrumb":{"@id":"https:\/\/naturaedecor.ca\/fr\/produit\/bl13-2020-2pk\/#breadcrumb"},"inLanguage":"fr-FR","potentialAction":[{"@type":"ReadAction","target":["https:\/\/naturaedecor.ca\/fr\/produit\/bl13-2020-2pk\/"]}]},{"@type":"ImageObject","inLanguage":"fr-FR","@id":"https:\/\/naturaedecor.ca\/fr\/produit\/bl13-2020-2pk\/#primaryimage","url":"https:\/\/naturaedecor.ca\/wp-content\/uploads\/2021\/08\/1_ND_BoxWood_photo_V2-1-1-scaled.jpg","contentUrl":"https:\/\/naturaedecor.ca\/wp-content\/uploads\/2021\/08\/1_ND_BoxWood_photo_V2-1-1-scaled.jpg","width":2560,"height":2560},{"@type":"BreadcrumbList","@id":"https:\/\/naturaedecor.ca\/fr\/produit\/bl13-2020-2pk\/#breadcrumb","itemListElement":[{"@type":"ListItem","position":1,"name":"Home","item":"https:\/\/naturaedecor.ca\/"},{"@type":"ListItem","position":2,"name":"Shop","item":"https:\/\/naturaedecor.ca\/shop\/"},{"@type":"ListItem","position":3,"name":"BOULE DE FEUILLAGE 13 po BUIS 2 PCS"}]},{"@type":"WebSite","@id":"https:\/\/naturaedecor.ca\/#website","url":"https:\/\/naturaedecor.ca\/","name":"Naturae Decor","description":"Add a feeling of tranquility to your space","publisher":{"@id":"https:\/\/naturaedecor.ca\/#organization"},"potentialAction":[{"@type":"SearchAction","target":{"@type":"EntryPoint","urlTemplate":"https:\/\/naturaedecor.ca\/?s={search_term_string}"},"query-input":{"@type":"PropertyValueSpecification","valueRequired":true,"valueName":"search_term_string"}}],"inLanguage":"fr-FR"},{"@type":"Organization","@id":"https:\/\/naturaedecor.ca\/#organization","name":"Naturae Decor","url":"https:\/\/naturaedecor.ca\/","logo":{"@type":"ImageObject","inLanguage":"fr-FR","@id":"https:\/\/naturaedecor.ca\/#\/schema\/logo\/image\/","url":"https:\/\/naturaedecor.ca\/wp-content\/uploads\/2021\/07\/logo-sticky.png","contentUrl":"https:\/\/naturaedecor.ca\/wp-content\/uploads\/2021\/07\/logo-sticky.png","width":248,"height":96,"caption":"Naturae Decor"},"image":{"@id":"https:\/\/naturaedecor.ca\/#\/schema\/logo\/image\/"},"sameAs":["https:\/\/www.facebook.com\/naturaedecor\/","https:\/\/x.com\/Naturaedecor","https:\/\/www.instagram.com\/naturaedecor\/","https:\/\/www.pinterest.ca\/naturaedecor\/"]}]}},"_links":{"self":[{"href":"https:\/\/naturaedecor.ca\/fr\/wp-json\/wp\/v2\/product\/5027","targetHints":{"allow":["GET"]}}],"collection":[{"href":"https:\/\/naturaedecor.ca\/fr\/wp-json\/wp\/v2\/product"}],"about":[{"href":"https:\/\/naturaedecor.ca\/fr\/wp-json\/wp\/v2\/types\/product"}],"replies":[{"embeddable":true,"href":"https:\/\/naturaedecor.ca\/fr\/wp-json\/wp\/v2\/comments?post=5027"}],"wp:featuredmedia":[{"embeddable":true,"href":"https:\/\/naturaedecor.ca\/fr\/wp-json\/wp\/v2\/media\/6404"}],"wp:attachment":[{"href":"https:\/\/naturaedecor.ca\/fr\/wp-json\/wp\/v2\/media?parent=5027"}],"wp:term":[{"taxonomy":"product_brand","embeddable":true,"href":"https:\/\/naturaedecor.ca\/fr\/wp-json\/wp\/v2\/product_brand?post=5027"},{"taxonomy":"product_cat","embeddable":true,"href":"https:\/\/naturaedecor.ca\/fr\/wp-json\/wp\/v2\/product_cat?post=5027"},{"taxonomy":"product_tag","embeddable":true,"href":"https:\/\/naturaedecor.ca\/fr\/wp-json\/wp\/v2\/product_tag?post=5027"}],"curies":[{"name":"wp","href":"https:\/\/api.w.org\/{rel}","templated":true}]}}