{"id":5887,"date":"2021-11-19T07:37:33","date_gmt":"2021-11-19T12:37:33","guid":{"rendered":"https:\/\/naturaedecor.ca\/product\/artificial-43-areca-palm-in-black-pot\/"},"modified":"2023-08-27T22:32:46","modified_gmt":"2023-08-28T02:32:46","slug":"palmier-areca-43-artificiel-en-pot-noir","status":"publish","type":"product","link":"https:\/\/naturaedecor.ca\/fr\/produit\/palmier-areca-43-artificiel-en-pot-noir\/","title":{"rendered":"PALMIER ARECA 43 po ARTIFICIEL EN POT NOIR"},"content":{"rendered":"<p>Procurez-vous le palmier areca Naturae Decor pour ajouter de la verdure dans votre demeure. Ces plantes d\u2019allure si r\u00e9aliste d\u00e9gageront des ondes positives partout o\u00f9 vous les placerez. Color\u00e9e et moderne, cette plante est disponible en format 43 pouces de haut pour s&rsquo;adapter au mieux \u00e0 votre espace. Cr\u00e9er un environnement chaleureux et invitant avec ces plantes artificielles est facile, tout comme leur peu d\u2019entretien. Install\u00e9es dans des pots modernes qui s\u2019adaptent \u00e0 n&rsquo;importe quel d\u00e9cor, nos plantes artificielles sont fabriqu\u00e9es \u00e0 partir de mat\u00e9riaux de haute qualit\u00e9. Elles resteront belles pendant des ann\u00e9es, sans m\u00eame ternir. Peu importe la pi\u00e8ce dans laquelle elles se trouvent, ces plantes artificielles injecteront une touche de couleur et de piquant.<\/p>\n<p>APPORTEZ DE LA VIE \u00c0 VOTRE ESPACE \u2013 Les plantes artificielles Naturae Decor semblent si r\u00e9elles qu\u2019elles apporteront \u00e0 coup s\u00fbr couleur et chaleur \u00e0 votre pi\u00e8ce pr\u00e9f\u00e9r\u00e9e. Elles sont le moyen id\u00e9al pour cr\u00e9er un environnement serein et \u00e9l\u00e9gant pour promouvoir la sant\u00e9 et le bien-\u00eatre.<\/p>\n<p>FEUILLAGE ARTIFICIEL R\u00c9ALISTE &#8211; Vos invit\u00e9s et vous-m\u00eame serez confondus par l\u2019apparence naturelle et r\u00e9aliste de nos plantes artificielles. Elles ont d\u00e9j\u00e0 la taille parfaite et vous n\u2019avez pas besoin de les rempoter, les tailler ou les arroser.<\/p>\n<p>GARANTIE \u2013 Les feuilles de notre plante sont d\u00e9coup\u00e9es dans du mat\u00e9riel de haute qualit\u00e9 100 % polyester. Garantie de 2 ans incluse.<\/p>\n<p>FACILE D&rsquo;ENTRETIEN \u2013 Ces fausses plantes vertes n\u00e9cessitent un minimum d\u2019entretien facile. L\u2019ajout d\u00e9coratif id\u00e9al pour votre espace, en particulier si vous n\u2019avez pas le pouce vert quand vient le temps de prendre soin d\u2019une vraie plante, ou encore si vous avez des allergies.<\/p>\n<p>PR\u00c9ASSEMBL\u00c9E \u2013 La plante artificielle d\u2019int\u00e9rieur ne requiert aucun assemblage. Ouvrez tout simplement la bo\u00eete et profitez-en! Le pot \u00a0dans lequella plante est mise est non amovible, mais peut \u00eatre plac\u00e9 \u00e0 l\u2019int\u00e9rieur d\u2019un pot d\u00e9coratif l\u00e9g\u00e8rement plus grand.<\/p>\n","protected":false},"excerpt":{"rendered":"<p>Rafra\u00eechissez votre d\u00e9cor avec une touche de verdure remarquablement r\u00e9aliste. Color\u00e9 et plus vrai que nature. Ils ne se faneront pas, resteront toujours beaux, ann\u00e9e apr\u00e8s ann\u00e9e. Convient pour une utilisation int\u00e9rieure.<\/p>\n","protected":false},"featured_media":6780,"comment_status":"open","ping_status":"closed","template":"","meta":{"_acf_changed":false},"product_brand":[],"product_cat":[114,150],"product_tag":[],"class_list":{"0":"post-5887","1":"product","2":"type-product","3":"status-publish","4":"has-post-thumbnail","6":"product_cat-plantes-artificielles-en-pot","7":"product_cat-plantes-interieures","9":"first","10":"instock","11":"sale","12":"taxable","13":"shipping-taxable","14":"purchasable","15":"product-type-simple"},"acf":[],"yoast_head":"<!-- This site is optimized with the Yoast SEO plugin v27.1.1 - https:\/\/yoast.com\/product\/yoast-seo-wordpress\/ -->\n<title>PALMIER ARECA 43 po ARTIFICIEL EN POT NOIR - Naturae Decor<\/title>\n<meta name=\"robots\" content=\"index, follow, max-snippet:-1, max-image-preview:large, max-video-preview:-1\" \/>\n<link rel=\"canonical\" href=\"https:\/\/naturaedecor.ca\/fr\/produit\/palmier-areca-43-artificiel-en-pot-noir\/\" \/>\n<meta property=\"og:locale\" content=\"fr_FR\" \/>\n<meta property=\"og:type\" content=\"article\" \/>\n<meta property=\"og:title\" content=\"PALMIER ARECA 43 po ARTIFICIEL EN POT NOIR - Naturae Decor\" \/>\n<meta property=\"og:description\" content=\"Rafra\u00eechissez votre d\u00e9cor avec une touche de verdure remarquablement r\u00e9aliste. Color\u00e9 et plus vrai que nature. Ils ne se faneront pas, resteront toujours beaux, ann\u00e9e apr\u00e8s ann\u00e9e. Convient pour une utilisation int\u00e9rieure.\" \/>\n<meta property=\"og:url\" content=\"https:\/\/naturaedecor.ca\/fr\/produit\/palmier-areca-43-artificiel-en-pot-noir\/\" \/>\n<meta property=\"og:site_name\" content=\"Naturae Decor\" \/>\n<meta property=\"article:publisher\" content=\"https:\/\/www.facebook.com\/naturaedecor\/\" \/>\n<meta property=\"article:modified_time\" content=\"2023-08-28T02:32:46+00:00\" \/>\n<meta property=\"og:image\" content=\"https:\/\/naturaedecor.ca\/wp-content\/uploads\/2021\/11\/1_PLA-AREC-43.jpg\" \/>\n\t<meta property=\"og:image:width\" content=\"2000\" \/>\n\t<meta property=\"og:image:height\" content=\"2000\" \/>\n\t<meta property=\"og:image:type\" content=\"image\/jpeg\" \/>\n<meta name=\"twitter:card\" content=\"summary_large_image\" \/>\n<meta name=\"twitter:site\" content=\"@Naturaedecor\" \/>\n<script type=\"application\/ld+json\" class=\"yoast-schema-graph\">{\"@context\":\"https:\/\/schema.org\",\"@graph\":[{\"@type\":\"WebPage\",\"@id\":\"https:\/\/naturaedecor.ca\/fr\/produit\/palmier-areca-43-artificiel-en-pot-noir\/\",\"url\":\"https:\/\/naturaedecor.ca\/fr\/produit\/palmier-areca-43-artificiel-en-pot-noir\/\",\"name\":\"PALMIER ARECA 43 po ARTIFICIEL EN POT NOIR - Naturae Decor\",\"isPartOf\":{\"@id\":\"https:\/\/naturaedecor.ca\/#website\"},\"primaryImageOfPage\":{\"@id\":\"https:\/\/naturaedecor.ca\/fr\/produit\/palmier-areca-43-artificiel-en-pot-noir\/#primaryimage\"},\"image\":{\"@id\":\"https:\/\/naturaedecor.ca\/fr\/produit\/palmier-areca-43-artificiel-en-pot-noir\/#primaryimage\"},\"thumbnailUrl\":\"https:\/\/naturaedecor.ca\/wp-content\/uploads\/2021\/11\/1_PLA-AREC-43.jpg\",\"datePublished\":\"2021-11-19T12:37:33+00:00\",\"dateModified\":\"2023-08-28T02:32:46+00:00\",\"breadcrumb\":{\"@id\":\"https:\/\/naturaedecor.ca\/fr\/produit\/palmier-areca-43-artificiel-en-pot-noir\/#breadcrumb\"},\"inLanguage\":\"fr-FR\",\"potentialAction\":[{\"@type\":\"ReadAction\",\"target\":[\"https:\/\/naturaedecor.ca\/fr\/produit\/palmier-areca-43-artificiel-en-pot-noir\/\"]}]},{\"@type\":\"ImageObject\",\"inLanguage\":\"fr-FR\",\"@id\":\"https:\/\/naturaedecor.ca\/fr\/produit\/palmier-areca-43-artificiel-en-pot-noir\/#primaryimage\",\"url\":\"https:\/\/naturaedecor.ca\/wp-content\/uploads\/2021\/11\/1_PLA-AREC-43.jpg\",\"contentUrl\":\"https:\/\/naturaedecor.ca\/wp-content\/uploads\/2021\/11\/1_PLA-AREC-43.jpg\",\"width\":2000,\"height\":2000},{\"@type\":\"BreadcrumbList\",\"@id\":\"https:\/\/naturaedecor.ca\/fr\/produit\/palmier-areca-43-artificiel-en-pot-noir\/#breadcrumb\",\"itemListElement\":[{\"@type\":\"ListItem\",\"position\":1,\"name\":\"Home\",\"item\":\"https:\/\/naturaedecor.ca\/\"},{\"@type\":\"ListItem\",\"position\":2,\"name\":\"Shop\",\"item\":\"https:\/\/naturaedecor.ca\/shop\/\"},{\"@type\":\"ListItem\",\"position\":3,\"name\":\"PALMIER ARECA 43 po ARTIFICIEL EN POT NOIR\"}]},{\"@type\":\"WebSite\",\"@id\":\"https:\/\/naturaedecor.ca\/#website\",\"url\":\"https:\/\/naturaedecor.ca\/\",\"name\":\"Naturae Decor\",\"description\":\"Add a feeling of tranquility to your space\",\"publisher\":{\"@id\":\"https:\/\/naturaedecor.ca\/#organization\"},\"potentialAction\":[{\"@type\":\"SearchAction\",\"target\":{\"@type\":\"EntryPoint\",\"urlTemplate\":\"https:\/\/naturaedecor.ca\/?s={search_term_string}\"},\"query-input\":{\"@type\":\"PropertyValueSpecification\",\"valueRequired\":true,\"valueName\":\"search_term_string\"}}],\"inLanguage\":\"fr-FR\"},{\"@type\":\"Organization\",\"@id\":\"https:\/\/naturaedecor.ca\/#organization\",\"name\":\"Naturae Decor\",\"url\":\"https:\/\/naturaedecor.ca\/\",\"logo\":{\"@type\":\"ImageObject\",\"inLanguage\":\"fr-FR\",\"@id\":\"https:\/\/naturaedecor.ca\/#\/schema\/logo\/image\/\",\"url\":\"https:\/\/naturaedecor.ca\/wp-content\/uploads\/2021\/07\/logo-sticky.png\",\"contentUrl\":\"https:\/\/naturaedecor.ca\/wp-content\/uploads\/2021\/07\/logo-sticky.png\",\"width\":248,\"height\":96,\"caption\":\"Naturae Decor\"},\"image\":{\"@id\":\"https:\/\/naturaedecor.ca\/#\/schema\/logo\/image\/\"},\"sameAs\":[\"https:\/\/www.facebook.com\/naturaedecor\/\",\"https:\/\/x.com\/Naturaedecor\",\"https:\/\/www.instagram.com\/naturaedecor\/\",\"https:\/\/www.pinterest.ca\/naturaedecor\/\"]}]}<\/script>\n<!-- \/ Yoast SEO plugin. -->","yoast_head_json":{"title":"PALMIER ARECA 43 po ARTIFICIEL EN POT NOIR - Naturae Decor","robots":{"index":"index","follow":"follow","max-snippet":"max-snippet:-1","max-image-preview":"max-image-preview:large","max-video-preview":"max-video-preview:-1"},"canonical":"https:\/\/naturaedecor.ca\/fr\/produit\/palmier-areca-43-artificiel-en-pot-noir\/","og_locale":"fr_FR","og_type":"article","og_title":"PALMIER ARECA 43 po ARTIFICIEL EN POT NOIR - Naturae Decor","og_description":"Rafra\u00eechissez votre d\u00e9cor avec une touche de verdure remarquablement r\u00e9aliste. Color\u00e9 et plus vrai que nature. Ils ne se faneront pas, resteront toujours beaux, ann\u00e9e apr\u00e8s ann\u00e9e. Convient pour une utilisation int\u00e9rieure.","og_url":"https:\/\/naturaedecor.ca\/fr\/produit\/palmier-areca-43-artificiel-en-pot-noir\/","og_site_name":"Naturae Decor","article_publisher":"https:\/\/www.facebook.com\/naturaedecor\/","article_modified_time":"2023-08-28T02:32:46+00:00","og_image":[{"width":2000,"height":2000,"url":"https:\/\/naturaedecor.ca\/wp-content\/uploads\/2021\/11\/1_PLA-AREC-43.jpg","type":"image\/jpeg"}],"twitter_card":"summary_large_image","twitter_site":"@Naturaedecor","schema":{"@context":"https:\/\/schema.org","@graph":[{"@type":"WebPage","@id":"https:\/\/naturaedecor.ca\/fr\/produit\/palmier-areca-43-artificiel-en-pot-noir\/","url":"https:\/\/naturaedecor.ca\/fr\/produit\/palmier-areca-43-artificiel-en-pot-noir\/","name":"PALMIER ARECA 43 po ARTIFICIEL EN POT NOIR - Naturae Decor","isPartOf":{"@id":"https:\/\/naturaedecor.ca\/#website"},"primaryImageOfPage":{"@id":"https:\/\/naturaedecor.ca\/fr\/produit\/palmier-areca-43-artificiel-en-pot-noir\/#primaryimage"},"image":{"@id":"https:\/\/naturaedecor.ca\/fr\/produit\/palmier-areca-43-artificiel-en-pot-noir\/#primaryimage"},"thumbnailUrl":"https:\/\/naturaedecor.ca\/wp-content\/uploads\/2021\/11\/1_PLA-AREC-43.jpg","datePublished":"2021-11-19T12:37:33+00:00","dateModified":"2023-08-28T02:32:46+00:00","breadcrumb":{"@id":"https:\/\/naturaedecor.ca\/fr\/produit\/palmier-areca-43-artificiel-en-pot-noir\/#breadcrumb"},"inLanguage":"fr-FR","potentialAction":[{"@type":"ReadAction","target":["https:\/\/naturaedecor.ca\/fr\/produit\/palmier-areca-43-artificiel-en-pot-noir\/"]}]},{"@type":"ImageObject","inLanguage":"fr-FR","@id":"https:\/\/naturaedecor.ca\/fr\/produit\/palmier-areca-43-artificiel-en-pot-noir\/#primaryimage","url":"https:\/\/naturaedecor.ca\/wp-content\/uploads\/2021\/11\/1_PLA-AREC-43.jpg","contentUrl":"https:\/\/naturaedecor.ca\/wp-content\/uploads\/2021\/11\/1_PLA-AREC-43.jpg","width":2000,"height":2000},{"@type":"BreadcrumbList","@id":"https:\/\/naturaedecor.ca\/fr\/produit\/palmier-areca-43-artificiel-en-pot-noir\/#breadcrumb","itemListElement":[{"@type":"ListItem","position":1,"name":"Home","item":"https:\/\/naturaedecor.ca\/"},{"@type":"ListItem","position":2,"name":"Shop","item":"https:\/\/naturaedecor.ca\/shop\/"},{"@type":"ListItem","position":3,"name":"PALMIER ARECA 43 po ARTIFICIEL EN POT NOIR"}]},{"@type":"WebSite","@id":"https:\/\/naturaedecor.ca\/#website","url":"https:\/\/naturaedecor.ca\/","name":"Naturae Decor","description":"Add a feeling of tranquility to your space","publisher":{"@id":"https:\/\/naturaedecor.ca\/#organization"},"potentialAction":[{"@type":"SearchAction","target":{"@type":"EntryPoint","urlTemplate":"https:\/\/naturaedecor.ca\/?s={search_term_string}"},"query-input":{"@type":"PropertyValueSpecification","valueRequired":true,"valueName":"search_term_string"}}],"inLanguage":"fr-FR"},{"@type":"Organization","@id":"https:\/\/naturaedecor.ca\/#organization","name":"Naturae Decor","url":"https:\/\/naturaedecor.ca\/","logo":{"@type":"ImageObject","inLanguage":"fr-FR","@id":"https:\/\/naturaedecor.ca\/#\/schema\/logo\/image\/","url":"https:\/\/naturaedecor.ca\/wp-content\/uploads\/2021\/07\/logo-sticky.png","contentUrl":"https:\/\/naturaedecor.ca\/wp-content\/uploads\/2021\/07\/logo-sticky.png","width":248,"height":96,"caption":"Naturae Decor"},"image":{"@id":"https:\/\/naturaedecor.ca\/#\/schema\/logo\/image\/"},"sameAs":["https:\/\/www.facebook.com\/naturaedecor\/","https:\/\/x.com\/Naturaedecor","https:\/\/www.instagram.com\/naturaedecor\/","https:\/\/www.pinterest.ca\/naturaedecor\/"]}]}},"_links":{"self":[{"href":"https:\/\/naturaedecor.ca\/fr\/wp-json\/wp\/v2\/product\/5887","targetHints":{"allow":["GET"]}}],"collection":[{"href":"https:\/\/naturaedecor.ca\/fr\/wp-json\/wp\/v2\/product"}],"about":[{"href":"https:\/\/naturaedecor.ca\/fr\/wp-json\/wp\/v2\/types\/product"}],"replies":[{"embeddable":true,"href":"https:\/\/naturaedecor.ca\/fr\/wp-json\/wp\/v2\/comments?post=5887"}],"wp:featuredmedia":[{"embeddable":true,"href":"https:\/\/naturaedecor.ca\/fr\/wp-json\/wp\/v2\/media\/6780"}],"wp:attachment":[{"href":"https:\/\/naturaedecor.ca\/fr\/wp-json\/wp\/v2\/media?parent=5887"}],"wp:term":[{"taxonomy":"product_brand","embeddable":true,"href":"https:\/\/naturaedecor.ca\/fr\/wp-json\/wp\/v2\/product_brand?post=5887"},{"taxonomy":"product_cat","embeddable":true,"href":"https:\/\/naturaedecor.ca\/fr\/wp-json\/wp\/v2\/product_cat?post=5887"},{"taxonomy":"product_tag","embeddable":true,"href":"https:\/\/naturaedecor.ca\/fr\/wp-json\/wp\/v2\/product_tag?post=5887"}],"curies":[{"name":"wp","href":"https:\/\/api.w.org\/{rel}","templated":true}]}}