{"id":7429,"date":"2023-06-13T19:04:46","date_gmt":"2023-06-13T23:04:46","guid":{"rendered":"https:\/\/naturaedecor.ca\/?post_type=product&#038;p=7429"},"modified":"2024-05-17T12:18:22","modified_gmt":"2024-05-17T16:18:22","slug":"tapis-gazon-artificiel-36-po-x-156-po","status":"publish","type":"product","link":"https:\/\/naturaedecor.ca\/fr\/produit\/tapis-gazon-artificiel-36-po-x-156-po\/","title":{"rendered":"TAPIS GAZON ARTIFICIEL 36 po x 156 po"},"content":{"rendered":"<p>Compl\u00e9tez votre paysagement \u00a0avec le gazon synth\u00e9tique Naturae Decor. Comme il est polyvalent, vous pouvez rapidement couper le tapis de 36 po x 156 po selon la forme et la taille qu\u2019il vous faut pour l\u2019installer exactement o\u00f9 vous le souhaitez. Ce gazon synth\u00e9tique d&rsquo;aspect extr\u00eamement naturel rendra votre cour ou votre jardin attrayant et propre. Plus besoin de tondre ou d\u2019arroser. Vous pouvez \u00e9galement l&rsquo;utiliser comme tapis sur les balcons ou les patios, dans les v\u00e9randas ou tout autre espace int\u00e9rieur. Un look impeccable et un minimum d\u2019entretien. Fabriqu\u00e9 \u00e0 partir de mat\u00e9riaux durables, notre gazon artificiel r\u00e9siste aux intemp\u00e9ries et aux rayons UV pour \u00e9viter la d\u00e9coloration. Les brins d\u2019herbe deux tons \u00a0resteront verts pendant des ann\u00e9es et donneront un look frais et naturel \u00e0 votre pelouse. Puisqu\u2019il n\u2019est pas n\u00e9cessaire de le fertiliser ou de le pulv\u00e9riser, les animaux domestiques et les enfants peuvent jouer en toute s\u00e9curit\u00e9 sur ce gazon doux qui est aussi non toxique et sans plomb. Une solution rassurante et sans souci dont tout le monde peut profiter. Une fois coup\u00e9 aux dimensions voulues, le tapis de gazon artificiel est facile \u00e0 installer. Il suffit de le fixer sur n&rsquo;importe quelle surface. Gr\u00e2ce aux trous de drainage, l&rsquo;eau ne s&rsquo;accumulera pas et rend le nettoyage facile en cas de besoin.<\/p>\n<ul>\n<li>ASPECT INCROYABLEMENT NATUREL \u2013 Profitez d\u2019une pelouse d\u2019apparence naturelle gr\u00e2ce au gazon artificiel Naturae Decor. La combinaison parfaite de deux nuances de vert donne un rendu impeccable et naturel toute l\u2019ann\u00e9e.<\/li>\n<li>AM\u00c9LIOREZ VOTRE ESPACE EXT\u00c9RIEUR \u2013 Notre gazon peut \u00eatre install\u00e9 dans votre jardin, sur votre balcon ou terrasse, dans votre v\u00e9randa, ou m\u00eame \u00e0 l\u2019int\u00e9rieur pour \u00e9gayer le d\u00e9cor. Aucune tonte et aucun arrosage ne sont n\u00e9cessaires.<\/li>\n<li>R\u00c9SISTANT AUX UV \u2013 Comme notre gazon artificiel supporte bien les changements de saisons, vous profiterez d\u2019une pelouse parfaite pendant des ann\u00e9es. Il r\u00e9siste aux intemp\u00e9ries et aux rayons UV pour \u00e9viter la d\u00e9coloration en plus d\u2019\u00eatre facile \u00e0 nettoyer.<\/li>\n<li>FACILEMENT PERSONNALISABLE \u2013 Coupez le tapis de gazon artificiel selon la forme et la taille qu\u2019il vous faut et installez-le facilement. Gr\u00e2ce aux trous de drainage, il s\u2019adapte \u00e0 toutes les surfaces et vous permettra d\u2019am\u00e9liorer l\u2019apparence de votre demeure en un tournemain.<\/li>\n<\/ul>\n","protected":false},"excerpt":{"rendered":"<p>Compl\u00e9tez votre paysagement \u00a0avec le gazon synth\u00e9tique Naturae Decor. Comme il est polyvalent, vous pouvez rapidement couper le tapis de 36 po x 156 po selon la forme et la taille qu\u2019il vous faut pour l\u2019installer exactement o\u00f9 vous le souhaitez. Ce gazon synth\u00e9tique d&rsquo;aspect extr\u00eamement naturel rendra votre cour ou votre jardin attrayant et [&hellip;]<\/p>\n","protected":false},"featured_media":7416,"comment_status":"open","ping_status":"closed","template":"","meta":{"_acf_changed":false},"product_brand":[],"product_cat":[97],"product_tag":[],"class_list":{"0":"post-7429","1":"product","2":"type-product","3":"status-publish","4":"has-post-thumbnail","6":"product_cat-gazon-artificiel","8":"first","9":"instock","10":"taxable","11":"shipping-taxable","12":"purchasable","13":"product-type-simple"},"acf":[],"yoast_head":"<!-- This site is optimized with the Yoast SEO plugin v27.4 - https:\/\/yoast.com\/product\/yoast-seo-wordpress\/ -->\n<title>TAPIS GAZON ARTIFICIEL 36 po x 156 po - Naturae Decor<\/title>\n<meta name=\"description\" content=\"Compl\u00e9tez votre paysagement \u00a0avec le gazon synth\u00e9tique Naturae Decor. Comme il est polyvalent, vous pouvez rapidement couper le tapis de 36 po x 156 po selon la forme et la taille qu\u2019il vous faut pour l\u2019installer exactement o\u00f9 vous le souhaitez.\" \/>\n<meta name=\"robots\" content=\"index, follow, max-snippet:-1, max-image-preview:large, max-video-preview:-1\" \/>\n<link rel=\"canonical\" href=\"https:\/\/naturaedecor.ca\/fr\/produit\/tapis-gazon-artificiel-36-po-x-156-po\/\" \/>\n<meta property=\"og:locale\" content=\"fr_FR\" \/>\n<meta property=\"og:type\" content=\"article\" \/>\n<meta property=\"og:title\" content=\"TAPIS GAZON ARTIFICIEL 36 po x 156 po - Naturae Decor\" \/>\n<meta property=\"og:description\" content=\"Compl\u00e9tez votre paysagement \u00a0avec le gazon synth\u00e9tique Naturae Decor. Comme il est polyvalent, vous pouvez rapidement couper le tapis de 36 po x 156 po selon la forme et la taille qu\u2019il vous faut pour l\u2019installer exactement o\u00f9 vous le souhaitez.\" \/>\n<meta property=\"og:url\" content=\"https:\/\/naturaedecor.ca\/fr\/produit\/tapis-gazon-artificiel-36-po-x-156-po\/\" \/>\n<meta property=\"og:site_name\" content=\"Naturae Decor\" \/>\n<meta property=\"article:publisher\" content=\"https:\/\/www.facebook.com\/naturaedecor\/\" \/>\n<meta property=\"article:modified_time\" content=\"2024-05-17T16:18:22+00:00\" \/>\n<meta property=\"og:image\" content=\"https:\/\/naturaedecor.ca\/wp-content\/uploads\/2023\/06\/gr36156-11f-01.jpg\" \/>\n\t<meta property=\"og:image:width\" content=\"1000\" \/>\n\t<meta property=\"og:image:height\" content=\"1000\" \/>\n\t<meta property=\"og:image:type\" content=\"image\/jpeg\" \/>\n<meta name=\"twitter:card\" content=\"summary_large_image\" \/>\n<meta name=\"twitter:site\" content=\"@Naturaedecor\" \/>\n<script type=\"application\/ld+json\" class=\"yoast-schema-graph\">{\"@context\":\"https:\\\/\\\/schema.org\",\"@graph\":[{\"@type\":\"WebPage\",\"@id\":\"https:\\\/\\\/naturaedecor.ca\\\/fr\\\/produit\\\/tapis-gazon-artificiel-36-po-x-156-po\\\/\",\"url\":\"https:\\\/\\\/naturaedecor.ca\\\/fr\\\/produit\\\/tapis-gazon-artificiel-36-po-x-156-po\\\/\",\"name\":\"TAPIS GAZON ARTIFICIEL 36 po x 156 po - Naturae Decor\",\"isPartOf\":{\"@id\":\"https:\\\/\\\/naturaedecor.ca\\\/#website\"},\"primaryImageOfPage\":{\"@id\":\"https:\\\/\\\/naturaedecor.ca\\\/fr\\\/produit\\\/tapis-gazon-artificiel-36-po-x-156-po\\\/#primaryimage\"},\"image\":{\"@id\":\"https:\\\/\\\/naturaedecor.ca\\\/fr\\\/produit\\\/tapis-gazon-artificiel-36-po-x-156-po\\\/#primaryimage\"},\"thumbnailUrl\":\"https:\\\/\\\/naturaedecor.ca\\\/wp-content\\\/uploads\\\/2023\\\/06\\\/gr36156-11f-01.jpg\",\"datePublished\":\"2023-06-13T23:04:46+00:00\",\"dateModified\":\"2024-05-17T16:18:22+00:00\",\"description\":\"Compl\u00e9tez votre paysagement \u00a0avec le gazon synth\u00e9tique Naturae Decor. Comme il est polyvalent, vous pouvez rapidement couper le tapis de 36 po x 156 po selon la forme et la taille qu\u2019il vous faut pour l\u2019installer exactement o\u00f9 vous le souhaitez.\",\"breadcrumb\":{\"@id\":\"https:\\\/\\\/naturaedecor.ca\\\/fr\\\/produit\\\/tapis-gazon-artificiel-36-po-x-156-po\\\/#breadcrumb\"},\"inLanguage\":\"fr-FR\",\"potentialAction\":[{\"@type\":\"ReadAction\",\"target\":[\"https:\\\/\\\/naturaedecor.ca\\\/fr\\\/produit\\\/tapis-gazon-artificiel-36-po-x-156-po\\\/\"]}]},{\"@type\":\"ImageObject\",\"inLanguage\":\"fr-FR\",\"@id\":\"https:\\\/\\\/naturaedecor.ca\\\/fr\\\/produit\\\/tapis-gazon-artificiel-36-po-x-156-po\\\/#primaryimage\",\"url\":\"https:\\\/\\\/naturaedecor.ca\\\/wp-content\\\/uploads\\\/2023\\\/06\\\/gr36156-11f-01.jpg\",\"contentUrl\":\"https:\\\/\\\/naturaedecor.ca\\\/wp-content\\\/uploads\\\/2023\\\/06\\\/gr36156-11f-01.jpg\",\"width\":1000,\"height\":1000},{\"@type\":\"BreadcrumbList\",\"@id\":\"https:\\\/\\\/naturaedecor.ca\\\/fr\\\/produit\\\/tapis-gazon-artificiel-36-po-x-156-po\\\/#breadcrumb\",\"itemListElement\":[{\"@type\":\"ListItem\",\"position\":1,\"name\":\"Home\",\"item\":\"https:\\\/\\\/naturaedecor.ca\\\/\"},{\"@type\":\"ListItem\",\"position\":2,\"name\":\"Shop\",\"item\":\"https:\\\/\\\/naturaedecor.ca\\\/shop\\\/\"},{\"@type\":\"ListItem\",\"position\":3,\"name\":\"TAPIS GAZON ARTIFICIEL 36 po x 156 po\"}]},{\"@type\":\"WebSite\",\"@id\":\"https:\\\/\\\/naturaedecor.ca\\\/#website\",\"url\":\"https:\\\/\\\/naturaedecor.ca\\\/\",\"name\":\"Naturae Decor\",\"description\":\"Add a feeling of tranquility to your space\",\"publisher\":{\"@id\":\"https:\\\/\\\/naturaedecor.ca\\\/#organization\"},\"potentialAction\":[{\"@type\":\"SearchAction\",\"target\":{\"@type\":\"EntryPoint\",\"urlTemplate\":\"https:\\\/\\\/naturaedecor.ca\\\/?s={search_term_string}\"},\"query-input\":{\"@type\":\"PropertyValueSpecification\",\"valueRequired\":true,\"valueName\":\"search_term_string\"}}],\"inLanguage\":\"fr-FR\"},{\"@type\":\"Organization\",\"@id\":\"https:\\\/\\\/naturaedecor.ca\\\/#organization\",\"name\":\"Naturae Decor\",\"url\":\"https:\\\/\\\/naturaedecor.ca\\\/\",\"logo\":{\"@type\":\"ImageObject\",\"inLanguage\":\"fr-FR\",\"@id\":\"https:\\\/\\\/naturaedecor.ca\\\/#\\\/schema\\\/logo\\\/image\\\/\",\"url\":\"https:\\\/\\\/naturaedecor.ca\\\/wp-content\\\/uploads\\\/2021\\\/07\\\/logo-sticky.png\",\"contentUrl\":\"https:\\\/\\\/naturaedecor.ca\\\/wp-content\\\/uploads\\\/2021\\\/07\\\/logo-sticky.png\",\"width\":248,\"height\":96,\"caption\":\"Naturae Decor\"},\"image\":{\"@id\":\"https:\\\/\\\/naturaedecor.ca\\\/#\\\/schema\\\/logo\\\/image\\\/\"},\"sameAs\":[\"https:\\\/\\\/www.facebook.com\\\/naturaedecor\\\/\",\"https:\\\/\\\/x.com\\\/Naturaedecor\",\"https:\\\/\\\/www.instagram.com\\\/naturaedecor\\\/\",\"https:\\\/\\\/www.pinterest.ca\\\/naturaedecor\\\/\"]}]}<\/script>\n<!-- \/ Yoast SEO plugin. -->","yoast_head_json":{"title":"TAPIS GAZON ARTIFICIEL 36 po x 156 po - Naturae Decor","description":"Compl\u00e9tez votre paysagement \u00a0avec le gazon synth\u00e9tique Naturae Decor. Comme il est polyvalent, vous pouvez rapidement couper le tapis de 36 po x 156 po selon la forme et la taille qu\u2019il vous faut pour l\u2019installer exactement o\u00f9 vous le souhaitez.","robots":{"index":"index","follow":"follow","max-snippet":"max-snippet:-1","max-image-preview":"max-image-preview:large","max-video-preview":"max-video-preview:-1"},"canonical":"https:\/\/naturaedecor.ca\/fr\/produit\/tapis-gazon-artificiel-36-po-x-156-po\/","og_locale":"fr_FR","og_type":"article","og_title":"TAPIS GAZON ARTIFICIEL 36 po x 156 po - Naturae Decor","og_description":"Compl\u00e9tez votre paysagement \u00a0avec le gazon synth\u00e9tique Naturae Decor. Comme il est polyvalent, vous pouvez rapidement couper le tapis de 36 po x 156 po selon la forme et la taille qu\u2019il vous faut pour l\u2019installer exactement o\u00f9 vous le souhaitez.","og_url":"https:\/\/naturaedecor.ca\/fr\/produit\/tapis-gazon-artificiel-36-po-x-156-po\/","og_site_name":"Naturae Decor","article_publisher":"https:\/\/www.facebook.com\/naturaedecor\/","article_modified_time":"2024-05-17T16:18:22+00:00","og_image":[{"width":1000,"height":1000,"url":"https:\/\/naturaedecor.ca\/wp-content\/uploads\/2023\/06\/gr36156-11f-01.jpg","type":"image\/jpeg"}],"twitter_card":"summary_large_image","twitter_site":"@Naturaedecor","schema":{"@context":"https:\/\/schema.org","@graph":[{"@type":"WebPage","@id":"https:\/\/naturaedecor.ca\/fr\/produit\/tapis-gazon-artificiel-36-po-x-156-po\/","url":"https:\/\/naturaedecor.ca\/fr\/produit\/tapis-gazon-artificiel-36-po-x-156-po\/","name":"TAPIS GAZON ARTIFICIEL 36 po x 156 po - Naturae Decor","isPartOf":{"@id":"https:\/\/naturaedecor.ca\/#website"},"primaryImageOfPage":{"@id":"https:\/\/naturaedecor.ca\/fr\/produit\/tapis-gazon-artificiel-36-po-x-156-po\/#primaryimage"},"image":{"@id":"https:\/\/naturaedecor.ca\/fr\/produit\/tapis-gazon-artificiel-36-po-x-156-po\/#primaryimage"},"thumbnailUrl":"https:\/\/naturaedecor.ca\/wp-content\/uploads\/2023\/06\/gr36156-11f-01.jpg","datePublished":"2023-06-13T23:04:46+00:00","dateModified":"2024-05-17T16:18:22+00:00","description":"Compl\u00e9tez votre paysagement \u00a0avec le gazon synth\u00e9tique Naturae Decor. Comme il est polyvalent, vous pouvez rapidement couper le tapis de 36 po x 156 po selon la forme et la taille qu\u2019il vous faut pour l\u2019installer exactement o\u00f9 vous le souhaitez.","breadcrumb":{"@id":"https:\/\/naturaedecor.ca\/fr\/produit\/tapis-gazon-artificiel-36-po-x-156-po\/#breadcrumb"},"inLanguage":"fr-FR","potentialAction":[{"@type":"ReadAction","target":["https:\/\/naturaedecor.ca\/fr\/produit\/tapis-gazon-artificiel-36-po-x-156-po\/"]}]},{"@type":"ImageObject","inLanguage":"fr-FR","@id":"https:\/\/naturaedecor.ca\/fr\/produit\/tapis-gazon-artificiel-36-po-x-156-po\/#primaryimage","url":"https:\/\/naturaedecor.ca\/wp-content\/uploads\/2023\/06\/gr36156-11f-01.jpg","contentUrl":"https:\/\/naturaedecor.ca\/wp-content\/uploads\/2023\/06\/gr36156-11f-01.jpg","width":1000,"height":1000},{"@type":"BreadcrumbList","@id":"https:\/\/naturaedecor.ca\/fr\/produit\/tapis-gazon-artificiel-36-po-x-156-po\/#breadcrumb","itemListElement":[{"@type":"ListItem","position":1,"name":"Home","item":"https:\/\/naturaedecor.ca\/"},{"@type":"ListItem","position":2,"name":"Shop","item":"https:\/\/naturaedecor.ca\/shop\/"},{"@type":"ListItem","position":3,"name":"TAPIS GAZON ARTIFICIEL 36 po x 156 po"}]},{"@type":"WebSite","@id":"https:\/\/naturaedecor.ca\/#website","url":"https:\/\/naturaedecor.ca\/","name":"Naturae Decor","description":"Add a feeling of tranquility to your space","publisher":{"@id":"https:\/\/naturaedecor.ca\/#organization"},"potentialAction":[{"@type":"SearchAction","target":{"@type":"EntryPoint","urlTemplate":"https:\/\/naturaedecor.ca\/?s={search_term_string}"},"query-input":{"@type":"PropertyValueSpecification","valueRequired":true,"valueName":"search_term_string"}}],"inLanguage":"fr-FR"},{"@type":"Organization","@id":"https:\/\/naturaedecor.ca\/#organization","name":"Naturae Decor","url":"https:\/\/naturaedecor.ca\/","logo":{"@type":"ImageObject","inLanguage":"fr-FR","@id":"https:\/\/naturaedecor.ca\/#\/schema\/logo\/image\/","url":"https:\/\/naturaedecor.ca\/wp-content\/uploads\/2021\/07\/logo-sticky.png","contentUrl":"https:\/\/naturaedecor.ca\/wp-content\/uploads\/2021\/07\/logo-sticky.png","width":248,"height":96,"caption":"Naturae Decor"},"image":{"@id":"https:\/\/naturaedecor.ca\/#\/schema\/logo\/image\/"},"sameAs":["https:\/\/www.facebook.com\/naturaedecor\/","https:\/\/x.com\/Naturaedecor","https:\/\/www.instagram.com\/naturaedecor\/","https:\/\/www.pinterest.ca\/naturaedecor\/"]}]}},"_links":{"self":[{"href":"https:\/\/naturaedecor.ca\/fr\/wp-json\/wp\/v2\/product\/7429","targetHints":{"allow":["GET"]}}],"collection":[{"href":"https:\/\/naturaedecor.ca\/fr\/wp-json\/wp\/v2\/product"}],"about":[{"href":"https:\/\/naturaedecor.ca\/fr\/wp-json\/wp\/v2\/types\/product"}],"replies":[{"embeddable":true,"href":"https:\/\/naturaedecor.ca\/fr\/wp-json\/wp\/v2\/comments?post=7429"}],"wp:featuredmedia":[{"embeddable":true,"href":"https:\/\/naturaedecor.ca\/fr\/wp-json\/wp\/v2\/media\/7416"}],"wp:attachment":[{"href":"https:\/\/naturaedecor.ca\/fr\/wp-json\/wp\/v2\/media?parent=7429"}],"wp:term":[{"taxonomy":"product_brand","embeddable":true,"href":"https:\/\/naturaedecor.ca\/fr\/wp-json\/wp\/v2\/product_brand?post=7429"},{"taxonomy":"product_cat","embeddable":true,"href":"https:\/\/naturaedecor.ca\/fr\/wp-json\/wp\/v2\/product_cat?post=7429"},{"taxonomy":"product_tag","embeddable":true,"href":"https:\/\/naturaedecor.ca\/fr\/wp-json\/wp\/v2\/product_tag?post=7429"}],"curies":[{"name":"wp","href":"https:\/\/api.w.org\/{rel}","templated":true}]}}