{"id":7441,"date":"2023-06-14T11:32:36","date_gmt":"2023-06-14T15:32:36","guid":{"rendered":"https:\/\/naturaedecor.ca\/?post_type=product&#038;p=7441"},"modified":"2023-08-29T10:12:27","modified_gmt":"2023-08-29T14:12:27","slug":"treillis-de-pvc-extensible-camouflage-36x72-chene-blanc","status":"publish","type":"product","link":"https:\/\/naturaedecor.ca\/fr\/produit\/treillis-de-pvc-extensible-camouflage-36x72-chene-blanc\/","title":{"rendered":"TREILLIS DE PVC EXTENSIBLE CAMOUFLAGE 36&Prime;X72&Prime; CH\u00caNE BLANC"},"content":{"rendered":"<p>Le treillis extensible Naturae Gear sera le compl\u00e9ment parfait \u00e0 votre projet de camouflage. Fabriqu\u00e9 \u00e0 partir de mat\u00e9riaux de haute qualit\u00e9 et offrant une intimit\u00e9 optimale avec des feuilles r\u00e9sistantes aux UV, vous pouvez profiter du produit pendant des ann\u00e9es sans avoir \u00e0 le remplacer. Une solution polyvalente pour red\u00e9corer, que ce soit pour une cache permanente, une cache pour oiseaux, ou simplement pour r\u00e9am\u00e9nager votre espace avec un accent camouflage. Le feuillage artificiel luxueux r\u00e9aliste ne n\u00e9cessite aucun entretien. Facile \u00e0 installer et fabriqu\u00e9 avec des mat\u00e9riaux robustes mais l\u00e9gers pour une utilisation en ext\u00e9rieur. Fixez simplement \u00e0 un support et \u00e9tendez le treillis \u00e0 la largeur et \u00e0 la hauteur souhait\u00e9es. Taille standard &#8211; extension optimale 36 po x 72 po et extension maximale 19 po x 96 po (16 po x 47 po une fois pli\u00e9e). Le treillis extensible est un moyen \u00e9conomique d&rsquo;apporter intimit\u00e9 et beaut\u00e9 \u00e0 votre projet, quelle que soit sa taille.<\/p>\n<ul>\n<li>VUE D\u00c9GAG\u00c9E \u2013 Le treillis extensible Naturae Gear a des feuilles en PE con\u00e7ues pour vous assurer d&rsquo;avoir une vue d\u00e9gag\u00e9e sans vous soucier d&rsquo;\u00eatre vu.<\/li>\n<li>DISCR\u00c9TION ASSUR\u00c9E &#8211; Con\u00e7u pour r\u00e9sister aux saisons tout au long de l&rsquo;ann\u00e9e, la densit\u00e9 du feuillage vous assurera de rester \u00e0 l&rsquo;abri des regards ind\u00e9sirables.<\/li>\n<li>INSTALLATION FACILE ET RAPIDE &#8211; \u00c9tendez simplement le treillis \u00e0 la taille et \u00e0 la densit\u00e9 dont vous avez besoin. Les dimensions optimales sont de 36 po x 72 po, mais le treillis peut \u00eatre agrandi jusqu&rsquo;\u00e0 un maximum de 19 po x 96 po. Fixez-le \u00e0 l&rsquo;espace n\u00e9cessaire avec les attaches fournies et profitez-en.<\/li>\n<li>R\u00c9SISTANT AUX UV &#8211; Les feuilles de nos treillis extensibles sont d\u00e9coup\u00e9es dans du PE de haute qualit\u00e9 r\u00e9sistant aux intemp\u00e9ries et aux rayons UV pour \u00e9viter la d\u00e9coloration. Votre meilleur option avec un minimum d\u2019entretien. Garantie de 2 ans incluse.<\/li>\n<li>FACILE \u00c0 TRANSPORTER &#8211; Nos treillis extensibles sont fabriqu\u00e9s en PVC, ce qui les rend l\u00e9gers tout en garantissant que vos \u00e9crans d&rsquo;intimit\u00e9 restent toujours droits et en place. Inclus un treillis extensible et les attaches pour l&rsquo;installer.<\/li>\n<\/ul>\n","protected":false},"excerpt":{"rendered":"<p>Le treillis extensible Naturae Gear sera le compl\u00e9ment parfait \u00e0 votre projet de camouflage. Fabriqu\u00e9 \u00e0 partir de mat\u00e9riaux de haute qualit\u00e9 et offrant une intimit\u00e9 optimale avec des feuilles r\u00e9sistantes aux UV, vous pouvez profiter du produit pendant des ann\u00e9es sans avoir \u00e0 le remplacer. Une solution polyvalente pour red\u00e9corer, que ce soit pour [&hellip;]<\/p>\n","protected":false},"featured_media":7334,"comment_status":"open","ping_status":"closed","template":"","meta":{"_acf_changed":false},"product_brand":[],"product_cat":[159,158,143,118],"product_tag":[],"class_list":{"0":"post-7441","1":"product","2":"type-product","3":"status-publish","4":"has-post-thumbnail","6":"product_cat-derniere-chance","7":"product_cat-last-chance","8":"product_cat-naturae-gear-fr","9":"product_cat-treillis-extensible","11":"first","12":"instock","13":"sale","14":"taxable","15":"shipping-taxable","16":"purchasable","17":"product-type-simple"},"acf":[],"yoast_head":"<!-- This site is optimized with the Yoast SEO plugin v27.4 - https:\/\/yoast.com\/product\/yoast-seo-wordpress\/ -->\n<title>TREILLIS DE PVC EXTENSIBLE CAMOUFLAGE 36&quot;X72&quot; CH\u00caNE BLANC - Naturae Decor<\/title>\n<meta name=\"description\" content=\"Le treillis extensible Naturae Gear sera le compl\u00e9ment parfait \u00e0 votre projet de camouflage. Fabriqu\u00e9 \u00e0 partir de mat\u00e9riaux de haute qualit\u00e9 et offrant une intimit\u00e9 optimale avec des feuilles r\u00e9sistantes aux UV, vous pouvez profiter du produit pendant des ann\u00e9es sans avoir \u00e0 le remplacer.\" \/>\n<meta name=\"robots\" content=\"index, follow, max-snippet:-1, max-image-preview:large, max-video-preview:-1\" \/>\n<link rel=\"canonical\" href=\"https:\/\/naturaedecor.ca\/produit\/pvc-expandable-camouflage-trellis-36x72-wild-oak\/\" \/>\n<meta property=\"og:locale\" content=\"fr_FR\" \/>\n<meta property=\"og:type\" content=\"article\" \/>\n<meta property=\"og:title\" content=\"TREILLIS DE PVC EXTENSIBLE CAMOUFLAGE 36&quot;X72&quot; CH\u00caNE BLANC - Naturae Decor\" \/>\n<meta property=\"og:description\" content=\"Le treillis extensible Naturae Gear sera le compl\u00e9ment parfait \u00e0 votre projet de camouflage. Fabriqu\u00e9 \u00e0 partir de mat\u00e9riaux de haute qualit\u00e9 et offrant une intimit\u00e9 optimale avec des feuilles r\u00e9sistantes aux UV, vous pouvez profiter du produit pendant des ann\u00e9es sans avoir \u00e0 le remplacer.\" \/>\n<meta property=\"og:url\" content=\"https:\/\/naturaedecor.ca\/produit\/pvc-expandable-camouflage-trellis-36x72-wild-oak\/\" \/>\n<meta property=\"og:site_name\" content=\"Naturae Decor\" \/>\n<meta property=\"article:publisher\" content=\"https:\/\/www.facebook.com\/naturaedecor\/\" \/>\n<meta property=\"article:modified_time\" content=\"2023-08-29T14:12:27+00:00\" \/>\n<meta property=\"og:image\" content=\"https:\/\/naturaedecor.ca\/wp-content\/uploads\/2023\/06\/trp3672br-cm02-01.jpg\" \/>\n\t<meta property=\"og:image:width\" content=\"1000\" \/>\n\t<meta property=\"og:image:height\" content=\"1000\" \/>\n\t<meta property=\"og:image:type\" content=\"image\/jpeg\" \/>\n<meta name=\"twitter:card\" content=\"summary_large_image\" \/>\n<meta name=\"twitter:site\" content=\"@Naturaedecor\" \/>\n<script type=\"application\/ld+json\" class=\"yoast-schema-graph\">{\"@context\":\"https:\\\/\\\/schema.org\",\"@graph\":[{\"@type\":\"WebPage\",\"@id\":\"https:\\\/\\\/naturaedecor.ca\\\/produit\\\/pvc-expandable-camouflage-trellis-36x72-wild-oak\\\/\",\"url\":\"https:\\\/\\\/naturaedecor.ca\\\/produit\\\/pvc-expandable-camouflage-trellis-36x72-wild-oak\\\/\",\"name\":\"TREILLIS DE PVC EXTENSIBLE CAMOUFLAGE 36\\\"X72\\\" CH\u00caNE BLANC - Naturae Decor\",\"isPartOf\":{\"@id\":\"https:\\\/\\\/naturaedecor.ca\\\/#website\"},\"primaryImageOfPage\":{\"@id\":\"https:\\\/\\\/naturaedecor.ca\\\/produit\\\/pvc-expandable-camouflage-trellis-36x72-wild-oak\\\/#primaryimage\"},\"image\":{\"@id\":\"https:\\\/\\\/naturaedecor.ca\\\/produit\\\/pvc-expandable-camouflage-trellis-36x72-wild-oak\\\/#primaryimage\"},\"thumbnailUrl\":\"https:\\\/\\\/naturaedecor.ca\\\/wp-content\\\/uploads\\\/2023\\\/06\\\/trp3672br-cm02-01.jpg\",\"datePublished\":\"2023-06-14T15:32:36+00:00\",\"dateModified\":\"2023-08-29T14:12:27+00:00\",\"description\":\"Le treillis extensible Naturae Gear sera le compl\u00e9ment parfait \u00e0 votre projet de camouflage. Fabriqu\u00e9 \u00e0 partir de mat\u00e9riaux de haute qualit\u00e9 et offrant une intimit\u00e9 optimale avec des feuilles r\u00e9sistantes aux UV, vous pouvez profiter du produit pendant des ann\u00e9es sans avoir \u00e0 le remplacer.\",\"breadcrumb\":{\"@id\":\"https:\\\/\\\/naturaedecor.ca\\\/produit\\\/pvc-expandable-camouflage-trellis-36x72-wild-oak\\\/#breadcrumb\"},\"inLanguage\":\"fr-FR\",\"potentialAction\":[{\"@type\":\"ReadAction\",\"target\":[\"https:\\\/\\\/naturaedecor.ca\\\/produit\\\/pvc-expandable-camouflage-trellis-36x72-wild-oak\\\/\"]}]},{\"@type\":\"ImageObject\",\"inLanguage\":\"fr-FR\",\"@id\":\"https:\\\/\\\/naturaedecor.ca\\\/produit\\\/pvc-expandable-camouflage-trellis-36x72-wild-oak\\\/#primaryimage\",\"url\":\"https:\\\/\\\/naturaedecor.ca\\\/wp-content\\\/uploads\\\/2023\\\/06\\\/trp3672br-cm02-01.jpg\",\"contentUrl\":\"https:\\\/\\\/naturaedecor.ca\\\/wp-content\\\/uploads\\\/2023\\\/06\\\/trp3672br-cm02-01.jpg\",\"width\":1000,\"height\":1000},{\"@type\":\"BreadcrumbList\",\"@id\":\"https:\\\/\\\/naturaedecor.ca\\\/produit\\\/pvc-expandable-camouflage-trellis-36x72-wild-oak\\\/#breadcrumb\",\"itemListElement\":[{\"@type\":\"ListItem\",\"position\":1,\"name\":\"Home\",\"item\":\"https:\\\/\\\/naturaedecor.ca\\\/\"},{\"@type\":\"ListItem\",\"position\":2,\"name\":\"Shop\",\"item\":\"https:\\\/\\\/naturaedecor.ca\\\/shop\\\/\"},{\"@type\":\"ListItem\",\"position\":3,\"name\":\"TREILLIS DE PVC EXTENSIBLE CAMOUFLAGE 36&#8243;X72&#8243; CH\u00caNE BLANC\"}]},{\"@type\":\"WebSite\",\"@id\":\"https:\\\/\\\/naturaedecor.ca\\\/#website\",\"url\":\"https:\\\/\\\/naturaedecor.ca\\\/\",\"name\":\"Naturae Decor\",\"description\":\"Add a feeling of tranquility to your space\",\"publisher\":{\"@id\":\"https:\\\/\\\/naturaedecor.ca\\\/#organization\"},\"potentialAction\":[{\"@type\":\"SearchAction\",\"target\":{\"@type\":\"EntryPoint\",\"urlTemplate\":\"https:\\\/\\\/naturaedecor.ca\\\/?s={search_term_string}\"},\"query-input\":{\"@type\":\"PropertyValueSpecification\",\"valueRequired\":true,\"valueName\":\"search_term_string\"}}],\"inLanguage\":\"fr-FR\"},{\"@type\":\"Organization\",\"@id\":\"https:\\\/\\\/naturaedecor.ca\\\/#organization\",\"name\":\"Naturae Decor\",\"url\":\"https:\\\/\\\/naturaedecor.ca\\\/\",\"logo\":{\"@type\":\"ImageObject\",\"inLanguage\":\"fr-FR\",\"@id\":\"https:\\\/\\\/naturaedecor.ca\\\/#\\\/schema\\\/logo\\\/image\\\/\",\"url\":\"https:\\\/\\\/naturaedecor.ca\\\/wp-content\\\/uploads\\\/2021\\\/07\\\/logo-sticky.png\",\"contentUrl\":\"https:\\\/\\\/naturaedecor.ca\\\/wp-content\\\/uploads\\\/2021\\\/07\\\/logo-sticky.png\",\"width\":248,\"height\":96,\"caption\":\"Naturae Decor\"},\"image\":{\"@id\":\"https:\\\/\\\/naturaedecor.ca\\\/#\\\/schema\\\/logo\\\/image\\\/\"},\"sameAs\":[\"https:\\\/\\\/www.facebook.com\\\/naturaedecor\\\/\",\"https:\\\/\\\/x.com\\\/Naturaedecor\",\"https:\\\/\\\/www.instagram.com\\\/naturaedecor\\\/\",\"https:\\\/\\\/www.pinterest.ca\\\/naturaedecor\\\/\"]}]}<\/script>\n<!-- \/ Yoast SEO plugin. -->","yoast_head_json":{"title":"TREILLIS DE PVC EXTENSIBLE CAMOUFLAGE 36\"X72\" CH\u00caNE BLANC - Naturae Decor","description":"Le treillis extensible Naturae Gear sera le compl\u00e9ment parfait \u00e0 votre projet de camouflage. Fabriqu\u00e9 \u00e0 partir de mat\u00e9riaux de haute qualit\u00e9 et offrant une intimit\u00e9 optimale avec des feuilles r\u00e9sistantes aux UV, vous pouvez profiter du produit pendant des ann\u00e9es sans avoir \u00e0 le remplacer.","robots":{"index":"index","follow":"follow","max-snippet":"max-snippet:-1","max-image-preview":"max-image-preview:large","max-video-preview":"max-video-preview:-1"},"canonical":"https:\/\/naturaedecor.ca\/produit\/pvc-expandable-camouflage-trellis-36x72-wild-oak\/","og_locale":"fr_FR","og_type":"article","og_title":"TREILLIS DE PVC EXTENSIBLE CAMOUFLAGE 36\"X72\" CH\u00caNE BLANC - Naturae Decor","og_description":"Le treillis extensible Naturae Gear sera le compl\u00e9ment parfait \u00e0 votre projet de camouflage. Fabriqu\u00e9 \u00e0 partir de mat\u00e9riaux de haute qualit\u00e9 et offrant une intimit\u00e9 optimale avec des feuilles r\u00e9sistantes aux UV, vous pouvez profiter du produit pendant des ann\u00e9es sans avoir \u00e0 le remplacer.","og_url":"https:\/\/naturaedecor.ca\/produit\/pvc-expandable-camouflage-trellis-36x72-wild-oak\/","og_site_name":"Naturae Decor","article_publisher":"https:\/\/www.facebook.com\/naturaedecor\/","article_modified_time":"2023-08-29T14:12:27+00:00","og_image":[{"width":1000,"height":1000,"url":"https:\/\/naturaedecor.ca\/wp-content\/uploads\/2023\/06\/trp3672br-cm02-01.jpg","type":"image\/jpeg"}],"twitter_card":"summary_large_image","twitter_site":"@Naturaedecor","schema":{"@context":"https:\/\/schema.org","@graph":[{"@type":"WebPage","@id":"https:\/\/naturaedecor.ca\/produit\/pvc-expandable-camouflage-trellis-36x72-wild-oak\/","url":"https:\/\/naturaedecor.ca\/produit\/pvc-expandable-camouflage-trellis-36x72-wild-oak\/","name":"TREILLIS DE PVC EXTENSIBLE CAMOUFLAGE 36\"X72\" CH\u00caNE BLANC - Naturae Decor","isPartOf":{"@id":"https:\/\/naturaedecor.ca\/#website"},"primaryImageOfPage":{"@id":"https:\/\/naturaedecor.ca\/produit\/pvc-expandable-camouflage-trellis-36x72-wild-oak\/#primaryimage"},"image":{"@id":"https:\/\/naturaedecor.ca\/produit\/pvc-expandable-camouflage-trellis-36x72-wild-oak\/#primaryimage"},"thumbnailUrl":"https:\/\/naturaedecor.ca\/wp-content\/uploads\/2023\/06\/trp3672br-cm02-01.jpg","datePublished":"2023-06-14T15:32:36+00:00","dateModified":"2023-08-29T14:12:27+00:00","description":"Le treillis extensible Naturae Gear sera le compl\u00e9ment parfait \u00e0 votre projet de camouflage. Fabriqu\u00e9 \u00e0 partir de mat\u00e9riaux de haute qualit\u00e9 et offrant une intimit\u00e9 optimale avec des feuilles r\u00e9sistantes aux UV, vous pouvez profiter du produit pendant des ann\u00e9es sans avoir \u00e0 le remplacer.","breadcrumb":{"@id":"https:\/\/naturaedecor.ca\/produit\/pvc-expandable-camouflage-trellis-36x72-wild-oak\/#breadcrumb"},"inLanguage":"fr-FR","potentialAction":[{"@type":"ReadAction","target":["https:\/\/naturaedecor.ca\/produit\/pvc-expandable-camouflage-trellis-36x72-wild-oak\/"]}]},{"@type":"ImageObject","inLanguage":"fr-FR","@id":"https:\/\/naturaedecor.ca\/produit\/pvc-expandable-camouflage-trellis-36x72-wild-oak\/#primaryimage","url":"https:\/\/naturaedecor.ca\/wp-content\/uploads\/2023\/06\/trp3672br-cm02-01.jpg","contentUrl":"https:\/\/naturaedecor.ca\/wp-content\/uploads\/2023\/06\/trp3672br-cm02-01.jpg","width":1000,"height":1000},{"@type":"BreadcrumbList","@id":"https:\/\/naturaedecor.ca\/produit\/pvc-expandable-camouflage-trellis-36x72-wild-oak\/#breadcrumb","itemListElement":[{"@type":"ListItem","position":1,"name":"Home","item":"https:\/\/naturaedecor.ca\/"},{"@type":"ListItem","position":2,"name":"Shop","item":"https:\/\/naturaedecor.ca\/shop\/"},{"@type":"ListItem","position":3,"name":"TREILLIS DE PVC EXTENSIBLE CAMOUFLAGE 36&#8243;X72&#8243; CH\u00caNE BLANC"}]},{"@type":"WebSite","@id":"https:\/\/naturaedecor.ca\/#website","url":"https:\/\/naturaedecor.ca\/","name":"Naturae Decor","description":"Add a feeling of tranquility to your space","publisher":{"@id":"https:\/\/naturaedecor.ca\/#organization"},"potentialAction":[{"@type":"SearchAction","target":{"@type":"EntryPoint","urlTemplate":"https:\/\/naturaedecor.ca\/?s={search_term_string}"},"query-input":{"@type":"PropertyValueSpecification","valueRequired":true,"valueName":"search_term_string"}}],"inLanguage":"fr-FR"},{"@type":"Organization","@id":"https:\/\/naturaedecor.ca\/#organization","name":"Naturae Decor","url":"https:\/\/naturaedecor.ca\/","logo":{"@type":"ImageObject","inLanguage":"fr-FR","@id":"https:\/\/naturaedecor.ca\/#\/schema\/logo\/image\/","url":"https:\/\/naturaedecor.ca\/wp-content\/uploads\/2021\/07\/logo-sticky.png","contentUrl":"https:\/\/naturaedecor.ca\/wp-content\/uploads\/2021\/07\/logo-sticky.png","width":248,"height":96,"caption":"Naturae Decor"},"image":{"@id":"https:\/\/naturaedecor.ca\/#\/schema\/logo\/image\/"},"sameAs":["https:\/\/www.facebook.com\/naturaedecor\/","https:\/\/x.com\/Naturaedecor","https:\/\/www.instagram.com\/naturaedecor\/","https:\/\/www.pinterest.ca\/naturaedecor\/"]}]}},"_links":{"self":[{"href":"https:\/\/naturaedecor.ca\/fr\/wp-json\/wp\/v2\/product\/7441","targetHints":{"allow":["GET"]}}],"collection":[{"href":"https:\/\/naturaedecor.ca\/fr\/wp-json\/wp\/v2\/product"}],"about":[{"href":"https:\/\/naturaedecor.ca\/fr\/wp-json\/wp\/v2\/types\/product"}],"replies":[{"embeddable":true,"href":"https:\/\/naturaedecor.ca\/fr\/wp-json\/wp\/v2\/comments?post=7441"}],"wp:featuredmedia":[{"embeddable":true,"href":"https:\/\/naturaedecor.ca\/fr\/wp-json\/wp\/v2\/media\/7334"}],"wp:attachment":[{"href":"https:\/\/naturaedecor.ca\/fr\/wp-json\/wp\/v2\/media?parent=7441"}],"wp:term":[{"taxonomy":"product_brand","embeddable":true,"href":"https:\/\/naturaedecor.ca\/fr\/wp-json\/wp\/v2\/product_brand?post=7441"},{"taxonomy":"product_cat","embeddable":true,"href":"https:\/\/naturaedecor.ca\/fr\/wp-json\/wp\/v2\/product_cat?post=7441"},{"taxonomy":"product_tag","embeddable":true,"href":"https:\/\/naturaedecor.ca\/fr\/wp-json\/wp\/v2\/product_tag?post=7441"}],"curies":[{"name":"wp","href":"https:\/\/api.w.org\/{rel}","templated":true}]}}