{"id":8042,"date":"2023-08-10T16:28:10","date_gmt":"2023-08-10T20:28:10","guid":{"rendered":"https:\/\/naturaedecor.ca\/product\/fence-privacy-screen-w-edge-covering-60x-299\/"},"modified":"2025-04-08T15:20:45","modified_gmt":"2025-04-08T19:20:45","slug":"toile-dintimite-60-po-x-299-po-pour-cloture-avec-bordure","status":"publish","type":"product","link":"https:\/\/naturaedecor.ca\/fr\/produit\/toile-dintimite-60-po-x-299-po-pour-cloture-avec-bordure\/","title":{"rendered":"Toile d&rsquo;intimit\u00e9 60 po x 299 po pour cl\u00f4ture avec bordure"},"content":{"rendered":"<p>Les \u00e9crans de cl\u00f4ture Naturae Decor sont la solution ultime pour votre prochain projet de bricolage. Ils sont faciles \u00e0 installer en toute s\u00e9curit\u00e9 \u00e0 l&rsquo;aide des 65 attaches incluses. Vous pouvez le plier et le rouler pour couvrir parfaitement n&rsquo;importe quelle forme ou surface, sans aucun espace. Parfait pour cr\u00e9er de l&rsquo;intimit\u00e9 sur votre terrasse, patio, balcon ou cl\u00f4ture. Les \u00e9crans sont fabriqu\u00e9s en PEHD de qualit\u00e9 sup\u00e9rieure r\u00e9sistant aux UV pour prolonger leur dur\u00e9e de vie. Un moyen \u00e9conomique d&#8217;embellir votre espace pr\u00e9f\u00e9r\u00e9. Inclus dans chaque paquet sont un \u00e9cran de cl\u00f4ture d&rsquo;intimit\u00e9 et les 65 attaches pour l&rsquo;installer facilement dans votre espace. B\u00e9n\u00e9ficiant de notre garantie de 2 ans, notre moustiquaire de 59 po x 299 po est durable et con\u00e7ue pour durer au fil des saisons.<\/p>\n<ul>\n<li>DE L\u2019INTIMIT\u00c9 POUR VOTRE ESPACE &#8211; Les \u00e9crans d&rsquo;intimit\u00e9 Naturae Decor sont le moyen id\u00e9al pour cr\u00e9er un environnement serein et vous abriter des regards indiscrets sur votre terrasse, patio, balcon ou clot\u00fbre.<\/li>\n<li>R\u00c9SISTANT AUX UV -Nos toiles pour clot\u00fbres sont faites de HDPE de haute qualit\u00e9. Elles r\u00e9sistent aux rayons UV et donc \u00e0 la d\u00e9coloration, en plus d\u2019\u00eatre faciles \u00e0 nettoyer. Du style et de l\u2019intimit\u00e9 pour un minimum d\u2019entretien.<\/li>\n<li>R\u00c9SISTANT AUX INTEMP\u00c9RIES &#8211; Con\u00e7u pour r\u00e9sister aux saisons et apporter style et intimit\u00e9 \u00e0 votre espace ext\u00e9rieur tout au long de l\u2019ann\u00e9e. La couverture dense de la toile vous prot\u00e9gera du vent en plus d&rsquo;apporter de l&rsquo;intimit\u00e9 \u00e0 votre espace ext\u00e9rieur.<\/li>\n<li>QUALIT\u00c9 SUP\u00c9RIEURE &#8211; Notre \u00e9cran d&rsquo;intimit\u00e9 de balcon de 36 po x 192 po vous permettra d&rsquo;avoir une intimit\u00e9 de qualit\u00e9 \u00e0 moindre co\u00fbt. Des \u0153illets robustes vont permettre la durabilit\u00e9 du produit. Garantie de 2 ans incluses.<\/li>\n<li>FACILE \u00c0 INSTALLER &#8211; Nos \u00e9crans de balcon sont faciles \u00e0 installer avec la corde incluse et les \u0153illets d&rsquo;aluminium de 20 po d&rsquo;espacement.<\/li>\n<\/ul>\n","protected":false},"excerpt":{"rendered":"<p>Les \u00e9crans de cl\u00f4ture Naturae Decor sont la solution ultime pour votre prochain projet de bricolage. Ils sont faciles \u00e0 installer en toute s\u00e9curit\u00e9 \u00e0 l&rsquo;aide des 65 attaches incluses. Vous pouvez le plier et le rouler pour couvrir parfaitement n&rsquo;importe quelle forme ou surface, sans aucun espace. Parfait pour cr\u00e9er de l&rsquo;intimit\u00e9 sur votre [&hellip;]<\/p>\n","protected":false},"featured_media":10416,"comment_status":"open","ping_status":"closed","template":"","meta":{"_acf_changed":false},"product_brand":[],"product_cat":[151],"product_tag":[],"class_list":{"0":"post-8042","1":"product","2":"type-product","3":"status-publish","4":"has-post-thumbnail","6":"product_cat-ecrans-de-terrasse-et-de-cloture","8":"first","9":"instock","10":"taxable","11":"shipping-taxable","12":"purchasable","13":"product-type-simple"},"acf":[],"yoast_head":"<!-- This site is optimized with the Yoast SEO plugin v27.1.1 - https:\/\/yoast.com\/product\/yoast-seo-wordpress\/ -->\n<title>Toile d&#039;intimit\u00e9 60 po x 299 po pour cl\u00f4ture avec bordure - Naturae Decor<\/title>\n<meta name=\"robots\" content=\"index, follow, max-snippet:-1, max-image-preview:large, max-video-preview:-1\" \/>\n<link rel=\"canonical\" href=\"https:\/\/naturaedecor.ca\/fr\/produit\/toile-dintimite-60-po-x-299-po-pour-cloture-avec-bordure\/\" \/>\n<meta property=\"og:locale\" content=\"fr_FR\" \/>\n<meta property=\"og:type\" content=\"article\" \/>\n<meta property=\"og:title\" content=\"Toile d&#039;intimit\u00e9 60 po x 299 po pour cl\u00f4ture avec bordure - Naturae Decor\" \/>\n<meta property=\"og:description\" content=\"Les \u00e9crans de cl\u00f4ture Naturae Decor sont la solution ultime pour votre prochain projet de bricolage. Ils sont faciles \u00e0 installer en toute s\u00e9curit\u00e9 \u00e0 l&rsquo;aide des 65 attaches incluses. Vous pouvez le plier et le rouler pour couvrir parfaitement n&rsquo;importe quelle forme ou surface, sans aucun espace. Parfait pour cr\u00e9er de l&rsquo;intimit\u00e9 sur votre [&hellip;]\" \/>\n<meta property=\"og:url\" content=\"https:\/\/naturaedecor.ca\/fr\/produit\/toile-dintimite-60-po-x-299-po-pour-cloture-avec-bordure\/\" \/>\n<meta property=\"og:site_name\" content=\"Naturae Decor\" \/>\n<meta property=\"article:publisher\" content=\"https:\/\/www.facebook.com\/naturaedecor\/\" \/>\n<meta property=\"article:modified_time\" content=\"2025-04-08T19:20:45+00:00\" \/>\n<meta property=\"og:image\" content=\"https:\/\/naturaedecor.ca\/wp-content\/uploads\/2023\/08\/Sans-titre-3-1.jpg\" \/>\n\t<meta property=\"og:image:width\" content=\"1000\" \/>\n\t<meta property=\"og:image:height\" content=\"1000\" \/>\n\t<meta property=\"og:image:type\" content=\"image\/jpeg\" \/>\n<meta name=\"twitter:card\" content=\"summary_large_image\" \/>\n<meta name=\"twitter:site\" content=\"@Naturaedecor\" \/>\n<script type=\"application\/ld+json\" class=\"yoast-schema-graph\">{\"@context\":\"https:\/\/schema.org\",\"@graph\":[{\"@type\":\"WebPage\",\"@id\":\"https:\/\/naturaedecor.ca\/fr\/produit\/toile-dintimite-60-po-x-299-po-pour-cloture-avec-bordure\/\",\"url\":\"https:\/\/naturaedecor.ca\/fr\/produit\/toile-dintimite-60-po-x-299-po-pour-cloture-avec-bordure\/\",\"name\":\"Toile d'intimit\u00e9 60 po x 299 po pour cl\u00f4ture avec bordure - Naturae Decor\",\"isPartOf\":{\"@id\":\"https:\/\/naturaedecor.ca\/#website\"},\"primaryImageOfPage\":{\"@id\":\"https:\/\/naturaedecor.ca\/fr\/produit\/toile-dintimite-60-po-x-299-po-pour-cloture-avec-bordure\/#primaryimage\"},\"image\":{\"@id\":\"https:\/\/naturaedecor.ca\/fr\/produit\/toile-dintimite-60-po-x-299-po-pour-cloture-avec-bordure\/#primaryimage\"},\"thumbnailUrl\":\"https:\/\/naturaedecor.ca\/wp-content\/uploads\/2023\/08\/Sans-titre-3-1.jpg\",\"datePublished\":\"2023-08-10T20:28:10+00:00\",\"dateModified\":\"2025-04-08T19:20:45+00:00\",\"breadcrumb\":{\"@id\":\"https:\/\/naturaedecor.ca\/fr\/produit\/toile-dintimite-60-po-x-299-po-pour-cloture-avec-bordure\/#breadcrumb\"},\"inLanguage\":\"fr-FR\",\"potentialAction\":[{\"@type\":\"ReadAction\",\"target\":[\"https:\/\/naturaedecor.ca\/fr\/produit\/toile-dintimite-60-po-x-299-po-pour-cloture-avec-bordure\/\"]}]},{\"@type\":\"ImageObject\",\"inLanguage\":\"fr-FR\",\"@id\":\"https:\/\/naturaedecor.ca\/fr\/produit\/toile-dintimite-60-po-x-299-po-pour-cloture-avec-bordure\/#primaryimage\",\"url\":\"https:\/\/naturaedecor.ca\/wp-content\/uploads\/2023\/08\/Sans-titre-3-1.jpg\",\"contentUrl\":\"https:\/\/naturaedecor.ca\/wp-content\/uploads\/2023\/08\/Sans-titre-3-1.jpg\",\"width\":1000,\"height\":1000},{\"@type\":\"BreadcrumbList\",\"@id\":\"https:\/\/naturaedecor.ca\/fr\/produit\/toile-dintimite-60-po-x-299-po-pour-cloture-avec-bordure\/#breadcrumb\",\"itemListElement\":[{\"@type\":\"ListItem\",\"position\":1,\"name\":\"Home\",\"item\":\"https:\/\/naturaedecor.ca\/\"},{\"@type\":\"ListItem\",\"position\":2,\"name\":\"Shop\",\"item\":\"https:\/\/naturaedecor.ca\/shop\/\"},{\"@type\":\"ListItem\",\"position\":3,\"name\":\"Toile d&#8217;intimit\u00e9 60 po x 299 po pour cl\u00f4ture avec bordure\"}]},{\"@type\":\"WebSite\",\"@id\":\"https:\/\/naturaedecor.ca\/#website\",\"url\":\"https:\/\/naturaedecor.ca\/\",\"name\":\"Naturae Decor\",\"description\":\"Add a feeling of tranquility to your space\",\"publisher\":{\"@id\":\"https:\/\/naturaedecor.ca\/#organization\"},\"potentialAction\":[{\"@type\":\"SearchAction\",\"target\":{\"@type\":\"EntryPoint\",\"urlTemplate\":\"https:\/\/naturaedecor.ca\/?s={search_term_string}\"},\"query-input\":{\"@type\":\"PropertyValueSpecification\",\"valueRequired\":true,\"valueName\":\"search_term_string\"}}],\"inLanguage\":\"fr-FR\"},{\"@type\":\"Organization\",\"@id\":\"https:\/\/naturaedecor.ca\/#organization\",\"name\":\"Naturae Decor\",\"url\":\"https:\/\/naturaedecor.ca\/\",\"logo\":{\"@type\":\"ImageObject\",\"inLanguage\":\"fr-FR\",\"@id\":\"https:\/\/naturaedecor.ca\/#\/schema\/logo\/image\/\",\"url\":\"https:\/\/naturaedecor.ca\/wp-content\/uploads\/2021\/07\/logo-sticky.png\",\"contentUrl\":\"https:\/\/naturaedecor.ca\/wp-content\/uploads\/2021\/07\/logo-sticky.png\",\"width\":248,\"height\":96,\"caption\":\"Naturae Decor\"},\"image\":{\"@id\":\"https:\/\/naturaedecor.ca\/#\/schema\/logo\/image\/\"},\"sameAs\":[\"https:\/\/www.facebook.com\/naturaedecor\/\",\"https:\/\/x.com\/Naturaedecor\",\"https:\/\/www.instagram.com\/naturaedecor\/\",\"https:\/\/www.pinterest.ca\/naturaedecor\/\"]}]}<\/script>\n<!-- \/ Yoast SEO plugin. -->","yoast_head_json":{"title":"Toile d'intimit\u00e9 60 po x 299 po pour cl\u00f4ture avec bordure - Naturae Decor","robots":{"index":"index","follow":"follow","max-snippet":"max-snippet:-1","max-image-preview":"max-image-preview:large","max-video-preview":"max-video-preview:-1"},"canonical":"https:\/\/naturaedecor.ca\/fr\/produit\/toile-dintimite-60-po-x-299-po-pour-cloture-avec-bordure\/","og_locale":"fr_FR","og_type":"article","og_title":"Toile d'intimit\u00e9 60 po x 299 po pour cl\u00f4ture avec bordure - Naturae Decor","og_description":"Les \u00e9crans de cl\u00f4ture Naturae Decor sont la solution ultime pour votre prochain projet de bricolage. Ils sont faciles \u00e0 installer en toute s\u00e9curit\u00e9 \u00e0 l&rsquo;aide des 65 attaches incluses. Vous pouvez le plier et le rouler pour couvrir parfaitement n&rsquo;importe quelle forme ou surface, sans aucun espace. Parfait pour cr\u00e9er de l&rsquo;intimit\u00e9 sur votre [&hellip;]","og_url":"https:\/\/naturaedecor.ca\/fr\/produit\/toile-dintimite-60-po-x-299-po-pour-cloture-avec-bordure\/","og_site_name":"Naturae Decor","article_publisher":"https:\/\/www.facebook.com\/naturaedecor\/","article_modified_time":"2025-04-08T19:20:45+00:00","og_image":[{"width":1000,"height":1000,"url":"https:\/\/naturaedecor.ca\/wp-content\/uploads\/2023\/08\/Sans-titre-3-1.jpg","type":"image\/jpeg"}],"twitter_card":"summary_large_image","twitter_site":"@Naturaedecor","schema":{"@context":"https:\/\/schema.org","@graph":[{"@type":"WebPage","@id":"https:\/\/naturaedecor.ca\/fr\/produit\/toile-dintimite-60-po-x-299-po-pour-cloture-avec-bordure\/","url":"https:\/\/naturaedecor.ca\/fr\/produit\/toile-dintimite-60-po-x-299-po-pour-cloture-avec-bordure\/","name":"Toile d'intimit\u00e9 60 po x 299 po pour cl\u00f4ture avec bordure - Naturae Decor","isPartOf":{"@id":"https:\/\/naturaedecor.ca\/#website"},"primaryImageOfPage":{"@id":"https:\/\/naturaedecor.ca\/fr\/produit\/toile-dintimite-60-po-x-299-po-pour-cloture-avec-bordure\/#primaryimage"},"image":{"@id":"https:\/\/naturaedecor.ca\/fr\/produit\/toile-dintimite-60-po-x-299-po-pour-cloture-avec-bordure\/#primaryimage"},"thumbnailUrl":"https:\/\/naturaedecor.ca\/wp-content\/uploads\/2023\/08\/Sans-titre-3-1.jpg","datePublished":"2023-08-10T20:28:10+00:00","dateModified":"2025-04-08T19:20:45+00:00","breadcrumb":{"@id":"https:\/\/naturaedecor.ca\/fr\/produit\/toile-dintimite-60-po-x-299-po-pour-cloture-avec-bordure\/#breadcrumb"},"inLanguage":"fr-FR","potentialAction":[{"@type":"ReadAction","target":["https:\/\/naturaedecor.ca\/fr\/produit\/toile-dintimite-60-po-x-299-po-pour-cloture-avec-bordure\/"]}]},{"@type":"ImageObject","inLanguage":"fr-FR","@id":"https:\/\/naturaedecor.ca\/fr\/produit\/toile-dintimite-60-po-x-299-po-pour-cloture-avec-bordure\/#primaryimage","url":"https:\/\/naturaedecor.ca\/wp-content\/uploads\/2023\/08\/Sans-titre-3-1.jpg","contentUrl":"https:\/\/naturaedecor.ca\/wp-content\/uploads\/2023\/08\/Sans-titre-3-1.jpg","width":1000,"height":1000},{"@type":"BreadcrumbList","@id":"https:\/\/naturaedecor.ca\/fr\/produit\/toile-dintimite-60-po-x-299-po-pour-cloture-avec-bordure\/#breadcrumb","itemListElement":[{"@type":"ListItem","position":1,"name":"Home","item":"https:\/\/naturaedecor.ca\/"},{"@type":"ListItem","position":2,"name":"Shop","item":"https:\/\/naturaedecor.ca\/shop\/"},{"@type":"ListItem","position":3,"name":"Toile d&#8217;intimit\u00e9 60 po x 299 po pour cl\u00f4ture avec bordure"}]},{"@type":"WebSite","@id":"https:\/\/naturaedecor.ca\/#website","url":"https:\/\/naturaedecor.ca\/","name":"Naturae Decor","description":"Add a feeling of tranquility to your space","publisher":{"@id":"https:\/\/naturaedecor.ca\/#organization"},"potentialAction":[{"@type":"SearchAction","target":{"@type":"EntryPoint","urlTemplate":"https:\/\/naturaedecor.ca\/?s={search_term_string}"},"query-input":{"@type":"PropertyValueSpecification","valueRequired":true,"valueName":"search_term_string"}}],"inLanguage":"fr-FR"},{"@type":"Organization","@id":"https:\/\/naturaedecor.ca\/#organization","name":"Naturae Decor","url":"https:\/\/naturaedecor.ca\/","logo":{"@type":"ImageObject","inLanguage":"fr-FR","@id":"https:\/\/naturaedecor.ca\/#\/schema\/logo\/image\/","url":"https:\/\/naturaedecor.ca\/wp-content\/uploads\/2021\/07\/logo-sticky.png","contentUrl":"https:\/\/naturaedecor.ca\/wp-content\/uploads\/2021\/07\/logo-sticky.png","width":248,"height":96,"caption":"Naturae Decor"},"image":{"@id":"https:\/\/naturaedecor.ca\/#\/schema\/logo\/image\/"},"sameAs":["https:\/\/www.facebook.com\/naturaedecor\/","https:\/\/x.com\/Naturaedecor","https:\/\/www.instagram.com\/naturaedecor\/","https:\/\/www.pinterest.ca\/naturaedecor\/"]}]}},"_links":{"self":[{"href":"https:\/\/naturaedecor.ca\/fr\/wp-json\/wp\/v2\/product\/8042","targetHints":{"allow":["GET"]}}],"collection":[{"href":"https:\/\/naturaedecor.ca\/fr\/wp-json\/wp\/v2\/product"}],"about":[{"href":"https:\/\/naturaedecor.ca\/fr\/wp-json\/wp\/v2\/types\/product"}],"replies":[{"embeddable":true,"href":"https:\/\/naturaedecor.ca\/fr\/wp-json\/wp\/v2\/comments?post=8042"}],"wp:featuredmedia":[{"embeddable":true,"href":"https:\/\/naturaedecor.ca\/fr\/wp-json\/wp\/v2\/media\/10416"}],"wp:attachment":[{"href":"https:\/\/naturaedecor.ca\/fr\/wp-json\/wp\/v2\/media?parent=8042"}],"wp:term":[{"taxonomy":"product_brand","embeddable":true,"href":"https:\/\/naturaedecor.ca\/fr\/wp-json\/wp\/v2\/product_brand?post=8042"},{"taxonomy":"product_cat","embeddable":true,"href":"https:\/\/naturaedecor.ca\/fr\/wp-json\/wp\/v2\/product_cat?post=8042"},{"taxonomy":"product_tag","embeddable":true,"href":"https:\/\/naturaedecor.ca\/fr\/wp-json\/wp\/v2\/product_tag?post=8042"}],"curies":[{"name":"wp","href":"https:\/\/api.w.org\/{rel}","templated":true}]}}