{"id":8048,"date":"2023-08-10T16:27:59","date_gmt":"2023-08-10T20:27:59","guid":{"rendered":"https:\/\/naturaedecor.ca\/product\/privacy-balcony-34-in-x-180-in-screen-light-grey\/"},"modified":"2024-05-31T12:59:21","modified_gmt":"2024-05-31T16:59:21","slug":"toile-dintimite-34-po-x-180-po-pour-balcon-gris-pale","status":"publish","type":"product","link":"https:\/\/naturaedecor.ca\/fr\/produit\/toile-dintimite-34-po-x-180-po-pour-balcon-gris-pale\/","title":{"rendered":"Toile d&rsquo;intimit\u00e9 34 po x 180 po pour balcon gris p\u00e2le"},"content":{"rendered":"<p>Les \u00e9crans de balcon Naturae Decor sont la solution ultime pour votre espace ext\u00e9rieur. Ils peuvent \u00eatre facilement coup\u00e9s pour s&rsquo;adapter \u00e0 n&rsquo;importe quel espace et sont faciles \u00e0 installer en toute s\u00e9curit\u00e9 \u00e0 l&rsquo;aide de la corde de polyester incluse. Parfait pour cr\u00e9er de l&rsquo;intimit\u00e9 sur votre terrasse, patio ou balcon. Les \u00e9crans sont fabriqu\u00e9s en qualit\u00e9 sup\u00e9rieure r\u00e9sistant aux UV pour prolonger leur dur\u00e9e de vie. Un moyen \u00e9conomique d&#8217;embellir votre espace pr\u00e9f\u00e9r\u00e9. Inclus dans chaque paquet sont une toile d&rsquo;intimit\u00e9 de balcon et le corde de poyester 35 pieds pour une installation simple. B\u00e9n\u00e9ficiant de notre garantie d&rsquo;un an, notre toile d&rsquo;intimit\u00e9 de 34 po x 180 po est durable et con\u00e7ue pour durer au fil des saisons.<\/p>\n<ul>\n<li>DE L\u2019INTIMIT\u00c9 POUR VOTRE ESPACE &#8211; Les \u00e9crans d&rsquo;intimit\u00e9 Naturae Decor sont le moyen id\u00e9al pour cr\u00e9er un environnement serein et vous abriter des regards indiscrets sur votre terrasse, patio ou balcon.<\/li>\n<li>R\u00c9SISTANT AUX UV -Nos toiles pour balcons sont faites de PVC et polyester de haute qualit\u00e9. Elles r\u00e9sistent aux rayons UV et donc \u00e0 la d\u00e9coloration, en plus d\u2019\u00eatre faciles \u00e0 nettoyer. Du style et de l\u2019intimit\u00e9 pour un minimum d\u2019entretien.<\/li>\n<li>R\u00c9SISTANT AUX INTEMP\u00c9RIES &#8211; Con\u00e7u pour r\u00e9sister aux saisons et apporter style et intimit\u00e9 \u00e0 votre espace ext\u00e9rieur tout au long de l\u2019ann\u00e9e. La couverture dense de la toile vous prot\u00e9gera du vent en plus d&rsquo;apporter de l&rsquo;intimit\u00e9 \u00e0 votre balcon.<\/li>\n<li>QUALIT\u00c9 SUP\u00c9RIEURE &#8211; Notre toile pour balcon de 34 po x 180 po va am\u00e9liorer votre espace ext\u00e9rieur gr\u00e2ce \u00e0 son magnifique design moderne. Elle vous permet d&rsquo;avoir de l&rsquo;intimit\u00e9 de qualit\u00e9 \u00e0 moindre co\u00fbt. Des oeillets robustes permettent la durabilit\u00e9 du produit. Garantie de 1 an incluse.<\/li>\n<li>FACILE \u00c0 INSTALLER &#8211; Nos \u00e9crans de balcon sont faciles \u00e0 installer avec la corde en nylon de 35 pieds incluse.<\/li>\n<\/ul>\n","protected":false},"excerpt":{"rendered":"<p>Les \u00e9crans de balcon Naturae Decor sont la solution ultime pour votre espace ext\u00e9rieur. Ils peuvent \u00eatre facilement coup\u00e9s pour s&rsquo;adapter \u00e0 n&rsquo;importe quel espace et sont faciles \u00e0 installer en toute s\u00e9curit\u00e9 \u00e0 l&rsquo;aide de la corde de polyester incluse. Parfait pour cr\u00e9er de l&rsquo;intimit\u00e9 sur votre terrasse, patio ou balcon. Les \u00e9crans sont [&hellip;]<\/p>\n","protected":false},"featured_media":7558,"comment_status":"open","ping_status":"closed","template":"","meta":{"_acf_changed":false},"product_brand":[],"product_cat":[151],"product_tag":[],"class_list":{"0":"post-8048","1":"product","2":"type-product","3":"status-publish","4":"has-post-thumbnail","6":"product_cat-ecrans-de-terrasse-et-de-cloture","8":"first","9":"instock","10":"taxable","11":"shipping-taxable","12":"purchasable","13":"product-type-simple"},"acf":[],"yoast_head":"<!-- This site is optimized with the Yoast SEO plugin v27.1.1 - https:\/\/yoast.com\/product\/yoast-seo-wordpress\/ -->\n<title>Toile d&#039;intimit\u00e9 34 po x 180 po pour balcon gris p\u00e2le - Naturae Decor<\/title>\n<meta name=\"robots\" content=\"index, follow, max-snippet:-1, max-image-preview:large, max-video-preview:-1\" \/>\n<link rel=\"canonical\" href=\"https:\/\/naturaedecor.ca\/produit\/privacy-balcony-34-in-x-180-in-screen-light-grey\/\" \/>\n<meta property=\"og:locale\" content=\"fr_FR\" \/>\n<meta property=\"og:type\" content=\"article\" \/>\n<meta property=\"og:title\" content=\"Toile d&#039;intimit\u00e9 34 po x 180 po pour balcon gris p\u00e2le - Naturae Decor\" \/>\n<meta property=\"og:description\" content=\"Les \u00e9crans de balcon Naturae Decor sont la solution ultime pour votre espace ext\u00e9rieur. Ils peuvent \u00eatre facilement coup\u00e9s pour s&rsquo;adapter \u00e0 n&rsquo;importe quel espace et sont faciles \u00e0 installer en toute s\u00e9curit\u00e9 \u00e0 l&rsquo;aide de la corde de polyester incluse. Parfait pour cr\u00e9er de l&rsquo;intimit\u00e9 sur votre terrasse, patio ou balcon. Les \u00e9crans sont [&hellip;]\" \/>\n<meta property=\"og:url\" content=\"https:\/\/naturaedecor.ca\/produit\/privacy-balcony-34-in-x-180-in-screen-light-grey\/\" \/>\n<meta property=\"og:site_name\" content=\"Naturae Decor\" \/>\n<meta property=\"article:publisher\" content=\"https:\/\/www.facebook.com\/naturaedecor\/\" \/>\n<meta property=\"article:modified_time\" content=\"2024-05-31T16:59:21+00:00\" \/>\n<meta property=\"og:image\" content=\"https:\/\/naturaedecor.ca\/wp-content\/uploads\/2023\/07\/1_balc-3415-sollg.jpg\" \/>\n\t<meta property=\"og:image:width\" content=\"1000\" \/>\n\t<meta property=\"og:image:height\" content=\"1000\" \/>\n\t<meta property=\"og:image:type\" content=\"image\/jpeg\" \/>\n<meta name=\"twitter:card\" content=\"summary_large_image\" \/>\n<meta name=\"twitter:site\" content=\"@Naturaedecor\" \/>\n<script type=\"application\/ld+json\" class=\"yoast-schema-graph\">{\"@context\":\"https:\/\/schema.org\",\"@graph\":[{\"@type\":\"WebPage\",\"@id\":\"https:\/\/naturaedecor.ca\/produit\/privacy-balcony-34-in-x-180-in-screen-light-grey\/\",\"url\":\"https:\/\/naturaedecor.ca\/produit\/privacy-balcony-34-in-x-180-in-screen-light-grey\/\",\"name\":\"Toile d'intimit\u00e9 34 po x 180 po pour balcon gris p\u00e2le - Naturae Decor\",\"isPartOf\":{\"@id\":\"https:\/\/naturaedecor.ca\/#website\"},\"primaryImageOfPage\":{\"@id\":\"https:\/\/naturaedecor.ca\/produit\/privacy-balcony-34-in-x-180-in-screen-light-grey\/#primaryimage\"},\"image\":{\"@id\":\"https:\/\/naturaedecor.ca\/produit\/privacy-balcony-34-in-x-180-in-screen-light-grey\/#primaryimage\"},\"thumbnailUrl\":\"https:\/\/naturaedecor.ca\/wp-content\/uploads\/2023\/07\/1_balc-3415-sollg.jpg\",\"datePublished\":\"2023-08-10T20:27:59+00:00\",\"dateModified\":\"2024-05-31T16:59:21+00:00\",\"breadcrumb\":{\"@id\":\"https:\/\/naturaedecor.ca\/produit\/privacy-balcony-34-in-x-180-in-screen-light-grey\/#breadcrumb\"},\"inLanguage\":\"fr-FR\",\"potentialAction\":[{\"@type\":\"ReadAction\",\"target\":[\"https:\/\/naturaedecor.ca\/produit\/privacy-balcony-34-in-x-180-in-screen-light-grey\/\"]}]},{\"@type\":\"ImageObject\",\"inLanguage\":\"fr-FR\",\"@id\":\"https:\/\/naturaedecor.ca\/produit\/privacy-balcony-34-in-x-180-in-screen-light-grey\/#primaryimage\",\"url\":\"https:\/\/naturaedecor.ca\/wp-content\/uploads\/2023\/07\/1_balc-3415-sollg.jpg\",\"contentUrl\":\"https:\/\/naturaedecor.ca\/wp-content\/uploads\/2023\/07\/1_balc-3415-sollg.jpg\",\"width\":1000,\"height\":1000},{\"@type\":\"BreadcrumbList\",\"@id\":\"https:\/\/naturaedecor.ca\/produit\/privacy-balcony-34-in-x-180-in-screen-light-grey\/#breadcrumb\",\"itemListElement\":[{\"@type\":\"ListItem\",\"position\":1,\"name\":\"Home\",\"item\":\"https:\/\/naturaedecor.ca\/\"},{\"@type\":\"ListItem\",\"position\":2,\"name\":\"Shop\",\"item\":\"https:\/\/naturaedecor.ca\/shop\/\"},{\"@type\":\"ListItem\",\"position\":3,\"name\":\"Toile d&#8217;intimit\u00e9 34 po x 180 po pour balcon gris p\u00e2le\"}]},{\"@type\":\"WebSite\",\"@id\":\"https:\/\/naturaedecor.ca\/#website\",\"url\":\"https:\/\/naturaedecor.ca\/\",\"name\":\"Naturae Decor\",\"description\":\"Add a feeling of tranquility to your space\",\"publisher\":{\"@id\":\"https:\/\/naturaedecor.ca\/#organization\"},\"potentialAction\":[{\"@type\":\"SearchAction\",\"target\":{\"@type\":\"EntryPoint\",\"urlTemplate\":\"https:\/\/naturaedecor.ca\/?s={search_term_string}\"},\"query-input\":{\"@type\":\"PropertyValueSpecification\",\"valueRequired\":true,\"valueName\":\"search_term_string\"}}],\"inLanguage\":\"fr-FR\"},{\"@type\":\"Organization\",\"@id\":\"https:\/\/naturaedecor.ca\/#organization\",\"name\":\"Naturae Decor\",\"url\":\"https:\/\/naturaedecor.ca\/\",\"logo\":{\"@type\":\"ImageObject\",\"inLanguage\":\"fr-FR\",\"@id\":\"https:\/\/naturaedecor.ca\/#\/schema\/logo\/image\/\",\"url\":\"https:\/\/naturaedecor.ca\/wp-content\/uploads\/2021\/07\/logo-sticky.png\",\"contentUrl\":\"https:\/\/naturaedecor.ca\/wp-content\/uploads\/2021\/07\/logo-sticky.png\",\"width\":248,\"height\":96,\"caption\":\"Naturae Decor\"},\"image\":{\"@id\":\"https:\/\/naturaedecor.ca\/#\/schema\/logo\/image\/\"},\"sameAs\":[\"https:\/\/www.facebook.com\/naturaedecor\/\",\"https:\/\/x.com\/Naturaedecor\",\"https:\/\/www.instagram.com\/naturaedecor\/\",\"https:\/\/www.pinterest.ca\/naturaedecor\/\"]}]}<\/script>\n<!-- \/ Yoast SEO plugin. -->","yoast_head_json":{"title":"Toile d'intimit\u00e9 34 po x 180 po pour balcon gris p\u00e2le - Naturae Decor","robots":{"index":"index","follow":"follow","max-snippet":"max-snippet:-1","max-image-preview":"max-image-preview:large","max-video-preview":"max-video-preview:-1"},"canonical":"https:\/\/naturaedecor.ca\/produit\/privacy-balcony-34-in-x-180-in-screen-light-grey\/","og_locale":"fr_FR","og_type":"article","og_title":"Toile d'intimit\u00e9 34 po x 180 po pour balcon gris p\u00e2le - Naturae Decor","og_description":"Les \u00e9crans de balcon Naturae Decor sont la solution ultime pour votre espace ext\u00e9rieur. Ils peuvent \u00eatre facilement coup\u00e9s pour s&rsquo;adapter \u00e0 n&rsquo;importe quel espace et sont faciles \u00e0 installer en toute s\u00e9curit\u00e9 \u00e0 l&rsquo;aide de la corde de polyester incluse. Parfait pour cr\u00e9er de l&rsquo;intimit\u00e9 sur votre terrasse, patio ou balcon. Les \u00e9crans sont [&hellip;]","og_url":"https:\/\/naturaedecor.ca\/produit\/privacy-balcony-34-in-x-180-in-screen-light-grey\/","og_site_name":"Naturae Decor","article_publisher":"https:\/\/www.facebook.com\/naturaedecor\/","article_modified_time":"2024-05-31T16:59:21+00:00","og_image":[{"width":1000,"height":1000,"url":"https:\/\/naturaedecor.ca\/wp-content\/uploads\/2023\/07\/1_balc-3415-sollg.jpg","type":"image\/jpeg"}],"twitter_card":"summary_large_image","twitter_site":"@Naturaedecor","schema":{"@context":"https:\/\/schema.org","@graph":[{"@type":"WebPage","@id":"https:\/\/naturaedecor.ca\/produit\/privacy-balcony-34-in-x-180-in-screen-light-grey\/","url":"https:\/\/naturaedecor.ca\/produit\/privacy-balcony-34-in-x-180-in-screen-light-grey\/","name":"Toile d'intimit\u00e9 34 po x 180 po pour balcon gris p\u00e2le - Naturae Decor","isPartOf":{"@id":"https:\/\/naturaedecor.ca\/#website"},"primaryImageOfPage":{"@id":"https:\/\/naturaedecor.ca\/produit\/privacy-balcony-34-in-x-180-in-screen-light-grey\/#primaryimage"},"image":{"@id":"https:\/\/naturaedecor.ca\/produit\/privacy-balcony-34-in-x-180-in-screen-light-grey\/#primaryimage"},"thumbnailUrl":"https:\/\/naturaedecor.ca\/wp-content\/uploads\/2023\/07\/1_balc-3415-sollg.jpg","datePublished":"2023-08-10T20:27:59+00:00","dateModified":"2024-05-31T16:59:21+00:00","breadcrumb":{"@id":"https:\/\/naturaedecor.ca\/produit\/privacy-balcony-34-in-x-180-in-screen-light-grey\/#breadcrumb"},"inLanguage":"fr-FR","potentialAction":[{"@type":"ReadAction","target":["https:\/\/naturaedecor.ca\/produit\/privacy-balcony-34-in-x-180-in-screen-light-grey\/"]}]},{"@type":"ImageObject","inLanguage":"fr-FR","@id":"https:\/\/naturaedecor.ca\/produit\/privacy-balcony-34-in-x-180-in-screen-light-grey\/#primaryimage","url":"https:\/\/naturaedecor.ca\/wp-content\/uploads\/2023\/07\/1_balc-3415-sollg.jpg","contentUrl":"https:\/\/naturaedecor.ca\/wp-content\/uploads\/2023\/07\/1_balc-3415-sollg.jpg","width":1000,"height":1000},{"@type":"BreadcrumbList","@id":"https:\/\/naturaedecor.ca\/produit\/privacy-balcony-34-in-x-180-in-screen-light-grey\/#breadcrumb","itemListElement":[{"@type":"ListItem","position":1,"name":"Home","item":"https:\/\/naturaedecor.ca\/"},{"@type":"ListItem","position":2,"name":"Shop","item":"https:\/\/naturaedecor.ca\/shop\/"},{"@type":"ListItem","position":3,"name":"Toile d&#8217;intimit\u00e9 34 po x 180 po pour balcon gris p\u00e2le"}]},{"@type":"WebSite","@id":"https:\/\/naturaedecor.ca\/#website","url":"https:\/\/naturaedecor.ca\/","name":"Naturae Decor","description":"Add a feeling of tranquility to your space","publisher":{"@id":"https:\/\/naturaedecor.ca\/#organization"},"potentialAction":[{"@type":"SearchAction","target":{"@type":"EntryPoint","urlTemplate":"https:\/\/naturaedecor.ca\/?s={search_term_string}"},"query-input":{"@type":"PropertyValueSpecification","valueRequired":true,"valueName":"search_term_string"}}],"inLanguage":"fr-FR"},{"@type":"Organization","@id":"https:\/\/naturaedecor.ca\/#organization","name":"Naturae Decor","url":"https:\/\/naturaedecor.ca\/","logo":{"@type":"ImageObject","inLanguage":"fr-FR","@id":"https:\/\/naturaedecor.ca\/#\/schema\/logo\/image\/","url":"https:\/\/naturaedecor.ca\/wp-content\/uploads\/2021\/07\/logo-sticky.png","contentUrl":"https:\/\/naturaedecor.ca\/wp-content\/uploads\/2021\/07\/logo-sticky.png","width":248,"height":96,"caption":"Naturae Decor"},"image":{"@id":"https:\/\/naturaedecor.ca\/#\/schema\/logo\/image\/"},"sameAs":["https:\/\/www.facebook.com\/naturaedecor\/","https:\/\/x.com\/Naturaedecor","https:\/\/www.instagram.com\/naturaedecor\/","https:\/\/www.pinterest.ca\/naturaedecor\/"]}]}},"_links":{"self":[{"href":"https:\/\/naturaedecor.ca\/fr\/wp-json\/wp\/v2\/product\/8048","targetHints":{"allow":["GET"]}}],"collection":[{"href":"https:\/\/naturaedecor.ca\/fr\/wp-json\/wp\/v2\/product"}],"about":[{"href":"https:\/\/naturaedecor.ca\/fr\/wp-json\/wp\/v2\/types\/product"}],"replies":[{"embeddable":true,"href":"https:\/\/naturaedecor.ca\/fr\/wp-json\/wp\/v2\/comments?post=8048"}],"wp:featuredmedia":[{"embeddable":true,"href":"https:\/\/naturaedecor.ca\/fr\/wp-json\/wp\/v2\/media\/7558"}],"wp:attachment":[{"href":"https:\/\/naturaedecor.ca\/fr\/wp-json\/wp\/v2\/media?parent=8048"}],"wp:term":[{"taxonomy":"product_brand","embeddable":true,"href":"https:\/\/naturaedecor.ca\/fr\/wp-json\/wp\/v2\/product_brand?post=8048"},{"taxonomy":"product_cat","embeddable":true,"href":"https:\/\/naturaedecor.ca\/fr\/wp-json\/wp\/v2\/product_cat?post=8048"},{"taxonomy":"product_tag","embeddable":true,"href":"https:\/\/naturaedecor.ca\/fr\/wp-json\/wp\/v2\/product_tag?post=8048"}],"curies":[{"name":"wp","href":"https:\/\/api.w.org\/{rel}","templated":true}]}}