{"id":8587,"date":"2024-05-10T11:13:50","date_gmt":"2024-05-10T15:13:50","guid":{"rendered":"https:\/\/naturaedecor.ca\/?post_type=product&#038;p=8587"},"modified":"2024-05-10T11:13:50","modified_gmt":"2024-05-10T15:13:50","slug":"hydrangee-blanche-artificielle-37-po-interieur-et-exterieure","status":"publish","type":"product","link":"https:\/\/naturaedecor.ca\/fr\/produit\/hydrangee-blanche-artificielle-37-po-interieur-et-exterieure\/","title":{"rendered":"Hydrang\u00e9e blanche artificielle 37 po int\u00e9rieur et ext\u00e9rieure"},"content":{"rendered":"<p>Procurez-vous l&rsquo;hydrang\u00e9e Naturae Decor pour ajouter de la verdure dans votre demeure. Ces plantes d\u2019allure si r\u00e9aliste d\u00e9gageront des ondes positives partout o\u00f9 vous les placerez. Color\u00e9e et moderne, cette plante est offerte en plusieurs couleurs pour s&rsquo;adapter au mieux \u00e0 votre espace. Cr\u00e9er un environnement chaleureux et invitant avec ces plantes artificielles est facile, tout comme leur peu d\u2019entretien. Install\u00e9es dans des pots modernes qui s\u2019adaptent \u00e0 n&rsquo;importe quel d\u00e9cor, nos plantes artificielles sont fabriqu\u00e9es \u00e0 partir de mat\u00e9riaux de haute qualit\u00e9. Elles resteront belles pendant des ann\u00e9es, sans m\u00eame ternir. Peu importe la pi\u00e8ce dans laquelle elles se trouvent, ces plantes artificielles injecteront une touche de couleur et de piquant.<\/p>\n<ul>\n<li>APPORTEZ DE LA VIE \u00c0 VOTRE ESPACE \u2013 Les plantes artificielles Naturae Decor semblent si r\u00e9elles qu\u2019elles apporteront \u00e0 coup s\u00fbr couleur et chaleur \u00e0 votre pi\u00e8ce pr\u00e9f\u00e9r\u00e9e. Elles sont le moyen id\u00e9al pour cr\u00e9er un environnement serein et \u00e9l\u00e9gant pour promouvoir la sant\u00e9 et le bien-\u00eatre<\/li>\n<li>FEUILLAGE ARTIFICIEL R\u00c9ALISTE &#8211; Vos invit\u00e9s et vous-m\u00eame serez confondus par l\u2019apparence naturelle et r\u00e9aliste de nos plantes artificielles. Elles ont d\u00e9j\u00e0 la taille parfaite et vous n\u2019avez pas besoin de les rempoter, les tailler ou les arroser.<\/li>\n<li>R\u00c9SISTANT AUX UV \u2013 Les feuilles de notre hydrang\u00e9e sont fabriqu\u00e9es \u00e0 100 % de poly\u00e9thyl\u00e8ne de haute qualit\u00e9 r\u00e9sistant aux intemp\u00e9ries et aux rayons UV pour \u00e9viter la d\u00e9coloration. Une garantie de 3 ans d\u2019ailleurs est incluse contre la d\u00e9coloration due aux rayons UV.<\/li>\n<li>FACILE D&rsquo;ENTRETIEN \u2013 Ces faux arbres \u00e0 fleurs n\u00e9cessitent un minimum d\u2019entretien facile. L\u2019ajout d\u00e9coratif id\u00e9al pour votre espace, en particulier si vous n\u2019avez pas le pouce vert quand vient le temps de prendre soin d\u2019une vraie plante, ou encore si vous avez des allergies.<\/li>\n<li>PR\u00c9ASSEMBL\u00c9E \u2013 L&rsquo;hydrang\u00e9e d\u2019int\u00e9rieur et d\u2019ext\u00e9rieur ne requiert aucun assemblage. Ouvrez tout simplement la bo\u00eete et profitez-en! Le pot\u00a0dans lequel l&rsquo;hydrang\u00e9e est mis est non amovible, mais peut \u00eatre plac\u00e9 \u00e0 l\u2019int\u00e9rieur d\u2019un pot d\u00e9coratif l\u00e9g\u00e8rement plus grand.<\/li>\n<\/ul>\n","protected":false},"excerpt":{"rendered":"<p>Procurez-vous l&rsquo;hydrang\u00e9e Naturae Decor pour ajouter de la verdure dans votre demeure. Ces plantes d\u2019allure si r\u00e9aliste d\u00e9gageront des ondes positives partout o\u00f9 vous les placerez. Color\u00e9e et moderne, cette plante est offerte en plusieurs couleurs pour s&rsquo;adapter au mieux \u00e0 votre espace. Cr\u00e9er un environnement chaleureux et invitant avec ces plantes artificielles est facile, [&hellip;]<\/p>\n","protected":false},"featured_media":8457,"comment_status":"open","ping_status":"closed","template":"","meta":{"_acf_changed":false},"product_brand":[],"product_cat":[152,114,149],"product_tag":[],"class_list":{"0":"post-8587","1":"product","2":"type-product","3":"status-publish","4":"has-post-thumbnail","6":"product_cat-nouveaux-produits","7":"product_cat-plantes-artificielles-en-pot","8":"product_cat-plantes-exterieures","10":"first","11":"instock","12":"taxable","13":"shipping-taxable","14":"purchasable","15":"product-type-simple"},"acf":[],"yoast_head":"<!-- This site is optimized with the Yoast SEO plugin v27.1.1 - https:\/\/yoast.com\/product\/yoast-seo-wordpress\/ -->\n<title>Hydrang\u00e9e blanche artificielle 37 po int\u00e9rieur et ext\u00e9rieure - Naturae Decor<\/title>\n<meta name=\"robots\" content=\"index, follow, max-snippet:-1, max-image-preview:large, max-video-preview:-1\" \/>\n<link rel=\"canonical\" href=\"https:\/\/naturaedecor.ca\/fr\/produit\/hydrangee-blanche-artificielle-37-po-interieur-et-exterieure\/\" \/>\n<meta property=\"og:locale\" content=\"fr_FR\" \/>\n<meta property=\"og:type\" content=\"article\" \/>\n<meta property=\"og:title\" content=\"Hydrang\u00e9e blanche artificielle 37 po int\u00e9rieur et ext\u00e9rieure - Naturae Decor\" \/>\n<meta property=\"og:description\" content=\"Procurez-vous l&rsquo;hydrang\u00e9e Naturae Decor pour ajouter de la verdure dans votre demeure. Ces plantes d\u2019allure si r\u00e9aliste d\u00e9gageront des ondes positives partout o\u00f9 vous les placerez. Color\u00e9e et moderne, cette plante est offerte en plusieurs couleurs pour s&rsquo;adapter au mieux \u00e0 votre espace. Cr\u00e9er un environnement chaleureux et invitant avec ces plantes artificielles est facile, [&hellip;]\" \/>\n<meta property=\"og:url\" content=\"https:\/\/naturaedecor.ca\/fr\/produit\/hydrangee-blanche-artificielle-37-po-interieur-et-exterieure\/\" \/>\n<meta property=\"og:site_name\" content=\"Naturae Decor\" \/>\n<meta property=\"article:publisher\" content=\"https:\/\/www.facebook.com\/naturaedecor\/\" \/>\n<meta property=\"og:image\" content=\"https:\/\/naturaedecor.ca\/wp-content\/uploads\/2024\/04\/1-out-hydwh-37.jpg\" \/>\n\t<meta property=\"og:image:width\" content=\"1000\" \/>\n\t<meta property=\"og:image:height\" content=\"1000\" \/>\n\t<meta property=\"og:image:type\" content=\"image\/jpeg\" \/>\n<meta name=\"twitter:card\" content=\"summary_large_image\" \/>\n<meta name=\"twitter:site\" content=\"@Naturaedecor\" \/>\n<script type=\"application\/ld+json\" class=\"yoast-schema-graph\">{\"@context\":\"https:\/\/schema.org\",\"@graph\":[{\"@type\":\"WebPage\",\"@id\":\"https:\/\/naturaedecor.ca\/fr\/produit\/hydrangee-blanche-artificielle-37-po-interieur-et-exterieure\/\",\"url\":\"https:\/\/naturaedecor.ca\/fr\/produit\/hydrangee-blanche-artificielle-37-po-interieur-et-exterieure\/\",\"name\":\"Hydrang\u00e9e blanche artificielle 37 po int\u00e9rieur et ext\u00e9rieure - Naturae Decor\",\"isPartOf\":{\"@id\":\"https:\/\/naturaedecor.ca\/#website\"},\"primaryImageOfPage\":{\"@id\":\"https:\/\/naturaedecor.ca\/fr\/produit\/hydrangee-blanche-artificielle-37-po-interieur-et-exterieure\/#primaryimage\"},\"image\":{\"@id\":\"https:\/\/naturaedecor.ca\/fr\/produit\/hydrangee-blanche-artificielle-37-po-interieur-et-exterieure\/#primaryimage\"},\"thumbnailUrl\":\"https:\/\/naturaedecor.ca\/wp-content\/uploads\/2024\/04\/1-out-hydwh-37.jpg\",\"datePublished\":\"2024-05-10T15:13:50+00:00\",\"breadcrumb\":{\"@id\":\"https:\/\/naturaedecor.ca\/fr\/produit\/hydrangee-blanche-artificielle-37-po-interieur-et-exterieure\/#breadcrumb\"},\"inLanguage\":\"fr-FR\",\"potentialAction\":[{\"@type\":\"ReadAction\",\"target\":[\"https:\/\/naturaedecor.ca\/fr\/produit\/hydrangee-blanche-artificielle-37-po-interieur-et-exterieure\/\"]}]},{\"@type\":\"ImageObject\",\"inLanguage\":\"fr-FR\",\"@id\":\"https:\/\/naturaedecor.ca\/fr\/produit\/hydrangee-blanche-artificielle-37-po-interieur-et-exterieure\/#primaryimage\",\"url\":\"https:\/\/naturaedecor.ca\/wp-content\/uploads\/2024\/04\/1-out-hydwh-37.jpg\",\"contentUrl\":\"https:\/\/naturaedecor.ca\/wp-content\/uploads\/2024\/04\/1-out-hydwh-37.jpg\",\"width\":1000,\"height\":1000},{\"@type\":\"BreadcrumbList\",\"@id\":\"https:\/\/naturaedecor.ca\/fr\/produit\/hydrangee-blanche-artificielle-37-po-interieur-et-exterieure\/#breadcrumb\",\"itemListElement\":[{\"@type\":\"ListItem\",\"position\":1,\"name\":\"Home\",\"item\":\"https:\/\/naturaedecor.ca\/\"},{\"@type\":\"ListItem\",\"position\":2,\"name\":\"Shop\",\"item\":\"https:\/\/naturaedecor.ca\/shop\/\"},{\"@type\":\"ListItem\",\"position\":3,\"name\":\"Hydrang\u00e9e blanche artificielle 37 po int\u00e9rieur et ext\u00e9rieure\"}]},{\"@type\":\"WebSite\",\"@id\":\"https:\/\/naturaedecor.ca\/#website\",\"url\":\"https:\/\/naturaedecor.ca\/\",\"name\":\"Naturae Decor\",\"description\":\"Add a feeling of tranquility to your space\",\"publisher\":{\"@id\":\"https:\/\/naturaedecor.ca\/#organization\"},\"potentialAction\":[{\"@type\":\"SearchAction\",\"target\":{\"@type\":\"EntryPoint\",\"urlTemplate\":\"https:\/\/naturaedecor.ca\/?s={search_term_string}\"},\"query-input\":{\"@type\":\"PropertyValueSpecification\",\"valueRequired\":true,\"valueName\":\"search_term_string\"}}],\"inLanguage\":\"fr-FR\"},{\"@type\":\"Organization\",\"@id\":\"https:\/\/naturaedecor.ca\/#organization\",\"name\":\"Naturae Decor\",\"url\":\"https:\/\/naturaedecor.ca\/\",\"logo\":{\"@type\":\"ImageObject\",\"inLanguage\":\"fr-FR\",\"@id\":\"https:\/\/naturaedecor.ca\/#\/schema\/logo\/image\/\",\"url\":\"https:\/\/naturaedecor.ca\/wp-content\/uploads\/2021\/07\/logo-sticky.png\",\"contentUrl\":\"https:\/\/naturaedecor.ca\/wp-content\/uploads\/2021\/07\/logo-sticky.png\",\"width\":248,\"height\":96,\"caption\":\"Naturae Decor\"},\"image\":{\"@id\":\"https:\/\/naturaedecor.ca\/#\/schema\/logo\/image\/\"},\"sameAs\":[\"https:\/\/www.facebook.com\/naturaedecor\/\",\"https:\/\/x.com\/Naturaedecor\",\"https:\/\/www.instagram.com\/naturaedecor\/\",\"https:\/\/www.pinterest.ca\/naturaedecor\/\"]}]}<\/script>\n<!-- \/ Yoast SEO plugin. -->","yoast_head_json":{"title":"Hydrang\u00e9e blanche artificielle 37 po int\u00e9rieur et ext\u00e9rieure - Naturae Decor","robots":{"index":"index","follow":"follow","max-snippet":"max-snippet:-1","max-image-preview":"max-image-preview:large","max-video-preview":"max-video-preview:-1"},"canonical":"https:\/\/naturaedecor.ca\/fr\/produit\/hydrangee-blanche-artificielle-37-po-interieur-et-exterieure\/","og_locale":"fr_FR","og_type":"article","og_title":"Hydrang\u00e9e blanche artificielle 37 po int\u00e9rieur et ext\u00e9rieure - Naturae Decor","og_description":"Procurez-vous l&rsquo;hydrang\u00e9e Naturae Decor pour ajouter de la verdure dans votre demeure. Ces plantes d\u2019allure si r\u00e9aliste d\u00e9gageront des ondes positives partout o\u00f9 vous les placerez. Color\u00e9e et moderne, cette plante est offerte en plusieurs couleurs pour s&rsquo;adapter au mieux \u00e0 votre espace. Cr\u00e9er un environnement chaleureux et invitant avec ces plantes artificielles est facile, [&hellip;]","og_url":"https:\/\/naturaedecor.ca\/fr\/produit\/hydrangee-blanche-artificielle-37-po-interieur-et-exterieure\/","og_site_name":"Naturae Decor","article_publisher":"https:\/\/www.facebook.com\/naturaedecor\/","og_image":[{"width":1000,"height":1000,"url":"https:\/\/naturaedecor.ca\/wp-content\/uploads\/2024\/04\/1-out-hydwh-37.jpg","type":"image\/jpeg"}],"twitter_card":"summary_large_image","twitter_site":"@Naturaedecor","schema":{"@context":"https:\/\/schema.org","@graph":[{"@type":"WebPage","@id":"https:\/\/naturaedecor.ca\/fr\/produit\/hydrangee-blanche-artificielle-37-po-interieur-et-exterieure\/","url":"https:\/\/naturaedecor.ca\/fr\/produit\/hydrangee-blanche-artificielle-37-po-interieur-et-exterieure\/","name":"Hydrang\u00e9e blanche artificielle 37 po int\u00e9rieur et ext\u00e9rieure - Naturae Decor","isPartOf":{"@id":"https:\/\/naturaedecor.ca\/#website"},"primaryImageOfPage":{"@id":"https:\/\/naturaedecor.ca\/fr\/produit\/hydrangee-blanche-artificielle-37-po-interieur-et-exterieure\/#primaryimage"},"image":{"@id":"https:\/\/naturaedecor.ca\/fr\/produit\/hydrangee-blanche-artificielle-37-po-interieur-et-exterieure\/#primaryimage"},"thumbnailUrl":"https:\/\/naturaedecor.ca\/wp-content\/uploads\/2024\/04\/1-out-hydwh-37.jpg","datePublished":"2024-05-10T15:13:50+00:00","breadcrumb":{"@id":"https:\/\/naturaedecor.ca\/fr\/produit\/hydrangee-blanche-artificielle-37-po-interieur-et-exterieure\/#breadcrumb"},"inLanguage":"fr-FR","potentialAction":[{"@type":"ReadAction","target":["https:\/\/naturaedecor.ca\/fr\/produit\/hydrangee-blanche-artificielle-37-po-interieur-et-exterieure\/"]}]},{"@type":"ImageObject","inLanguage":"fr-FR","@id":"https:\/\/naturaedecor.ca\/fr\/produit\/hydrangee-blanche-artificielle-37-po-interieur-et-exterieure\/#primaryimage","url":"https:\/\/naturaedecor.ca\/wp-content\/uploads\/2024\/04\/1-out-hydwh-37.jpg","contentUrl":"https:\/\/naturaedecor.ca\/wp-content\/uploads\/2024\/04\/1-out-hydwh-37.jpg","width":1000,"height":1000},{"@type":"BreadcrumbList","@id":"https:\/\/naturaedecor.ca\/fr\/produit\/hydrangee-blanche-artificielle-37-po-interieur-et-exterieure\/#breadcrumb","itemListElement":[{"@type":"ListItem","position":1,"name":"Home","item":"https:\/\/naturaedecor.ca\/"},{"@type":"ListItem","position":2,"name":"Shop","item":"https:\/\/naturaedecor.ca\/shop\/"},{"@type":"ListItem","position":3,"name":"Hydrang\u00e9e blanche artificielle 37 po int\u00e9rieur et ext\u00e9rieure"}]},{"@type":"WebSite","@id":"https:\/\/naturaedecor.ca\/#website","url":"https:\/\/naturaedecor.ca\/","name":"Naturae Decor","description":"Add a feeling of tranquility to your space","publisher":{"@id":"https:\/\/naturaedecor.ca\/#organization"},"potentialAction":[{"@type":"SearchAction","target":{"@type":"EntryPoint","urlTemplate":"https:\/\/naturaedecor.ca\/?s={search_term_string}"},"query-input":{"@type":"PropertyValueSpecification","valueRequired":true,"valueName":"search_term_string"}}],"inLanguage":"fr-FR"},{"@type":"Organization","@id":"https:\/\/naturaedecor.ca\/#organization","name":"Naturae Decor","url":"https:\/\/naturaedecor.ca\/","logo":{"@type":"ImageObject","inLanguage":"fr-FR","@id":"https:\/\/naturaedecor.ca\/#\/schema\/logo\/image\/","url":"https:\/\/naturaedecor.ca\/wp-content\/uploads\/2021\/07\/logo-sticky.png","contentUrl":"https:\/\/naturaedecor.ca\/wp-content\/uploads\/2021\/07\/logo-sticky.png","width":248,"height":96,"caption":"Naturae Decor"},"image":{"@id":"https:\/\/naturaedecor.ca\/#\/schema\/logo\/image\/"},"sameAs":["https:\/\/www.facebook.com\/naturaedecor\/","https:\/\/x.com\/Naturaedecor","https:\/\/www.instagram.com\/naturaedecor\/","https:\/\/www.pinterest.ca\/naturaedecor\/"]}]}},"_links":{"self":[{"href":"https:\/\/naturaedecor.ca\/fr\/wp-json\/wp\/v2\/product\/8587","targetHints":{"allow":["GET"]}}],"collection":[{"href":"https:\/\/naturaedecor.ca\/fr\/wp-json\/wp\/v2\/product"}],"about":[{"href":"https:\/\/naturaedecor.ca\/fr\/wp-json\/wp\/v2\/types\/product"}],"replies":[{"embeddable":true,"href":"https:\/\/naturaedecor.ca\/fr\/wp-json\/wp\/v2\/comments?post=8587"}],"wp:featuredmedia":[{"embeddable":true,"href":"https:\/\/naturaedecor.ca\/fr\/wp-json\/wp\/v2\/media\/8457"}],"wp:attachment":[{"href":"https:\/\/naturaedecor.ca\/fr\/wp-json\/wp\/v2\/media?parent=8587"}],"wp:term":[{"taxonomy":"product_brand","embeddable":true,"href":"https:\/\/naturaedecor.ca\/fr\/wp-json\/wp\/v2\/product_brand?post=8587"},{"taxonomy":"product_cat","embeddable":true,"href":"https:\/\/naturaedecor.ca\/fr\/wp-json\/wp\/v2\/product_cat?post=8587"},{"taxonomy":"product_tag","embeddable":true,"href":"https:\/\/naturaedecor.ca\/fr\/wp-json\/wp\/v2\/product_tag?post=8587"}],"curies":[{"name":"wp","href":"https:\/\/api.w.org\/{rel}","templated":true}]}}