{"id":8821,"date":"2024-08-28T09:35:25","date_gmt":"2024-08-28T13:35:25","guid":{"rendered":"https:\/\/naturaedecor.ca\/product\/holiday-figurine-25-santa-clause\/"},"modified":"2025-03-25T10:06:34","modified_gmt":"2025-03-25T14:06:34","slug":"figurine-de-noel-25-pere-noel","status":"publish","type":"product","link":"https:\/\/naturaedecor.ca\/fr\/produit\/figurine-de-noel-25-pere-noel\/","title":{"rendered":"Figurine de no\u00ebl 25\u2033 p\u00e8re noel"},"content":{"rendered":"<p><img fetchpriority=\"high\" decoding=\"async\" class=\"alignnone wp-image-9742 size-full\" src=\"https:\/\/naturaedecor.ca\/wp-content\/uploads\/2024\/12\/holiday-scene.jpg\" alt=\"\" width=\"1000\" height=\"500\" srcset=\"https:\/\/naturaedecor.ca\/wp-content\/uploads\/2024\/12\/holiday-scene.jpg 1000w, https:\/\/naturaedecor.ca\/wp-content\/uploads\/2024\/12\/holiday-scene-300x150.jpg 300w, https:\/\/naturaedecor.ca\/wp-content\/uploads\/2024\/12\/holiday-scene-768x384.jpg 768w\" sizes=\"(max-width: 1000px) 100vw, 1000px\" \/><\/p>\n<p>&nbsp;<\/p>\n<p>Transformez votre espace ext\u00e9rieur en un paradis festif avec notre figurine des f\u00eates, une fusion parfaite de l&rsquo;esth\u00e9tique classique et de la praticit\u00e9 moderne. Con\u00e7u pour apporter une touche fantaisiste, cette peluche offre une solution sans tracas pour ajouter une touche d&rsquo;\u00e9l\u00e9gance \u00e0 votre jardin, terrasse ou espace ext\u00e9rieur. \u00c9levez votre exp\u00e9rience de d\u00e9coration de no\u00ebl avec notre figurine des f\u00eates. Cr\u00e9ez une ambiance luxueuse et intemporelle sans compromis sur la commodit\u00e9. Commandez le v\u00f4tre d\u00e8s aujourd&rsquo;hui et donnez vie \u00e0 votre vision d&rsquo;un d\u00e9cor \u00e9l\u00e9gant des f\u00eates.<\/p>\n<ul>\n<li>QUALIT\u00c9 SUP\u00c9RIEURE &#8211; Fabriqu\u00e9 avec soin \u00e0 partir de mat\u00e9riaux de haute qualit\u00e9, notre figurine festive pr\u00e9sente un aspect enchanteur et une durabilit\u00e9 exceptionnelle. Il r\u00e9siste aux intemp\u00e9ries, assurant une beaut\u00e9 constante tout au long de la saison des f\u00eates.<\/li>\n<li>DESIGN \u00c9LABOR\u00c9 &#8211; La forme artistique de notre peluche des f\u00eates capture l&rsquo;essence du style de vacances hivernal traditionnel. Les lignes soigneusement taill\u00e9es et la finition impeccable ajoutent une touche fantaisiste \u00e0 votre espace ext\u00e9rieur.<\/li>\n<li>R\u00c9SISTANT AUX INTEMP\u00c9RIES &#8211; Prot\u00e9geant contre les effets n\u00e9fastes du soleil et du froid hivernal, notre figurine est r\u00e9sistant \u00e0 tout intemp\u00e9rie. Cette fonctionnalit\u00e9 garantit que la couleur vibrante reste inchang\u00e9e, assurant une beaut\u00e9 et des couleurs durables. Garantie de 1 an.<\/li>\n<li>ENTRETIEN FACILE &#8211; Oubliez les tracas li\u00e9s \u00e0 l&rsquo;entretien des structure gonflable. Notre figurine en peluche ne n\u00e9cessite aucun entretient. Profitez simplement de sa beaut\u00e9 sans souci.<\/li>\n<li>POLYVALENCE &#8211; Parfait pour les jardins, les terrasses, les balcons ou m\u00eame les entr\u00e9es, cette figurine s&rsquo;adapte \u00e0 divers environnements. Il peut \u00e9galement \u00eatre utilis\u00e9 pour d\u00e9limiter des zones ou cr\u00e9er des points focaux attrayants.<\/li>\n<\/ul>\n<p><strong>AVERTISSEMENT &#8211; Pas destin\u00e9 \u00e0 \u00eatre utilis\u00e9 comme un jouet et ne devrait pas \u00eatre utilis\u00e9 par des personnes de moins de 14 ans. Destin\u00e9 uniquement \u00e0 une utilisation en d\u00e9coration ext\u00e9rieure et ne doit pas \u00eatre utilis\u00e9 comme un meuble.<\/strong><\/p>\n","protected":false},"excerpt":{"rendered":"<p>&nbsp; Transformez votre espace ext\u00e9rieur en un paradis festif avec notre figurine des f\u00eates, une fusion parfaite de l&rsquo;esth\u00e9tique classique et de la praticit\u00e9 moderne. Con\u00e7u pour apporter une touche fantaisiste, cette peluche offre une solution sans tracas pour ajouter une touche d&rsquo;\u00e9l\u00e9gance \u00e0 votre jardin, terrasse ou espace ext\u00e9rieur. \u00c9levez votre exp\u00e9rience de d\u00e9coration [&hellip;]<\/p>\n","protected":false},"featured_media":8776,"comment_status":"open","ping_status":"closed","template":"","meta":{"_acf_changed":false},"product_brand":[],"product_cat":[113],"product_tag":[],"class_list":{"0":"post-8821","1":"product","2":"type-product","3":"status-publish","4":"has-post-thumbnail","6":"product_cat-fetes","8":"first","9":"instock","10":"taxable","11":"shipping-taxable","12":"purchasable","13":"product-type-simple"},"acf":[],"yoast_head":"<!-- This site is optimized with the Yoast SEO plugin v27.3 - https:\/\/yoast.com\/product\/yoast-seo-wordpress\/ -->\n<title>Figurine de no\u00ebl 25\u2033 p\u00e8re noel - Naturae Decor<\/title>\n<meta name=\"robots\" content=\"index, follow, max-snippet:-1, max-image-preview:large, max-video-preview:-1\" \/>\n<link rel=\"canonical\" href=\"https:\/\/naturaedecor.ca\/fr\/produit\/figurine-de-noel-25-pere-noel\/\" \/>\n<meta property=\"og:locale\" content=\"fr_FR\" \/>\n<meta property=\"og:type\" content=\"article\" \/>\n<meta property=\"og:title\" content=\"Figurine de no\u00ebl 25\u2033 p\u00e8re noel - Naturae Decor\" \/>\n<meta property=\"og:description\" content=\"&nbsp; Transformez votre espace ext\u00e9rieur en un paradis festif avec notre figurine des f\u00eates, une fusion parfaite de l&rsquo;esth\u00e9tique classique et de la praticit\u00e9 moderne. Con\u00e7u pour apporter une touche fantaisiste, cette peluche offre une solution sans tracas pour ajouter une touche d&rsquo;\u00e9l\u00e9gance \u00e0 votre jardin, terrasse ou espace ext\u00e9rieur. \u00c9levez votre exp\u00e9rience de d\u00e9coration [&hellip;]\" \/>\n<meta property=\"og:url\" content=\"https:\/\/naturaedecor.ca\/fr\/produit\/figurine-de-noel-25-pere-noel\/\" \/>\n<meta property=\"og:site_name\" content=\"Naturae Decor\" \/>\n<meta property=\"article:publisher\" content=\"https:\/\/www.facebook.com\/naturaedecor\/\" \/>\n<meta property=\"article:modified_time\" content=\"2025-03-25T14:06:34+00:00\" \/>\n<meta property=\"og:image\" content=\"https:\/\/naturaedecor.ca\/wp-content\/uploads\/2024\/08\/1-plh-santa-25.jpg\" \/>\n\t<meta property=\"og:image:width\" content=\"1000\" \/>\n\t<meta property=\"og:image:height\" content=\"1000\" \/>\n\t<meta property=\"og:image:type\" content=\"image\/jpeg\" \/>\n<meta name=\"twitter:card\" content=\"summary_large_image\" \/>\n<meta name=\"twitter:site\" content=\"@Naturaedecor\" \/>\n<script type=\"application\/ld+json\" class=\"yoast-schema-graph\">{\"@context\":\"https:\\\/\\\/schema.org\",\"@graph\":[{\"@type\":\"WebPage\",\"@id\":\"https:\\\/\\\/naturaedecor.ca\\\/fr\\\/produit\\\/figurine-de-noel-25-pere-noel\\\/\",\"url\":\"https:\\\/\\\/naturaedecor.ca\\\/fr\\\/produit\\\/figurine-de-noel-25-pere-noel\\\/\",\"name\":\"Figurine de no\u00ebl 25\u2033 p\u00e8re noel - Naturae Decor\",\"isPartOf\":{\"@id\":\"https:\\\/\\\/naturaedecor.ca\\\/#website\"},\"primaryImageOfPage\":{\"@id\":\"https:\\\/\\\/naturaedecor.ca\\\/fr\\\/produit\\\/figurine-de-noel-25-pere-noel\\\/#primaryimage\"},\"image\":{\"@id\":\"https:\\\/\\\/naturaedecor.ca\\\/fr\\\/produit\\\/figurine-de-noel-25-pere-noel\\\/#primaryimage\"},\"thumbnailUrl\":\"https:\\\/\\\/naturaedecor.ca\\\/wp-content\\\/uploads\\\/2024\\\/08\\\/1-plh-santa-25.jpg\",\"datePublished\":\"2024-08-28T13:35:25+00:00\",\"dateModified\":\"2025-03-25T14:06:34+00:00\",\"breadcrumb\":{\"@id\":\"https:\\\/\\\/naturaedecor.ca\\\/fr\\\/produit\\\/figurine-de-noel-25-pere-noel\\\/#breadcrumb\"},\"inLanguage\":\"fr-FR\",\"potentialAction\":[{\"@type\":\"ReadAction\",\"target\":[\"https:\\\/\\\/naturaedecor.ca\\\/fr\\\/produit\\\/figurine-de-noel-25-pere-noel\\\/\"]}]},{\"@type\":\"ImageObject\",\"inLanguage\":\"fr-FR\",\"@id\":\"https:\\\/\\\/naturaedecor.ca\\\/fr\\\/produit\\\/figurine-de-noel-25-pere-noel\\\/#primaryimage\",\"url\":\"https:\\\/\\\/naturaedecor.ca\\\/wp-content\\\/uploads\\\/2024\\\/08\\\/1-plh-santa-25.jpg\",\"contentUrl\":\"https:\\\/\\\/naturaedecor.ca\\\/wp-content\\\/uploads\\\/2024\\\/08\\\/1-plh-santa-25.jpg\",\"width\":1000,\"height\":1000},{\"@type\":\"BreadcrumbList\",\"@id\":\"https:\\\/\\\/naturaedecor.ca\\\/fr\\\/produit\\\/figurine-de-noel-25-pere-noel\\\/#breadcrumb\",\"itemListElement\":[{\"@type\":\"ListItem\",\"position\":1,\"name\":\"Home\",\"item\":\"https:\\\/\\\/naturaedecor.ca\\\/\"},{\"@type\":\"ListItem\",\"position\":2,\"name\":\"Shop\",\"item\":\"https:\\\/\\\/naturaedecor.ca\\\/shop\\\/\"},{\"@type\":\"ListItem\",\"position\":3,\"name\":\"Figurine de no\u00ebl 25\u2033 p\u00e8re noel\"}]},{\"@type\":\"WebSite\",\"@id\":\"https:\\\/\\\/naturaedecor.ca\\\/#website\",\"url\":\"https:\\\/\\\/naturaedecor.ca\\\/\",\"name\":\"Naturae Decor\",\"description\":\"Add a feeling of tranquility to your space\",\"publisher\":{\"@id\":\"https:\\\/\\\/naturaedecor.ca\\\/#organization\"},\"potentialAction\":[{\"@type\":\"SearchAction\",\"target\":{\"@type\":\"EntryPoint\",\"urlTemplate\":\"https:\\\/\\\/naturaedecor.ca\\\/?s={search_term_string}\"},\"query-input\":{\"@type\":\"PropertyValueSpecification\",\"valueRequired\":true,\"valueName\":\"search_term_string\"}}],\"inLanguage\":\"fr-FR\"},{\"@type\":\"Organization\",\"@id\":\"https:\\\/\\\/naturaedecor.ca\\\/#organization\",\"name\":\"Naturae Decor\",\"url\":\"https:\\\/\\\/naturaedecor.ca\\\/\",\"logo\":{\"@type\":\"ImageObject\",\"inLanguage\":\"fr-FR\",\"@id\":\"https:\\\/\\\/naturaedecor.ca\\\/#\\\/schema\\\/logo\\\/image\\\/\",\"url\":\"https:\\\/\\\/naturaedecor.ca\\\/wp-content\\\/uploads\\\/2021\\\/07\\\/logo-sticky.png\",\"contentUrl\":\"https:\\\/\\\/naturaedecor.ca\\\/wp-content\\\/uploads\\\/2021\\\/07\\\/logo-sticky.png\",\"width\":248,\"height\":96,\"caption\":\"Naturae Decor\"},\"image\":{\"@id\":\"https:\\\/\\\/naturaedecor.ca\\\/#\\\/schema\\\/logo\\\/image\\\/\"},\"sameAs\":[\"https:\\\/\\\/www.facebook.com\\\/naturaedecor\\\/\",\"https:\\\/\\\/x.com\\\/Naturaedecor\",\"https:\\\/\\\/www.instagram.com\\\/naturaedecor\\\/\",\"https:\\\/\\\/www.pinterest.ca\\\/naturaedecor\\\/\"]}]}<\/script>\n<!-- \/ Yoast SEO plugin. -->","yoast_head_json":{"title":"Figurine de no\u00ebl 25\u2033 p\u00e8re noel - Naturae Decor","robots":{"index":"index","follow":"follow","max-snippet":"max-snippet:-1","max-image-preview":"max-image-preview:large","max-video-preview":"max-video-preview:-1"},"canonical":"https:\/\/naturaedecor.ca\/fr\/produit\/figurine-de-noel-25-pere-noel\/","og_locale":"fr_FR","og_type":"article","og_title":"Figurine de no\u00ebl 25\u2033 p\u00e8re noel - Naturae Decor","og_description":"&nbsp; Transformez votre espace ext\u00e9rieur en un paradis festif avec notre figurine des f\u00eates, une fusion parfaite de l&rsquo;esth\u00e9tique classique et de la praticit\u00e9 moderne. Con\u00e7u pour apporter une touche fantaisiste, cette peluche offre une solution sans tracas pour ajouter une touche d&rsquo;\u00e9l\u00e9gance \u00e0 votre jardin, terrasse ou espace ext\u00e9rieur. \u00c9levez votre exp\u00e9rience de d\u00e9coration [&hellip;]","og_url":"https:\/\/naturaedecor.ca\/fr\/produit\/figurine-de-noel-25-pere-noel\/","og_site_name":"Naturae Decor","article_publisher":"https:\/\/www.facebook.com\/naturaedecor\/","article_modified_time":"2025-03-25T14:06:34+00:00","og_image":[{"width":1000,"height":1000,"url":"https:\/\/naturaedecor.ca\/wp-content\/uploads\/2024\/08\/1-plh-santa-25.jpg","type":"image\/jpeg"}],"twitter_card":"summary_large_image","twitter_site":"@Naturaedecor","schema":{"@context":"https:\/\/schema.org","@graph":[{"@type":"WebPage","@id":"https:\/\/naturaedecor.ca\/fr\/produit\/figurine-de-noel-25-pere-noel\/","url":"https:\/\/naturaedecor.ca\/fr\/produit\/figurine-de-noel-25-pere-noel\/","name":"Figurine de no\u00ebl 25\u2033 p\u00e8re noel - Naturae Decor","isPartOf":{"@id":"https:\/\/naturaedecor.ca\/#website"},"primaryImageOfPage":{"@id":"https:\/\/naturaedecor.ca\/fr\/produit\/figurine-de-noel-25-pere-noel\/#primaryimage"},"image":{"@id":"https:\/\/naturaedecor.ca\/fr\/produit\/figurine-de-noel-25-pere-noel\/#primaryimage"},"thumbnailUrl":"https:\/\/naturaedecor.ca\/wp-content\/uploads\/2024\/08\/1-plh-santa-25.jpg","datePublished":"2024-08-28T13:35:25+00:00","dateModified":"2025-03-25T14:06:34+00:00","breadcrumb":{"@id":"https:\/\/naturaedecor.ca\/fr\/produit\/figurine-de-noel-25-pere-noel\/#breadcrumb"},"inLanguage":"fr-FR","potentialAction":[{"@type":"ReadAction","target":["https:\/\/naturaedecor.ca\/fr\/produit\/figurine-de-noel-25-pere-noel\/"]}]},{"@type":"ImageObject","inLanguage":"fr-FR","@id":"https:\/\/naturaedecor.ca\/fr\/produit\/figurine-de-noel-25-pere-noel\/#primaryimage","url":"https:\/\/naturaedecor.ca\/wp-content\/uploads\/2024\/08\/1-plh-santa-25.jpg","contentUrl":"https:\/\/naturaedecor.ca\/wp-content\/uploads\/2024\/08\/1-plh-santa-25.jpg","width":1000,"height":1000},{"@type":"BreadcrumbList","@id":"https:\/\/naturaedecor.ca\/fr\/produit\/figurine-de-noel-25-pere-noel\/#breadcrumb","itemListElement":[{"@type":"ListItem","position":1,"name":"Home","item":"https:\/\/naturaedecor.ca\/"},{"@type":"ListItem","position":2,"name":"Shop","item":"https:\/\/naturaedecor.ca\/shop\/"},{"@type":"ListItem","position":3,"name":"Figurine de no\u00ebl 25\u2033 p\u00e8re noel"}]},{"@type":"WebSite","@id":"https:\/\/naturaedecor.ca\/#website","url":"https:\/\/naturaedecor.ca\/","name":"Naturae Decor","description":"Add a feeling of tranquility to your space","publisher":{"@id":"https:\/\/naturaedecor.ca\/#organization"},"potentialAction":[{"@type":"SearchAction","target":{"@type":"EntryPoint","urlTemplate":"https:\/\/naturaedecor.ca\/?s={search_term_string}"},"query-input":{"@type":"PropertyValueSpecification","valueRequired":true,"valueName":"search_term_string"}}],"inLanguage":"fr-FR"},{"@type":"Organization","@id":"https:\/\/naturaedecor.ca\/#organization","name":"Naturae Decor","url":"https:\/\/naturaedecor.ca\/","logo":{"@type":"ImageObject","inLanguage":"fr-FR","@id":"https:\/\/naturaedecor.ca\/#\/schema\/logo\/image\/","url":"https:\/\/naturaedecor.ca\/wp-content\/uploads\/2021\/07\/logo-sticky.png","contentUrl":"https:\/\/naturaedecor.ca\/wp-content\/uploads\/2021\/07\/logo-sticky.png","width":248,"height":96,"caption":"Naturae Decor"},"image":{"@id":"https:\/\/naturaedecor.ca\/#\/schema\/logo\/image\/"},"sameAs":["https:\/\/www.facebook.com\/naturaedecor\/","https:\/\/x.com\/Naturaedecor","https:\/\/www.instagram.com\/naturaedecor\/","https:\/\/www.pinterest.ca\/naturaedecor\/"]}]}},"_links":{"self":[{"href":"https:\/\/naturaedecor.ca\/fr\/wp-json\/wp\/v2\/product\/8821","targetHints":{"allow":["GET"]}}],"collection":[{"href":"https:\/\/naturaedecor.ca\/fr\/wp-json\/wp\/v2\/product"}],"about":[{"href":"https:\/\/naturaedecor.ca\/fr\/wp-json\/wp\/v2\/types\/product"}],"replies":[{"embeddable":true,"href":"https:\/\/naturaedecor.ca\/fr\/wp-json\/wp\/v2\/comments?post=8821"}],"wp:featuredmedia":[{"embeddable":true,"href":"https:\/\/naturaedecor.ca\/fr\/wp-json\/wp\/v2\/media\/8776"}],"wp:attachment":[{"href":"https:\/\/naturaedecor.ca\/fr\/wp-json\/wp\/v2\/media?parent=8821"}],"wp:term":[{"taxonomy":"product_brand","embeddable":true,"href":"https:\/\/naturaedecor.ca\/fr\/wp-json\/wp\/v2\/product_brand?post=8821"},{"taxonomy":"product_cat","embeddable":true,"href":"https:\/\/naturaedecor.ca\/fr\/wp-json\/wp\/v2\/product_cat?post=8821"},{"taxonomy":"product_tag","embeddable":true,"href":"https:\/\/naturaedecor.ca\/fr\/wp-json\/wp\/v2\/product_tag?post=8821"}],"curies":[{"name":"wp","href":"https:\/\/api.w.org\/{rel}","templated":true}]}}