{"id":9559,"date":"2024-09-03T15:46:15","date_gmt":"2024-09-03T19:46:15","guid":{"rendered":"https:\/\/naturaedecor.ca\/?post_type=product&#038;p=9559"},"modified":"2024-09-03T15:51:27","modified_gmt":"2024-09-03T19:51:27","slug":"panneaux-de-feuillage-20-po-x-20-po-gardenia-12pcs","status":"publish","type":"product","link":"https:\/\/naturaedecor.ca\/fr\/produit\/panneaux-de-feuillage-20-po-x-20-po-gardenia-12pcs\/","title":{"rendered":"PANNEAUX DE FEUILLAGE 20 po x 20 po GARD\u00c9NIA 12PCS"},"content":{"rendered":"<p>Les panneaux de feuillage en haie de buis Naturae Decor sont la solution ultime pour votre prochain projet de bricolage. Ces panneaux se coupent facilement pour s\u2019adapter \u00e0 n\u2019importe quel espace et se fixent facilement de fa\u00e7on s\u00e9curitaire gr\u00e2ce aux attaches fournies. Vous pouvez plier et enrouler ces morceaux de verdure artificielle pour couvrir de fa\u00e7on impeccable \u00a0toute forme ou surface. Ils sont parfaits pour cr\u00e9er de l&rsquo;intimit\u00e9 sur votre terrasse, patio ou balcon. Laissez libre cours \u00e0 votre cr\u00e9ativit\u00e9\u00a0: cr\u00e9ez une d\u00e9coration murale tendance, un mur de verdure artificielle, ou un arri\u00e8re-plan impressionnant pour une f\u00eate ou une s\u00e9ance photo. Les panneaux sont fabriqu\u00e9s\u00a0\u00e0 partir de mat\u00e9riaux durables faits \u00e0 100 % de poly\u00e9thyl\u00e8ne (PE), avec des inhibiteurs UV pour prolonger leur dur\u00e9e de vie. Attirez les regards sur votre demeure avec un look d\u2019apparence naturelle, sans le travail acharn\u00e9 et le temps n\u00e9cessaires pour faire pousser et entretenir des haies ou des vignes. Un moyen \u00e9conomique pour embellir votre espace int\u00e9rieur ou ext\u00e9rieur pr\u00e9f\u00e9r\u00e9. Chaque paquet inclut quatre (4) \u00a0panneaux et leurs attaches pour une installation facile. Couverts par notre garantie de 2 ans, nos panneaux de 20 po x 20 po et leurs grilles de support int\u00e9gr\u00e9es sont durables et con\u00e7us pour \u00eatre utilis\u00e9s au fil des saisons.<\/p>\n<p>FEUILLES R\u00c9ALISTES DE QUALIT\u00c9 SUP\u00c9RIEURE &#8211; Nos panneaux muraux de haie artificielle 20 po x 20 po ont un aspect tr\u00e8s naturel. Les grilles de support int\u00e9gr\u00e9es \u00e0 l\u2019arri\u00e8re sont con\u00e7ues pour durer au fil des saisons.<\/p>\n<p>PANNEAUX DE GARD\u00c9NIA \u00c9PAIS ET DENSE \u2013 Nos panneaux muraux verts sont con\u00e7us avec un feuillage artificiel de haie de gard\u00e9nia. Leur haute densit\u00e9 ajoute du style instantan\u00e9ment et offre une couverture parfaite, sans les tracas de la taille ou de l\u2019arrosage. Pour en profiter, suffit de les accrocher !<\/p>\n<p>PARFAIT POUR VOS \u00c9V\u00c8NEMENTS \u2013 Nos panneaux de feuillage artificiels attireront les regards sur votre maison et ajouteront une touche de luxe \u00e0 votre terrasse ou balcon. Utilisez-les \u00e0 l\u2019int\u00e9rieur pour cr\u00e9er un mur de verdure, comme d\u00e9coration lors d\u2019une f\u00eate ou d\u2019un mariage, ou comme arri\u00e8re-plan pour des s\u00e9ances photo !<\/p>\n<p>FACILE \u00c0 COUPER ET \u00c0 INSTALLER \u2013 Nos panneaux de haie de gard\u00e9nia artificiels peuvent \u00eatre rapidement coup\u00e9s pour s\u2019adapter parfaitement \u00e0 votre projet, peu importe son envergure. Les panneaux sont flexibles et peuvent \u00eatre utilis\u00e9s pour couvrir des surfaces planes ou courb\u00e9es. Installation facile \u00e0 l\u2019aide des attaches incluses.<\/p>\n<p>UTILISATION \u00c0 L&rsquo;INT\u00c9RIEUR ET \u00c0 L&rsquo;EXT\u00c9RIEUR \u2013 Ces panneaux de haie de gard\u00e9nia sont fabriqu\u00e9s\u00a0\u00e0 partir de mat\u00e9riaux durables faits \u00e0 100 % de poly\u00e9thyl\u00e8ne (PE), avec des inhibiteurs UV pour prolonger leur dur\u00e9e de vie. \u00a0Garantie de 2 ans incluse.<\/p>\n","protected":false},"excerpt":{"rendered":"<p>Les panneaux de feuillage en haie de buis Naturae Decor sont la solution ultime pour votre prochain projet de bricolage. Ces panneaux se coupent facilement pour s\u2019adapter \u00e0 n\u2019importe quel espace et se fixent facilement de fa\u00e7on s\u00e9curitaire gr\u00e2ce aux attaches fournies. Vous pouvez plier et enrouler ces morceaux de verdure artificielle pour couvrir de [&hellip;]<\/p>\n","protected":false},"featured_media":6625,"comment_status":"open","ping_status":"closed","template":"","meta":{"_acf_changed":false},"product_brand":[],"product_cat":[119],"product_tag":[],"class_list":{"0":"post-9559","1":"product","2":"type-product","3":"status-publish","4":"has-post-thumbnail","6":"product_cat-panneaux-de-feuillage","8":"first","9":"instock","10":"taxable","11":"shipping-taxable","12":"purchasable","13":"product-type-simple"},"acf":[],"yoast_head":"<!-- This site is optimized with the Yoast SEO plugin v27.1.1 - https:\/\/yoast.com\/product\/yoast-seo-wordpress\/ -->\n<title>Panneau de feuillage 20&quot;x20&quot; gard\u00e9nia 4 pi\u00e8ces<\/title>\n<meta name=\"robots\" content=\"index, follow, max-snippet:-1, max-image-preview:large, max-video-preview:-1\" \/>\n<link rel=\"canonical\" href=\"https:\/\/naturaedecor.ca\/fr\/produit\/panneaux-de-feuillage-20-po-x-20-po-gardenia-12pcs\/\" \/>\n<meta property=\"og:locale\" content=\"fr_FR\" \/>\n<meta property=\"og:type\" content=\"article\" \/>\n<meta property=\"og:title\" content=\"Panneau de feuillage 20&quot;x20&quot; gard\u00e9nia 4 pi\u00e8ces\" \/>\n<meta property=\"og:description\" content=\"Les panneaux de feuillage en haie de buis Naturae Decor sont la solution ultime pour votre prochain projet de bricolage. Ces panneaux se coupent facilement pour s\u2019adapter \u00e0 n\u2019importe quel espace et se fixent facilement de fa\u00e7on s\u00e9curitaire gr\u00e2ce aux attaches fournies. Vous pouvez plier et enrouler ces morceaux de verdure artificielle pour couvrir de [&hellip;]\" \/>\n<meta property=\"og:url\" content=\"https:\/\/naturaedecor.ca\/fr\/produit\/panneaux-de-feuillage-20-po-x-20-po-gardenia-12pcs\/\" \/>\n<meta property=\"og:site_name\" content=\"Naturae Decor\" \/>\n<meta property=\"article:publisher\" content=\"https:\/\/www.facebook.com\/naturaedecor\/\" \/>\n<meta property=\"article:modified_time\" content=\"2024-09-03T19:51:27+00:00\" \/>\n<meta property=\"og:image\" content=\"https:\/\/naturaedecor.ca\/wp-content\/uploads\/2021\/08\/1_MTR4040-4000_HedgePanel_Gardenia_Front-1024x1024.jpg\" \/>\n\t<meta property=\"og:image:width\" content=\"1024\" \/>\n\t<meta property=\"og:image:height\" content=\"1024\" \/>\n\t<meta property=\"og:image:type\" content=\"image\/jpeg\" \/>\n<meta name=\"twitter:card\" content=\"summary_large_image\" \/>\n<meta name=\"twitter:site\" content=\"@Naturaedecor\" \/>\n<script type=\"application\/ld+json\" class=\"yoast-schema-graph\">{\"@context\":\"https:\/\/schema.org\",\"@graph\":[{\"@type\":\"WebPage\",\"@id\":\"https:\/\/naturaedecor.ca\/fr\/produit\/panneaux-de-feuillage-20-po-x-20-po-gardenia-12pcs\/\",\"url\":\"https:\/\/naturaedecor.ca\/fr\/produit\/panneaux-de-feuillage-20-po-x-20-po-gardenia-12pcs\/\",\"name\":\"Panneau de feuillage 20\\\"x20\\\" gard\u00e9nia 4 pi\u00e8ces\",\"isPartOf\":{\"@id\":\"https:\/\/naturaedecor.ca\/#website\"},\"primaryImageOfPage\":{\"@id\":\"https:\/\/naturaedecor.ca\/fr\/produit\/panneaux-de-feuillage-20-po-x-20-po-gardenia-12pcs\/#primaryimage\"},\"image\":{\"@id\":\"https:\/\/naturaedecor.ca\/fr\/produit\/panneaux-de-feuillage-20-po-x-20-po-gardenia-12pcs\/#primaryimage\"},\"thumbnailUrl\":\"https:\/\/naturaedecor.ca\/wp-content\/uploads\/2021\/08\/1_MTR4040-4000_HedgePanel_Gardenia_Front.jpg\",\"datePublished\":\"2024-09-03T19:46:15+00:00\",\"dateModified\":\"2024-09-03T19:51:27+00:00\",\"breadcrumb\":{\"@id\":\"https:\/\/naturaedecor.ca\/fr\/produit\/panneaux-de-feuillage-20-po-x-20-po-gardenia-12pcs\/#breadcrumb\"},\"inLanguage\":\"fr-FR\",\"potentialAction\":[{\"@type\":\"ReadAction\",\"target\":[\"https:\/\/naturaedecor.ca\/fr\/produit\/panneaux-de-feuillage-20-po-x-20-po-gardenia-12pcs\/\"]}]},{\"@type\":\"ImageObject\",\"inLanguage\":\"fr-FR\",\"@id\":\"https:\/\/naturaedecor.ca\/fr\/produit\/panneaux-de-feuillage-20-po-x-20-po-gardenia-12pcs\/#primaryimage\",\"url\":\"https:\/\/naturaedecor.ca\/wp-content\/uploads\/2021\/08\/1_MTR4040-4000_HedgePanel_Gardenia_Front.jpg\",\"contentUrl\":\"https:\/\/naturaedecor.ca\/wp-content\/uploads\/2021\/08\/1_MTR4040-4000_HedgePanel_Gardenia_Front.jpg\",\"width\":2000,\"height\":2000},{\"@type\":\"BreadcrumbList\",\"@id\":\"https:\/\/naturaedecor.ca\/fr\/produit\/panneaux-de-feuillage-20-po-x-20-po-gardenia-12pcs\/#breadcrumb\",\"itemListElement\":[{\"@type\":\"ListItem\",\"position\":1,\"name\":\"Home\",\"item\":\"https:\/\/naturaedecor.ca\/\"},{\"@type\":\"ListItem\",\"position\":2,\"name\":\"Shop\",\"item\":\"https:\/\/naturaedecor.ca\/shop\/\"},{\"@type\":\"ListItem\",\"position\":3,\"name\":\"PANNEAUX DE FEUILLAGE 20 po x 20 po GARD\u00c9NIA 12PCS\"}]},{\"@type\":\"WebSite\",\"@id\":\"https:\/\/naturaedecor.ca\/#website\",\"url\":\"https:\/\/naturaedecor.ca\/\",\"name\":\"Naturae Decor\",\"description\":\"Add a feeling of tranquility to your space\",\"publisher\":{\"@id\":\"https:\/\/naturaedecor.ca\/#organization\"},\"potentialAction\":[{\"@type\":\"SearchAction\",\"target\":{\"@type\":\"EntryPoint\",\"urlTemplate\":\"https:\/\/naturaedecor.ca\/?s={search_term_string}\"},\"query-input\":{\"@type\":\"PropertyValueSpecification\",\"valueRequired\":true,\"valueName\":\"search_term_string\"}}],\"inLanguage\":\"fr-FR\"},{\"@type\":\"Organization\",\"@id\":\"https:\/\/naturaedecor.ca\/#organization\",\"name\":\"Naturae Decor\",\"url\":\"https:\/\/naturaedecor.ca\/\",\"logo\":{\"@type\":\"ImageObject\",\"inLanguage\":\"fr-FR\",\"@id\":\"https:\/\/naturaedecor.ca\/#\/schema\/logo\/image\/\",\"url\":\"https:\/\/naturaedecor.ca\/wp-content\/uploads\/2021\/07\/logo-sticky.png\",\"contentUrl\":\"https:\/\/naturaedecor.ca\/wp-content\/uploads\/2021\/07\/logo-sticky.png\",\"width\":248,\"height\":96,\"caption\":\"Naturae Decor\"},\"image\":{\"@id\":\"https:\/\/naturaedecor.ca\/#\/schema\/logo\/image\/\"},\"sameAs\":[\"https:\/\/www.facebook.com\/naturaedecor\/\",\"https:\/\/x.com\/Naturaedecor\",\"https:\/\/www.instagram.com\/naturaedecor\/\",\"https:\/\/www.pinterest.ca\/naturaedecor\/\"]}]}<\/script>\n<!-- \/ Yoast SEO plugin. -->","yoast_head_json":{"title":"Panneau de feuillage 20\"x20\" gard\u00e9nia 4 pi\u00e8ces","robots":{"index":"index","follow":"follow","max-snippet":"max-snippet:-1","max-image-preview":"max-image-preview:large","max-video-preview":"max-video-preview:-1"},"canonical":"https:\/\/naturaedecor.ca\/fr\/produit\/panneaux-de-feuillage-20-po-x-20-po-gardenia-12pcs\/","og_locale":"fr_FR","og_type":"article","og_title":"Panneau de feuillage 20\"x20\" gard\u00e9nia 4 pi\u00e8ces","og_description":"Les panneaux de feuillage en haie de buis Naturae Decor sont la solution ultime pour votre prochain projet de bricolage. Ces panneaux se coupent facilement pour s\u2019adapter \u00e0 n\u2019importe quel espace et se fixent facilement de fa\u00e7on s\u00e9curitaire gr\u00e2ce aux attaches fournies. Vous pouvez plier et enrouler ces morceaux de verdure artificielle pour couvrir de [&hellip;]","og_url":"https:\/\/naturaedecor.ca\/fr\/produit\/panneaux-de-feuillage-20-po-x-20-po-gardenia-12pcs\/","og_site_name":"Naturae Decor","article_publisher":"https:\/\/www.facebook.com\/naturaedecor\/","article_modified_time":"2024-09-03T19:51:27+00:00","og_image":[{"width":1024,"height":1024,"url":"https:\/\/naturaedecor.ca\/wp-content\/uploads\/2021\/08\/1_MTR4040-4000_HedgePanel_Gardenia_Front-1024x1024.jpg","type":"image\/jpeg"}],"twitter_card":"summary_large_image","twitter_site":"@Naturaedecor","schema":{"@context":"https:\/\/schema.org","@graph":[{"@type":"WebPage","@id":"https:\/\/naturaedecor.ca\/fr\/produit\/panneaux-de-feuillage-20-po-x-20-po-gardenia-12pcs\/","url":"https:\/\/naturaedecor.ca\/fr\/produit\/panneaux-de-feuillage-20-po-x-20-po-gardenia-12pcs\/","name":"Panneau de feuillage 20\"x20\" gard\u00e9nia 4 pi\u00e8ces","isPartOf":{"@id":"https:\/\/naturaedecor.ca\/#website"},"primaryImageOfPage":{"@id":"https:\/\/naturaedecor.ca\/fr\/produit\/panneaux-de-feuillage-20-po-x-20-po-gardenia-12pcs\/#primaryimage"},"image":{"@id":"https:\/\/naturaedecor.ca\/fr\/produit\/panneaux-de-feuillage-20-po-x-20-po-gardenia-12pcs\/#primaryimage"},"thumbnailUrl":"https:\/\/naturaedecor.ca\/wp-content\/uploads\/2021\/08\/1_MTR4040-4000_HedgePanel_Gardenia_Front.jpg","datePublished":"2024-09-03T19:46:15+00:00","dateModified":"2024-09-03T19:51:27+00:00","breadcrumb":{"@id":"https:\/\/naturaedecor.ca\/fr\/produit\/panneaux-de-feuillage-20-po-x-20-po-gardenia-12pcs\/#breadcrumb"},"inLanguage":"fr-FR","potentialAction":[{"@type":"ReadAction","target":["https:\/\/naturaedecor.ca\/fr\/produit\/panneaux-de-feuillage-20-po-x-20-po-gardenia-12pcs\/"]}]},{"@type":"ImageObject","inLanguage":"fr-FR","@id":"https:\/\/naturaedecor.ca\/fr\/produit\/panneaux-de-feuillage-20-po-x-20-po-gardenia-12pcs\/#primaryimage","url":"https:\/\/naturaedecor.ca\/wp-content\/uploads\/2021\/08\/1_MTR4040-4000_HedgePanel_Gardenia_Front.jpg","contentUrl":"https:\/\/naturaedecor.ca\/wp-content\/uploads\/2021\/08\/1_MTR4040-4000_HedgePanel_Gardenia_Front.jpg","width":2000,"height":2000},{"@type":"BreadcrumbList","@id":"https:\/\/naturaedecor.ca\/fr\/produit\/panneaux-de-feuillage-20-po-x-20-po-gardenia-12pcs\/#breadcrumb","itemListElement":[{"@type":"ListItem","position":1,"name":"Home","item":"https:\/\/naturaedecor.ca\/"},{"@type":"ListItem","position":2,"name":"Shop","item":"https:\/\/naturaedecor.ca\/shop\/"},{"@type":"ListItem","position":3,"name":"PANNEAUX DE FEUILLAGE 20 po x 20 po GARD\u00c9NIA 12PCS"}]},{"@type":"WebSite","@id":"https:\/\/naturaedecor.ca\/#website","url":"https:\/\/naturaedecor.ca\/","name":"Naturae Decor","description":"Add a feeling of tranquility to your space","publisher":{"@id":"https:\/\/naturaedecor.ca\/#organization"},"potentialAction":[{"@type":"SearchAction","target":{"@type":"EntryPoint","urlTemplate":"https:\/\/naturaedecor.ca\/?s={search_term_string}"},"query-input":{"@type":"PropertyValueSpecification","valueRequired":true,"valueName":"search_term_string"}}],"inLanguage":"fr-FR"},{"@type":"Organization","@id":"https:\/\/naturaedecor.ca\/#organization","name":"Naturae Decor","url":"https:\/\/naturaedecor.ca\/","logo":{"@type":"ImageObject","inLanguage":"fr-FR","@id":"https:\/\/naturaedecor.ca\/#\/schema\/logo\/image\/","url":"https:\/\/naturaedecor.ca\/wp-content\/uploads\/2021\/07\/logo-sticky.png","contentUrl":"https:\/\/naturaedecor.ca\/wp-content\/uploads\/2021\/07\/logo-sticky.png","width":248,"height":96,"caption":"Naturae Decor"},"image":{"@id":"https:\/\/naturaedecor.ca\/#\/schema\/logo\/image\/"},"sameAs":["https:\/\/www.facebook.com\/naturaedecor\/","https:\/\/x.com\/Naturaedecor","https:\/\/www.instagram.com\/naturaedecor\/","https:\/\/www.pinterest.ca\/naturaedecor\/"]}]}},"_links":{"self":[{"href":"https:\/\/naturaedecor.ca\/fr\/wp-json\/wp\/v2\/product\/9559","targetHints":{"allow":["GET"]}}],"collection":[{"href":"https:\/\/naturaedecor.ca\/fr\/wp-json\/wp\/v2\/product"}],"about":[{"href":"https:\/\/naturaedecor.ca\/fr\/wp-json\/wp\/v2\/types\/product"}],"replies":[{"embeddable":true,"href":"https:\/\/naturaedecor.ca\/fr\/wp-json\/wp\/v2\/comments?post=9559"}],"wp:featuredmedia":[{"embeddable":true,"href":"https:\/\/naturaedecor.ca\/fr\/wp-json\/wp\/v2\/media\/6625"}],"wp:attachment":[{"href":"https:\/\/naturaedecor.ca\/fr\/wp-json\/wp\/v2\/media?parent=9559"}],"wp:term":[{"taxonomy":"product_brand","embeddable":true,"href":"https:\/\/naturaedecor.ca\/fr\/wp-json\/wp\/v2\/product_brand?post=9559"},{"taxonomy":"product_cat","embeddable":true,"href":"https:\/\/naturaedecor.ca\/fr\/wp-json\/wp\/v2\/product_cat?post=9559"},{"taxonomy":"product_tag","embeddable":true,"href":"https:\/\/naturaedecor.ca\/fr\/wp-json\/wp\/v2\/product_tag?post=9559"}],"curies":[{"name":"wp","href":"https:\/\/api.w.org\/{rel}","templated":true}]}}